{"id":727,"date":"2012-03-21T16:44:11","date_gmt":"2012-03-21T16:44:11","guid":{"rendered":"http:\/\/dev.donatelifetexas.inetz.com\/?page_id=727"},"modified":"2021-06-01T11:11:24","modified_gmt":"2021-06-01T16:11:24","slug":"texas-organ-procurement-organizations","status":"publish","type":"page","link":"https:\/\/www.donatelifetexas.org\/es\/dlt-partners\/texas-organ-procurement-organizations\/","title":{"rendered":"Organizaciones de Adquisici\u00f3n de \u00d3rganos de Texas"},"content":{"rendered":"<p><img loading=\"lazy\" decoding=\"async\" class=\" wp-image-2517 alignright\" src=\"https:\/\/www.donatelifetexas.org\/wp-content\/uploads\/2018\/03\/Texas-OPO-Map-Standard-e1522099086987.jpg\" alt=\"OPO_DSA_Map\" width=\"316\" height=\"280\" \/>Por ley federal, las organizaciones de obtenci\u00f3n de \u00f3rganos sin fines de lucro (OPO) son las \u00fanicas organizaciones que pueden realizar la misi\u00f3n de salvar vidas mediante el rescate de \u00f3rganos de donantes fallecidos para trasplantes.\u00a0 \u00a0Porque es tan grande, el estado de Texas es atendido por tres OPO: \u00a0LifeGift, Southwest Transplant Alliance y\u00a0Texas Organ Sharing Alliance.<\/p>\n<p>El personal de estas organizaciones es compasivo y misericordioso y ofrecen esperanza, a trav\u00e9s de la donaci\u00f3n, a aquellas personas que enfrentan una p\u00e9rdida devastadora.\u00a0 \u00a0Trabajan en los hospitales para guiar a las familias enlutadas a trav\u00e9s del proceso de donaci\u00f3n de \u00f3rganos y adem\u00e1s proporcionan los servicios cl\u00ednicos necesarios para rescatar, preparar y transportar los \u00f3rganos para aquellos que esperan un trasplante para salvar una vida.<\/p>\n<p>Las OPO son tambi\u00e9n miembros activos de la comunidad de la donaci\u00f3n y est\u00e1n comprometidas a educar al p\u00fablico acerca de la necesidad de la donaci\u00f3n y la importancia de inscribirse como donantes. \u00a0Porque las diferentes instalaciones en cada condado son atendidas exclusivamente por una OPO, estas organizaciones colaboran a menudo en a trav\u00e9s de programas de extensi\u00f3n comunitaria.<\/p>\n<p><strong>Las tres OPO son miembros fundadores del registro de Donate Life Texas para la donaci\u00f3n de \u00f3rganos, ojos y tejidos.<\/strong><\/p>\n<p><em>Los enlaces y referencias proporcionados por: \u00a0Donate Life Texas (DLT) a organizaciones externas, pueden o no proporcionar informaci\u00f3n o servicios en espa\u00f1ol.\u00a0 Favor de confirmar\u00a0con la organizaci\u00f3n a la que se hace referencia para averiguarlo<\/em><\/p>\n<table style=\"width: 100%;\">\n<tbody>\n<tr>\n<td width=\"1199\">\n<h3><a title=\"LifeGift Website\" href=\"http:\/\/www.lifegift.org\" target=\"_blank\" rel=\"noopener noreferrer\">LifeGift<\/a><\/h3>\n<p><strong>1-800-633-6562<\/strong><br \/>\n<strong>Oficinas Corporativas:<\/strong>\u00a0 2510 Westridge, Houston, TX 77054<br \/>\n<strong>Oficina regional:<\/strong>\u00a0 Amarillo, Fort Worth and Lubbock<br \/>\n<strong>\u00c1rea de servicio:<\/strong>\u00a0 Los condados que aparecen en azul<\/p>\n<p>LifeGift, fundada en 1987, es una organizaci\u00f3n sin fines de lucro que ofrece esperanza a las personas que necesitan trasplantes de \u00f3rganos, ojos y tejidos en 109 condados de Texas, en el \u00e1rea de Houston, en el Norte y Oeste de Texas.<\/td>\n<td width=\"442\">\u00a0<a href=\"https:\/\/www.donatelifetexas.org\/wp-content\/uploads\/2012\/03\/LifeGift_2Color_PNG.png\"><img loading=\"lazy\" decoding=\"async\" class=\"alignright wp-image-2519 size-medium\" src=\"https:\/\/www.donatelifetexas.org\/wp-content\/uploads\/2012\/03\/LifeGift_2Color_PNG-300x97.png\" alt=\"LifeGift_2Color_PNG\" width=\"300\" height=\"97\" srcset=\"https:\/\/www.donatelifetexas.org\/wp-content\/uploads\/2012\/03\/LifeGift_2Color_PNG-300x97.png 300w, https:\/\/www.donatelifetexas.org\/wp-content\/uploads\/2012\/03\/LifeGift_2Color_PNG.png 579w\" sizes=\"auto, (max-width: 300px) 100vw, 300px\" \/><\/a><\/td>\n<\/tr>\n<tr>\n<td width=\"1199\">\n<h3><a title=\"STA Website\" href=\"http:\/\/www.organ.org\" target=\"_blank\" rel=\"noopener noreferrer\">Southwest Transplant Alliance<\/a><\/h3>\n<p><strong>1-800-788-8058<\/strong><br \/>\n<strong>Oficinas Corporativas:<\/strong>\u00a0 8190 Manderville Ln, Dallas, TX 75231<br \/>\n<strong>Oficina regional:<\/strong>\u00a0 Bryan \/ College Station, Corpus Christi, El Paso, Midland \/ Odessa, Temple and Tyler<br \/>\n<strong>\u00c1rea de servicio:<\/strong>\u00a0 Los condados que aparecen en verde<\/p>\n<p>Durante m\u00e1s de 40 a\u00f1os, Southwest Transplant Alliance (STA) ha venido salvando vidas mediante el rescate de \u00f3rganos donados para aquellos que esperan los trasplantes.\u00a0 Fundada en 1974, STA es una de las m\u00e1s grandes de las 58 organizaciones designadas a nivel federal y sin fines de lucro dedicadas a la adquisici\u00f3n de \u00f3rganos en los EE.UU.<\/td>\n<td width=\"442\">\u00a0<a href=\"https:\/\/www.donatelifetexas.org\/wp-content\/uploads\/2012\/03\/STA-linear-PNG.png\"><img loading=\"lazy\" decoding=\"async\" class=\"alignright size-medium wp-image-2520\" src=\"https:\/\/www.donatelifetexas.org\/wp-content\/uploads\/2012\/03\/STA-linear-PNG-300x57.png\" alt=\"STA-linear-PNG\" width=\"300\" height=\"57\" srcset=\"https:\/\/www.donatelifetexas.org\/wp-content\/uploads\/2012\/03\/STA-linear-PNG-300x57.png 300w, https:\/\/www.donatelifetexas.org\/wp-content\/uploads\/2012\/03\/STA-linear-PNG-1024x194.png 1024w\" sizes=\"auto, (max-width: 300px) 100vw, 300px\" \/><\/a><\/td>\n<\/tr>\n<tr>\n<td width=\"1199\">\n<h3><a title=\"TOSA Website\" href=\"http:\/\/www.txorgansharing.org\" target=\"_blank\" rel=\"noopener noreferrer\">Texas Organ Sharing Alliance<\/a><\/h3>\n<p><strong>1-866-685-0277<\/strong><br \/>\n<strong>Oficinas Corporativas:<\/strong>\u00a0 8122 Datapoint, Suite 200 San Antonio, TX 78229<br \/>\n<strong>Oficina regional:<\/strong>\u00a0 Austin, McAllen<br \/>\n<strong>\u00c1rea de servicio:<\/strong> Los condados que aparecen en amarillo<\/p>\n<p>La Texas Organ Sharing Alliance es una de las 58 organizaciones de adquisici\u00f3n de \u00f3rganos (OPO) designada a nivel federal en los Estados Unidos.\u00a0\u00a0 Fundada en 1975 como una corporaci\u00f3n sin fines de lucro, TOSA cubre 56 condados en el centro y el sur de Texas.\u00a0 TOSA est\u00e1 comprometida a proporcionar servicios de rescate y donaci\u00f3n de \u00f3rganos para aquellas familias que deseen donar, y para aquellos que esperan un trasplante de \u00f3rgano para salvar una vida.<\/td>\n<td width=\"442\">\u00a0<a href=\"https:\/\/www.donatelifetexas.org\/wp-content\/uploads\/2017\/05\/TOSA-Logo-FULL-Horiz_web.png\"><img loading=\"lazy\" decoding=\"async\" class=\" wp-image-4051 alignright\" src=\"https:\/\/www.donatelifetexas.org\/wp-content\/uploads\/2017\/05\/TOSA-Logo-FULL-Horiz_web.png\" alt=\"\" width=\"247\" height=\"116\" srcset=\"https:\/\/www.donatelifetexas.org\/wp-content\/uploads\/2017\/05\/TOSA-Logo-FULL-Horiz_web.png 400w, https:\/\/www.donatelifetexas.org\/wp-content\/uploads\/2017\/05\/TOSA-Logo-FULL-Horiz_web-300x141.png 300w\" sizes=\"auto, (max-width: 247px) 100vw, 247px\" \/><\/a><\/td>\n<\/tr>\n<\/tbody>\n<\/table>\n<p>Las OPO reguladas bajo la Red Nacional de Adquisici\u00f3n y Trasplante de \u00d3rganos (<a title=\"OPTN Website\" href=\"http:\/\/optn.transplant.hrsa.gov\/\" target=\"_blank\" rel=\"noopener noreferrer\">OPTN<\/a>) de la Administraci\u00f3n de Recursos y Servicios de Salud del Departamento de Salud y Servicios Humanos.\u00a0 \u00a0Las OPO est\u00e1n certificadas y acreditadas a trav\u00e9s de los Centros Federales de Medicare y Medicaid (CMS), la Red Unificada para la Distribuci\u00f3n de \u00d3rganos (<a title=\"UNOS Website\" href=\"https:\/\/www.unos.org\/\" target=\"_blank\" rel=\"noopener noreferrer\">UNOS<\/a>) y la Asociaci\u00f3n de Organizaciones de Adquisici\u00f3n de \u00d3rganos (<a title=\"AOPO Website\" href=\"http:\/\/www.aopo.org\/\" target=\"_blank\" rel=\"noopener noreferrer\">AOPO<\/a>) que requieren inspecciones regulares de las operaciones y gesti\u00f3n.<\/p>","protected":false},"excerpt":{"rendered":"<p>Por ley federal, las organizaciones de obtenci\u00f3n de \u00f3rganos sin fines de lucro (OPO) son las \u00fanicas organizaciones que pueden realizar la misi\u00f3n de salvar vidas mediante el rescate de \u00f3rganos de donantes fallecidos para trasplantes.\u00a0 \u00a0Porque es tan grande, el estado de Texas es atendido por tres OPO: \u00a0LifeGift, Southwest Transplant Alliance y\u00a0Texas Organ [&hellip;]<\/p>\n","protected":false},"author":1,"featured_media":0,"parent":2134,"menu_order":2,"comment_status":"closed","ping_status":"open","template":"","meta":{"_acf_changed":false,"footnotes":"","_links_to":"","_links_to_target":""},"class_list":["post-727","page","type-page","status-publish","hentry"],"acf":[],"yoast_head":"<!-- This site is optimized with the Yoast SEO plugin v27.1.1 - https:\/\/yoast.com\/product\/yoast-seo-wordpress\/ -->\n<title>Organizaciones de Adquisici\u00f3n de \u00d3rganos de Texas &#8211; Texas Donor Registry<\/title>\n<meta name=\"robots\" content=\"index, follow, max-snippet:-1, max-image-preview:large, max-video-preview:-1\" \/>\n<link rel=\"canonical\" href=\"https:\/\/www.donatelifetexas.org\/es\/dlt-partners\/texas-organ-procurement-organizations\/\" \/>\n<meta property=\"og:locale\" content=\"es_ES\" \/>\n<meta property=\"og:type\" content=\"article\" \/>\n<meta property=\"og:title\" content=\"Organizaciones de Adquisici\u00f3n de \u00d3rganos de Texas &#8211; Texas Donor Registry\" \/>\n<meta property=\"og:description\" content=\"Por ley federal, las organizaciones de obtenci\u00f3n de \u00f3rganos sin fines de lucro (OPO) son las \u00fanicas organizaciones que pueden realizar la misi\u00f3n de salvar vidas mediante el rescate de \u00f3rganos de donantes fallecidos para trasplantes.\u00a0 \u00a0Porque es tan grande, el estado de Texas es atendido por tres OPO: \u00a0LifeGift, Southwest Transplant Alliance y\u00a0Texas Organ [&hellip;]\" \/>\n<meta property=\"og:url\" content=\"https:\/\/www.donatelifetexas.org\/es\/dlt-partners\/texas-organ-procurement-organizations\/\" \/>\n<meta property=\"og:site_name\" content=\"Texas Donor Registry\" \/>\n<meta property=\"article:publisher\" content=\"https:\/\/www.facebook.com\/donatelifetexas.org\" \/>\n<meta property=\"article:modified_time\" content=\"2021-06-01T16:11:24+00:00\" \/>\n<meta property=\"og:image\" content=\"https:\/\/www.donatelifetexas.org\/wp-content\/uploads\/2020\/07\/Texas-OPO-Map-Standard-300x225.jpg\" \/>\n<meta name=\"twitter:card\" content=\"summary_large_image\" \/>\n<meta name=\"twitter:site\" content=\"@donatelifetexas\" \/>\n<meta name=\"twitter:label1\" content=\"Est. reading time\" \/>\n\t<meta name=\"twitter:data1\" content=\"4 minutes\" \/>\n<script type=\"application\/ld+json\" class=\"yoast-schema-graph\">{\"@context\":\"https:\/\/schema.org\",\"@graph\":[{\"@type\":\"WebPage\",\"@id\":\"https:\/\/www.donatelifetexas.org\/es\/dlt-partners\/texas-organ-procurement-organizations\/\",\"url\":\"https:\/\/www.donatelifetexas.org\/es\/dlt-partners\/texas-organ-procurement-organizations\/\",\"name\":\"Organizaciones de Adquisici\u00f3n de \u00d3rganos de Texas &#8211; Texas Donor Registry\",\"isPartOf\":{\"@id\":\"https:\/\/www.donatelifetexas.org\/es\/#website\"},\"primaryImageOfPage\":{\"@id\":\"https:\/\/www.donatelifetexas.org\/es\/dlt-partners\/texas-organ-procurement-organizations\/#primaryimage\"},\"image\":{\"@id\":\"https:\/\/www.donatelifetexas.org\/es\/dlt-partners\/texas-organ-procurement-organizations\/#primaryimage\"},\"thumbnailUrl\":\"https:\/\/www.donatelifetexas.org\/wp-content\/uploads\/2020\/07\/Texas-OPO-Map-Standard-300x225.jpg\",\"datePublished\":\"2012-03-21T16:44:11+00:00\",\"dateModified\":\"2021-06-01T16:11:24+00:00\",\"breadcrumb\":{\"@id\":\"https:\/\/www.donatelifetexas.org\/es\/dlt-partners\/texas-organ-procurement-organizations\/#breadcrumb\"},\"inLanguage\":\"es-ES\",\"potentialAction\":[{\"@type\":\"ReadAction\",\"target\":[[\"https:\/\/www.donatelifetexas.org\/es\/dlt-partners\/texas-organ-procurement-organizations\/\"]]}]},{\"@type\":\"ImageObject\",\"inLanguage\":\"es-ES\",\"@id\":\"https:\/\/www.donatelifetexas.org\/es\/dlt-partners\/texas-organ-procurement-organizations\/#primaryimage\",\"url\":\"https:\/\/www.donatelifetexas.org\/wp-content\/uploads\/2020\/07\/Texas-OPO-Map-Standard-300x225.jpg\",\"contentUrl\":\"https:\/\/www.donatelifetexas.org\/wp-content\/uploads\/2020\/07\/Texas-OPO-Map-Standard-300x225.jpg\"},{\"@type\":\"BreadcrumbList\",\"@id\":\"https:\/\/www.donatelifetexas.org\/es\/dlt-partners\/texas-organ-procurement-organizations\/#breadcrumb\",\"itemListElement\":[{\"@type\":\"ListItem\",\"position\":1,\"name\":\"Home\",\"item\":\"https:\/\/www.donatelifetexas.org\/es\/\"},{\"@type\":\"ListItem\",\"position\":2,\"name\":\"Organizaciones de DLT\",\"item\":\"https:\/\/www.donatelifetexas.org\/es\/dlt-partners\/\"},{\"@type\":\"ListItem\",\"position\":3,\"name\":\"Organizaciones de Adquisici\u00f3n de \u00d3rganos de Texas\"}]},{\"@type\":\"WebSite\",\"@id\":\"https:\/\/www.donatelifetexas.org\/es\/#website\",\"url\":\"https:\/\/www.donatelifetexas.org\/es\/\",\"name\":\"Texas Donor Registry\",\"description\":\"Donate Life Texas\",\"publisher\":{\"@id\":\"https:\/\/www.donatelifetexas.org\/es\/#organization\"},\"potentialAction\":[{\"@type\":\"SearchAction\",\"target\":{\"@type\":\"EntryPoint\",\"urlTemplate\":\"https:\/\/www.donatelifetexas.org\/es\/?s={search_term_string}\"},\"query-input\":{\"@type\":\"PropertyValueSpecification\",\"valueRequired\":true,\"valueName\":\"search_term_string\"}}],\"inLanguage\":\"es-ES\"},{\"@type\":\"Organization\",\"@id\":\"https:\/\/www.donatelifetexas.org\/es\/#organization\",\"name\":\"Texas Donor Registry\",\"url\":\"https:\/\/www.donatelifetexas.org\/es\/\",\"logo\":{\"@type\":\"ImageObject\",\"inLanguage\":\"es-ES\",\"@id\":\"https:\/\/www.donatelifetexas.org\/es\/#\/schema\/logo\/image\/\",\"url\":\"https:\/\/www.donatelifetexas.org\/wp-content\/uploads\/2022\/03\/FeatureImage_DLTXLogo_1.jpg\",\"contentUrl\":\"https:\/\/www.donatelifetexas.org\/wp-content\/uploads\/2022\/03\/FeatureImage_DLTXLogo_1.jpg\",\"width\":1200,\"height\":630,\"caption\":\"Texas Donor Registry\"},\"image\":{\"@id\":\"https:\/\/www.donatelifetexas.org\/es\/#\/schema\/logo\/image\/\"},\"sameAs\":[\"https:\/\/www.facebook.com\/donatelifetexas.org\",\"https:\/\/x.com\/donatelifetexas\",\"https:\/\/instagram.com\/donatelifetexas\/\"]}]}<\/script>\n<!-- \/ Yoast SEO plugin. -->","yoast_head_json":{"title":"Organizaciones de Adquisici\u00f3n de \u00d3rganos de Texas &#8211; Texas Donor Registry","robots":{"index":"index","follow":"follow","max-snippet":"max-snippet:-1","max-image-preview":"max-image-preview:large","max-video-preview":"max-video-preview:-1"},"canonical":"https:\/\/www.donatelifetexas.org\/es\/dlt-partners\/texas-organ-procurement-organizations\/","og_locale":"es_ES","og_type":"article","og_title":"Organizaciones de Adquisici\u00f3n de \u00d3rganos de Texas &#8211; Texas Donor Registry","og_description":"Por ley federal, las organizaciones de obtenci\u00f3n de \u00f3rganos sin fines de lucro (OPO) son las \u00fanicas organizaciones que pueden realizar la misi\u00f3n de salvar vidas mediante el rescate de \u00f3rganos de donantes fallecidos para trasplantes.\u00a0 \u00a0Porque es tan grande, el estado de Texas es atendido por tres OPO: \u00a0LifeGift, Southwest Transplant Alliance y\u00a0Texas Organ [&hellip;]","og_url":"https:\/\/www.donatelifetexas.org\/es\/dlt-partners\/texas-organ-procurement-organizations\/","og_site_name":"Texas Donor Registry","article_publisher":"https:\/\/www.facebook.com\/donatelifetexas.org","article_modified_time":"2021-06-01T16:11:24+00:00","og_image":[{"url":"https:\/\/www.donatelifetexas.org\/wp-content\/uploads\/2020\/07\/Texas-OPO-Map-Standard-300x225.jpg","type":"","width":"","height":""}],"twitter_card":"summary_large_image","twitter_site":"@donatelifetexas","twitter_misc":{"Est. reading time":"4 minutes"},"schema":{"@context":"https:\/\/schema.org","@graph":[{"@type":"WebPage","@id":"https:\/\/www.donatelifetexas.org\/es\/dlt-partners\/texas-organ-procurement-organizations\/","url":"https:\/\/www.donatelifetexas.org\/es\/dlt-partners\/texas-organ-procurement-organizations\/","name":"Organizaciones de Adquisici\u00f3n de \u00d3rganos de Texas &#8211; Texas Donor Registry","isPartOf":{"@id":"https:\/\/www.donatelifetexas.org\/es\/#website"},"primaryImageOfPage":{"@id":"https:\/\/www.donatelifetexas.org\/es\/dlt-partners\/texas-organ-procurement-organizations\/#primaryimage"},"image":{"@id":"https:\/\/www.donatelifetexas.org\/es\/dlt-partners\/texas-organ-procurement-organizations\/#primaryimage"},"thumbnailUrl":"https:\/\/www.donatelifetexas.org\/wp-content\/uploads\/2020\/07\/Texas-OPO-Map-Standard-300x225.jpg","datePublished":"2012-03-21T16:44:11+00:00","dateModified":"2021-06-01T16:11:24+00:00","breadcrumb":{"@id":"https:\/\/www.donatelifetexas.org\/es\/dlt-partners\/texas-organ-procurement-organizations\/#breadcrumb"},"inLanguage":"es-ES","potentialAction":[{"@type":"ReadAction","target":[["https:\/\/www.donatelifetexas.org\/es\/dlt-partners\/texas-organ-procurement-organizations\/"]]}]},{"@type":"ImageObject","inLanguage":"es-ES","@id":"https:\/\/www.donatelifetexas.org\/es\/dlt-partners\/texas-organ-procurement-organizations\/#primaryimage","url":"https:\/\/www.donatelifetexas.org\/wp-content\/uploads\/2020\/07\/Texas-OPO-Map-Standard-300x225.jpg","contentUrl":"https:\/\/www.donatelifetexas.org\/wp-content\/uploads\/2020\/07\/Texas-OPO-Map-Standard-300x225.jpg"},{"@type":"BreadcrumbList","@id":"https:\/\/www.donatelifetexas.org\/es\/dlt-partners\/texas-organ-procurement-organizations\/#breadcrumb","itemListElement":[{"@type":"ListItem","position":1,"name":"Home","item":"https:\/\/www.donatelifetexas.org\/es\/"},{"@type":"ListItem","position":2,"name":"Organizaciones de DLT","item":"https:\/\/www.donatelifetexas.org\/es\/dlt-partners\/"},{"@type":"ListItem","position":3,"name":"Organizaciones de Adquisici\u00f3n de \u00d3rganos de Texas"}]},{"@type":"WebSite","@id":"https:\/\/www.donatelifetexas.org\/es\/#website","url":"https:\/\/www.donatelifetexas.org\/es\/","name":"Texas Donor Registry","description":"Donate Life Texas","publisher":{"@id":"https:\/\/www.donatelifetexas.org\/es\/#organization"},"potentialAction":[{"@type":"SearchAction","target":{"@type":"EntryPoint","urlTemplate":"https:\/\/www.donatelifetexas.org\/es\/?s={search_term_string}"},"query-input":{"@type":"PropertyValueSpecification","valueRequired":true,"valueName":"search_term_string"}}],"inLanguage":"es-ES"},{"@type":"Organization","@id":"https:\/\/www.donatelifetexas.org\/es\/#organization","name":"Texas Donor Registry","url":"https:\/\/www.donatelifetexas.org\/es\/","logo":{"@type":"ImageObject","inLanguage":"es-ES","@id":"https:\/\/www.donatelifetexas.org\/es\/#\/schema\/logo\/image\/","url":"https:\/\/www.donatelifetexas.org\/wp-content\/uploads\/2022\/03\/FeatureImage_DLTXLogo_1.jpg","contentUrl":"https:\/\/www.donatelifetexas.org\/wp-content\/uploads\/2022\/03\/FeatureImage_DLTXLogo_1.jpg","width":1200,"height":630,"caption":"Texas Donor Registry"},"image":{"@id":"https:\/\/www.donatelifetexas.org\/es\/#\/schema\/logo\/image\/"},"sameAs":["https:\/\/www.facebook.com\/donatelifetexas.org","https:\/\/x.com\/donatelifetexas","https:\/\/instagram.com\/donatelifetexas\/"]}]}},"publishpress_future_action":{"enabled":false,"date":"2026-04-23 16:44:38","action":"change-status","newStatus":"draft","terms":[],"taxonomy":"","extraData":[]},"publishpress_future_workflow_manual_trigger":{"enabledWorkflows":[]},"_links":{"self":[{"href":"https:\/\/www.donatelifetexas.org\/es\/wp-json\/wp\/v2\/pages\/727","targetHints":{"allow":["GET"]}}],"collection":[{"href":"https:\/\/www.donatelifetexas.org\/es\/wp-json\/wp\/v2\/pages"}],"about":[{"href":"https:\/\/www.donatelifetexas.org\/es\/wp-json\/wp\/v2\/types\/page"}],"author":[{"embeddable":true,"href":"https:\/\/www.donatelifetexas.org\/es\/wp-json\/wp\/v2\/users\/1"}],"replies":[{"embeddable":true,"href":"https:\/\/www.donatelifetexas.org\/es\/wp-json\/wp\/v2\/comments?post=727"}],"version-history":[{"count":40,"href":"https:\/\/www.donatelifetexas.org\/es\/wp-json\/wp\/v2\/pages\/727\/revisions"}],"predecessor-version":[{"id":6195,"href":"https:\/\/www.donatelifetexas.org\/es\/wp-json\/wp\/v2\/pages\/727\/revisions\/6195"}],"up":[{"embeddable":true,"href":"https:\/\/www.donatelifetexas.org\/es\/wp-json\/wp\/v2\/pages\/2134"}],"wp:attachment":[{"href":"https:\/\/www.donatelifetexas.org\/es\/wp-json\/wp\/v2\/media?parent=727"}],"curies":[{"name":"wp","href":"https:\/\/api.w.org\/{rel}","templated":true}]}}