{"id":6627,"date":"2022-03-14T11:38:09","date_gmt":"2022-03-14T16:38:09","guid":{"rendered":"https:\/\/dev1-www-donatelifetexas.inetz.com\/?page_id=6627"},"modified":"2026-02-11T22:07:07","modified_gmt":"2026-02-12T04:07:07","slug":"partners","status":"publish","type":"page","link":"https:\/\/www.donatelifetexas.org\/es\/partners\/","title":{"rendered":"Nuestros socios"},"content":{"rendered":"<p><\/p>\n<h2 style=\"text-align: left;\">Organizaciones de obtenci\u00f3n de \u00f3rganos<\/h2>\n<p style=\"text-align: left;\">Las organizaciones de obtenci\u00f3n de \u00f3rganos (OPO) son, por ley, las \u00fanicas organizaciones que pueden realizar la misi\u00f3n de salvar vidas mediante la recuperaci\u00f3n de \u00f3rganos de donantes fallecidos. Para satisfacer las necesidades de las comunidades de Texas, el estado cuenta con tres OPO regionales: LifeGift, Southwest Transplant Alliance (STA) y Texas Organ Sharing Alliance (TOSA). Cada organizaci\u00f3n tiene un \u00e1rea de servicio dedicada para atender a las personas en esas \u00e1reas geogr\u00e1ficas designadas. Las tres OPO colaboran y trabajan de manera conjunta en todo el estado en educaci\u00f3n comunitaria y divulgaci\u00f3n.<\/p>\n<p style=\"text-align: left;\">Los equipos de expertos de nuestras OPO de Texas son personas solidarias y compasivas que brindan esperanza a las familias que enfrentan una p\u00e9rdida devastadora a trav\u00e9s de la oportunidad de donar \u00f3rganos y tejidos a pacientes que los necesitan. Ellos trabajan en estrecha colaboraci\u00f3n con las familias de los donantes durante todo el proceso de donaci\u00f3n y brindan los servicios cl\u00ednicos necesarios para recuperar, preparar y transportar \u00f3rganos a quienes esperan un trasplante que les salve la vida. Una de sus funciones clave en el proceso de donaci\u00f3n es apoyar y guiar a las familias en duelo que han optado por honrar el legado de la decisi\u00f3n de sus seres queridos de dar el regalo de la vida. Las OPO y su personal son campeones activos de la donaci\u00f3n, inspirados y motivados por su misi\u00f3n compartida de salvar y sanar vidas.<\/p>\n<p style=\"text-align: left;\">Se requiere que las OPO cumplan con los rigurosos requisitos de la industria y se adhieran a los m\u00e1s altos est\u00e1ndares \u00e9ticos. Las OPO est\u00e1n certificadas por el Centro de Servicios de Medicare y Medicaid (CMS) luego de evaluaciones regulares de desempe\u00f1o.<\/p>\n<div class=\"col-md-4\">\n<div class=\"flat-card\">\n<p style=\"margin-bottom: 1rem;\"><a href=\"https:\/\/www.lifegift.org\/\" target=\"_blank\" rel=\"noopener\"><img loading=\"lazy\" decoding=\"async\" class=\"aligncenter wp-image-6459 size-medium\" src=\"\/wp-content\/uploads\/2022\/03\/OPO_LifeGift_Logo.jpg\" alt=\"LifeGift\" width=\"300\" height=\"300\" \/><\/a><\/p>\n<h3 style=\"font-size: 26px;\">LifeGift<\/h3>\n<p style=\"margin-bottom: 0.5rem;\">Presta servicio a 109 condados en el \u00e1rea de Houston y el norte y oeste de Texas<\/p>\n<p><strong><a href=\"https:\/\/www.lifegift.org\/\" target=\"_blank\" rel=\"noopener\">Visite el sitio web<\/a><\/strong><\/p>\n<\/div>\n<\/div>\n<div class=\"col-md-4\">\n<div class=\"flat-card\">\n<p style=\"margin-bottom: 1rem;\"><a href=\"https:\/\/www.organ.org\/\" target=\"_blank\" rel=\"noopener\"><img loading=\"lazy\" decoding=\"async\" class=\"aligncenter wp-image-6459 size-medium\" src=\"\/wp-content\/uploads\/2022\/03\/STA_LifeGift_Logo.jpg\" alt=\"Southwest Transplant Alliance\" width=\"300\" height=\"300\" \/><\/a><\/p>\n<h3 style=\"font-size: 26px;\">STA<\/h3>\n<p style=\"margin-bottom: 0.5rem;\">Presta servicio a 89 condados en el centro y sur de Texas<\/p>\n<p><strong><a href=\"https:\/\/www.organ.org\/\" target=\"_blank\" rel=\"noopener\">Visite el sitio web<\/a><\/strong><\/p>\n<\/div>\n<\/div>\n<div class=\"col-md-4\">\n<div class=\"flat-card\">\n<p style=\"margin-bottom: 1rem;\"><a href=\"https:\/\/www.tosa1.org\/\" target=\"_blank\" rel=\"noopener\"><img loading=\"lazy\" decoding=\"async\" class=\"aligncenter wp-image-6459 size-medium\" src=\"\/wp-content\/uploads\/2022\/03\/TOSA_Partner_Logo.jpg\" alt=\"Texas Organ Sharing Alliance\" width=\"300\" height=\"300\" \/><\/a><\/p>\n<h3 style=\"font-size: 26px;\">TOSA<\/h3>\n<p style=\"margin-bottom: 0.5rem;\">Presta servicio a 58 condados en el norte, centro y sur de Texas<\/p>\n<p><strong><a href=\"https:\/\/www.tosa1.org\/\" target=\"_blank\" rel=\"noopener\">Visite el sitio web<\/a><\/strong><\/p>\n<\/div>\n<\/div>\n<p><\/p>","protected":false},"excerpt":{"rendered":"<p>Organizaciones de obtenci\u00f3n de \u00f3rganos Las organizaciones de obtenci\u00f3n de \u00f3rganos (OPO) son, por ley, las \u00fanicas organizaciones que pueden realizar la misi\u00f3n de salvar vidas mediante la recuperaci\u00f3n de \u00f3rganos de donantes fallecidos. Para satisfacer las necesidades de las comunidades de Texas, el estado cuenta con tres OPO regionales: LifeGift, Southwest Transplant Alliance (STA) [&hellip;]<\/p>\n","protected":false},"author":461,"featured_media":0,"parent":0,"menu_order":0,"comment_status":"closed","ping_status":"closed","template":"partners.php","meta":{"_acf_changed":false,"footnotes":"","_links_to":"","_links_to_target":""},"class_list":["post-6627","page","type-page","status-publish","hentry"],"acf":[],"yoast_head":"<!-- This site is optimized with the Yoast SEO plugin v27.1.1 - https:\/\/yoast.com\/product\/yoast-seo-wordpress\/ -->\n<title>Nuestros socios &#8211; Texas Donor Registry<\/title>\n<meta name=\"description\" content=\"Donate Life Texas partners include the 17 donation agencies in the state that help Texans through the organ, eye and tissue donation process.\" \/>\n<meta name=\"robots\" content=\"index, follow, max-snippet:-1, max-image-preview:large, max-video-preview:-1\" \/>\n<link rel=\"canonical\" href=\"https:\/\/www.donatelifetexas.org\/es\/partners\/\" \/>\n<meta property=\"og:locale\" content=\"es_ES\" \/>\n<meta property=\"og:type\" content=\"article\" \/>\n<meta property=\"og:title\" content=\"Our Partners\" \/>\n<meta property=\"og:description\" content=\"Donate Life Texas partners include the 17 donation agencies in the state that help Texans through the organ, eye and tissue donation process.\" \/>\n<meta property=\"og:url\" content=\"https:\/\/www.donatelifetexas.org\/es\/partners\/\" \/>\n<meta property=\"og:site_name\" content=\"Texas Donor Registry\" \/>\n<meta property=\"article:publisher\" content=\"https:\/\/www.facebook.com\/donatelifetexas.org\" \/>\n<meta property=\"article:modified_time\" content=\"2026-02-12T04:07:07+00:00\" \/>\n<meta property=\"og:image\" content=\"https:\/\/www.donatelifetexas.org\/wp-content\/uploads\/2022\/03\/FeatureImage_Partners_1.jpg\" \/>\n\t<meta property=\"og:image:width\" content=\"1200\" \/>\n\t<meta property=\"og:image:height\" content=\"630\" \/>\n\t<meta property=\"og:image:type\" content=\"image\/jpeg\" \/>\n<meta name=\"twitter:card\" content=\"summary_large_image\" \/>\n<meta name=\"twitter:title\" content=\"Our Partners\" \/>\n<meta name=\"twitter:description\" content=\"Donate Life Texas partners include the 17 donation agencies in the state that help Texans through the organ, eye and tissue donation process.\" \/>\n<meta name=\"twitter:image\" content=\"https:\/\/www.donatelifetexas.org\/wp-content\/uploads\/2022\/03\/FeatureImage_Partners_1.jpg\" \/>\n<meta name=\"twitter:site\" content=\"@donatelifetexas\" \/>\n<meta name=\"twitter:label1\" content=\"Est. reading time\" \/>\n\t<meta name=\"twitter:data1\" content=\"2 minutes\" \/>\n<script type=\"application\/ld+json\" class=\"yoast-schema-graph\">{\"@context\":\"https:\/\/schema.org\",\"@graph\":[{\"@type\":\"WebPage\",\"@id\":\"https:\/\/www.donatelifetexas.org\/es\/partners\/\",\"url\":\"https:\/\/www.donatelifetexas.org\/es\/partners\/\",\"name\":\"Nuestros socios &#8211; Texas Donor Registry\",\"isPartOf\":{\"@id\":\"https:\/\/www.donatelifetexas.org\/es\/#website\"},\"primaryImageOfPage\":{\"@id\":\"https:\/\/www.donatelifetexas.org\/es\/partners\/#primaryimage\"},\"image\":{\"@id\":\"https:\/\/www.donatelifetexas.org\/es\/partners\/#primaryimage\"},\"thumbnailUrl\":\"https:\/\/www.donatelifetexas.org\/wp-content\/uploads\/2025\/02\/LifeGift_Logo_1Color_Navy-Copy-002-300x180.jpg\",\"datePublished\":\"2022-03-14T16:38:09+00:00\",\"dateModified\":\"2026-02-12T04:07:07+00:00\",\"description\":\"Donate Life Texas partners include the 17 donation agencies in the state that help Texans through the organ, eye and tissue donation process.\",\"breadcrumb\":{\"@id\":\"https:\/\/www.donatelifetexas.org\/es\/partners\/#breadcrumb\"},\"inLanguage\":\"es-ES\",\"potentialAction\":[{\"@type\":\"ReadAction\",\"target\":[[\"https:\/\/www.donatelifetexas.org\/es\/partners\/\"]]}]},{\"@type\":\"ImageObject\",\"inLanguage\":\"es-ES\",\"@id\":\"https:\/\/www.donatelifetexas.org\/es\/partners\/#primaryimage\",\"url\":\"https:\/\/www.donatelifetexas.org\/wp-content\/uploads\/2025\/02\/LifeGift_Logo_1Color_Navy-Copy-002-300x180.jpg\",\"contentUrl\":\"https:\/\/www.donatelifetexas.org\/wp-content\/uploads\/2025\/02\/LifeGift_Logo_1Color_Navy-Copy-002-300x180.jpg\"},{\"@type\":\"BreadcrumbList\",\"@id\":\"https:\/\/www.donatelifetexas.org\/es\/partners\/#breadcrumb\",\"itemListElement\":[{\"@type\":\"ListItem\",\"position\":1,\"name\":\"Home\",\"item\":\"https:\/\/www.donatelifetexas.org\/es\/\"},{\"@type\":\"ListItem\",\"position\":2,\"name\":\"Nuestros socios\"}]},{\"@type\":\"WebSite\",\"@id\":\"https:\/\/www.donatelifetexas.org\/es\/#website\",\"url\":\"https:\/\/www.donatelifetexas.org\/es\/\",\"name\":\"Texas Donor Registry\",\"description\":\"Donate Life Texas\",\"publisher\":{\"@id\":\"https:\/\/www.donatelifetexas.org\/es\/#organization\"},\"potentialAction\":[{\"@type\":\"SearchAction\",\"target\":{\"@type\":\"EntryPoint\",\"urlTemplate\":\"https:\/\/www.donatelifetexas.org\/es\/?s={search_term_string}\"},\"query-input\":{\"@type\":\"PropertyValueSpecification\",\"valueRequired\":true,\"valueName\":\"search_term_string\"}}],\"inLanguage\":\"es-ES\"},{\"@type\":\"Organization\",\"@id\":\"https:\/\/www.donatelifetexas.org\/es\/#organization\",\"name\":\"Texas Donor Registry\",\"url\":\"https:\/\/www.donatelifetexas.org\/es\/\",\"logo\":{\"@type\":\"ImageObject\",\"inLanguage\":\"es-ES\",\"@id\":\"https:\/\/www.donatelifetexas.org\/es\/#\/schema\/logo\/image\/\",\"url\":\"https:\/\/www.donatelifetexas.org\/wp-content\/uploads\/2022\/03\/FeatureImage_DLTXLogo_1.jpg\",\"contentUrl\":\"https:\/\/www.donatelifetexas.org\/wp-content\/uploads\/2022\/03\/FeatureImage_DLTXLogo_1.jpg\",\"width\":1200,\"height\":630,\"caption\":\"Texas Donor Registry\"},\"image\":{\"@id\":\"https:\/\/www.donatelifetexas.org\/es\/#\/schema\/logo\/image\/\"},\"sameAs\":[\"https:\/\/www.facebook.com\/donatelifetexas.org\",\"https:\/\/x.com\/donatelifetexas\",\"https:\/\/instagram.com\/donatelifetexas\/\"]}]}<\/script>\n<!-- \/ Yoast SEO plugin. -->","yoast_head_json":{"title":"Nuestros socios &#8211; Texas Donor Registry","description":"Donate Life Texas partners include the 17 donation agencies in the state that help Texans through the organ, eye and tissue donation process.","robots":{"index":"index","follow":"follow","max-snippet":"max-snippet:-1","max-image-preview":"max-image-preview:large","max-video-preview":"max-video-preview:-1"},"canonical":"https:\/\/www.donatelifetexas.org\/es\/partners\/","og_locale":"es_ES","og_type":"article","og_title":"Our Partners","og_description":"Donate Life Texas partners include the 17 donation agencies in the state that help Texans through the organ, eye and tissue donation process.","og_url":"https:\/\/www.donatelifetexas.org\/es\/partners\/","og_site_name":"Texas Donor Registry","article_publisher":"https:\/\/www.facebook.com\/donatelifetexas.org","article_modified_time":"2026-02-12T04:07:07+00:00","og_image":[{"width":1200,"height":630,"url":"https:\/\/www.donatelifetexas.org\/wp-content\/uploads\/2022\/03\/FeatureImage_Partners_1.jpg","type":"image\/jpeg"}],"twitter_card":"summary_large_image","twitter_title":"Our Partners","twitter_description":"Donate Life Texas partners include the 17 donation agencies in the state that help Texans through the organ, eye and tissue donation process.","twitter_image":"https:\/\/www.donatelifetexas.org\/wp-content\/uploads\/2022\/03\/FeatureImage_Partners_1.jpg","twitter_site":"@donatelifetexas","twitter_misc":{"Est. reading time":"2 minutes"},"schema":{"@context":"https:\/\/schema.org","@graph":[{"@type":"WebPage","@id":"https:\/\/www.donatelifetexas.org\/es\/partners\/","url":"https:\/\/www.donatelifetexas.org\/es\/partners\/","name":"Nuestros socios &#8211; Texas Donor Registry","isPartOf":{"@id":"https:\/\/www.donatelifetexas.org\/es\/#website"},"primaryImageOfPage":{"@id":"https:\/\/www.donatelifetexas.org\/es\/partners\/#primaryimage"},"image":{"@id":"https:\/\/www.donatelifetexas.org\/es\/partners\/#primaryimage"},"thumbnailUrl":"https:\/\/www.donatelifetexas.org\/wp-content\/uploads\/2025\/02\/LifeGift_Logo_1Color_Navy-Copy-002-300x180.jpg","datePublished":"2022-03-14T16:38:09+00:00","dateModified":"2026-02-12T04:07:07+00:00","description":"Donate Life Texas partners include the 17 donation agencies in the state that help Texans through the organ, eye and tissue donation process.","breadcrumb":{"@id":"https:\/\/www.donatelifetexas.org\/es\/partners\/#breadcrumb"},"inLanguage":"es-ES","potentialAction":[{"@type":"ReadAction","target":[["https:\/\/www.donatelifetexas.org\/es\/partners\/"]]}]},{"@type":"ImageObject","inLanguage":"es-ES","@id":"https:\/\/www.donatelifetexas.org\/es\/partners\/#primaryimage","url":"https:\/\/www.donatelifetexas.org\/wp-content\/uploads\/2025\/02\/LifeGift_Logo_1Color_Navy-Copy-002-300x180.jpg","contentUrl":"https:\/\/www.donatelifetexas.org\/wp-content\/uploads\/2025\/02\/LifeGift_Logo_1Color_Navy-Copy-002-300x180.jpg"},{"@type":"BreadcrumbList","@id":"https:\/\/www.donatelifetexas.org\/es\/partners\/#breadcrumb","itemListElement":[{"@type":"ListItem","position":1,"name":"Home","item":"https:\/\/www.donatelifetexas.org\/es\/"},{"@type":"ListItem","position":2,"name":"Nuestros socios"}]},{"@type":"WebSite","@id":"https:\/\/www.donatelifetexas.org\/es\/#website","url":"https:\/\/www.donatelifetexas.org\/es\/","name":"Texas Donor Registry","description":"Donate Life Texas","publisher":{"@id":"https:\/\/www.donatelifetexas.org\/es\/#organization"},"potentialAction":[{"@type":"SearchAction","target":{"@type":"EntryPoint","urlTemplate":"https:\/\/www.donatelifetexas.org\/es\/?s={search_term_string}"},"query-input":{"@type":"PropertyValueSpecification","valueRequired":true,"valueName":"search_term_string"}}],"inLanguage":"es-ES"},{"@type":"Organization","@id":"https:\/\/www.donatelifetexas.org\/es\/#organization","name":"Texas Donor Registry","url":"https:\/\/www.donatelifetexas.org\/es\/","logo":{"@type":"ImageObject","inLanguage":"es-ES","@id":"https:\/\/www.donatelifetexas.org\/es\/#\/schema\/logo\/image\/","url":"https:\/\/www.donatelifetexas.org\/wp-content\/uploads\/2022\/03\/FeatureImage_DLTXLogo_1.jpg","contentUrl":"https:\/\/www.donatelifetexas.org\/wp-content\/uploads\/2022\/03\/FeatureImage_DLTXLogo_1.jpg","width":1200,"height":630,"caption":"Texas Donor Registry"},"image":{"@id":"https:\/\/www.donatelifetexas.org\/es\/#\/schema\/logo\/image\/"},"sameAs":["https:\/\/www.facebook.com\/donatelifetexas.org","https:\/\/x.com\/donatelifetexas","https:\/\/instagram.com\/donatelifetexas\/"]}]}},"publishpress_future_action":{"enabled":false,"date":"2026-04-23 01:08:35","action":"change-status","newStatus":"draft","terms":[],"taxonomy":"","extraData":[]},"publishpress_future_workflow_manual_trigger":{"enabledWorkflows":[]},"_links":{"self":[{"href":"https:\/\/www.donatelifetexas.org\/es\/wp-json\/wp\/v2\/pages\/6627","targetHints":{"allow":["GET"]}}],"collection":[{"href":"https:\/\/www.donatelifetexas.org\/es\/wp-json\/wp\/v2\/pages"}],"about":[{"href":"https:\/\/www.donatelifetexas.org\/es\/wp-json\/wp\/v2\/types\/page"}],"author":[{"embeddable":true,"href":"https:\/\/www.donatelifetexas.org\/es\/wp-json\/wp\/v2\/users\/461"}],"replies":[{"embeddable":true,"href":"https:\/\/www.donatelifetexas.org\/es\/wp-json\/wp\/v2\/comments?post=6627"}],"version-history":[{"count":69,"href":"https:\/\/www.donatelifetexas.org\/es\/wp-json\/wp\/v2\/pages\/6627\/revisions"}],"predecessor-version":[{"id":88655,"href":"https:\/\/www.donatelifetexas.org\/es\/wp-json\/wp\/v2\/pages\/6627\/revisions\/88655"}],"wp:attachment":[{"href":"https:\/\/www.donatelifetexas.org\/es\/wp-json\/wp\/v2\/media?parent=6627"}],"curies":[{"name":"wp","href":"https:\/\/api.w.org\/{rel}","templated":true}]}}