{"id":534,"date":"2012-01-04T23:14:24","date_gmt":"2012-01-04T23:14:24","guid":{"rendered":"http:\/\/dev.donatelifetexas.inetz.com\/?page_id=534"},"modified":"2022-03-28T10:36:33","modified_gmt":"2022-03-28T15:36:33","slug":"disclaimer","status":"publish","type":"page","link":"https:\/\/www.donatelifetexas.org\/es\/disclaimer\/","title":{"rendered":"DESCARGOS DE RESPONSABILIDAD"},"content":{"rendered":"<p>\u00a9 Este sitio web &#8211; www.DonateLifeTexas.org (el &#8220;Sitio&#8221;) es propiedad de y est\u00e1 operado por Donate Life Texas, Inc. (DLT), una entidad sin \u00e1nimo de lucro organizada bajo la secci\u00f3n 501 (c)(3) y designada por el C\u00f3digo de Salud y Seguridad de Texas (\u00a7692A.020) para que administre y opere el Registro Glenda Dawson Donate Life Texas para la donaci\u00f3n de \u00d3rganos y Tejidos (el &#8220;Registro&#8221;). \u00a0\u00a0Se considera que toda la informaci\u00f3n proporcionada es precisa y fiable; sin embargo, DLT no asume ninguna responsabilidad por los errores que puedan presentarse en las reglas ni de ninguna otra \u00edndole.\u00a0 Adem\u00e1s, DLT no asume ninguna responsabilidad por el uso de la informaci\u00f3n proporcionada.<\/p>\n<p>A menos que se indique lo contrario en alg\u00fan documento, archivo o p\u00e1gina de inicio en particular o similar, DLT por este medio concede el permiso para copiar y distribuir los archivos, documentos e informaci\u00f3n suministrados para uso no comercial, siempre y cuando la informaci\u00f3n se copie y distribuya sin ninguna alteraci\u00f3n.<\/p>\n<p>DESCARGO DE RESPONSABILIDAD: Este sitio web se ofrece como un servicio p\u00fablico.\u00a0POR FAVOR TENGA EN CUENTA que los mismos usuarios de este sitio web tienen la responsabilidad de verificar la exactitud, integridad, vigencia y\/o la idoneidad de toda la informaci\u00f3n.<\/p>\n<p>Si bien DLT ejerce sus mejores esfuerzos para incluir informaci\u00f3n precisa y actualizada en el Sitio, no ofrece ninguna garant\u00eda ni aval en cuanto a su exactitud.\u00a0\u00a0 No asume ninguna responsabilidad por ning\u00fan error u omisi\u00f3n en el contenido del Sitio ni con respecto a los sitios web mantenidos por terceros y vinculados al sitio web de DLT.\u00a0 Los materiales en el Sitio los ofrece &#8220;tal cual\u201d y sin garant\u00eda de ning\u00fan tipo, ya sea de manera expresa o impl\u00edcita, inclusive garant\u00edas impl\u00edcitas de comerciabilidad e idoneidad para ning\u00fan prop\u00f3sito en particular, ni con respecto a garant\u00edas de violaci\u00f3n de t\u00edtulo e infracci\u00f3n de propiedad intelectual.<\/p>\n<p>Adem\u00e1s, los usuarios del Sitio web reconocen que DLT no ser\u00e1 responsable por da\u00f1os de ning\u00fan tipo, incluyendo da\u00f1os indirectos relacionados con el uso del Sitio.\u00a0 Las preguntas, preocupaciones o errores pueden ser enviados a trav\u00e9s de la p\u00e1gina web www.DonateLifeTexas.org, en la pesta\u00f1a\u00a0 Cont\u00e1ctenos.<\/p>\n<p>DLT no realiza ninguna gesti\u00f3n para verificar de manera\u00a0 independiente, y no ejerce control editorial alguno sobre la informaci\u00f3n fuera del dominio www.donatelifetexas.org. DLT no endosa a ninguno de los productos, proveedores, consultores, ni a los documentos que aparecen en el Sitio. Cualquier alusi\u00f3n a proveedores, productos o servicios es s\u00f3lo con fines informativos.<\/p>\n<p>La informaci\u00f3n disponible a trav\u00e9s de DLT puede incluir hechos, puntos de vista, opiniones y recomendaciones de individuos y organizaciones. DLT no endosa, afirmar, ni garantiza la veracidad ni la fiabilidad de tales hechos, opiniones, puntos de vista o recomendaciones, ni ninguna de las declaraciones hechas por terceros que no sean los portavoces autorizados del servicio.<\/p>\n<p>Esta pol\u00edtica podr\u00e1 ser modificada en cualquier momento y de tanto en tanto sin previo aviso. Los usuarios pueden consultar esta p\u00e1gina de manera regular para obtener actualizaciones de esta pol\u00edtica.<\/p>","protected":false},"excerpt":{"rendered":"<p>\u00a9 Este sitio web &#8211; www.DonateLifeTexas.org (el &#8220;Sitio&#8221;) es propiedad de y est\u00e1 operado por Donate Life Texas, Inc. (DLT), una entidad sin \u00e1nimo de lucro organizada bajo la secci\u00f3n 501 (c)(3) y designada por el C\u00f3digo de Salud y Seguridad de Texas (\u00a7692A.020) para que administre y opere el Registro Glenda Dawson Donate Life [&hellip;]<\/p>\n","protected":false},"author":1,"featured_media":0,"parent":0,"menu_order":0,"comment_status":"closed","ping_status":"open","template":"fullwidth.php","meta":{"_acf_changed":false,"footnotes":"","_links_to":"","_links_to_target":""},"class_list":["post-534","page","type-page","status-publish","hentry"],"acf":[],"yoast_head":"<!-- This site is optimized with the Yoast SEO plugin v27.1.1 - https:\/\/yoast.com\/product\/yoast-seo-wordpress\/ -->\n<title>DESCARGOS DE RESPONSABILIDAD &#8211; Texas Donor Registry<\/title>\n<meta name=\"description\" content=\"The Donate Life Texas website is offered as a public service and only shares information believed to be accurate and reliable.\" \/>\n<meta name=\"robots\" content=\"index, follow, max-snippet:-1, max-image-preview:large, max-video-preview:-1\" \/>\n<link rel=\"canonical\" href=\"https:\/\/www.donatelifetexas.org\/es\/disclaimer\/\" \/>\n<meta property=\"og:locale\" content=\"es_ES\" \/>\n<meta property=\"og:type\" content=\"article\" \/>\n<meta property=\"og:title\" content=\"DESCARGOS DE RESPONSABILIDAD &#8211; Texas Donor Registry\" \/>\n<meta property=\"og:description\" content=\"The Donate Life Texas website is offered as a public service and only shares information believed to be accurate and reliable.\" \/>\n<meta property=\"og:url\" content=\"https:\/\/www.donatelifetexas.org\/es\/disclaimer\/\" \/>\n<meta property=\"og:site_name\" content=\"Texas Donor Registry\" \/>\n<meta property=\"article:publisher\" content=\"https:\/\/www.facebook.com\/donatelifetexas.org\" \/>\n<meta property=\"article:modified_time\" content=\"2022-03-28T15:36:33+00:00\" \/>\n<meta name=\"twitter:card\" content=\"summary_large_image\" \/>\n<meta name=\"twitter:site\" content=\"@donatelifetexas\" \/>\n<meta name=\"twitter:label1\" content=\"Est. reading time\" \/>\n\t<meta name=\"twitter:data1\" content=\"5 minutes\" \/>\n<script type=\"application\/ld+json\" class=\"yoast-schema-graph\">{\"@context\":\"https:\/\/schema.org\",\"@graph\":[{\"@type\":\"WebPage\",\"@id\":\"https:\/\/www.donatelifetexas.org\/es\/disclaimer\/\",\"url\":\"https:\/\/www.donatelifetexas.org\/es\/disclaimer\/\",\"name\":\"DESCARGOS DE RESPONSABILIDAD &#8211; Texas Donor Registry\",\"isPartOf\":{\"@id\":\"https:\/\/www.donatelifetexas.org\/es\/#website\"},\"datePublished\":\"2012-01-04T23:14:24+00:00\",\"dateModified\":\"2022-03-28T15:36:33+00:00\",\"description\":\"The Donate Life Texas website is offered as a public service and only shares information believed to be accurate and reliable.\",\"breadcrumb\":{\"@id\":\"https:\/\/www.donatelifetexas.org\/es\/disclaimer\/#breadcrumb\"},\"inLanguage\":\"es-ES\",\"potentialAction\":[{\"@type\":\"ReadAction\",\"target\":[[\"https:\/\/www.donatelifetexas.org\/es\/disclaimer\/\"]]}]},{\"@type\":\"BreadcrumbList\",\"@id\":\"https:\/\/www.donatelifetexas.org\/es\/disclaimer\/#breadcrumb\",\"itemListElement\":[{\"@type\":\"ListItem\",\"position\":1,\"name\":\"Home\",\"item\":\"https:\/\/www.donatelifetexas.org\/es\/\"},{\"@type\":\"ListItem\",\"position\":2,\"name\":\"Site Disclaimer\"}]},{\"@type\":\"WebSite\",\"@id\":\"https:\/\/www.donatelifetexas.org\/es\/#website\",\"url\":\"https:\/\/www.donatelifetexas.org\/es\/\",\"name\":\"Texas Donor Registry\",\"description\":\"Donate Life Texas\",\"publisher\":{\"@id\":\"https:\/\/www.donatelifetexas.org\/es\/#organization\"},\"potentialAction\":[{\"@type\":\"SearchAction\",\"target\":{\"@type\":\"EntryPoint\",\"urlTemplate\":\"https:\/\/www.donatelifetexas.org\/es\/?s={search_term_string}\"},\"query-input\":{\"@type\":\"PropertyValueSpecification\",\"valueRequired\":true,\"valueName\":\"search_term_string\"}}],\"inLanguage\":\"es-ES\"},{\"@type\":\"Organization\",\"@id\":\"https:\/\/www.donatelifetexas.org\/es\/#organization\",\"name\":\"Texas Donor Registry\",\"url\":\"https:\/\/www.donatelifetexas.org\/es\/\",\"logo\":{\"@type\":\"ImageObject\",\"inLanguage\":\"es-ES\",\"@id\":\"https:\/\/www.donatelifetexas.org\/es\/#\/schema\/logo\/image\/\",\"url\":\"https:\/\/www.donatelifetexas.org\/wp-content\/uploads\/2022\/03\/FeatureImage_DLTXLogo_1.jpg\",\"contentUrl\":\"https:\/\/www.donatelifetexas.org\/wp-content\/uploads\/2022\/03\/FeatureImage_DLTXLogo_1.jpg\",\"width\":1200,\"height\":630,\"caption\":\"Texas Donor Registry\"},\"image\":{\"@id\":\"https:\/\/www.donatelifetexas.org\/es\/#\/schema\/logo\/image\/\"},\"sameAs\":[\"https:\/\/www.facebook.com\/donatelifetexas.org\",\"https:\/\/x.com\/donatelifetexas\",\"https:\/\/instagram.com\/donatelifetexas\/\"]}]}<\/script>\n<!-- \/ Yoast SEO plugin. -->","yoast_head_json":{"title":"DESCARGOS DE RESPONSABILIDAD &#8211; Texas Donor Registry","description":"The Donate Life Texas website is offered as a public service and only shares information believed to be accurate and reliable.","robots":{"index":"index","follow":"follow","max-snippet":"max-snippet:-1","max-image-preview":"max-image-preview:large","max-video-preview":"max-video-preview:-1"},"canonical":"https:\/\/www.donatelifetexas.org\/es\/disclaimer\/","og_locale":"es_ES","og_type":"article","og_title":"DESCARGOS DE RESPONSABILIDAD &#8211; Texas Donor Registry","og_description":"The Donate Life Texas website is offered as a public service and only shares information believed to be accurate and reliable.","og_url":"https:\/\/www.donatelifetexas.org\/es\/disclaimer\/","og_site_name":"Texas Donor Registry","article_publisher":"https:\/\/www.facebook.com\/donatelifetexas.org","article_modified_time":"2022-03-28T15:36:33+00:00","twitter_card":"summary_large_image","twitter_site":"@donatelifetexas","twitter_misc":{"Est. reading time":"5 minutes"},"schema":{"@context":"https:\/\/schema.org","@graph":[{"@type":"WebPage","@id":"https:\/\/www.donatelifetexas.org\/es\/disclaimer\/","url":"https:\/\/www.donatelifetexas.org\/es\/disclaimer\/","name":"DESCARGOS DE RESPONSABILIDAD &#8211; Texas Donor Registry","isPartOf":{"@id":"https:\/\/www.donatelifetexas.org\/es\/#website"},"datePublished":"2012-01-04T23:14:24+00:00","dateModified":"2022-03-28T15:36:33+00:00","description":"The Donate Life Texas website is offered as a public service and only shares information believed to be accurate and reliable.","breadcrumb":{"@id":"https:\/\/www.donatelifetexas.org\/es\/disclaimer\/#breadcrumb"},"inLanguage":"es-ES","potentialAction":[{"@type":"ReadAction","target":[["https:\/\/www.donatelifetexas.org\/es\/disclaimer\/"]]}]},{"@type":"BreadcrumbList","@id":"https:\/\/www.donatelifetexas.org\/es\/disclaimer\/#breadcrumb","itemListElement":[{"@type":"ListItem","position":1,"name":"Home","item":"https:\/\/www.donatelifetexas.org\/es\/"},{"@type":"ListItem","position":2,"name":"Site Disclaimer"}]},{"@type":"WebSite","@id":"https:\/\/www.donatelifetexas.org\/es\/#website","url":"https:\/\/www.donatelifetexas.org\/es\/","name":"Texas Donor Registry","description":"Donate Life Texas","publisher":{"@id":"https:\/\/www.donatelifetexas.org\/es\/#organization"},"potentialAction":[{"@type":"SearchAction","target":{"@type":"EntryPoint","urlTemplate":"https:\/\/www.donatelifetexas.org\/es\/?s={search_term_string}"},"query-input":{"@type":"PropertyValueSpecification","valueRequired":true,"valueName":"search_term_string"}}],"inLanguage":"es-ES"},{"@type":"Organization","@id":"https:\/\/www.donatelifetexas.org\/es\/#organization","name":"Texas Donor Registry","url":"https:\/\/www.donatelifetexas.org\/es\/","logo":{"@type":"ImageObject","inLanguage":"es-ES","@id":"https:\/\/www.donatelifetexas.org\/es\/#\/schema\/logo\/image\/","url":"https:\/\/www.donatelifetexas.org\/wp-content\/uploads\/2022\/03\/FeatureImage_DLTXLogo_1.jpg","contentUrl":"https:\/\/www.donatelifetexas.org\/wp-content\/uploads\/2022\/03\/FeatureImage_DLTXLogo_1.jpg","width":1200,"height":630,"caption":"Texas Donor Registry"},"image":{"@id":"https:\/\/www.donatelifetexas.org\/es\/#\/schema\/logo\/image\/"},"sameAs":["https:\/\/www.facebook.com\/donatelifetexas.org","https:\/\/x.com\/donatelifetexas","https:\/\/instagram.com\/donatelifetexas\/"]}]}},"publishpress_future_action":{"enabled":false,"date":"2026-05-09 23:17:34","action":"change-status","newStatus":"draft","terms":[],"taxonomy":"","extraData":[]},"publishpress_future_workflow_manual_trigger":{"enabledWorkflows":[]},"_links":{"self":[{"href":"https:\/\/www.donatelifetexas.org\/es\/wp-json\/wp\/v2\/pages\/534","targetHints":{"allow":["GET"]}}],"collection":[{"href":"https:\/\/www.donatelifetexas.org\/es\/wp-json\/wp\/v2\/pages"}],"about":[{"href":"https:\/\/www.donatelifetexas.org\/es\/wp-json\/wp\/v2\/types\/page"}],"author":[{"embeddable":true,"href":"https:\/\/www.donatelifetexas.org\/es\/wp-json\/wp\/v2\/users\/1"}],"replies":[{"embeddable":true,"href":"https:\/\/www.donatelifetexas.org\/es\/wp-json\/wp\/v2\/comments?post=534"}],"version-history":[{"count":18,"href":"https:\/\/www.donatelifetexas.org\/es\/wp-json\/wp\/v2\/pages\/534\/revisions"}],"predecessor-version":[{"id":6987,"href":"https:\/\/www.donatelifetexas.org\/es\/wp-json\/wp\/v2\/pages\/534\/revisions\/6987"}],"wp:attachment":[{"href":"https:\/\/www.donatelifetexas.org\/es\/wp-json\/wp\/v2\/media?parent=534"}],"curies":[{"name":"wp","href":"https:\/\/api.w.org\/{rel}","templated":true}]}}