{"id":4335,"date":"2017-08-28T10:40:42","date_gmt":"2017-08-28T15:40:42","guid":{"rendered":"https:\/\/www.donatelifetexas.org\/?page_id=4335"},"modified":"2022-04-13T12:11:12","modified_gmt":"2022-04-13T17:11:12","slug":"authorization-for-release-of-information","status":"publish","type":"page","link":"https:\/\/www.donatelifetexas.org\/es\/authorization-for-release-of-information\/","title":{"rendered":"Formulario de divulgaci\u00f3n de informaci\u00f3n"},"content":{"rendered":"<p><\/p>\n<h1>Formulario de divulgaci\u00f3n de informaci\u00f3n<\/h1>\n<h3 style=\"margin-top: 0; margin-bottom: 0;\">Autorizaci\u00f3n para la divulgaci\u00f3n de informaci\u00f3n para medios\/relaciones p\u00fablicas, educaci\u00f3n y mercadotecnia<\/h3>\n<p>&nbsp;<\/p>\n<p style=\"margin-top: 0;\"><strong>POR FAVOR LEA CON CUIDADO ANTES DE FIRMAR<\/strong><\/p>\n<div style=\"display: flex;\">\n<p>Yo,<\/p>\n<div class=\"col-sm-7\">[input_text name=&#8221;individual_name&#8221; placeholder=&#8221;Full Name Here&#8221;]<\/div>\n<p>, estoy preparando este acuerdo:<\/p>\n<\/div>\n<div class=\"clearfix\"><\/div>\n<p>[input_checkbox name=&#8221;for_myself&#8221; value=&#8221;myself&#8221;] para m\u00ed.<\/p>\n<p>[input_checkbox name=&#8221;for_parent&#8221; value=&#8221;parent&#8221;] Como padre o tutor legal de los menores o dependientes que se indican a continuaci\u00f3n. Yo declaro tener la autoridad legal para tomar la decisi\u00f3n o las decisiones a nombre del menor o de los dependientes indicados a continuaci\u00f3n para divulgar la informaci\u00f3n, im\u00e1genes y fotograf\u00edas mediante esta autorizaci\u00f3n.<\/p>\n<p>[input_checkbox name=&#8221;for_representative&#8221; value=&#8221;representative&#8221;] Como representante legal del donante de \u00f3rganos\/ojos\/tejidos y\/o de la persona o las personas indicadas a continuaci\u00f3n. Yo declaro tener la autoridad legal para tomar la decisi\u00f3n o las decisiones a nombre del donante de \u00f3rganos\/ojos y\/o tejidos y\/o de la persona o las personas fallecidas para fines de divulgar la informaci\u00f3n, im\u00e1genes y fotograf\u00edas mediante esta autorizaci\u00f3n.<\/p>\n<p>A nombre propio y de las personas antes indicadas, yo, el susodicho, otorgo permiso a Donate Life Texas (DLT) una organizaci\u00f3n no lucrativa, y a sus ejecutivos, directores, empleados, agentes, contratistas y a organizaciones de procuraci\u00f3n y registro de \u00f3rganos, ojos y tejidos actuando en su nombre, a usar las fotograf\u00edas y retratos de cualquiera de las personas antes indicadas y cualquier informaci\u00f3n (incluyendo informaci\u00f3n confidencial de su salud), en cualquier forma o medio, incluyendo fotograf\u00edas, cintas de audio o de video, im\u00e1genes electr\u00f3nicas y\/o otros tipos de medios. Dichos usos incluir\u00e1n los medios, entre otros como la televisi\u00f3n, diarios, revistas, Internet, publicaciones y sitios web de organizaciones, materiales para reclutamiento, y anuncios sin limitaciones para fines educativos y promocionales relacionados con la donaci\u00f3n o trasplante de \u00f3rganos, sin que se me notifique previamente. Autorizo a DLT a usar el nombre de cualquiera de los individuos antes indicados en relaci\u00f3n con la informaci\u00f3n, im\u00e1genes y\/o grabaciones y a usar, copiar, reproducir, exhibir o distribuir mediante cualquier medio tales im\u00e1genes y\/o grabaciones. A DLT no se le requiere usar ninguna informaci\u00f3n, imagen y\/o grabaci\u00f3n obtenida y puede suspender el uso de dichas im\u00e1genes y\/o grabaciones en cualquier momento.<\/p>\n<p>Entiendo que todos los negativos, impresiones, reproducciones digitales y cintas de video ser\u00e1n propiedad de DLT y no se me devolver\u00e1n. A nombre propio y de las personas antes indicadas, renuncio a todos y cada uno de los derechos, titularidad, reclamos o intereses, que yo o alguien m\u00e1s pudiera tener sobre el control o aprobaci\u00f3n de uso de la informaci\u00f3n o identidad de apariencia de cualquiera de los individuos antes indicados en las fotograf\u00edas, publicaciones o medio electr\u00f3nico que pudiera haberse usado en forma conjunta con las im\u00e1genes y\/o grabaciones. DLT todos los derechos de propiedad, incluyendo entre otros, el derecho a publicar, reproducir, distribuir y a otros usos libres de todo reclamo y\/o da\u00f1o que yo o cualquiera de los individuos antes mencionados pudiera incurrir. A nombre propio y de las personas antes indicadas, exonero a DLT, y a quienes act\u00faen conforme a la autoridad de DLT, de toda ley estatal o federal relacionada con la privacidad del paciente.<\/p>\n<p>A nombre propio y de las personas antes indicadas, y a nombre de cualquier otra persona que reclame a trav\u00e9s m\u00edo o de cualquiera de los individuos antes indicados por este conducto libero y exonero de responsabilidad a DLT, a sus ejecutivos, directores, empleados, agentes y contratistas y a las organizaciones asociadas de procuraci\u00f3n y registro de \u00f3rganos, ojos y tejidos que act\u00faen en su nombre y a todas las personas asociadas con la creaci\u00f3n de materiales, de todo reclamo, da\u00f1o, o responsabilidad que surja de o se relacione con el uso de la informaci\u00f3n, im\u00e1genes y\/o grabaciones, incluyendo entre otras volver a usar, distorsionar, opacar, alterar, usar ilusi\u00f3n \u00f3ptica o en el uso de forma combinada, sea o no intencionalmente, que pudiera ocurrir o producirse al generar el producto terminado. A nombre propio y de las personas antes indicadas, convengo en liberar a DLT y a quienes act\u00faen conforme a la autoridad respectiva de DLT, de toda responsabilidad por la violaci\u00f3n de cualquier derecho personal o de propiedad que yo pudiera tener en relaci\u00f3n con el uso de cualquier informaci\u00f3n y mi fotograf\u00eda o imagen para cualquier uso descrito anteriormente.<\/p>\n<p>Confirmo que he le\u00eddo, y que comprendo cabalmente y convengo esta exoneraci\u00f3n. Se me ha advertido que puedo buscar el asesoramiento de un abogado antes de firmar este acuerdo. Comprendo que la informaci\u00f3n, im\u00e1genes y retratos ser\u00e1n divulgados al p\u00fablico en general y no para alg\u00fan individuo o entidad privada. Comprendo que una vez que la informaci\u00f3n, im\u00e1genes y\/o fotograf\u00edas se divulguen, ser\u00e1n del dominio p\u00fablico. Comprendo que puedo rescindir por escrito esta Autorizaci\u00f3n en cualquier momento. Comprendo adem\u00e1s que la rescisi\u00f3n de esta Autorizaci\u00f3n ser\u00e1 efectiva en la fecha en que DLT reciba una notificaci\u00f3n por escrito y no afectar\u00e1 ninguna divulgaci\u00f3n efectuada previa a dicha fecha. Esta Autorizaci\u00f3n ser\u00e1 efectiva hasta ser rescindida. No se han efectuado declaraciones, pronunciamientos o est\u00edmulos aparte de esta exoneraci\u00f3n. Estoy de acuerdo en que no recibir\u00e9 remuneraci\u00f3n financiera por el uso de im\u00e1genes, retratos o informaci\u00f3n m\u00eda o de cualquiera de los individuos antes indicados. Este acuerdo es efectivo a la fecha en que se firma.<\/p>\n<table class=\"table table-full table-bordered\">\n<tbody>\n<tr>\n<td colspan=\"5\">Nombre: [input_text name=&#8221;first_name&#8221;]<\/td>\n<td colspan=\"7\">Apellido: [input_text name=&#8221;last_name&#8221;]<\/td>\n<\/tr>\n<tr>\n<td colspan=\"12\">Domicilio postal: [input_text name=&#8221;address&#8221;]<\/td>\n<\/tr>\n<tr>\n<td colspan=\"4\">Ciudad: [input_text name=&#8221;city&#8221;]<\/td>\n<td colspan=\"4\">Estado: [input_text name=&#8221;state&#8221;]<\/td>\n<td colspan=\"4\">C\u00f3digo postal: [input_text name=&#8221;zip&#8221;]<\/td>\n<\/tr>\n<tr>\n<td colspan=\"5\">Tel\u00e9fono (c\u00f3digo de \u00e1rea): [input_text name=&#8221;phone&#8221;]<\/td>\n<td colspan=\"7\">Direcci\u00f3n de correo electr\u00f3nico: [input_text name=&#8221;email&#8221;]<\/td>\n<\/tr>\n<\/tbody>\n<\/table>\n<p>&nbsp;<\/p>\n<p>[signature_line label=&#8221;Firma&#8221; name=&#8221;signature_individual&#8221;]<\/p>\n<p>&nbsp;<\/p>\n<p>[signature_line label=&#8221;Firma del padre\/madre\/tutor legal <small>(obligatorio si la persona es menor de 18 a\u00f1os)<\/small>&#8221; name=&#8221;signature_guardian&#8221;]<\/p>\n<p><button class=\"btn btn-blue\">Submit<\/button><\/p>\n<div class=\"clearfix\"><\/div>\n<div class=\"last\" style=\"height: 50px;\"><\/div>\n<p><\/p>","protected":false},"excerpt":{"rendered":"<p>Formulario de divulgaci\u00f3n de informaci\u00f3n Autorizaci\u00f3n para la divulgaci\u00f3n de informaci\u00f3n para medios\/relaciones p\u00fablicas, educaci\u00f3n y mercadotecnia &nbsp; POR FAVOR LEA CON CUIDADO ANTES DE FIRMAR Yo, [input_text name=&#8221;individual_name&#8221; placeholder=&#8221;Full Name Here&#8221;] , estoy preparando este acuerdo: [input_checkbox name=&#8221;for_myself&#8221; value=&#8221;myself&#8221;] para m\u00ed. [input_checkbox name=&#8221;for_parent&#8221; value=&#8221;parent&#8221;] Como padre o tutor legal de los menores o dependientes [&hellip;]<\/p>\n","protected":false},"author":1,"featured_media":0,"parent":0,"menu_order":0,"comment_status":"closed","ping_status":"closed","template":"pageReleaseForm.php","meta":{"_acf_changed":false,"footnotes":"","_links_to":"","_links_to_target":""},"class_list":["post-4335","page","type-page","status-publish","hentry"],"acf":[],"yoast_head":"<!-- This site is optimized with the Yoast SEO plugin v27.1.1 - https:\/\/yoast.com\/product\/yoast-seo-wordpress\/ -->\n<title>Formulario de divulgaci\u00f3n de informaci\u00f3n &#8211; Texas Donor Registry<\/title>\n<meta name=\"description\" content=\"Complete the Info Release Form to give permission to Donate Life Texas to share your story, photo or information with media or the public.\" \/>\n<meta name=\"robots\" content=\"index, follow, max-snippet:-1, max-image-preview:large, max-video-preview:-1\" \/>\n<link rel=\"canonical\" href=\"https:\/\/www.donatelifetexas.org\/es\/authorization-for-release-of-information\/\" \/>\n<meta property=\"og:locale\" content=\"es_ES\" \/>\n<meta property=\"og:type\" content=\"article\" \/>\n<meta property=\"og:title\" content=\"Formulario de divulgaci\u00f3n de informaci\u00f3n &#8211; Texas Donor Registry\" \/>\n<meta property=\"og:description\" content=\"Complete the Info Release Form to give permission to Donate Life Texas to share your story, photo or information with media or the public.\" \/>\n<meta property=\"og:url\" content=\"https:\/\/www.donatelifetexas.org\/es\/authorization-for-release-of-information\/\" \/>\n<meta property=\"og:site_name\" content=\"Texas Donor Registry\" \/>\n<meta property=\"article:publisher\" content=\"https:\/\/www.facebook.com\/donatelifetexas.org\" \/>\n<meta property=\"article:modified_time\" content=\"2022-04-13T17:11:12+00:00\" \/>\n<meta name=\"twitter:card\" content=\"summary_large_image\" \/>\n<meta name=\"twitter:site\" content=\"@donatelifetexas\" \/>\n<meta name=\"twitter:label1\" content=\"Est. reading time\" \/>\n\t<meta name=\"twitter:data1\" content=\"10 minutes\" \/>\n<script type=\"application\/ld+json\" class=\"yoast-schema-graph\">{\"@context\":\"https:\/\/schema.org\",\"@graph\":[{\"@type\":\"WebPage\",\"@id\":\"https:\/\/www.donatelifetexas.org\/es\/authorization-for-release-of-information\/\",\"url\":\"https:\/\/www.donatelifetexas.org\/es\/authorization-for-release-of-information\/\",\"name\":\"Formulario de divulgaci\u00f3n de informaci\u00f3n &#8211; Texas Donor Registry\",\"isPartOf\":{\"@id\":\"https:\/\/www.donatelifetexas.org\/es\/#website\"},\"datePublished\":\"2017-08-28T15:40:42+00:00\",\"dateModified\":\"2022-04-13T17:11:12+00:00\",\"description\":\"Complete the Info Release Form to give permission to Donate Life Texas to share your story, photo or information with media or the public.\",\"breadcrumb\":{\"@id\":\"https:\/\/www.donatelifetexas.org\/es\/authorization-for-release-of-information\/#breadcrumb\"},\"inLanguage\":\"es-ES\",\"potentialAction\":[{\"@type\":\"ReadAction\",\"target\":[[\"https:\/\/www.donatelifetexas.org\/es\/authorization-for-release-of-information\/\"]]}]},{\"@type\":\"BreadcrumbList\",\"@id\":\"https:\/\/www.donatelifetexas.org\/es\/authorization-for-release-of-information\/#breadcrumb\",\"itemListElement\":[{\"@type\":\"ListItem\",\"position\":1,\"name\":\"Home\",\"item\":\"https:\/\/www.donatelifetexas.org\/es\/\"},{\"@type\":\"ListItem\",\"position\":2,\"name\":\"Authorization for Release of Information\"}]},{\"@type\":\"WebSite\",\"@id\":\"https:\/\/www.donatelifetexas.org\/es\/#website\",\"url\":\"https:\/\/www.donatelifetexas.org\/es\/\",\"name\":\"Texas Donor Registry\",\"description\":\"Donate Life Texas\",\"publisher\":{\"@id\":\"https:\/\/www.donatelifetexas.org\/es\/#organization\"},\"potentialAction\":[{\"@type\":\"SearchAction\",\"target\":{\"@type\":\"EntryPoint\",\"urlTemplate\":\"https:\/\/www.donatelifetexas.org\/es\/?s={search_term_string}\"},\"query-input\":{\"@type\":\"PropertyValueSpecification\",\"valueRequired\":true,\"valueName\":\"search_term_string\"}}],\"inLanguage\":\"es-ES\"},{\"@type\":\"Organization\",\"@id\":\"https:\/\/www.donatelifetexas.org\/es\/#organization\",\"name\":\"Texas Donor Registry\",\"url\":\"https:\/\/www.donatelifetexas.org\/es\/\",\"logo\":{\"@type\":\"ImageObject\",\"inLanguage\":\"es-ES\",\"@id\":\"https:\/\/www.donatelifetexas.org\/es\/#\/schema\/logo\/image\/\",\"url\":\"https:\/\/www.donatelifetexas.org\/wp-content\/uploads\/2022\/03\/FeatureImage_DLTXLogo_1.jpg\",\"contentUrl\":\"https:\/\/www.donatelifetexas.org\/wp-content\/uploads\/2022\/03\/FeatureImage_DLTXLogo_1.jpg\",\"width\":1200,\"height\":630,\"caption\":\"Texas Donor Registry\"},\"image\":{\"@id\":\"https:\/\/www.donatelifetexas.org\/es\/#\/schema\/logo\/image\/\"},\"sameAs\":[\"https:\/\/www.facebook.com\/donatelifetexas.org\",\"https:\/\/x.com\/donatelifetexas\",\"https:\/\/instagram.com\/donatelifetexas\/\"]}]}<\/script>\n<!-- \/ Yoast SEO plugin. -->","yoast_head_json":{"title":"Formulario de divulgaci\u00f3n de informaci\u00f3n &#8211; Texas Donor Registry","description":"Complete the Info Release Form to give permission to Donate Life Texas to share your story, photo or information with media or the public.","robots":{"index":"index","follow":"follow","max-snippet":"max-snippet:-1","max-image-preview":"max-image-preview:large","max-video-preview":"max-video-preview:-1"},"canonical":"https:\/\/www.donatelifetexas.org\/es\/authorization-for-release-of-information\/","og_locale":"es_ES","og_type":"article","og_title":"Formulario de divulgaci\u00f3n de informaci\u00f3n &#8211; Texas Donor Registry","og_description":"Complete the Info Release Form to give permission to Donate Life Texas to share your story, photo or information with media or the public.","og_url":"https:\/\/www.donatelifetexas.org\/es\/authorization-for-release-of-information\/","og_site_name":"Texas Donor Registry","article_publisher":"https:\/\/www.facebook.com\/donatelifetexas.org","article_modified_time":"2022-04-13T17:11:12+00:00","twitter_card":"summary_large_image","twitter_site":"@donatelifetexas","twitter_misc":{"Est. reading time":"10 minutes"},"schema":{"@context":"https:\/\/schema.org","@graph":[{"@type":"WebPage","@id":"https:\/\/www.donatelifetexas.org\/es\/authorization-for-release-of-information\/","url":"https:\/\/www.donatelifetexas.org\/es\/authorization-for-release-of-information\/","name":"Formulario de divulgaci\u00f3n de informaci\u00f3n &#8211; Texas Donor Registry","isPartOf":{"@id":"https:\/\/www.donatelifetexas.org\/es\/#website"},"datePublished":"2017-08-28T15:40:42+00:00","dateModified":"2022-04-13T17:11:12+00:00","description":"Complete the Info Release Form to give permission to Donate Life Texas to share your story, photo or information with media or the public.","breadcrumb":{"@id":"https:\/\/www.donatelifetexas.org\/es\/authorization-for-release-of-information\/#breadcrumb"},"inLanguage":"es-ES","potentialAction":[{"@type":"ReadAction","target":[["https:\/\/www.donatelifetexas.org\/es\/authorization-for-release-of-information\/"]]}]},{"@type":"BreadcrumbList","@id":"https:\/\/www.donatelifetexas.org\/es\/authorization-for-release-of-information\/#breadcrumb","itemListElement":[{"@type":"ListItem","position":1,"name":"Home","item":"https:\/\/www.donatelifetexas.org\/es\/"},{"@type":"ListItem","position":2,"name":"Authorization for Release of Information"}]},{"@type":"WebSite","@id":"https:\/\/www.donatelifetexas.org\/es\/#website","url":"https:\/\/www.donatelifetexas.org\/es\/","name":"Texas Donor Registry","description":"Donate Life Texas","publisher":{"@id":"https:\/\/www.donatelifetexas.org\/es\/#organization"},"potentialAction":[{"@type":"SearchAction","target":{"@type":"EntryPoint","urlTemplate":"https:\/\/www.donatelifetexas.org\/es\/?s={search_term_string}"},"query-input":{"@type":"PropertyValueSpecification","valueRequired":true,"valueName":"search_term_string"}}],"inLanguage":"es-ES"},{"@type":"Organization","@id":"https:\/\/www.donatelifetexas.org\/es\/#organization","name":"Texas Donor Registry","url":"https:\/\/www.donatelifetexas.org\/es\/","logo":{"@type":"ImageObject","inLanguage":"es-ES","@id":"https:\/\/www.donatelifetexas.org\/es\/#\/schema\/logo\/image\/","url":"https:\/\/www.donatelifetexas.org\/wp-content\/uploads\/2022\/03\/FeatureImage_DLTXLogo_1.jpg","contentUrl":"https:\/\/www.donatelifetexas.org\/wp-content\/uploads\/2022\/03\/FeatureImage_DLTXLogo_1.jpg","width":1200,"height":630,"caption":"Texas Donor Registry"},"image":{"@id":"https:\/\/www.donatelifetexas.org\/es\/#\/schema\/logo\/image\/"},"sameAs":["https:\/\/www.facebook.com\/donatelifetexas.org","https:\/\/x.com\/donatelifetexas","https:\/\/instagram.com\/donatelifetexas\/"]}]}},"publishpress_future_action":{"enabled":false,"date":"2026-04-15 10:58:14","action":"change-status","newStatus":"draft","terms":[],"taxonomy":"","extraData":[]},"publishpress_future_workflow_manual_trigger":{"enabledWorkflows":[]},"_links":{"self":[{"href":"https:\/\/www.donatelifetexas.org\/es\/wp-json\/wp\/v2\/pages\/4335","targetHints":{"allow":["GET"]}}],"collection":[{"href":"https:\/\/www.donatelifetexas.org\/es\/wp-json\/wp\/v2\/pages"}],"about":[{"href":"https:\/\/www.donatelifetexas.org\/es\/wp-json\/wp\/v2\/types\/page"}],"author":[{"embeddable":true,"href":"https:\/\/www.donatelifetexas.org\/es\/wp-json\/wp\/v2\/users\/1"}],"replies":[{"embeddable":true,"href":"https:\/\/www.donatelifetexas.org\/es\/wp-json\/wp\/v2\/comments?post=4335"}],"version-history":[{"count":54,"href":"https:\/\/www.donatelifetexas.org\/es\/wp-json\/wp\/v2\/pages\/4335\/revisions"}],"predecessor-version":[{"id":7697,"href":"https:\/\/www.donatelifetexas.org\/es\/wp-json\/wp\/v2\/pages\/4335\/revisions\/7697"}],"wp:attachment":[{"href":"https:\/\/www.donatelifetexas.org\/es\/wp-json\/wp\/v2\/media?parent=4335"}],"curies":[{"name":"wp","href":"https:\/\/api.w.org\/{rel}","templated":true}]}}