{"id":364,"date":"2011-08-26T17:25:14","date_gmt":"2011-08-26T17:25:14","guid":{"rendered":"http:\/\/dev.donatelifetexas.inetz.com\/?page_id=364"},"modified":"2022-04-05T11:13:20","modified_gmt":"2022-04-05T16:13:20","slug":"privacy-policy","status":"publish","type":"page","link":"https:\/\/www.donatelifetexas.org\/es\/privacy-policy\/","title":{"rendered":"Pol\u00edtica de Privacidad"},"content":{"rendered":"<p>Este sitio web &#8211; www.DonateLifeTexas.org (the \u201cSite\u201d) \u2013 (el &#8220;Sitio&#8221;) es propiedad de y est\u00e1 operado por Donate Life Texas, Inc. (DLT) una entidad sin \u00e1nimo de lucro organizada bajo la secci\u00f3n 501 (c)(3) y designada por el C\u00f3digo de Salud y Seguridad de Texas (\u00a7692A.020) para que administre y opere el Registro Glenda Dawson Donate Life para la donaci\u00f3n de \u00d3rganos y Tejidos (el &#8220;Registro&#8221;).<\/p>\n<p>DLT est\u00e1 comprometida a proteger la privacidad de los usuarios del Sitio y la seguridad de la informaci\u00f3n encomendada al registro. \u00a0La privacidad de nuestros donantes registrados y la seguridad del Sitio son de suma importancia para DLT.\u00a0 Esta pol\u00edtica de privacidad describe qu\u00e9 informaci\u00f3n puede ser recopilada por el sitio y c\u00f3mo esa informaci\u00f3n puede ser utilizada.\u00a0 Salvo lo dispuesto en esta pol\u00edtica, DLT no proporcionar\u00e1 su informaci\u00f3n personal a terceros.\u00a0 Preguntas o inquietudes sobre esta pol\u00edtica que no est\u00e9n aqu\u00ed consideradas pueden ser dirigidas a trav\u00e9s de la p\u00e1gina web www.DonateLifeTexas.org, en la pesta\u00f1a Cont\u00e1ctenos.<\/p>\n<p>El Sitio no recopila informaci\u00f3n personal de los usuarios a menos que el usuario la ofrezca voluntariamente.\u00a0 Los usuarios del Sitio no est\u00e1n obligados a proporcionar ninguna informaci\u00f3n que no deseen. \u00a0 Aquellos que deseen registrar su consentimiento legal para la donaci\u00f3n p\u00f3stuma de \u00f3rganos y tejidos en el Registro, debe proporcionar informaci\u00f3n personal a fin de completar el proceso de inscripci\u00f3n de donantes.<\/p>\n<p>Nota:\u00a0Esta pol\u00edtica no es aplicable cuando los visitantes salen del Sitio DLT y siguen un v\u00ednculo a otro sitio.\u00a0 DLT es responsable por el contenido de este sitio web.\u00a0 Sin embargo, el Sitio contiene enlaces a otros sitios web por los cuales DLT no es responsable, ni por el contenido ni por las pr\u00e1cticas de privacidad de dichos sitios.<\/p>\n<p>La informaci\u00f3n que se recopila:<\/p>\n<ul>\n<li>Su Informaci\u00f3n Personal: A medida que usted utiliza el Sitio para inscribirse con el fin de donar, DLT puede pedirle que proporcione cierta informaci\u00f3n tal como su nombre, direcci\u00f3n, correo electr\u00f3nico, n\u00famero de tel\u00e9fono, sexo, etnia y lugar de nacimiento; inclusive informaci\u00f3n como su fecha de nacimiento, n\u00famero de seguro social, licencia de conducir o su n\u00famero de identificaci\u00f3n personal, y el apellido de soltera de su madre.\u00a0 Tambi\u00e9n se le pedir\u00e1 que especifique, a partir de una lista, los \u00f3rganos y tejidos que desea donar y con qu\u00e9 fines.\u00a0 La participaci\u00f3n en esta inscripci\u00f3n es voluntaria.\u00a0 DLT no recabar\u00e1 informaci\u00f3n personal sobre usted cuando visite el Sitio a menos que usted elija voluntariamente proporcionar dicha informaci\u00f3n.<\/li>\n<li>Informaci\u00f3n sobre el Uso del Sitio: Siempre que usted utilice el Sitio, ciertos tipos de informaci\u00f3n sobre la utilizaci\u00f3n de Internet pueden ser captados y almacenados, inclusive y sin limitar, informaci\u00f3n sobre su navegador, su direcci\u00f3n IP, las p\u00e1ginas visitadas, el tiempo que usted pasa en el Sitio, el software de su navegador y el sistema operativo que est\u00e1 utilizando, el dominio de Internet a trav\u00e9s del cual accede a Internet y los archivos que descarga, todo lo cual se registra en el fichero de registros de transacciones.\u00a0 Sin embargo, no se recoge ninguna informaci\u00f3n personal durante el proceso de seguimiento.<\/li>\n<li>Informaci\u00f3n de Correo Electr\u00f3nico: En el transcurso de la inscripci\u00f3n, puede que DLT le env\u00ede correos electr\u00f3nicos o puede que usted deba enviar correos electr\u00f3nicos a DLT. \u00a0 DLT hace un seguimiento de estos correos electr\u00f3nicos y de la informaci\u00f3n relacionada con los mismos.<\/li>\n<\/ul>\n<p>Si se presenta, dicha informaci\u00f3n puede utilizarse para:<\/p>\n<ul>\n<li>Verificar o confirmar el estado de registro de un posible donante<\/li>\n<li>Crear un convenio de Donaci\u00f3n a T\u00edtulo Gratuito para un posible donante<\/li>\n<li>Agregar, quitar, confirmar o modificar el registro de una determinada persona con su expreso consentimiento por escrito y la confirmaci\u00f3n de la identificaci\u00f3n<\/li>\n<li>Determinar la eficacia de la educaci\u00f3n comunitaria y la sensibilizaci\u00f3n p\u00fablica, conforme a las leyes de Texas, de una manera an\u00f3nima y agregada<\/li>\n<li>Ponerse en contacto con los interesados\u00a0 y\/o con los miembros de la familia para efectos del Registro seg\u00fan lo permite la ley en Texas<\/li>\n<li>Adelantar con el proceso de donaci\u00f3n de sus \u00f3rganos, ojos y\/o tejidos o para contestar cualquier pregunta relacionada con el mismo<\/li>\n<li>Realizar investigaciones<\/li>\n<li>Proporcionar informes an\u00f3nimos para uso interno y externo<\/li>\n<li>Proporcionar informaci\u00f3n an\u00f3nima para la preparaci\u00f3n y distribuci\u00f3n de materiales educacionales<\/li>\n<li>Ayudar a DLT\u00a0 a mantener el Sitio, verificar que el Sitio est\u00e9 funcionando correctamente y para que el mismo sea m\u00e1s accesible y \u00fatil<\/li>\n<\/ul>\n<p>DLT no facilitar\u00e1, vender\u00e1, alquilar\u00e1 ni comercializar\u00e1 sus Datos Personales a terceros, salvo para: (1) seguir adelante con la donaci\u00f3n de sus \u00f3rganos y\/o tejidos; (2) ciertos agentes, proveedores y\/o contratistas de servicios web que podr\u00edan utilizarlos en nombre de o en conexi\u00f3n o relaci\u00f3n con DLT; (3) atender una respuesta a una citaci\u00f3n emitida v\u00e1lidamente, orden del tribunal u otro proceso legal; (4) establecer o ejercer los derechos legales de DLT o para defenderse contra una acci\u00f3n legal; (5) que DLT pueda atender una solicitud de su parte; (6) los casos en que DLT considere\u00a0 de buena fe que compartir la informaci\u00f3n es necesario para proteger los derechos o la propiedad de\u00a0 DLT ; o (7) seg\u00fan lo requiera la ley en un asunto de seguridad o de pol\u00edticas p\u00fablicas.<\/p>\n<p>El sitio puede utilizar <em>cookies<\/em> para recordar cierta informaci\u00f3n del usuario.\u00a0 Las <em>cookies<\/em> son identificadores electr\u00f3nicos que se transfieren autom\u00e1ticamente a su ordenador a trav\u00e9s de su navegador y que permiten a los ordenadores de DLT guardar cierta informaci\u00f3n que usted nos proporcione, y adem\u00e1s almacenan informaci\u00f3n acerca de usted para que podamos reconocerle cuando visite el Sitio a futuro.\u00a0 Usted puede, en cualquier momento, desactivar o rechazar las <em>cookies<\/em> al cambiar las preferencias o la configuraci\u00f3n de su navegador.\u00a0 Si opta por desactivar las <em>cookies<\/em>, s\u00ed podr\u00e1 seguir utilizando el Sitio.<\/p>\n<p>DLT mantiene protecciones administrativas, t\u00e9cnicas y f\u00edsicas razonables destinadas a proteger la informaci\u00f3n que usted proporcione en este Sitio.\u00a0 Sin embargo, ning\u00fan sistema de seguridad es impenetrable y DLT no puede garantizar la seguridad del Sitio ni tampoco puede\u00a0 garantizar que la informaci\u00f3n que usted nos proporcione no ser\u00e1 interceptada mientras la transmite por Internet; adem\u00e1s, DLT no es responsable de los actos ilegales de terceros como de los <em>hackers<\/em> por ejemplo.<\/p>\n<p>Al utilizar el Sitio, usted expresa su acuerdo con los t\u00e9rminos de la pol\u00edtica de privacidad de DLT. \u00a0 Esta pol\u00edtica de privacidad podr\u00e1 ser modificada en cualquier momento y de tanto en tanto sin previo aviso. Los usuarios pueden consultar esta p\u00e1gina de manera regular para obtener actualizaciones de \u00e9sta pol\u00edtica de privacidad.<\/p>","protected":false},"excerpt":{"rendered":"<p>Este sitio web &#8211; www.DonateLifeTexas.org (the \u201cSite\u201d) \u2013 (el &#8220;Sitio&#8221;) es propiedad de y est\u00e1 operado por Donate Life Texas, Inc. (DLT) una entidad sin \u00e1nimo de lucro organizada bajo la secci\u00f3n 501 (c)(3) y designada por el C\u00f3digo de Salud y Seguridad de Texas (\u00a7692A.020) para que administre y opere el Registro Glenda Dawson [&hellip;]<\/p>\n","protected":false},"author":1,"featured_media":0,"parent":0,"menu_order":0,"comment_status":"closed","ping_status":"open","template":"fullwidth.php","meta":{"_acf_changed":false,"footnotes":"","_links_to":"","_links_to_target":""},"class_list":["post-364","page","type-page","status-publish","hentry"],"acf":[],"yoast_head":"<!-- This site is optimized with the Yoast SEO plugin v27.1.1 - https:\/\/yoast.com\/product\/yoast-seo-wordpress\/ -->\n<title>Pol\u00edtica de Privacidad &#8211; Texas Donor Registry<\/title>\n<meta name=\"description\" content=\"Donate Life Texas protects the privacy of site users and the safety and security of information in the donor registry. Learn more.\" \/>\n<meta name=\"robots\" content=\"index, follow, max-snippet:-1, max-image-preview:large, max-video-preview:-1\" \/>\n<link rel=\"canonical\" href=\"https:\/\/www.donatelifetexas.org\/es\/privacy-policy\/\" \/>\n<meta property=\"og:locale\" content=\"es_ES\" \/>\n<meta property=\"og:type\" content=\"article\" \/>\n<meta property=\"og:title\" content=\"Pol\u00edtica de Privacidad &#8211; Texas Donor Registry\" \/>\n<meta property=\"og:description\" content=\"Donate Life Texas protects the privacy of site users and the safety and security of information in the donor registry. Learn more.\" \/>\n<meta property=\"og:url\" content=\"https:\/\/www.donatelifetexas.org\/es\/privacy-policy\/\" \/>\n<meta property=\"og:site_name\" content=\"Texas Donor Registry\" \/>\n<meta property=\"article:publisher\" content=\"https:\/\/www.facebook.com\/donatelifetexas.org\" \/>\n<meta property=\"article:modified_time\" content=\"2022-04-05T16:13:20+00:00\" \/>\n<meta name=\"twitter:card\" content=\"summary_large_image\" \/>\n<meta name=\"twitter:site\" content=\"@donatelifetexas\" \/>\n<meta name=\"twitter:label1\" content=\"Est. reading time\" \/>\n\t<meta name=\"twitter:data1\" content=\"5 minutes\" \/>\n<script type=\"application\/ld+json\" class=\"yoast-schema-graph\">{\"@context\":\"https:\/\/schema.org\",\"@graph\":[{\"@type\":\"WebPage\",\"@id\":\"https:\/\/www.donatelifetexas.org\/es\/privacy-policy\/\",\"url\":\"https:\/\/www.donatelifetexas.org\/es\/privacy-policy\/\",\"name\":\"Pol\u00edtica de Privacidad &#8211; Texas Donor Registry\",\"isPartOf\":{\"@id\":\"https:\/\/www.donatelifetexas.org\/es\/#website\"},\"datePublished\":\"2011-08-26T17:25:14+00:00\",\"dateModified\":\"2022-04-05T16:13:20+00:00\",\"description\":\"Donate Life Texas protects the privacy of site users and the safety and security of information in the donor registry. Learn more.\",\"breadcrumb\":{\"@id\":\"https:\/\/www.donatelifetexas.org\/es\/privacy-policy\/#breadcrumb\"},\"inLanguage\":\"es-ES\",\"potentialAction\":[{\"@type\":\"ReadAction\",\"target\":[[\"https:\/\/www.donatelifetexas.org\/es\/privacy-policy\/\"]]}]},{\"@type\":\"BreadcrumbList\",\"@id\":\"https:\/\/www.donatelifetexas.org\/es\/privacy-policy\/#breadcrumb\",\"itemListElement\":[{\"@type\":\"ListItem\",\"position\":1,\"name\":\"Home\",\"item\":\"https:\/\/www.donatelifetexas.org\/es\/\"},{\"@type\":\"ListItem\",\"position\":2,\"name\":\"Privacy Policy\"}]},{\"@type\":\"WebSite\",\"@id\":\"https:\/\/www.donatelifetexas.org\/es\/#website\",\"url\":\"https:\/\/www.donatelifetexas.org\/es\/\",\"name\":\"Texas Donor Registry\",\"description\":\"Donate Life Texas\",\"publisher\":{\"@id\":\"https:\/\/www.donatelifetexas.org\/es\/#organization\"},\"potentialAction\":[{\"@type\":\"SearchAction\",\"target\":{\"@type\":\"EntryPoint\",\"urlTemplate\":\"https:\/\/www.donatelifetexas.org\/es\/?s={search_term_string}\"},\"query-input\":{\"@type\":\"PropertyValueSpecification\",\"valueRequired\":true,\"valueName\":\"search_term_string\"}}],\"inLanguage\":\"es-ES\"},{\"@type\":\"Organization\",\"@id\":\"https:\/\/www.donatelifetexas.org\/es\/#organization\",\"name\":\"Texas Donor Registry\",\"url\":\"https:\/\/www.donatelifetexas.org\/es\/\",\"logo\":{\"@type\":\"ImageObject\",\"inLanguage\":\"es-ES\",\"@id\":\"https:\/\/www.donatelifetexas.org\/es\/#\/schema\/logo\/image\/\",\"url\":\"https:\/\/www.donatelifetexas.org\/wp-content\/uploads\/2022\/03\/FeatureImage_DLTXLogo_1.jpg\",\"contentUrl\":\"https:\/\/www.donatelifetexas.org\/wp-content\/uploads\/2022\/03\/FeatureImage_DLTXLogo_1.jpg\",\"width\":1200,\"height\":630,\"caption\":\"Texas Donor Registry\"},\"image\":{\"@id\":\"https:\/\/www.donatelifetexas.org\/es\/#\/schema\/logo\/image\/\"},\"sameAs\":[\"https:\/\/www.facebook.com\/donatelifetexas.org\",\"https:\/\/x.com\/donatelifetexas\",\"https:\/\/instagram.com\/donatelifetexas\/\"]}]}<\/script>\n<!-- \/ Yoast SEO plugin. -->","yoast_head_json":{"title":"Pol\u00edtica de Privacidad &#8211; Texas Donor Registry","description":"Donate Life Texas protects the privacy of site users and the safety and security of information in the donor registry. Learn more.","robots":{"index":"index","follow":"follow","max-snippet":"max-snippet:-1","max-image-preview":"max-image-preview:large","max-video-preview":"max-video-preview:-1"},"canonical":"https:\/\/www.donatelifetexas.org\/es\/privacy-policy\/","og_locale":"es_ES","og_type":"article","og_title":"Pol\u00edtica de Privacidad &#8211; Texas Donor Registry","og_description":"Donate Life Texas protects the privacy of site users and the safety and security of information in the donor registry. Learn more.","og_url":"https:\/\/www.donatelifetexas.org\/es\/privacy-policy\/","og_site_name":"Texas Donor Registry","article_publisher":"https:\/\/www.facebook.com\/donatelifetexas.org","article_modified_time":"2022-04-05T16:13:20+00:00","twitter_card":"summary_large_image","twitter_site":"@donatelifetexas","twitter_misc":{"Est. reading time":"5 minutes"},"schema":{"@context":"https:\/\/schema.org","@graph":[{"@type":"WebPage","@id":"https:\/\/www.donatelifetexas.org\/es\/privacy-policy\/","url":"https:\/\/www.donatelifetexas.org\/es\/privacy-policy\/","name":"Pol\u00edtica de Privacidad &#8211; Texas Donor Registry","isPartOf":{"@id":"https:\/\/www.donatelifetexas.org\/es\/#website"},"datePublished":"2011-08-26T17:25:14+00:00","dateModified":"2022-04-05T16:13:20+00:00","description":"Donate Life Texas protects the privacy of site users and the safety and security of information in the donor registry. Learn more.","breadcrumb":{"@id":"https:\/\/www.donatelifetexas.org\/es\/privacy-policy\/#breadcrumb"},"inLanguage":"es-ES","potentialAction":[{"@type":"ReadAction","target":[["https:\/\/www.donatelifetexas.org\/es\/privacy-policy\/"]]}]},{"@type":"BreadcrumbList","@id":"https:\/\/www.donatelifetexas.org\/es\/privacy-policy\/#breadcrumb","itemListElement":[{"@type":"ListItem","position":1,"name":"Home","item":"https:\/\/www.donatelifetexas.org\/es\/"},{"@type":"ListItem","position":2,"name":"Privacy Policy"}]},{"@type":"WebSite","@id":"https:\/\/www.donatelifetexas.org\/es\/#website","url":"https:\/\/www.donatelifetexas.org\/es\/","name":"Texas Donor Registry","description":"Donate Life Texas","publisher":{"@id":"https:\/\/www.donatelifetexas.org\/es\/#organization"},"potentialAction":[{"@type":"SearchAction","target":{"@type":"EntryPoint","urlTemplate":"https:\/\/www.donatelifetexas.org\/es\/?s={search_term_string}"},"query-input":{"@type":"PropertyValueSpecification","valueRequired":true,"valueName":"search_term_string"}}],"inLanguage":"es-ES"},{"@type":"Organization","@id":"https:\/\/www.donatelifetexas.org\/es\/#organization","name":"Texas Donor Registry","url":"https:\/\/www.donatelifetexas.org\/es\/","logo":{"@type":"ImageObject","inLanguage":"es-ES","@id":"https:\/\/www.donatelifetexas.org\/es\/#\/schema\/logo\/image\/","url":"https:\/\/www.donatelifetexas.org\/wp-content\/uploads\/2022\/03\/FeatureImage_DLTXLogo_1.jpg","contentUrl":"https:\/\/www.donatelifetexas.org\/wp-content\/uploads\/2022\/03\/FeatureImage_DLTXLogo_1.jpg","width":1200,"height":630,"caption":"Texas Donor Registry"},"image":{"@id":"https:\/\/www.donatelifetexas.org\/es\/#\/schema\/logo\/image\/"},"sameAs":["https:\/\/www.facebook.com\/donatelifetexas.org","https:\/\/x.com\/donatelifetexas","https:\/\/instagram.com\/donatelifetexas\/"]}]}},"publishpress_future_action":{"enabled":false,"date":"2026-05-08 18:58:38","action":"change-status","newStatus":"draft","terms":[],"taxonomy":"","extraData":[]},"publishpress_future_workflow_manual_trigger":{"enabledWorkflows":[]},"_links":{"self":[{"href":"https:\/\/www.donatelifetexas.org\/es\/wp-json\/wp\/v2\/pages\/364","targetHints":{"allow":["GET"]}}],"collection":[{"href":"https:\/\/www.donatelifetexas.org\/es\/wp-json\/wp\/v2\/pages"}],"about":[{"href":"https:\/\/www.donatelifetexas.org\/es\/wp-json\/wp\/v2\/types\/page"}],"author":[{"embeddable":true,"href":"https:\/\/www.donatelifetexas.org\/es\/wp-json\/wp\/v2\/users\/1"}],"replies":[{"embeddable":true,"href":"https:\/\/www.donatelifetexas.org\/es\/wp-json\/wp\/v2\/comments?post=364"}],"version-history":[{"count":42,"href":"https:\/\/www.donatelifetexas.org\/es\/wp-json\/wp\/v2\/pages\/364\/revisions"}],"predecessor-version":[{"id":7314,"href":"https:\/\/www.donatelifetexas.org\/es\/wp-json\/wp\/v2\/pages\/364\/revisions\/7314"}],"wp:attachment":[{"href":"https:\/\/www.donatelifetexas.org\/es\/wp-json\/wp\/v2\/media?parent=364"}],"curies":[{"name":"wp","href":"https:\/\/api.w.org\/{rel}","templated":true}]}}