{"id":3378,"date":"2016-09-16T16:50:24","date_gmt":"2016-09-16T21:50:24","guid":{"rendered":"https:\/\/www.donatelifetexas.org\/?page_id=3378"},"modified":"2022-04-05T17:44:16","modified_gmt":"2022-04-05T22:44:16","slug":"manage-campaigns","status":"publish","type":"page","link":"https:\/\/www.donatelifetexas.org\/es\/unite4life\/manage-campaigns\/","title":{"rendered":"Administrar la p\u00e1gina de Unite4Life"},"content":{"rendered":"<p><\/p>\n<h3>\u00a1Comencemos!<\/h3>\n<p>Configure la p\u00e1gina de registro de donantes \u00fanicos de su organizaci\u00f3n mediante el siguiente formulario. Una vez que env\u00ede su formulario completo, lo revisaremos y lo publicaremos en nuestro sitio web. \u00a1Entonces podr\u00e1 comenzar sus esfuerzos de registro de donantes que salvan vidas!<\/p>\n<p>\nCada vez que inicie sesi\u00f3n en el centro de recursos del promotor, podr\u00e1 ver un total acumulado de la cantidad de personas que se han registrado usando su enlace personalizado.\n<\/p>\n<p><\/p>","protected":false},"excerpt":{"rendered":"<p>\u00a1Comencemos! Configure la p\u00e1gina de registro de donantes \u00fanicos de su organizaci\u00f3n mediante el siguiente formulario. Una vez que env\u00ede su formulario completo, lo revisaremos y lo publicaremos en nuestro sitio web. \u00a1Entonces podr\u00e1 comenzar sus esfuerzos de registro de donantes que salvan vidas! Cada vez que inicie sesi\u00f3n en el centro de recursos del [&hellip;]<\/p>\n","protected":false},"author":5,"featured_media":0,"parent":3367,"menu_order":0,"comment_status":"closed","ping_status":"closed","template":"pageCreateCampaign.php","meta":{"_acf_changed":false,"footnotes":"","_links_to":"","_links_to_target":""},"class_list":["post-3378","page","type-page","status-publish","hentry"],"acf":[],"yoast_head":"<!-- This site is optimized with the Yoast SEO plugin v27.1.1 - https:\/\/yoast.com\/product\/yoast-seo-wordpress\/ -->\n<title>Administrar la p\u00e1gina de Unite4Life &#8211; Texas Donor Registry<\/title>\n<meta name=\"description\" content=\"Create your personalized donor registration page to promote organ, eye and tissue donation. Share your story and encourage fellow Texans to save lives.\" \/>\n<meta name=\"robots\" content=\"index, follow, max-snippet:-1, max-image-preview:large, max-video-preview:-1\" \/>\n<link rel=\"canonical\" href=\"https:\/\/www.donatelifetexas.org\/es\/unite4life\/manage-campaigns\/\" \/>\n<meta property=\"og:locale\" content=\"es_ES\" \/>\n<meta property=\"og:type\" content=\"article\" \/>\n<meta property=\"og:title\" content=\"Manage My Unite4Life Page\" \/>\n<meta property=\"og:description\" content=\"Create your personalized donor registration page to promote organ, eye and tissue donation. Share your story and encourage fellow Texans to save lives.\" \/>\n<meta property=\"og:url\" content=\"https:\/\/www.donatelifetexas.org\/es\/unite4life\/manage-campaigns\/\" \/>\n<meta property=\"og:site_name\" content=\"Texas Donor Registry\" \/>\n<meta property=\"article:publisher\" content=\"https:\/\/www.facebook.com\/donatelifetexas.org\" \/>\n<meta property=\"article:modified_time\" content=\"2022-04-05T22:44:16+00:00\" \/>\n<meta property=\"og:image\" content=\"https:\/\/www.donatelifetexas.org\/wp-content\/uploads\/2022\/03\/FeatureImage_Unite4Life_1.jpg\" \/>\n\t<meta property=\"og:image:width\" content=\"1200\" \/>\n\t<meta property=\"og:image:height\" content=\"630\" \/>\n\t<meta property=\"og:image:type\" content=\"image\/jpeg\" \/>\n<meta name=\"twitter:card\" content=\"summary_large_image\" \/>\n<meta name=\"twitter:title\" content=\"Manage My Unite4Life Page\" \/>\n<meta name=\"twitter:description\" content=\"Create your personalized donor registration page to promote organ, eye and tissue donation. Share your story and encourage fellow Texans to save lives.\" \/>\n<meta name=\"twitter:image\" content=\"https:\/\/www.donatelifetexas.org\/wp-content\/uploads\/2022\/03\/FeatureImage_Unite4Life_1.jpg\" \/>\n<meta name=\"twitter:site\" content=\"@donatelifetexas\" \/>\n<meta name=\"twitter:label1\" content=\"Est. reading time\" \/>\n\t<meta name=\"twitter:data1\" content=\"1 minute\" \/>\n<script type=\"application\/ld+json\" class=\"yoast-schema-graph\">{\"@context\":\"https:\/\/schema.org\",\"@graph\":[{\"@type\":\"WebPage\",\"@id\":\"https:\/\/www.donatelifetexas.org\/es\/unite4life\/manage-campaigns\/\",\"url\":\"https:\/\/www.donatelifetexas.org\/es\/unite4life\/manage-campaigns\/\",\"name\":\"Administrar la p\u00e1gina de Unite4Life &#8211; Texas Donor Registry\",\"isPartOf\":{\"@id\":\"https:\/\/www.donatelifetexas.org\/es\/#website\"},\"datePublished\":\"2016-09-16T21:50:24+00:00\",\"dateModified\":\"2022-04-05T22:44:16+00:00\",\"description\":\"Create your personalized donor registration page to promote organ, eye and tissue donation. Share your story and encourage fellow Texans to save lives.\",\"breadcrumb\":{\"@id\":\"https:\/\/www.donatelifetexas.org\/es\/unite4life\/manage-campaigns\/#breadcrumb\"},\"inLanguage\":\"es-ES\",\"potentialAction\":[{\"@type\":\"ReadAction\",\"target\":[[\"https:\/\/www.donatelifetexas.org\/es\/unite4life\/manage-campaigns\/\"]]}]},{\"@type\":\"BreadcrumbList\",\"@id\":\"https:\/\/www.donatelifetexas.org\/es\/unite4life\/manage-campaigns\/#breadcrumb\",\"itemListElement\":[{\"@type\":\"ListItem\",\"position\":1,\"name\":\"Home\",\"item\":\"https:\/\/www.donatelifetexas.org\/es\/\"},{\"@type\":\"ListItem\",\"position\":2,\"name\":\"Unite4Life\",\"item\":\"https:\/\/www.donatelifetexas.org\/es\/unite4life\/\"},{\"@type\":\"ListItem\",\"position\":3,\"name\":\"Manage My Unite4Life Page\"}]},{\"@type\":\"WebSite\",\"@id\":\"https:\/\/www.donatelifetexas.org\/es\/#website\",\"url\":\"https:\/\/www.donatelifetexas.org\/es\/\",\"name\":\"Texas Donor Registry\",\"description\":\"Donate Life Texas\",\"publisher\":{\"@id\":\"https:\/\/www.donatelifetexas.org\/es\/#organization\"},\"potentialAction\":[{\"@type\":\"SearchAction\",\"target\":{\"@type\":\"EntryPoint\",\"urlTemplate\":\"https:\/\/www.donatelifetexas.org\/es\/?s={search_term_string}\"},\"query-input\":{\"@type\":\"PropertyValueSpecification\",\"valueRequired\":true,\"valueName\":\"search_term_string\"}}],\"inLanguage\":\"es-ES\"},{\"@type\":\"Organization\",\"@id\":\"https:\/\/www.donatelifetexas.org\/es\/#organization\",\"name\":\"Texas Donor Registry\",\"url\":\"https:\/\/www.donatelifetexas.org\/es\/\",\"logo\":{\"@type\":\"ImageObject\",\"inLanguage\":\"es-ES\",\"@id\":\"https:\/\/www.donatelifetexas.org\/es\/#\/schema\/logo\/image\/\",\"url\":\"https:\/\/www.donatelifetexas.org\/wp-content\/uploads\/2022\/03\/FeatureImage_DLTXLogo_1.jpg\",\"contentUrl\":\"https:\/\/www.donatelifetexas.org\/wp-content\/uploads\/2022\/03\/FeatureImage_DLTXLogo_1.jpg\",\"width\":1200,\"height\":630,\"caption\":\"Texas Donor Registry\"},\"image\":{\"@id\":\"https:\/\/www.donatelifetexas.org\/es\/#\/schema\/logo\/image\/\"},\"sameAs\":[\"https:\/\/www.facebook.com\/donatelifetexas.org\",\"https:\/\/x.com\/donatelifetexas\",\"https:\/\/instagram.com\/donatelifetexas\/\"]}]}<\/script>\n<!-- \/ Yoast SEO plugin. -->","yoast_head_json":{"title":"Administrar la p\u00e1gina de Unite4Life &#8211; Texas Donor Registry","description":"Create your personalized donor registration page to promote organ, eye and tissue donation. Share your story and encourage fellow Texans to save lives.","robots":{"index":"index","follow":"follow","max-snippet":"max-snippet:-1","max-image-preview":"max-image-preview:large","max-video-preview":"max-video-preview:-1"},"canonical":"https:\/\/www.donatelifetexas.org\/es\/unite4life\/manage-campaigns\/","og_locale":"es_ES","og_type":"article","og_title":"Manage My Unite4Life Page","og_description":"Create your personalized donor registration page to promote organ, eye and tissue donation. Share your story and encourage fellow Texans to save lives.","og_url":"https:\/\/www.donatelifetexas.org\/es\/unite4life\/manage-campaigns\/","og_site_name":"Texas Donor Registry","article_publisher":"https:\/\/www.facebook.com\/donatelifetexas.org","article_modified_time":"2022-04-05T22:44:16+00:00","og_image":[{"width":1200,"height":630,"url":"https:\/\/www.donatelifetexas.org\/wp-content\/uploads\/2022\/03\/FeatureImage_Unite4Life_1.jpg","type":"image\/jpeg"}],"twitter_card":"summary_large_image","twitter_title":"Manage My Unite4Life Page","twitter_description":"Create your personalized donor registration page to promote organ, eye and tissue donation. Share your story and encourage fellow Texans to save lives.","twitter_image":"https:\/\/www.donatelifetexas.org\/wp-content\/uploads\/2022\/03\/FeatureImage_Unite4Life_1.jpg","twitter_site":"@donatelifetexas","twitter_misc":{"Est. reading time":"1 minute"},"schema":{"@context":"https:\/\/schema.org","@graph":[{"@type":"WebPage","@id":"https:\/\/www.donatelifetexas.org\/es\/unite4life\/manage-campaigns\/","url":"https:\/\/www.donatelifetexas.org\/es\/unite4life\/manage-campaigns\/","name":"Administrar la p\u00e1gina de Unite4Life &#8211; Texas Donor Registry","isPartOf":{"@id":"https:\/\/www.donatelifetexas.org\/es\/#website"},"datePublished":"2016-09-16T21:50:24+00:00","dateModified":"2022-04-05T22:44:16+00:00","description":"Create your personalized donor registration page to promote organ, eye and tissue donation. Share your story and encourage fellow Texans to save lives.","breadcrumb":{"@id":"https:\/\/www.donatelifetexas.org\/es\/unite4life\/manage-campaigns\/#breadcrumb"},"inLanguage":"es-ES","potentialAction":[{"@type":"ReadAction","target":[["https:\/\/www.donatelifetexas.org\/es\/unite4life\/manage-campaigns\/"]]}]},{"@type":"BreadcrumbList","@id":"https:\/\/www.donatelifetexas.org\/es\/unite4life\/manage-campaigns\/#breadcrumb","itemListElement":[{"@type":"ListItem","position":1,"name":"Home","item":"https:\/\/www.donatelifetexas.org\/es\/"},{"@type":"ListItem","position":2,"name":"Unite4Life","item":"https:\/\/www.donatelifetexas.org\/es\/unite4life\/"},{"@type":"ListItem","position":3,"name":"Manage My Unite4Life Page"}]},{"@type":"WebSite","@id":"https:\/\/www.donatelifetexas.org\/es\/#website","url":"https:\/\/www.donatelifetexas.org\/es\/","name":"Texas Donor Registry","description":"Donate Life Texas","publisher":{"@id":"https:\/\/www.donatelifetexas.org\/es\/#organization"},"potentialAction":[{"@type":"SearchAction","target":{"@type":"EntryPoint","urlTemplate":"https:\/\/www.donatelifetexas.org\/es\/?s={search_term_string}"},"query-input":{"@type":"PropertyValueSpecification","valueRequired":true,"valueName":"search_term_string"}}],"inLanguage":"es-ES"},{"@type":"Organization","@id":"https:\/\/www.donatelifetexas.org\/es\/#organization","name":"Texas Donor Registry","url":"https:\/\/www.donatelifetexas.org\/es\/","logo":{"@type":"ImageObject","inLanguage":"es-ES","@id":"https:\/\/www.donatelifetexas.org\/es\/#\/schema\/logo\/image\/","url":"https:\/\/www.donatelifetexas.org\/wp-content\/uploads\/2022\/03\/FeatureImage_DLTXLogo_1.jpg","contentUrl":"https:\/\/www.donatelifetexas.org\/wp-content\/uploads\/2022\/03\/FeatureImage_DLTXLogo_1.jpg","width":1200,"height":630,"caption":"Texas Donor Registry"},"image":{"@id":"https:\/\/www.donatelifetexas.org\/es\/#\/schema\/logo\/image\/"},"sameAs":["https:\/\/www.facebook.com\/donatelifetexas.org","https:\/\/x.com\/donatelifetexas","https:\/\/instagram.com\/donatelifetexas\/"]}]}},"publishpress_future_action":{"enabled":false,"date":"2026-04-12 17:46:47","action":"change-status","newStatus":"draft","terms":[],"taxonomy":"","extraData":[]},"publishpress_future_workflow_manual_trigger":{"enabledWorkflows":[]},"_links":{"self":[{"href":"https:\/\/www.donatelifetexas.org\/es\/wp-json\/wp\/v2\/pages\/3378","targetHints":{"allow":["GET"]}}],"collection":[{"href":"https:\/\/www.donatelifetexas.org\/es\/wp-json\/wp\/v2\/pages"}],"about":[{"href":"https:\/\/www.donatelifetexas.org\/es\/wp-json\/wp\/v2\/types\/page"}],"author":[{"embeddable":true,"href":"https:\/\/www.donatelifetexas.org\/es\/wp-json\/wp\/v2\/users\/5"}],"replies":[{"embeddable":true,"href":"https:\/\/www.donatelifetexas.org\/es\/wp-json\/wp\/v2\/comments?post=3378"}],"version-history":[{"count":9,"href":"https:\/\/www.donatelifetexas.org\/es\/wp-json\/wp\/v2\/pages\/3378\/revisions"}],"predecessor-version":[{"id":36891,"href":"https:\/\/www.donatelifetexas.org\/es\/wp-json\/wp\/v2\/pages\/3378\/revisions\/36891"}],"up":[{"embeddable":true,"href":"https:\/\/www.donatelifetexas.org\/es\/wp-json\/wp\/v2\/pages\/3367"}],"wp:attachment":[{"href":"https:\/\/www.donatelifetexas.org\/es\/wp-json\/wp\/v2\/media?parent=3378"}],"curies":[{"name":"wp","href":"https:\/\/api.w.org\/{rel}","templated":true}]}}