{"id":3286,"date":"2016-06-30T17:49:33","date_gmt":"2016-06-30T22:49:33","guid":{"rendered":"https:\/\/www.donatelifetexas.org\/?page_id=3286"},"modified":"2017-07-07T16:08:41","modified_gmt":"2017-07-07T21:08:41","slug":"echo","status":"publish","type":"page","link":"https:\/\/www.donatelifetexas.org\/es\/echo\/","title":{"rendered":"La Campa\u00f1a Done Vida, Haga ECO"},"content":{"rendered":"<p>Done Vida, Haga ECO se trata de celebrar la oportunidad que cada comunidad tiene para hacer una diferencia al salvar vidas apoyando el registro de donantes de \u00f3rganos, ojos y tejidos.\u00a0 Un eco solamente necesita de una persona para tener voz.\u00a0 Cuando otros se unen, \u00a1el ECO se vuelve una inspiraci\u00f3n!<\/p>\n<p>Presentado anualmente del 10 al 23 de julio por la Asociaci\u00f3n de Asuntos Multiculturales en Trasplantes (AMAT) y Donate Life America (DLA), Done Vida, Haga ECO ( Esperanza, Comunidad y Oportunidad) significa Cada Comunidad Tiene Oportunidad (del ingl\u00e9s ECHO: Every Community Has Opportunity). Esta campa\u00f1a proporciona recursos sencillos y divertidos para ayudarle a compartir su decisi\u00f3n de registrarse.\u00a0 Aqu\u00ed le entregamos m\u00e1s informaci\u00f3n acerca de la historia y la importancia de la campa\u00f1a Done Vida, Haga ECO.<\/p>\n<h3><strong>\u00a1Estas son algunas maneras en las que usted puede comenzar un ECO Done Vida!<\/strong><\/h3>\n<p><strong>Prepare sus propios memes Done Vida, Haga ECO<\/strong> con estas im\u00e1genes f\u00e1ciles de usar.\u00a0 Deles a sus fotos m\u00e1s vitalidad con globos de di\u00e1logo y capas divertidas imprimibles.<\/p>\n<p style=\"text-align: left; padding-left: 30px;\">Globos de di\u00e1logo listos para usarse: \u00a0\u00a0<a href=\"https:\/\/www.donatelife.net\/wp-content\/uploads\/2016\/06\/Speech-Bubbles-Spanish.pdf\" target=\"_blank\" rel=\"noopener\">Espanol<\/a>\u00a0 | \u00a0\u00a0<a href=\"https:\/\/www.donatelife.net\/wp-content\/uploads\/2016\/06\/Speech-Bubbles-English.pdf\" target=\"_blank\" rel=\"noopener\">English<\/a><\/p>\n<p style=\"text-align: left; padding-left: 30px;\">Prepare su propio globo de di\u00e1logo: <a href=\"https:\/\/www.donatelifetexas.org\/wp-content\/uploads\/2016\/06\/Speech-Bubbles-Spanish-1.pdf\" target=\"_blank\" rel=\"noopener\">Plantilla<\/a><\/p>\n<p style=\"text-align: left; padding-left: 30px;\">Capas de foto con globo de di\u00e1logo: <a href=\"https:\/\/www.donatelifetexas.org\/wp-content\/uploads\/2016\/06\/ECO_SpeechBubbles_jpeg-and-png_ES.zip\">Formatos JPG y PNG<\/a><\/p>\n<p style=\"text-align: left; padding-left: 30px;\">\u201c\u00danete a MI para crear capas con el emblema de Done Vida, Haga ECO\u201d para Facebook, Twitter e Instagram:<\/p>\n<p style=\"text-align: left; padding-left: 30px;\"><a href=\"https:\/\/www.donatelifetexas.org\/wp-content\/uploads\/2016\/06\/UneteAMi_DVTOverlay_Spanish.zip\">Espanol<\/a>\u00a0 | \u00a0<a href=\"https:\/\/www.donatelifetexas.org\/wp-content\/uploads\/2016\/06\/JoinMe_DLTOverlay_English.zip\">English<\/a><\/p>\n<p style=\"text-align: left; padding-left: 30px;\">\u201c\u00danete a MI para crear capas con el emblema de Done Vida, Haga ECO\u201d para Facebook, Twitter e Instagram:<\/p>\n<p style=\"text-align: left; padding-left: 30px;\"><a href=\"https:\/\/www.donatelifetexas.org\/wp-content\/uploads\/2016\/06\/UneteANosotros_DVTOverlay_Spanish.zip\">Espanol<\/a>\u00a0 | \u00a0<a href=\"https:\/\/www.donatelifetexas.org\/wp-content\/uploads\/2016\/06\/JoinUs_DLTOverlay_English.zip\">English<\/a><\/p>\n<table style=\"height: 326px;\" width=\"1226\">\n<tbody>\n<tr>\n<td width=\"30%\"><a href=\"https:\/\/www.donatelifetexas.org\/wp-content\/uploads\/2016\/06\/Eco_Telemundo-40-McAllen-TOSA.png\"><img loading=\"lazy\" decoding=\"async\" class=\"aligncenter size-medium wp-image-3297\" src=\"https:\/\/www.donatelifetexas.org\/wp-content\/uploads\/2016\/06\/Eco_Telemundo-40-McAllen-TOSA-300x250.png\" alt=\"Eco_Telemundo 40 McAllen TOSA\" width=\"300\" height=\"250\" \/><\/a><\/p>\n<p style=\"text-align: center;\">Add an ECHO banner overlay<\/p>\n<\/td>\n<td width=\"70%\"><a href=\"https:\/\/www.donatelifetexas.org\/wp-content\/uploads\/2016\/06\/ECHOSignSample.jpg\"><img loading=\"lazy\" decoding=\"async\" class=\"alignleft wp-image-3275\" src=\"https:\/\/www.donatelifetexas.org\/wp-content\/uploads\/2016\/06\/ECHOSignSample-300x219.jpg\" alt=\"ECHOSignSample\" width=\"200\" height=\"146\" srcset=\"https:\/\/www.donatelifetexas.org\/wp-content\/uploads\/2016\/06\/ECHOSignSample-300x219.jpg 300w, https:\/\/www.donatelifetexas.org\/wp-content\/uploads\/2016\/06\/ECHOSignSample-768x562.jpg 768w, https:\/\/www.donatelifetexas.org\/wp-content\/uploads\/2016\/06\/ECHOSignSample.jpg 800w\" sizes=\"auto, (max-width: 200px) 100vw, 200px\" \/><\/a><a href=\"https:\/\/www.donatelifetexas.org\/wp-content\/uploads\/2016\/06\/SbubblePinata.jpg\"><img loading=\"lazy\" decoding=\"async\" class=\"alignleft wp-image-3298\" src=\"https:\/\/www.donatelifetexas.org\/wp-content\/uploads\/2016\/06\/SbubblePinata-300x225.jpg\" alt=\"SbubblePinata\" width=\"200\" height=\"150\" srcset=\"https:\/\/www.donatelifetexas.org\/wp-content\/uploads\/2016\/06\/SbubblePinata-300x225.jpg 300w, https:\/\/www.donatelifetexas.org\/wp-content\/uploads\/2016\/06\/SbubblePinata.jpg 640w\" sizes=\"auto, (max-width: 200px) 100vw, 200px\" \/><\/a><a href=\"https:\/\/www.donatelifetexas.org\/wp-content\/uploads\/2016\/06\/Clutch-Echo.jpg\"><img loading=\"lazy\" decoding=\"async\" class=\"alignleft wp-image-3306\" src=\"https:\/\/www.donatelifetexas.org\/wp-content\/uploads\/2016\/06\/Clutch-Echo-300x300.jpg\" alt=\"Clutch Echo\" width=\"150\" height=\"150\" srcset=\"https:\/\/www.donatelifetexas.org\/wp-content\/uploads\/2016\/06\/Clutch-Echo-300x300.jpg 300w, https:\/\/www.donatelifetexas.org\/wp-content\/uploads\/2016\/06\/Clutch-Echo-150x150.jpg 150w, https:\/\/www.donatelifetexas.org\/wp-content\/uploads\/2016\/06\/Clutch-Echo-768x768.jpg 768w, https:\/\/www.donatelifetexas.org\/wp-content\/uploads\/2016\/06\/Clutch-Echo.jpg 960w\" sizes=\"auto, (max-width: 150px) 100vw, 150px\" \/><\/a><\/p>\n<p>&nbsp;<\/p>\n<p>&nbsp;<\/p>\n<p>&nbsp;<\/p>\n<p>&nbsp;<\/p>\n<p>&nbsp;<\/p>\n<p>&nbsp;<\/p>\n<p>Have fun with Speech Bubbles<\/td>\n<\/tr>\n<\/tbody>\n<\/table>\n<p><\/p>","protected":false},"excerpt":{"rendered":"<p>Done Vida, Haga ECO se trata de celebrar la oportunidad que cada comunidad tiene para hacer una diferencia al salvar vidas apoyando el registro de donantes de \u00f3rganos, ojos y tejidos.\u00a0 Un eco solamente necesita de una persona para tener voz.\u00a0 Cuando otros se unen, \u00a1el ECO se vuelve una inspiraci\u00f3n! Presentado anualmente del 10 [&hellip;]<\/p>\n","protected":false},"author":6,"featured_media":0,"parent":0,"menu_order":0,"comment_status":"closed","ping_status":"closed","template":"","meta":{"_acf_changed":false,"footnotes":"","_links_to":"","_links_to_target":""},"class_list":["post-3286","page","type-page","status-publish","hentry"],"acf":[],"yoast_head":"<!-- This site is optimized with the Yoast SEO plugin v27.1.1 - https:\/\/yoast.com\/product\/yoast-seo-wordpress\/ -->\n<title>La Campa\u00f1a Done Vida, Haga ECO &#8211; Texas Donor Registry<\/title>\n<meta name=\"robots\" content=\"index, follow, max-snippet:-1, max-image-preview:large, max-video-preview:-1\" \/>\n<link rel=\"canonical\" href=\"https:\/\/www.donatelifetexas.org\/es\/echo\/\" \/>\n<meta property=\"og:locale\" content=\"es_ES\" \/>\n<meta property=\"og:type\" content=\"article\" \/>\n<meta property=\"og:title\" content=\"La Campa\u00f1a Done Vida, Haga ECO &#8211; Texas Donor Registry\" \/>\n<meta property=\"og:description\" content=\"Done Vida, Haga ECO se trata de celebrar la oportunidad que cada comunidad tiene para hacer una diferencia al salvar vidas apoyando el registro de donantes de \u00f3rganos, ojos y tejidos.\u00a0 Un eco solamente necesita de una persona para tener voz.\u00a0 Cuando otros se unen, \u00a1el ECO se vuelve una inspiraci\u00f3n! Presentado anualmente del 10 [&hellip;]\" \/>\n<meta property=\"og:url\" content=\"https:\/\/www.donatelifetexas.org\/es\/echo\/\" \/>\n<meta property=\"og:site_name\" content=\"Texas Donor Registry\" \/>\n<meta property=\"article:publisher\" content=\"https:\/\/www.facebook.com\/donatelifetexas.org\" \/>\n<meta property=\"article:modified_time\" content=\"2017-07-07T21:08:41+00:00\" \/>\n<meta property=\"og:image\" content=\"https:\/\/www.donatelifetexas.org\/wp-content\/uploads\/2016\/06\/Eco_Telemundo-40-McAllen-TOSA-300x250.png\" \/>\n<meta name=\"twitter:card\" content=\"summary_large_image\" \/>\n<meta name=\"twitter:site\" content=\"@donatelifetexas\" \/>\n<meta name=\"twitter:label1\" content=\"Est. reading time\" \/>\n\t<meta name=\"twitter:data1\" content=\"4 minutes\" \/>\n<script type=\"application\/ld+json\" class=\"yoast-schema-graph\">{\"@context\":\"https:\/\/schema.org\",\"@graph\":[{\"@type\":\"WebPage\",\"@id\":\"https:\/\/www.donatelifetexas.org\/es\/echo\/\",\"url\":\"https:\/\/www.donatelifetexas.org\/es\/echo\/\",\"name\":\"La Campa\u00f1a Done Vida, Haga ECO &#8211; Texas Donor Registry\",\"isPartOf\":{\"@id\":\"https:\/\/www.donatelifetexas.org\/es\/#website\"},\"primaryImageOfPage\":{\"@id\":\"https:\/\/www.donatelifetexas.org\/es\/echo\/#primaryimage\"},\"image\":{\"@id\":\"https:\/\/www.donatelifetexas.org\/es\/echo\/#primaryimage\"},\"thumbnailUrl\":\"https:\/\/www.donatelifetexas.org\/wp-content\/uploads\/2016\/06\/Eco_Telemundo-40-McAllen-TOSA-300x250.png\",\"datePublished\":\"2016-06-30T22:49:33+00:00\",\"dateModified\":\"2017-07-07T21:08:41+00:00\",\"breadcrumb\":{\"@id\":\"https:\/\/www.donatelifetexas.org\/es\/echo\/#breadcrumb\"},\"inLanguage\":\"es-ES\",\"potentialAction\":[{\"@type\":\"ReadAction\",\"target\":[[\"https:\/\/www.donatelifetexas.org\/es\/echo\/\"]]}]},{\"@type\":\"ImageObject\",\"inLanguage\":\"es-ES\",\"@id\":\"https:\/\/www.donatelifetexas.org\/es\/echo\/#primaryimage\",\"url\":\"https:\/\/www.donatelifetexas.org\/wp-content\/uploads\/2016\/06\/Eco_Telemundo-40-McAllen-TOSA-300x250.png\",\"contentUrl\":\"https:\/\/www.donatelifetexas.org\/wp-content\/uploads\/2016\/06\/Eco_Telemundo-40-McAllen-TOSA-300x250.png\"},{\"@type\":\"BreadcrumbList\",\"@id\":\"https:\/\/www.donatelifetexas.org\/es\/echo\/#breadcrumb\",\"itemListElement\":[{\"@type\":\"ListItem\",\"position\":1,\"name\":\"Home\",\"item\":\"https:\/\/www.donatelifetexas.org\/es\/\"},{\"@type\":\"ListItem\",\"position\":2,\"name\":\"La Campa\u00f1a Done Vida, Haga ECO\"}]},{\"@type\":\"WebSite\",\"@id\":\"https:\/\/www.donatelifetexas.org\/es\/#website\",\"url\":\"https:\/\/www.donatelifetexas.org\/es\/\",\"name\":\"Texas Donor Registry\",\"description\":\"Donate Life Texas\",\"publisher\":{\"@id\":\"https:\/\/www.donatelifetexas.org\/es\/#organization\"},\"potentialAction\":[{\"@type\":\"SearchAction\",\"target\":{\"@type\":\"EntryPoint\",\"urlTemplate\":\"https:\/\/www.donatelifetexas.org\/es\/?s={search_term_string}\"},\"query-input\":{\"@type\":\"PropertyValueSpecification\",\"valueRequired\":true,\"valueName\":\"search_term_string\"}}],\"inLanguage\":\"es-ES\"},{\"@type\":\"Organization\",\"@id\":\"https:\/\/www.donatelifetexas.org\/es\/#organization\",\"name\":\"Texas Donor Registry\",\"url\":\"https:\/\/www.donatelifetexas.org\/es\/\",\"logo\":{\"@type\":\"ImageObject\",\"inLanguage\":\"es-ES\",\"@id\":\"https:\/\/www.donatelifetexas.org\/es\/#\/schema\/logo\/image\/\",\"url\":\"https:\/\/www.donatelifetexas.org\/wp-content\/uploads\/2022\/03\/FeatureImage_DLTXLogo_1.jpg\",\"contentUrl\":\"https:\/\/www.donatelifetexas.org\/wp-content\/uploads\/2022\/03\/FeatureImage_DLTXLogo_1.jpg\",\"width\":1200,\"height\":630,\"caption\":\"Texas Donor Registry\"},\"image\":{\"@id\":\"https:\/\/www.donatelifetexas.org\/es\/#\/schema\/logo\/image\/\"},\"sameAs\":[\"https:\/\/www.facebook.com\/donatelifetexas.org\",\"https:\/\/x.com\/donatelifetexas\",\"https:\/\/instagram.com\/donatelifetexas\/\"]}]}<\/script>\n<!-- \/ Yoast SEO plugin. -->","yoast_head_json":{"title":"La Campa\u00f1a Done Vida, Haga ECO &#8211; Texas Donor Registry","robots":{"index":"index","follow":"follow","max-snippet":"max-snippet:-1","max-image-preview":"max-image-preview:large","max-video-preview":"max-video-preview:-1"},"canonical":"https:\/\/www.donatelifetexas.org\/es\/echo\/","og_locale":"es_ES","og_type":"article","og_title":"La Campa\u00f1a Done Vida, Haga ECO &#8211; Texas Donor Registry","og_description":"Done Vida, Haga ECO se trata de celebrar la oportunidad que cada comunidad tiene para hacer una diferencia al salvar vidas apoyando el registro de donantes de \u00f3rganos, ojos y tejidos.\u00a0 Un eco solamente necesita de una persona para tener voz.\u00a0 Cuando otros se unen, \u00a1el ECO se vuelve una inspiraci\u00f3n! Presentado anualmente del 10 [&hellip;]","og_url":"https:\/\/www.donatelifetexas.org\/es\/echo\/","og_site_name":"Texas Donor Registry","article_publisher":"https:\/\/www.facebook.com\/donatelifetexas.org","article_modified_time":"2017-07-07T21:08:41+00:00","og_image":[{"url":"https:\/\/www.donatelifetexas.org\/wp-content\/uploads\/2016\/06\/Eco_Telemundo-40-McAllen-TOSA-300x250.png","type":"","width":"","height":""}],"twitter_card":"summary_large_image","twitter_site":"@donatelifetexas","twitter_misc":{"Est. reading time":"4 minutes"},"schema":{"@context":"https:\/\/schema.org","@graph":[{"@type":"WebPage","@id":"https:\/\/www.donatelifetexas.org\/es\/echo\/","url":"https:\/\/www.donatelifetexas.org\/es\/echo\/","name":"La Campa\u00f1a Done Vida, Haga ECO &#8211; Texas Donor Registry","isPartOf":{"@id":"https:\/\/www.donatelifetexas.org\/es\/#website"},"primaryImageOfPage":{"@id":"https:\/\/www.donatelifetexas.org\/es\/echo\/#primaryimage"},"image":{"@id":"https:\/\/www.donatelifetexas.org\/es\/echo\/#primaryimage"},"thumbnailUrl":"https:\/\/www.donatelifetexas.org\/wp-content\/uploads\/2016\/06\/Eco_Telemundo-40-McAllen-TOSA-300x250.png","datePublished":"2016-06-30T22:49:33+00:00","dateModified":"2017-07-07T21:08:41+00:00","breadcrumb":{"@id":"https:\/\/www.donatelifetexas.org\/es\/echo\/#breadcrumb"},"inLanguage":"es-ES","potentialAction":[{"@type":"ReadAction","target":[["https:\/\/www.donatelifetexas.org\/es\/echo\/"]]}]},{"@type":"ImageObject","inLanguage":"es-ES","@id":"https:\/\/www.donatelifetexas.org\/es\/echo\/#primaryimage","url":"https:\/\/www.donatelifetexas.org\/wp-content\/uploads\/2016\/06\/Eco_Telemundo-40-McAllen-TOSA-300x250.png","contentUrl":"https:\/\/www.donatelifetexas.org\/wp-content\/uploads\/2016\/06\/Eco_Telemundo-40-McAllen-TOSA-300x250.png"},{"@type":"BreadcrumbList","@id":"https:\/\/www.donatelifetexas.org\/es\/echo\/#breadcrumb","itemListElement":[{"@type":"ListItem","position":1,"name":"Home","item":"https:\/\/www.donatelifetexas.org\/es\/"},{"@type":"ListItem","position":2,"name":"La Campa\u00f1a Done Vida, Haga ECO"}]},{"@type":"WebSite","@id":"https:\/\/www.donatelifetexas.org\/es\/#website","url":"https:\/\/www.donatelifetexas.org\/es\/","name":"Texas Donor Registry","description":"Donate Life Texas","publisher":{"@id":"https:\/\/www.donatelifetexas.org\/es\/#organization"},"potentialAction":[{"@type":"SearchAction","target":{"@type":"EntryPoint","urlTemplate":"https:\/\/www.donatelifetexas.org\/es\/?s={search_term_string}"},"query-input":{"@type":"PropertyValueSpecification","valueRequired":true,"valueName":"search_term_string"}}],"inLanguage":"es-ES"},{"@type":"Organization","@id":"https:\/\/www.donatelifetexas.org\/es\/#organization","name":"Texas Donor Registry","url":"https:\/\/www.donatelifetexas.org\/es\/","logo":{"@type":"ImageObject","inLanguage":"es-ES","@id":"https:\/\/www.donatelifetexas.org\/es\/#\/schema\/logo\/image\/","url":"https:\/\/www.donatelifetexas.org\/wp-content\/uploads\/2022\/03\/FeatureImage_DLTXLogo_1.jpg","contentUrl":"https:\/\/www.donatelifetexas.org\/wp-content\/uploads\/2022\/03\/FeatureImage_DLTXLogo_1.jpg","width":1200,"height":630,"caption":"Texas Donor Registry"},"image":{"@id":"https:\/\/www.donatelifetexas.org\/es\/#\/schema\/logo\/image\/"},"sameAs":["https:\/\/www.facebook.com\/donatelifetexas.org","https:\/\/x.com\/donatelifetexas","https:\/\/instagram.com\/donatelifetexas\/"]}]}},"publishpress_future_action":{"enabled":false,"date":"2026-05-12 12:30:36","action":"change-status","newStatus":"draft","terms":[],"taxonomy":"","extraData":[]},"publishpress_future_workflow_manual_trigger":{"enabledWorkflows":[]},"_links":{"self":[{"href":"https:\/\/www.donatelifetexas.org\/es\/wp-json\/wp\/v2\/pages\/3286","targetHints":{"allow":["GET"]}}],"collection":[{"href":"https:\/\/www.donatelifetexas.org\/es\/wp-json\/wp\/v2\/pages"}],"about":[{"href":"https:\/\/www.donatelifetexas.org\/es\/wp-json\/wp\/v2\/types\/page"}],"author":[{"embeddable":true,"href":"https:\/\/www.donatelifetexas.org\/es\/wp-json\/wp\/v2\/users\/6"}],"replies":[{"embeddable":true,"href":"https:\/\/www.donatelifetexas.org\/es\/wp-json\/wp\/v2\/comments?post=3286"}],"version-history":[{"count":25,"href":"https:\/\/www.donatelifetexas.org\/es\/wp-json\/wp\/v2\/pages\/3286\/revisions"}],"predecessor-version":[{"id":4227,"href":"https:\/\/www.donatelifetexas.org\/es\/wp-json\/wp\/v2\/pages\/3286\/revisions\/4227"}],"wp:attachment":[{"href":"https:\/\/www.donatelifetexas.org\/es\/wp-json\/wp\/v2\/media?parent=3286"}],"curies":[{"name":"wp","href":"https:\/\/api.w.org\/{rel}","templated":true}]}}