{"id":2613,"date":"2015-08-27T16:34:50","date_gmt":"2015-08-27T21:34:50","guid":{"rendered":"http:\/\/dev.donatelifetexas.inetz.com\/?page_id=2613"},"modified":"2021-04-18T17:14:39","modified_gmt":"2021-04-18T22:14:39","slug":"press_releases","status":"publish","type":"page","link":"https:\/\/www.donatelifetexas.org\/es\/newsroom\/press_releases\/","title":{"rendered":"Comunicados de Prensa"},"content":{"rendered":"<p>Aqu\u00ed encontrar\u00e1 los \u00faltimos comunicados de prensa de Donate Life Texas, los cuales son descargables en formato PDF.<\/p>\n<p><em>Los comunicados de prensa y noticias proporcionados por Donate Life Texas (DLT) a noticias externas, pueden o no proporcionar informaci\u00f3n en espa\u00f1ol.<\/em><\/p>\n<h4>2017<\/h4>\n<p style=\"padding-left: 30px;\"><strong><a href=\"https:\/\/www.donatelifetexas.org\/wp-content\/uploads\/2015\/08\/Fast-Facts-Spanish.pdf\">DLT Datos r\u00e1pidos<\/a><\/strong><\/p>\n<p style=\"padding-left: 30px;\">11 de julio de 2017 &#8211; De UNOS: \u00a0<a href=\"http:\/\/www.businesswire.com\/news\/home\/20170711006492\/es\/\" target=\"_blank\" rel=\"noopener\">Las probabilidades de recibir un trasplante de ri\u00f1\u00f3n ya son equitativas para los candidatos hispanos<\/a><\/p>\n<p style=\"padding-left: 30px;\">27 de junio de 2017 &#8211; <a href=\"https:\/\/www.donatelifetexas.org\/wp-content\/uploads\/2015\/08\/SP_AMAT-DLA-ECHO-Press-Release_-2017_Walgreens.docx\">Done Vida, Haga ECO 2017 hace \u00e9nfasis en la importancia de la donaci\u00f3n y el trasplante en comunidades multiculturales<\/a><\/p>\n<p style=\"padding-left: 180px;\"><a href=\"https:\/\/www.donatelifetexas.org\/wp-content\/uploads\/2015\/08\/SP_Donate-Life-ECHO-2017-FAQs-Talking-Points-and-Statistics.pdf\" target=\"_blank\" rel=\"noopener\">Temas de\u00a0conversaci\u00f3n, preguntas frecuentes y estad\u00edsticas<\/a><\/p>\n<h4>2016<\/h4>\n<p style=\"padding-left: 30px;\">July 5, 2016 &#8212; <a href=\"https:\/\/www.donatelifetexas.org\/wp-content\/uploads\/2015\/08\/DLT_AppleiOS10_Release_070516-1.pdf\">Apple &amp; Donate Life America Bring Organ Donor Registration to iPhone<\/a><\/p>\n<p style=\"padding-left: 30px;\">April 6, 2016 \u00a0&#8212; <a href=\"https:\/\/www.donatelifetexas.org\/wp-content\/uploads\/2015\/08\/GasePhotoOp_UTSW_040616.pdf\">Donation Fans Invited to Give NASCAR Driver &#8220;A Hand&#8221; at Photo Opportunity<\/a><\/p>\n<p style=\"padding-left: 30px;\">March 10, 2016 &#8212; <a href=\"https:\/\/www.donatelifetexas.org\/wp-content\/uploads\/2015\/08\/TxDPS_DLT_Registry8MilPlus_031016.pdf\">DLT Tops 8 Million, Thanks to Texas Department of Public Safety<\/a><\/p>\n<h4>2015<\/h4>\n<p style=\"padding-left: 30px;\">November 1, 2015 &#8211;\u00a0<a href=\"https:\/\/www.donatelifetexas.org\/wp-content\/uploads\/2015\/08\/DonateLifeTexas_Gase_DPS_PhotoOp_110515.pdf\">PHOTO OP\u00a0&#8211; South Dallas DPS Mega Center Hosts Gase, Donate Life Texas #52 car<\/a>\u00a0on 11\/5<\/p>\n<p style=\"padding-left: 30px;\">October 29, 2015 &#8211; <a href=\"https:\/\/www.donatelifetexas.org\/wp-content\/uploads\/2015\/10\/Gase_ZakAppearance_Press-Release-FINAL.pdf\">ZAK Products &amp; Grapevine Ford Lincoln to Host Sprint Cup Driver Gase and DLT Registration Drive<\/a><\/p>\n<p style=\"padding-left: 30px;\">October 5, 2015 &#8211;\u00a0<a href=\"https:\/\/www.donatelifetexas.org\/wp-content\/uploads\/2015\/08\/DLT_NASCAR_Gase_Announcement_FINAL.pdf\">Donate Life Texas announces partnership with NASCAR XFinity driver Joey Gase<\/a><\/p>\n<p style=\"padding-left: 30px;\">August 6, 2015 &#8212; <a href=\"https:\/\/www.donatelifetexas.org\/wp-content\/uploads\/2015\/08\/DLT_RoseParadeAnnouncement_Final.pdf\" target=\"_blank\" rel=\"noopener\">Houston Mother &amp; Daughter to Represent Donate Life Texas on Rose Parade Float<\/a><\/p>\n<p style=\"padding-left: 30px;\">June 11, 2015 &#8212;\u00a0<a href=\"https:\/\/www.donatelifetexas.org\/wp-content\/uploads\/2015\/08\/Press-Release-DLRP_2016DonateLifeFloatDesign_final.pdf\" target=\"_blank\" rel=\"noopener\">Donate Life Rose Parade Float Design Unveiled<\/a><\/p>\n<p style=\"padding-left: 30px;\">April 2015 &#8212; \u00a0<a title=\"April 2015 National Donor Statistics\" href=\"https:\/\/www.donatelifetexas.org\/wp-content\/uploads\/2015\/08\/DLADonation-and-Transplantation-Statistics.pdf\" target=\"_blank\" rel=\"noopener\">National Donate Life Month, Donation and Transplantation Statistics<\/a><\/p>\n<p style=\"padding-left: 30px;\">March 13, 2015 &#8212; <a title=\"PDF\" href=\"https:\/\/www.donatelifetexas.org\/wp-content\/uploads\/2015\/03\/TTS_DLT_DayatCap_Release_032315_FINAL.pdf\" target=\"_blank\" rel=\"noopener\">Donation and Transplantation Community to Celebrate Donate Life Texas Day at the Capitol<\/a><\/p>\n<p style=\"padding-left: 30px;\">January 7, 2015 &#8212; <a href=\"https:\/\/www.donatelifetexas.org\/wp-content\/uploads\/2015\/08\/DLT_Reaches_7_Million_Jan2015.pdf\">Donate Life Texas Announces 7 Millionth Registration<\/a><\/p>\n<h4>2014<\/h4>\n<p style=\"padding-left: 30px;\"><a href=\"https:\/\/www.donatelifetexas.org\/wp-content\/uploads\/2015\/08\/2014-Donate-Life-Texas-Annual-Report.pdf\" target=\"_blank\" rel=\"noopener\">2014 Donate Life Texas Annual Report<\/a><\/p>\n<p style=\"padding-left: 30px;\">Dec. 28, 2014 &#8212; <a title=\"PDF\" href=\"https:\/\/www.donatelifetexas.org\/wp-content\/uploads\/2015\/03\/RoseParadeSendOff_122814_v2.pdf\" target=\"_blank\" rel=\"noopener\">Dallas Transplant Recipient to Ride Donate Life Rose Bowl Parade Float<\/a><\/p>\n<p style=\"padding-left: 30px;\">Nov. 6, 2014 &#8212; <a title=\"PDF\" href=\"https:\/\/www.donatelifetexas.org\/wp-content\/uploads\/2015\/03\/NDS_PressRelease_2014_LGversion.pdf\" target=\"_blank\" rel=\"noopener\">Donate Life Texas Joins\u00a0Faith Communities for\u00a0National Donor Sabbath<\/a><\/p>\n<p><\/p>","protected":false},"excerpt":{"rendered":"<p>Aqu\u00ed encontrar\u00e1 los \u00faltimos comunicados de prensa de Donate Life Texas, los cuales son descargables en formato PDF. Los comunicados de prensa y noticias proporcionados por Donate Life Texas (DLT) a noticias externas, pueden o no proporcionar informaci\u00f3n en espa\u00f1ol. 2017 DLT Datos r\u00e1pidos 11 de julio de 2017 &#8211; De UNOS: \u00a0Las probabilidades de [&hellip;]<\/p>\n","protected":false},"author":6,"featured_media":0,"parent":1585,"menu_order":0,"comment_status":"closed","ping_status":"closed","template":"","meta":{"_acf_changed":false,"footnotes":"","_links_to":"","_links_to_target":""},"class_list":["post-2613","page","type-page","status-publish","hentry"],"acf":[],"yoast_head":"<!-- This site is optimized with the Yoast SEO plugin v27.1.1 - https:\/\/yoast.com\/product\/yoast-seo-wordpress\/ -->\n<title>Comunicados de Prensa &#8211; Texas Donor Registry<\/title>\n<meta name=\"robots\" content=\"index, follow, max-snippet:-1, max-image-preview:large, max-video-preview:-1\" \/>\n<link rel=\"canonical\" href=\"https:\/\/www.donatelifetexas.org\/es\/newsroom\/press_releases\/\" \/>\n<meta property=\"og:locale\" content=\"es_ES\" \/>\n<meta property=\"og:type\" content=\"article\" \/>\n<meta property=\"og:title\" content=\"Comunicados de Prensa &#8211; Texas Donor Registry\" \/>\n<meta property=\"og:description\" content=\"Aqu\u00ed encontrar\u00e1 los \u00faltimos comunicados de prensa de Donate Life Texas, los cuales son descargables en formato PDF. Los comunicados de prensa y noticias proporcionados por Donate Life Texas (DLT) a noticias externas, pueden o no proporcionar informaci\u00f3n en espa\u00f1ol. 2017 DLT Datos r\u00e1pidos 11 de julio de 2017 &#8211; De UNOS: \u00a0Las probabilidades de [&hellip;]\" \/>\n<meta property=\"og:url\" content=\"https:\/\/www.donatelifetexas.org\/es\/newsroom\/press_releases\/\" \/>\n<meta property=\"og:site_name\" content=\"Texas Donor Registry\" \/>\n<meta property=\"article:publisher\" content=\"https:\/\/www.facebook.com\/donatelifetexas.org\" \/>\n<meta property=\"article:modified_time\" content=\"2021-04-18T22:14:39+00:00\" \/>\n<meta name=\"twitter:card\" content=\"summary_large_image\" \/>\n<meta name=\"twitter:site\" content=\"@donatelifetexas\" \/>\n<meta name=\"twitter:label1\" content=\"Est. reading time\" \/>\n\t<meta name=\"twitter:data1\" content=\"4 minutes\" \/>\n<script type=\"application\/ld+json\" class=\"yoast-schema-graph\">{\"@context\":\"https:\/\/schema.org\",\"@graph\":[{\"@type\":\"WebPage\",\"@id\":\"https:\/\/www.donatelifetexas.org\/es\/newsroom\/press_releases\/\",\"url\":\"https:\/\/www.donatelifetexas.org\/es\/newsroom\/press_releases\/\",\"name\":\"Comunicados de Prensa &#8211; Texas Donor Registry\",\"isPartOf\":{\"@id\":\"https:\/\/www.donatelifetexas.org\/es\/#website\"},\"datePublished\":\"2015-08-27T21:34:50+00:00\",\"dateModified\":\"2021-04-18T22:14:39+00:00\",\"breadcrumb\":{\"@id\":\"https:\/\/www.donatelifetexas.org\/es\/newsroom\/press_releases\/#breadcrumb\"},\"inLanguage\":\"es-ES\",\"potentialAction\":[{\"@type\":\"ReadAction\",\"target\":[[\"https:\/\/www.donatelifetexas.org\/es\/newsroom\/press_releases\/\"]]}]},{\"@type\":\"BreadcrumbList\",\"@id\":\"https:\/\/www.donatelifetexas.org\/es\/newsroom\/press_releases\/#breadcrumb\",\"itemListElement\":[{\"@type\":\"ListItem\",\"position\":1,\"name\":\"Home\",\"item\":\"https:\/\/www.donatelifetexas.org\/es\/\"},{\"@type\":\"ListItem\",\"position\":2,\"name\":\"Newsroom\",\"item\":\"https:\/\/www.donatelifetexas.org\/es\/newsroom\/\"},{\"@type\":\"ListItem\",\"position\":3,\"name\":\"Press Releases\"}]},{\"@type\":\"WebSite\",\"@id\":\"https:\/\/www.donatelifetexas.org\/es\/#website\",\"url\":\"https:\/\/www.donatelifetexas.org\/es\/\",\"name\":\"Texas Donor Registry\",\"description\":\"Donate Life Texas\",\"publisher\":{\"@id\":\"https:\/\/www.donatelifetexas.org\/es\/#organization\"},\"potentialAction\":[{\"@type\":\"SearchAction\",\"target\":{\"@type\":\"EntryPoint\",\"urlTemplate\":\"https:\/\/www.donatelifetexas.org\/es\/?s={search_term_string}\"},\"query-input\":{\"@type\":\"PropertyValueSpecification\",\"valueRequired\":true,\"valueName\":\"search_term_string\"}}],\"inLanguage\":\"es-ES\"},{\"@type\":\"Organization\",\"@id\":\"https:\/\/www.donatelifetexas.org\/es\/#organization\",\"name\":\"Texas Donor Registry\",\"url\":\"https:\/\/www.donatelifetexas.org\/es\/\",\"logo\":{\"@type\":\"ImageObject\",\"inLanguage\":\"es-ES\",\"@id\":\"https:\/\/www.donatelifetexas.org\/es\/#\/schema\/logo\/image\/\",\"url\":\"https:\/\/www.donatelifetexas.org\/wp-content\/uploads\/2022\/03\/FeatureImage_DLTXLogo_1.jpg\",\"contentUrl\":\"https:\/\/www.donatelifetexas.org\/wp-content\/uploads\/2022\/03\/FeatureImage_DLTXLogo_1.jpg\",\"width\":1200,\"height\":630,\"caption\":\"Texas Donor Registry\"},\"image\":{\"@id\":\"https:\/\/www.donatelifetexas.org\/es\/#\/schema\/logo\/image\/\"},\"sameAs\":[\"https:\/\/www.facebook.com\/donatelifetexas.org\",\"https:\/\/x.com\/donatelifetexas\",\"https:\/\/instagram.com\/donatelifetexas\/\"]}]}<\/script>\n<!-- \/ Yoast SEO plugin. -->","yoast_head_json":{"title":"Comunicados de Prensa &#8211; Texas Donor Registry","robots":{"index":"index","follow":"follow","max-snippet":"max-snippet:-1","max-image-preview":"max-image-preview:large","max-video-preview":"max-video-preview:-1"},"canonical":"https:\/\/www.donatelifetexas.org\/es\/newsroom\/press_releases\/","og_locale":"es_ES","og_type":"article","og_title":"Comunicados de Prensa &#8211; Texas Donor Registry","og_description":"Aqu\u00ed encontrar\u00e1 los \u00faltimos comunicados de prensa de Donate Life Texas, los cuales son descargables en formato PDF. Los comunicados de prensa y noticias proporcionados por Donate Life Texas (DLT) a noticias externas, pueden o no proporcionar informaci\u00f3n en espa\u00f1ol. 2017 DLT Datos r\u00e1pidos 11 de julio de 2017 &#8211; De UNOS: \u00a0Las probabilidades de [&hellip;]","og_url":"https:\/\/www.donatelifetexas.org\/es\/newsroom\/press_releases\/","og_site_name":"Texas Donor Registry","article_publisher":"https:\/\/www.facebook.com\/donatelifetexas.org","article_modified_time":"2021-04-18T22:14:39+00:00","twitter_card":"summary_large_image","twitter_site":"@donatelifetexas","twitter_misc":{"Est. reading time":"4 minutes"},"schema":{"@context":"https:\/\/schema.org","@graph":[{"@type":"WebPage","@id":"https:\/\/www.donatelifetexas.org\/es\/newsroom\/press_releases\/","url":"https:\/\/www.donatelifetexas.org\/es\/newsroom\/press_releases\/","name":"Comunicados de Prensa &#8211; Texas Donor Registry","isPartOf":{"@id":"https:\/\/www.donatelifetexas.org\/es\/#website"},"datePublished":"2015-08-27T21:34:50+00:00","dateModified":"2021-04-18T22:14:39+00:00","breadcrumb":{"@id":"https:\/\/www.donatelifetexas.org\/es\/newsroom\/press_releases\/#breadcrumb"},"inLanguage":"es-ES","potentialAction":[{"@type":"ReadAction","target":[["https:\/\/www.donatelifetexas.org\/es\/newsroom\/press_releases\/"]]}]},{"@type":"BreadcrumbList","@id":"https:\/\/www.donatelifetexas.org\/es\/newsroom\/press_releases\/#breadcrumb","itemListElement":[{"@type":"ListItem","position":1,"name":"Home","item":"https:\/\/www.donatelifetexas.org\/es\/"},{"@type":"ListItem","position":2,"name":"Newsroom","item":"https:\/\/www.donatelifetexas.org\/es\/newsroom\/"},{"@type":"ListItem","position":3,"name":"Press Releases"}]},{"@type":"WebSite","@id":"https:\/\/www.donatelifetexas.org\/es\/#website","url":"https:\/\/www.donatelifetexas.org\/es\/","name":"Texas Donor Registry","description":"Donate Life Texas","publisher":{"@id":"https:\/\/www.donatelifetexas.org\/es\/#organization"},"potentialAction":[{"@type":"SearchAction","target":{"@type":"EntryPoint","urlTemplate":"https:\/\/www.donatelifetexas.org\/es\/?s={search_term_string}"},"query-input":{"@type":"PropertyValueSpecification","valueRequired":true,"valueName":"search_term_string"}}],"inLanguage":"es-ES"},{"@type":"Organization","@id":"https:\/\/www.donatelifetexas.org\/es\/#organization","name":"Texas Donor Registry","url":"https:\/\/www.donatelifetexas.org\/es\/","logo":{"@type":"ImageObject","inLanguage":"es-ES","@id":"https:\/\/www.donatelifetexas.org\/es\/#\/schema\/logo\/image\/","url":"https:\/\/www.donatelifetexas.org\/wp-content\/uploads\/2022\/03\/FeatureImage_DLTXLogo_1.jpg","contentUrl":"https:\/\/www.donatelifetexas.org\/wp-content\/uploads\/2022\/03\/FeatureImage_DLTXLogo_1.jpg","width":1200,"height":630,"caption":"Texas Donor Registry"},"image":{"@id":"https:\/\/www.donatelifetexas.org\/es\/#\/schema\/logo\/image\/"},"sameAs":["https:\/\/www.facebook.com\/donatelifetexas.org","https:\/\/x.com\/donatelifetexas","https:\/\/instagram.com\/donatelifetexas\/"]}]}},"publishpress_future_action":{"enabled":false,"date":"2026-04-21 21:15:24","action":"change-status","newStatus":"draft","terms":[],"taxonomy":"","extraData":[]},"publishpress_future_workflow_manual_trigger":{"enabledWorkflows":[]},"_links":{"self":[{"href":"https:\/\/www.donatelifetexas.org\/es\/wp-json\/wp\/v2\/pages\/2613","targetHints":{"allow":["GET"]}}],"collection":[{"href":"https:\/\/www.donatelifetexas.org\/es\/wp-json\/wp\/v2\/pages"}],"about":[{"href":"https:\/\/www.donatelifetexas.org\/es\/wp-json\/wp\/v2\/types\/page"}],"author":[{"embeddable":true,"href":"https:\/\/www.donatelifetexas.org\/es\/wp-json\/wp\/v2\/users\/6"}],"replies":[{"embeddable":true,"href":"https:\/\/www.donatelifetexas.org\/es\/wp-json\/wp\/v2\/comments?post=2613"}],"version-history":[{"count":72,"href":"https:\/\/www.donatelifetexas.org\/es\/wp-json\/wp\/v2\/pages\/2613\/revisions"}],"predecessor-version":[{"id":6137,"href":"https:\/\/www.donatelifetexas.org\/es\/wp-json\/wp\/v2\/pages\/2613\/revisions\/6137"}],"up":[{"embeddable":true,"href":"https:\/\/www.donatelifetexas.org\/es\/wp-json\/wp\/v2\/pages\/1585"}],"wp:attachment":[{"href":"https:\/\/www.donatelifetexas.org\/es\/wp-json\/wp\/v2\/media?parent=2613"}],"curies":[{"name":"wp","href":"https:\/\/api.w.org\/{rel}","templated":true}]}}