{"id":2134,"date":"2015-04-01T12:36:43","date_gmt":"2015-04-01T17:36:43","guid":{"rendered":"http:\/\/dev.donatelifetexas.inetz.com\/?page_id=2134"},"modified":"2021-02-06T20:11:05","modified_gmt":"2021-02-07T02:11:05","slug":"dlt-partners","status":"publish","type":"page","link":"https:\/\/www.donatelifetexas.org\/es\/dlt-partners\/","title":{"rendered":"Organizaciones de DLT"},"content":{"rendered":"<p>Donate Life Texas es responsable del funcionamiento y mantenimiento del registro de donantes y de proporcionar acceso a la buscar\u00a0del registro de\u00a0 las organizaciones que deseen comprobar el estatus de alg\u00fan registro en particular.<\/p>\n<p>Porque tambi\u00e9n sirve como voz de unificaci\u00f3n para la donaci\u00f3n y la educaci\u00f3n p\u00fablica de alcance comunitario, Donate Life Texas crea alianzas de colaboraci\u00f3n con una amplia variedad de organizaciones conexas de donaci\u00f3n y trasplantes de \u00f3rganos.<\/p>\n<p><strong>Las organizaciones de Donate Life Texas\/Done Vida Texas <\/strong>son las 13 entidades en Texas que gu\u00edan a las familias de los donantes a trav\u00e9s del proceso de donaci\u00f3n y presta servicios cl\u00ednicos para rescatar, procesar y transportar los \u00f3rganos, tejidos y c\u00f3rneas de los donantes.\u00a0 \u00a0Esto incluye:<\/p>\n<p style=\"padding-left: 30px;\"><a title=\"Texas Organ Procurement Organizations\" href=\"https:\/\/www.donatelifetexas.org\/texas-organ-procurement-organizations\/\">Organizaciones de Adquisici\u00f3n de \u00d3rganos<\/a>\u00a0(OPOs)<\/p>\n<p style=\"padding-left: 30px;\"><a title=\"Eye and Tissue Banks Serving Texas\" href=\"https:\/\/www.donatelifetexas.org\/learn-more\/learn-the-facts-about\/dlt-partners\/eye-and-tissue-banks-serving-texas\/\">Bancos de Ojos y Tejidos<\/a><\/p>\n<p><\/p>","protected":false},"excerpt":{"rendered":"<p>Donate Life Texas es responsable del funcionamiento y mantenimiento del registro de donantes y de proporcionar acceso a la buscar\u00a0del registro de\u00a0 las organizaciones que deseen comprobar el estatus de alg\u00fan registro en particular. Porque tambi\u00e9n sirve como voz de unificaci\u00f3n para la donaci\u00f3n y la educaci\u00f3n p\u00fablica de alcance comunitario, Donate Life Texas crea [&hellip;]<\/p>\n","protected":false},"author":1,"featured_media":0,"parent":0,"menu_order":0,"comment_status":"closed","ping_status":"open","template":"","meta":{"_acf_changed":false,"footnotes":"","_links_to":"","_links_to_target":""},"class_list":["post-2134","page","type-page","status-publish","hentry"],"acf":[],"yoast_head":"<!-- This site is optimized with the Yoast SEO plugin v27.1.1 - https:\/\/yoast.com\/product\/yoast-seo-wordpress\/ -->\n<title>Organizaciones de DLT &#8211; Texas Donor Registry<\/title>\n<meta name=\"robots\" content=\"index, follow, max-snippet:-1, max-image-preview:large, max-video-preview:-1\" \/>\n<link rel=\"canonical\" href=\"https:\/\/www.donatelifetexas.org\/es\/dlt-partners\/\" \/>\n<meta property=\"og:locale\" content=\"es_ES\" \/>\n<meta property=\"og:type\" content=\"article\" \/>\n<meta property=\"og:title\" content=\"Organizaciones de DLT &#8211; Texas Donor Registry\" \/>\n<meta property=\"og:description\" content=\"Donate Life Texas es responsable del funcionamiento y mantenimiento del registro de donantes y de proporcionar acceso a la buscar\u00a0del registro de\u00a0 las organizaciones que deseen comprobar el estatus de alg\u00fan registro en particular. Porque tambi\u00e9n sirve como voz de unificaci\u00f3n para la donaci\u00f3n y la educaci\u00f3n p\u00fablica de alcance comunitario, Donate Life Texas crea [&hellip;]\" \/>\n<meta property=\"og:url\" content=\"https:\/\/www.donatelifetexas.org\/es\/dlt-partners\/\" \/>\n<meta property=\"og:site_name\" content=\"Texas Donor Registry\" \/>\n<meta property=\"article:publisher\" content=\"https:\/\/www.facebook.com\/donatelifetexas.org\" \/>\n<meta property=\"article:modified_time\" content=\"2021-02-07T02:11:05+00:00\" \/>\n<meta name=\"twitter:card\" content=\"summary_large_image\" \/>\n<meta name=\"twitter:site\" content=\"@donatelifetexas\" \/>\n<meta name=\"twitter:label1\" content=\"Est. reading time\" \/>\n\t<meta name=\"twitter:data1\" content=\"1 minute\" \/>\n<script type=\"application\/ld+json\" class=\"yoast-schema-graph\">{\"@context\":\"https:\/\/schema.org\",\"@graph\":[{\"@type\":\"WebPage\",\"@id\":\"https:\/\/www.donatelifetexas.org\/es\/dlt-partners\/\",\"url\":\"https:\/\/www.donatelifetexas.org\/es\/dlt-partners\/\",\"name\":\"Organizaciones de DLT &#8211; Texas Donor Registry\",\"isPartOf\":{\"@id\":\"https:\/\/www.donatelifetexas.org\/es\/#website\"},\"datePublished\":\"2015-04-01T17:36:43+00:00\",\"dateModified\":\"2021-02-07T02:11:05+00:00\",\"breadcrumb\":{\"@id\":\"https:\/\/www.donatelifetexas.org\/es\/dlt-partners\/#breadcrumb\"},\"inLanguage\":\"es-ES\",\"potentialAction\":[{\"@type\":\"ReadAction\",\"target\":[[\"https:\/\/www.donatelifetexas.org\/es\/dlt-partners\/\"]]}]},{\"@type\":\"BreadcrumbList\",\"@id\":\"https:\/\/www.donatelifetexas.org\/es\/dlt-partners\/#breadcrumb\",\"itemListElement\":[{\"@type\":\"ListItem\",\"position\":1,\"name\":\"Home\",\"item\":\"https:\/\/www.donatelifetexas.org\/es\/\"},{\"@type\":\"ListItem\",\"position\":2,\"name\":\"Organizaciones de DLT\"}]},{\"@type\":\"WebSite\",\"@id\":\"https:\/\/www.donatelifetexas.org\/es\/#website\",\"url\":\"https:\/\/www.donatelifetexas.org\/es\/\",\"name\":\"Texas Donor Registry\",\"description\":\"Donate Life Texas\",\"publisher\":{\"@id\":\"https:\/\/www.donatelifetexas.org\/es\/#organization\"},\"potentialAction\":[{\"@type\":\"SearchAction\",\"target\":{\"@type\":\"EntryPoint\",\"urlTemplate\":\"https:\/\/www.donatelifetexas.org\/es\/?s={search_term_string}\"},\"query-input\":{\"@type\":\"PropertyValueSpecification\",\"valueRequired\":true,\"valueName\":\"search_term_string\"}}],\"inLanguage\":\"es-ES\"},{\"@type\":\"Organization\",\"@id\":\"https:\/\/www.donatelifetexas.org\/es\/#organization\",\"name\":\"Texas Donor Registry\",\"url\":\"https:\/\/www.donatelifetexas.org\/es\/\",\"logo\":{\"@type\":\"ImageObject\",\"inLanguage\":\"es-ES\",\"@id\":\"https:\/\/www.donatelifetexas.org\/es\/#\/schema\/logo\/image\/\",\"url\":\"https:\/\/www.donatelifetexas.org\/wp-content\/uploads\/2022\/03\/FeatureImage_DLTXLogo_1.jpg\",\"contentUrl\":\"https:\/\/www.donatelifetexas.org\/wp-content\/uploads\/2022\/03\/FeatureImage_DLTXLogo_1.jpg\",\"width\":1200,\"height\":630,\"caption\":\"Texas Donor Registry\"},\"image\":{\"@id\":\"https:\/\/www.donatelifetexas.org\/es\/#\/schema\/logo\/image\/\"},\"sameAs\":[\"https:\/\/www.facebook.com\/donatelifetexas.org\",\"https:\/\/x.com\/donatelifetexas\",\"https:\/\/instagram.com\/donatelifetexas\/\"]}]}<\/script>\n<!-- \/ Yoast SEO plugin. -->","yoast_head_json":{"title":"Organizaciones de DLT &#8211; Texas Donor Registry","robots":{"index":"index","follow":"follow","max-snippet":"max-snippet:-1","max-image-preview":"max-image-preview:large","max-video-preview":"max-video-preview:-1"},"canonical":"https:\/\/www.donatelifetexas.org\/es\/dlt-partners\/","og_locale":"es_ES","og_type":"article","og_title":"Organizaciones de DLT &#8211; Texas Donor Registry","og_description":"Donate Life Texas es responsable del funcionamiento y mantenimiento del registro de donantes y de proporcionar acceso a la buscar\u00a0del registro de\u00a0 las organizaciones que deseen comprobar el estatus de alg\u00fan registro en particular. Porque tambi\u00e9n sirve como voz de unificaci\u00f3n para la donaci\u00f3n y la educaci\u00f3n p\u00fablica de alcance comunitario, Donate Life Texas crea [&hellip;]","og_url":"https:\/\/www.donatelifetexas.org\/es\/dlt-partners\/","og_site_name":"Texas Donor Registry","article_publisher":"https:\/\/www.facebook.com\/donatelifetexas.org","article_modified_time":"2021-02-07T02:11:05+00:00","twitter_card":"summary_large_image","twitter_site":"@donatelifetexas","twitter_misc":{"Est. reading time":"1 minute"},"schema":{"@context":"https:\/\/schema.org","@graph":[{"@type":"WebPage","@id":"https:\/\/www.donatelifetexas.org\/es\/dlt-partners\/","url":"https:\/\/www.donatelifetexas.org\/es\/dlt-partners\/","name":"Organizaciones de DLT &#8211; Texas Donor Registry","isPartOf":{"@id":"https:\/\/www.donatelifetexas.org\/es\/#website"},"datePublished":"2015-04-01T17:36:43+00:00","dateModified":"2021-02-07T02:11:05+00:00","breadcrumb":{"@id":"https:\/\/www.donatelifetexas.org\/es\/dlt-partners\/#breadcrumb"},"inLanguage":"es-ES","potentialAction":[{"@type":"ReadAction","target":[["https:\/\/www.donatelifetexas.org\/es\/dlt-partners\/"]]}]},{"@type":"BreadcrumbList","@id":"https:\/\/www.donatelifetexas.org\/es\/dlt-partners\/#breadcrumb","itemListElement":[{"@type":"ListItem","position":1,"name":"Home","item":"https:\/\/www.donatelifetexas.org\/es\/"},{"@type":"ListItem","position":2,"name":"Organizaciones de DLT"}]},{"@type":"WebSite","@id":"https:\/\/www.donatelifetexas.org\/es\/#website","url":"https:\/\/www.donatelifetexas.org\/es\/","name":"Texas Donor Registry","description":"Donate Life Texas","publisher":{"@id":"https:\/\/www.donatelifetexas.org\/es\/#organization"},"potentialAction":[{"@type":"SearchAction","target":{"@type":"EntryPoint","urlTemplate":"https:\/\/www.donatelifetexas.org\/es\/?s={search_term_string}"},"query-input":{"@type":"PropertyValueSpecification","valueRequired":true,"valueName":"search_term_string"}}],"inLanguage":"es-ES"},{"@type":"Organization","@id":"https:\/\/www.donatelifetexas.org\/es\/#organization","name":"Texas Donor Registry","url":"https:\/\/www.donatelifetexas.org\/es\/","logo":{"@type":"ImageObject","inLanguage":"es-ES","@id":"https:\/\/www.donatelifetexas.org\/es\/#\/schema\/logo\/image\/","url":"https:\/\/www.donatelifetexas.org\/wp-content\/uploads\/2022\/03\/FeatureImage_DLTXLogo_1.jpg","contentUrl":"https:\/\/www.donatelifetexas.org\/wp-content\/uploads\/2022\/03\/FeatureImage_DLTXLogo_1.jpg","width":1200,"height":630,"caption":"Texas Donor Registry"},"image":{"@id":"https:\/\/www.donatelifetexas.org\/es\/#\/schema\/logo\/image\/"},"sameAs":["https:\/\/www.facebook.com\/donatelifetexas.org","https:\/\/x.com\/donatelifetexas","https:\/\/instagram.com\/donatelifetexas\/"]}]}},"publishpress_future_action":{"enabled":false,"date":"2026-05-07 20:03:28","action":"change-status","newStatus":"draft","terms":[],"taxonomy":"","extraData":[]},"publishpress_future_workflow_manual_trigger":{"enabledWorkflows":[]},"_links":{"self":[{"href":"https:\/\/www.donatelifetexas.org\/es\/wp-json\/wp\/v2\/pages\/2134","targetHints":{"allow":["GET"]}}],"collection":[{"href":"https:\/\/www.donatelifetexas.org\/es\/wp-json\/wp\/v2\/pages"}],"about":[{"href":"https:\/\/www.donatelifetexas.org\/es\/wp-json\/wp\/v2\/types\/page"}],"author":[{"embeddable":true,"href":"https:\/\/www.donatelifetexas.org\/es\/wp-json\/wp\/v2\/users\/1"}],"replies":[{"embeddable":true,"href":"https:\/\/www.donatelifetexas.org\/es\/wp-json\/wp\/v2\/comments?post=2134"}],"version-history":[{"count":23,"href":"https:\/\/www.donatelifetexas.org\/es\/wp-json\/wp\/v2\/pages\/2134\/revisions"}],"predecessor-version":[{"id":5839,"href":"https:\/\/www.donatelifetexas.org\/es\/wp-json\/wp\/v2\/pages\/2134\/revisions\/5839"}],"wp:attachment":[{"href":"https:\/\/www.donatelifetexas.org\/es\/wp-json\/wp\/v2\/media?parent=2134"}],"curies":[{"name":"wp","href":"https:\/\/api.w.org\/{rel}","templated":true}]}}