{"id":1979,"date":"2015-03-19T11:32:33","date_gmt":"2015-03-19T16:32:33","guid":{"rendered":"http:\/\/dev.donatelifetexas.inetz.com\/?page_id=1979"},"modified":"2026-03-18T22:23:41","modified_gmt":"2026-03-19T03:23:41","slug":"my-dlt","status":"publish","type":"page","link":"https:\/\/www.donatelifetexas.org\/es\/my-dlt\/","title":{"rendered":"Mi DLT"},"content":{"rendered":"<p><\/p>\n<h3><strong>\u00bfYa est\u00e1 registrado? \u00a1Gracias!<\/strong><\/h3>\n<p>Inicie la sesi\u00f3n para acceder a su registro y:<\/p>\n<ul>\n<li>Confirme, cambiar, actualizar o eliminar su registro<\/li>\n<li>Actualice su direcci\u00f3n, n\u00famero de tel\u00e9fono o nombre legal<\/li>\n<li>Indique su inscripci\u00f3n con un programa de donaci\u00f3n de cuerpo completo<\/li>\n<li>Seleccione o modifique las preferencias de donaci\u00f3n<\/li>\n<\/ul>\n<p>Tenga en cuenta que solamente los ciudadanos de Texas que est\u00e1n actualmente registrados pueden acceder a su registro a continuaci\u00f3n.<\/p>\n<p><meta http-equiv=\"Content-Type\" content=\"text\/html;charset=UTF-8\">\n<link rel=\"stylesheet\" href=\"https:\/\/register.donatelifetexas.org\/js\/jquery-ui-1.8.22.custom\/css\/redmond\/jquery-ui-1.8.22.custom.css\" type=\"text\/css\" media=\"screen\" \/>\n\n<script type=\"text\/javascript\" src=\"https:\/\/register.donatelifetexas.org\/js\/1.9.1\/jquery.min.js\"><\/script>\n<script type=\"text\/javascript\" src=\"https:\/\/register.donatelifetexas.org\/js\/1.9.1\/jquery-ui.min.js\"><\/script>\n\n<script type=\"text\/javascript\">\n\/\/<![CDATA[\n$(document).ready(function() {\n    $(\"#dob\").datepicker({\"dateFormat\":\"mm\\\/dd\\\/yy\",\"changeMonth\":\"true\",\"changeYear\":\"true\",\"yearRange\":\"1900:2026\",\"maxDate\":\"+0d\"});\n});\n\/\/]]>\n\n<\/script><style>\n\tdd {margin-bottom:5px;}\n\tdt {float:left; min-width:130px;line-height:100%;padding-top:5px;}\n\t.online_form{padding:10px;}\n\t.dmv_form{border: 1px solid white;padding:10px;}\n\t.errors {margin-left: 0px;padding:0px;margin-top:0px; list-style:none;color:red;}\n    .form-group{ clear:both;overflow:hidden; }\n    #zip{ float:left; }\n    #zip_message{ float:right;margin-top:10px; }\n<\/style>\n<div id=\"main_content\">\n         \n    <div class=\"online_form\">\n\t<form enctype=\"\" action=\"\" method=\"post\">    \n        <div class=\"form-group row\"><label for=\"fName\" class=\"col-sm-5 required\">Nombre*<\/label>\n<div class=\"col-sm-7\">\n<input type=\"text\" name=\"fName\" id=\"fName\" value=\"\" class=\"form-control\" \/><\/div><\/div>        <div class=\"form-group row\"><label for=\"lName\" class=\"col-sm-5 required\">Apellido*<\/label>\n<div class=\"col-sm-7\">\n<input type=\"text\" name=\"lName\" id=\"lName\" value=\"\" class=\"form-control\" \/><\/div><\/div>        <div class=\"form-group row\"><label for=\"zip\" class=\"col-sm-5 required\">C\u00f3digo Postal*<\/label>\n<div class=\"col-sm-7\">\n<input type=\"text\" name=\"zip\" id=\"zip\" value=\"\" class=\"form-control\" \/>        <span id=\"zip_message\" class=\"glyphicon glyphicon-info-sign\" data-placement=\"left\" data-container=\"body\" data-title=\"Nota sobre el c\u00f3digo postal\" data-html=\"true\" data-content=\"Las direcciones en los archivos de los donantes se actualizan s\u00f3lo en <ol><li>l\u00ednea por usted o<\/li><li>a trav\u00e9s del DPS si usted contest\u00f3 \"s\u00ed\" a la donaci\u00f3n al renovar su licencia de conducir o tarjeta de identificaci\u00f3n<\/li><\/ol> Si usted se ha mudado desde la \u00faltima vez que ingres\u00f3 al sitio de DLT o desde que obtuvo su licencia de conducir o tarjeta de identificaci\u00f3n, por favor utilice el c\u00f3digo postal de su direcci\u00f3n anterior para iniciar la sesi\u00f3n en el sitio.\" ><\/span>\n        <\/div><\/div>\n        <div class=\"form-group row\"><label for=\"dob\" class=\"col-sm-5 required\">Fecha de Nacimiento*<\/label>\n<div class=\"col-sm-7\">\n<input type=\"text\" name=\"dob\" id=\"dob\" value=\"\" class=\"form-control\" \/><\/div><\/div>                                <div class=\"form-group\" style=\"margin-top:20px;\">\n            <label class=\"col-sm-5\"><\/label>\n            <input type=\"submit\" class=\"btn btn-blue btn-green-stich\" style=\"position:relative;left:20px;\" value=\"Iniciar\" id=\"online_login\" name=\"online_login\">\n        <\/div>\n    <\/form>\n    <\/div>\n<\/div>\n<\/p>","protected":false},"excerpt":{"rendered":"","protected":false},"author":1,"featured_media":0,"parent":0,"menu_order":0,"comment_status":"closed","ping_status":"open","template":"fullwidth.php","meta":{"_acf_changed":false,"footnotes":"","_links_to":"","_links_to_target":""},"class_list":["post-1979","page","type-page","status-publish","hentry"],"acf":[],"yoast_head":"<!-- This site is optimized with the Yoast SEO plugin v27.1.1 - https:\/\/yoast.com\/product\/yoast-seo-wordpress\/ -->\n<title>Mi DLT &#8211; Texas Donor Registry<\/title>\n<meta name=\"description\" content=\"More than 13 million Texans are registered donors. Access your donor registration to confirm or update your personal information.\" \/>\n<meta name=\"robots\" content=\"index, follow, max-snippet:-1, max-image-preview:large, max-video-preview:-1\" \/>\n<link rel=\"canonical\" href=\"https:\/\/www.donatelifetexas.org\/es\/my-dlt\/\" \/>\n<meta property=\"og:locale\" content=\"es_ES\" \/>\n<meta property=\"og:type\" content=\"article\" \/>\n<meta property=\"og:title\" content=\"Access my registration\" \/>\n<meta property=\"og:description\" content=\"More than 13 million Texans are registered donors. Access your donor registration to confirm or update your personal information.\" \/>\n<meta property=\"og:url\" content=\"https:\/\/www.donatelifetexas.org\/es\/my-dlt\/\" \/>\n<meta property=\"og:site_name\" content=\"Texas Donor Registry\" \/>\n<meta property=\"article:publisher\" content=\"https:\/\/www.facebook.com\/donatelifetexas.org\" \/>\n<meta property=\"article:modified_time\" content=\"2026-03-19T03:23:41+00:00\" \/>\n<meta name=\"twitter:card\" content=\"summary_large_image\" \/>\n<meta name=\"twitter:title\" content=\"Access my registration\" \/>\n<meta name=\"twitter:description\" content=\"More than 13 million Texans are registered donors. Access your donor registration to confirm or update your personal information.\" \/>\n<meta name=\"twitter:site\" content=\"@donatelifetexas\" \/>\n<meta name=\"twitter:label1\" content=\"Est. reading time\" \/>\n\t<meta name=\"twitter:data1\" content=\"1 minute\" \/>\n<script type=\"application\/ld+json\" class=\"yoast-schema-graph\">{\"@context\":\"https:\/\/schema.org\",\"@graph\":[{\"@type\":\"WebPage\",\"@id\":\"https:\/\/www.donatelifetexas.org\/es\/my-dlt\/\",\"url\":\"https:\/\/www.donatelifetexas.org\/es\/my-dlt\/\",\"name\":\"Mi DLT &#8211; Texas Donor Registry\",\"isPartOf\":{\"@id\":\"https:\/\/www.donatelifetexas.org\/es\/#website\"},\"datePublished\":\"2015-03-19T16:32:33+00:00\",\"dateModified\":\"2026-03-19T03:23:41+00:00\",\"description\":\"More than 13 million Texans are registered donors. Access your donor registration to confirm or update your personal information.\",\"breadcrumb\":{\"@id\":\"https:\/\/www.donatelifetexas.org\/es\/my-dlt\/#breadcrumb\"},\"inLanguage\":\"es-ES\",\"potentialAction\":[{\"@type\":\"ReadAction\",\"target\":[[\"https:\/\/www.donatelifetexas.org\/es\/my-dlt\/\"]]}]},{\"@type\":\"BreadcrumbList\",\"@id\":\"https:\/\/www.donatelifetexas.org\/es\/my-dlt\/#breadcrumb\",\"itemListElement\":[{\"@type\":\"ListItem\",\"position\":1,\"name\":\"Home\",\"item\":\"https:\/\/www.donatelifetexas.org\/es\/\"},{\"@type\":\"ListItem\",\"position\":2,\"name\":\"Mi DLT\"}]},{\"@type\":\"WebSite\",\"@id\":\"https:\/\/www.donatelifetexas.org\/es\/#website\",\"url\":\"https:\/\/www.donatelifetexas.org\/es\/\",\"name\":\"Texas Donor Registry\",\"description\":\"Donate Life Texas\",\"publisher\":{\"@id\":\"https:\/\/www.donatelifetexas.org\/es\/#organization\"},\"potentialAction\":[{\"@type\":\"SearchAction\",\"target\":{\"@type\":\"EntryPoint\",\"urlTemplate\":\"https:\/\/www.donatelifetexas.org\/es\/?s={search_term_string}\"},\"query-input\":{\"@type\":\"PropertyValueSpecification\",\"valueRequired\":true,\"valueName\":\"search_term_string\"}}],\"inLanguage\":\"es-ES\"},{\"@type\":\"Organization\",\"@id\":\"https:\/\/www.donatelifetexas.org\/es\/#organization\",\"name\":\"Texas Donor Registry\",\"url\":\"https:\/\/www.donatelifetexas.org\/es\/\",\"logo\":{\"@type\":\"ImageObject\",\"inLanguage\":\"es-ES\",\"@id\":\"https:\/\/www.donatelifetexas.org\/es\/#\/schema\/logo\/image\/\",\"url\":\"https:\/\/www.donatelifetexas.org\/wp-content\/uploads\/2022\/03\/FeatureImage_DLTXLogo_1.jpg\",\"contentUrl\":\"https:\/\/www.donatelifetexas.org\/wp-content\/uploads\/2022\/03\/FeatureImage_DLTXLogo_1.jpg\",\"width\":1200,\"height\":630,\"caption\":\"Texas Donor Registry\"},\"image\":{\"@id\":\"https:\/\/www.donatelifetexas.org\/es\/#\/schema\/logo\/image\/\"},\"sameAs\":[\"https:\/\/www.facebook.com\/donatelifetexas.org\",\"https:\/\/x.com\/donatelifetexas\",\"https:\/\/instagram.com\/donatelifetexas\/\"]}]}<\/script>\n<!-- \/ Yoast SEO plugin. -->","yoast_head_json":{"title":"Mi DLT &#8211; Texas Donor Registry","description":"More than 13 million Texans are registered donors. Access your donor registration to confirm or update your personal information.","robots":{"index":"index","follow":"follow","max-snippet":"max-snippet:-1","max-image-preview":"max-image-preview:large","max-video-preview":"max-video-preview:-1"},"canonical":"https:\/\/www.donatelifetexas.org\/es\/my-dlt\/","og_locale":"es_ES","og_type":"article","og_title":"Access my registration","og_description":"More than 13 million Texans are registered donors. Access your donor registration to confirm or update your personal information.","og_url":"https:\/\/www.donatelifetexas.org\/es\/my-dlt\/","og_site_name":"Texas Donor Registry","article_publisher":"https:\/\/www.facebook.com\/donatelifetexas.org","article_modified_time":"2026-03-19T03:23:41+00:00","twitter_card":"summary_large_image","twitter_title":"Access my registration","twitter_description":"More than 13 million Texans are registered donors. Access your donor registration to confirm or update your personal information.","twitter_site":"@donatelifetexas","twitter_misc":{"Est. reading time":"1 minute"},"schema":{"@context":"https:\/\/schema.org","@graph":[{"@type":"WebPage","@id":"https:\/\/www.donatelifetexas.org\/es\/my-dlt\/","url":"https:\/\/www.donatelifetexas.org\/es\/my-dlt\/","name":"Mi DLT &#8211; Texas Donor Registry","isPartOf":{"@id":"https:\/\/www.donatelifetexas.org\/es\/#website"},"datePublished":"2015-03-19T16:32:33+00:00","dateModified":"2026-03-19T03:23:41+00:00","description":"More than 13 million Texans are registered donors. Access your donor registration to confirm or update your personal information.","breadcrumb":{"@id":"https:\/\/www.donatelifetexas.org\/es\/my-dlt\/#breadcrumb"},"inLanguage":"es-ES","potentialAction":[{"@type":"ReadAction","target":[["https:\/\/www.donatelifetexas.org\/es\/my-dlt\/"]]}]},{"@type":"BreadcrumbList","@id":"https:\/\/www.donatelifetexas.org\/es\/my-dlt\/#breadcrumb","itemListElement":[{"@type":"ListItem","position":1,"name":"Home","item":"https:\/\/www.donatelifetexas.org\/es\/"},{"@type":"ListItem","position":2,"name":"Mi DLT"}]},{"@type":"WebSite","@id":"https:\/\/www.donatelifetexas.org\/es\/#website","url":"https:\/\/www.donatelifetexas.org\/es\/","name":"Texas Donor Registry","description":"Donate Life Texas","publisher":{"@id":"https:\/\/www.donatelifetexas.org\/es\/#organization"},"potentialAction":[{"@type":"SearchAction","target":{"@type":"EntryPoint","urlTemplate":"https:\/\/www.donatelifetexas.org\/es\/?s={search_term_string}"},"query-input":{"@type":"PropertyValueSpecification","valueRequired":true,"valueName":"search_term_string"}}],"inLanguage":"es-ES"},{"@type":"Organization","@id":"https:\/\/www.donatelifetexas.org\/es\/#organization","name":"Texas Donor Registry","url":"https:\/\/www.donatelifetexas.org\/es\/","logo":{"@type":"ImageObject","inLanguage":"es-ES","@id":"https:\/\/www.donatelifetexas.org\/es\/#\/schema\/logo\/image\/","url":"https:\/\/www.donatelifetexas.org\/wp-content\/uploads\/2022\/03\/FeatureImage_DLTXLogo_1.jpg","contentUrl":"https:\/\/www.donatelifetexas.org\/wp-content\/uploads\/2022\/03\/FeatureImage_DLTXLogo_1.jpg","width":1200,"height":630,"caption":"Texas Donor Registry"},"image":{"@id":"https:\/\/www.donatelifetexas.org\/es\/#\/schema\/logo\/image\/"},"sameAs":["https:\/\/www.facebook.com\/donatelifetexas.org","https:\/\/x.com\/donatelifetexas","https:\/\/instagram.com\/donatelifetexas\/"]}]}},"publishpress_future_action":{"enabled":false,"date":"2026-05-06 17:46:40","action":"change-status","newStatus":"draft","terms":[],"taxonomy":"","extraData":[]},"publishpress_future_workflow_manual_trigger":{"enabledWorkflows":[]},"_links":{"self":[{"href":"https:\/\/www.donatelifetexas.org\/es\/wp-json\/wp\/v2\/pages\/1979","targetHints":{"allow":["GET"]}}],"collection":[{"href":"https:\/\/www.donatelifetexas.org\/es\/wp-json\/wp\/v2\/pages"}],"about":[{"href":"https:\/\/www.donatelifetexas.org\/es\/wp-json\/wp\/v2\/types\/page"}],"author":[{"embeddable":true,"href":"https:\/\/www.donatelifetexas.org\/es\/wp-json\/wp\/v2\/users\/1"}],"replies":[{"embeddable":true,"href":"https:\/\/www.donatelifetexas.org\/es\/wp-json\/wp\/v2\/comments?post=1979"}],"version-history":[{"count":87,"href":"https:\/\/www.donatelifetexas.org\/es\/wp-json\/wp\/v2\/pages\/1979\/revisions"}],"predecessor-version":[{"id":90594,"href":"https:\/\/www.donatelifetexas.org\/es\/wp-json\/wp\/v2\/pages\/1979\/revisions\/90594"}],"wp:attachment":[{"href":"https:\/\/www.donatelifetexas.org\/es\/wp-json\/wp\/v2\/media?parent=1979"}],"curies":[{"name":"wp","href":"https:\/\/api.w.org\/{rel}","templated":true}]}}