{"id":1725,"date":"2015-02-26T16:41:18","date_gmt":"2015-02-26T22:41:18","guid":{"rendered":"http:\/\/dev.donatelifetexas.inetz.com\/?page_id=1725"},"modified":"2022-06-02T09:29:30","modified_gmt":"2022-06-02T14:29:30","slug":"volunteer","status":"publish","type":"page","link":"https:\/\/www.donatelifetexas.org\/es\/volunteer\/","title":{"rendered":"Voluntariado"},"content":{"rendered":"<p>\u00a1Gracias por su inter\u00e9s en convertirse en un voluntario de Donate Life Texas! \u00a0Los voluntarios son esenciales para llegar a la comunidad y para los esfuerzos de educaci\u00f3n p\u00fablica acerca de la necesidad de la donaci\u00f3n y la importancia de la inscripci\u00f3n. <a href=\"https:\/\/www.donatelifetexas.org\/wp-content\/uploads\/2021\/04\/Deepen-Your-Heart-TASC-Volunteers.jpg\"><img loading=\"lazy\" decoding=\"async\" class=\"size-medium wp-image-6117 alignright\" src=\"https:\/\/www.donatelifetexas.org\/wp-content\/uploads\/2021\/04\/Deepen-Your-Heart-TASC-Volunteers-300x232.jpg\" alt=\"\" width=\"300\" height=\"232\" srcset=\"https:\/\/www.donatelifetexas.org\/wp-content\/uploads\/2021\/04\/Deepen-Your-Heart-TASC-Volunteers-300x232.jpg 300w, https:\/\/www.donatelifetexas.org\/wp-content\/uploads\/2021\/04\/Deepen-Your-Heart-TASC-Volunteers-768x594.jpg 768w, https:\/\/www.donatelifetexas.org\/wp-content\/uploads\/2021\/04\/Deepen-Your-Heart-TASC-Volunteers.jpg 960w\" sizes=\"auto, (max-width: 300px) 100vw, 300px\" \/><\/a><\/p>\n<p>Si usted pertenece a la familia de un donante, es un receptor de trasplante de un donante vivo, un profesional de la salud o simplemente alguien apasionado acerca de la causa, las organizaciones de Donate Life Texas ofrecen una gran variedad de maneras para involucrarse.<\/p>\n<ul>\n<li>Convi\u00e9rtase en un conferencista de Donate Life Texas y comparta sus an\u00e9cdotas con los dem\u00e1s<\/li>\n<li>Organice o participe en las campa\u00f1as de inscripci\u00f3n de donantes en las empresas, ferias de salud, iglesias, escuelas, eventos y mucho m\u00e1s<\/li>\n<li>Conecte a comunidades diversas con informaci\u00f3n sobre la donaci\u00f3n<\/li>\n<li>Ayude con eventos especiales como carreras divertidas o torneos de golf<\/li>\n<\/ul>\n<p>Ya hay 16 organizaciones de Donate Life Texas en Texas, seguramente\u00a0 habr\u00e1 una cerca de usted.\u00a0 \u00a0Y, usted est\u00e1 bienvenido a trabajar como voluntario con tantas de estas organizaciones como pueda.\u00a0 \u00a0Estos enlaces le ayudar\u00e1n a encontrar las organizaciones de Donate Life Texas que m\u00e1s le convengan.<\/p>\n<h5 style=\"padding-left: 30px;\"><strong>\u00bfHa pensado en ofrecerse como voluntario en <a title=\"Eye and Tissue Banks Serving Texas\" href=\"\/learn-more\/learn-the-facts-about\/dlt-partners\/eye-and-tissue-banks-serving-texas\/\">un banco de ojos<\/a>?<\/strong><\/h5>\n<h5 style=\"padding-left: 30px;\"><strong>\u00bfHa considerado <a title=\"Eye and Tissue Banks Serving Texas\" href=\"\/learn-more\/learn-the-facts-about\/dlt-partners\/eye-and-tissue-banks-serving-texas\/\">apoyar la donaci\u00f3n de tejidos<\/a>?<\/strong><\/h5>\n<h5 style=\"padding-left: 30px;\"><strong>Si la donaci\u00f3n est\u00e1 cercana a su coraz\u00f3n, ingrese su c\u00f3digo postal a continuaci\u00f3n y ubique la OPO que atiende en su \u00e1rea.<\/strong><\/h5>\n<p><\/p>","protected":false},"excerpt":{"rendered":"<p>\u00a1Gracias por su inter\u00e9s en convertirse en un voluntario de Donate Life Texas! \u00a0Los voluntarios son esenciales para llegar a la comunidad y para los esfuerzos de educaci\u00f3n p\u00fablica acerca de la necesidad de la donaci\u00f3n y la importancia de la inscripci\u00f3n. Si usted pertenece a la familia de un donante, es un receptor de [&hellip;]<\/p>\n","protected":false},"author":1,"featured_media":0,"parent":0,"menu_order":0,"comment_status":"closed","ping_status":"open","template":"","meta":{"_acf_changed":false,"footnotes":"","_links_to":"","_links_to_target":""},"class_list":["post-1725","page","type-page","status-publish","hentry"],"acf":[],"yoast_head":"<!-- This site is optimized with the Yoast SEO plugin v27.1.1 - https:\/\/yoast.com\/product\/yoast-seo-wordpress\/ -->\n<title>Voluntariado &#8211; Texas Donor Registry<\/title>\n<meta name=\"description\" content=\"Volunteers are essential to community outreach and public education efforts about the need for donation, and the importance of registration.\" \/>\n<meta name=\"robots\" content=\"index, follow, max-snippet:-1, max-image-preview:large, max-video-preview:-1\" \/>\n<link rel=\"canonical\" href=\"https:\/\/www.donatelifetexas.org\/es\/volunteer\/\" \/>\n<meta property=\"og:locale\" content=\"es_ES\" \/>\n<meta property=\"og:type\" content=\"article\" \/>\n<meta property=\"og:title\" content=\"Volunteer\" \/>\n<meta property=\"og:description\" content=\"Texans across the state volunteer their time to promote organ, eye and tissue donation. Find opportunities to help virtually or in your community.\" \/>\n<meta property=\"og:url\" content=\"https:\/\/www.donatelifetexas.org\/es\/volunteer\/\" \/>\n<meta property=\"og:site_name\" content=\"Texas Donor Registry\" \/>\n<meta property=\"article:publisher\" content=\"https:\/\/www.facebook.com\/donatelifetexas.org\" \/>\n<meta property=\"article:modified_time\" content=\"2022-06-02T14:29:30+00:00\" \/>\n<meta property=\"og:image\" content=\"https:\/\/www.donatelifetexas.org\/wp-content\/uploads\/2022\/03\/FeatureImage_Volunteer_1.jpg\" \/>\n\t<meta property=\"og:image:width\" content=\"1200\" \/>\n\t<meta property=\"og:image:height\" content=\"630\" \/>\n\t<meta property=\"og:image:type\" content=\"image\/jpeg\" \/>\n<meta name=\"twitter:card\" content=\"summary_large_image\" \/>\n<meta name=\"twitter:title\" content=\"Volunteer\" \/>\n<meta name=\"twitter:description\" content=\"Texans across the state volunteer their time to promote organ, eye and tissue donation. Find opportunities to help virtually or in your community.\" \/>\n<meta name=\"twitter:image\" content=\"https:\/\/www.donatelifetexas.org\/wp-content\/uploads\/2022\/03\/FeatureImage_Volunteer_1.jpg\" \/>\n<meta name=\"twitter:site\" content=\"@donatelifetexas\" \/>\n<meta name=\"twitter:label1\" content=\"Est. reading time\" \/>\n\t<meta name=\"twitter:data1\" content=\"2 minutes\" \/>\n<script type=\"application\/ld+json\" class=\"yoast-schema-graph\">{\"@context\":\"https:\/\/schema.org\",\"@graph\":[{\"@type\":\"WebPage\",\"@id\":\"https:\/\/www.donatelifetexas.org\/es\/volunteer\/\",\"url\":\"https:\/\/www.donatelifetexas.org\/es\/volunteer\/\",\"name\":\"Voluntariado &#8211; Texas Donor Registry\",\"isPartOf\":{\"@id\":\"https:\/\/www.donatelifetexas.org\/es\/#website\"},\"primaryImageOfPage\":{\"@id\":\"https:\/\/www.donatelifetexas.org\/es\/volunteer\/#primaryimage\"},\"image\":{\"@id\":\"https:\/\/www.donatelifetexas.org\/es\/volunteer\/#primaryimage\"},\"thumbnailUrl\":\"https:\/\/www.donatelifetexas.org\/wp-content\/uploads\/2021\/04\/Deepen-Your-Heart-TASC-Volunteers-300x232.jpg\",\"datePublished\":\"2015-02-26T22:41:18+00:00\",\"dateModified\":\"2022-06-02T14:29:30+00:00\",\"description\":\"Volunteers are essential to community outreach and public education efforts about the need for donation, and the importance of registration.\",\"breadcrumb\":{\"@id\":\"https:\/\/www.donatelifetexas.org\/es\/volunteer\/#breadcrumb\"},\"inLanguage\":\"es-ES\",\"potentialAction\":[{\"@type\":\"ReadAction\",\"target\":[[\"https:\/\/www.donatelifetexas.org\/es\/volunteer\/\"]]}]},{\"@type\":\"ImageObject\",\"inLanguage\":\"es-ES\",\"@id\":\"https:\/\/www.donatelifetexas.org\/es\/volunteer\/#primaryimage\",\"url\":\"https:\/\/www.donatelifetexas.org\/wp-content\/uploads\/2021\/04\/Deepen-Your-Heart-TASC-Volunteers-300x232.jpg\",\"contentUrl\":\"https:\/\/www.donatelifetexas.org\/wp-content\/uploads\/2021\/04\/Deepen-Your-Heart-TASC-Volunteers-300x232.jpg\"},{\"@type\":\"BreadcrumbList\",\"@id\":\"https:\/\/www.donatelifetexas.org\/es\/volunteer\/#breadcrumb\",\"itemListElement\":[{\"@type\":\"ListItem\",\"position\":1,\"name\":\"Home\",\"item\":\"https:\/\/www.donatelifetexas.org\/es\/\"},{\"@type\":\"ListItem\",\"position\":2,\"name\":\"Voluntariado\"}]},{\"@type\":\"WebSite\",\"@id\":\"https:\/\/www.donatelifetexas.org\/es\/#website\",\"url\":\"https:\/\/www.donatelifetexas.org\/es\/\",\"name\":\"Texas Donor Registry\",\"description\":\"Donate Life Texas\",\"publisher\":{\"@id\":\"https:\/\/www.donatelifetexas.org\/es\/#organization\"},\"potentialAction\":[{\"@type\":\"SearchAction\",\"target\":{\"@type\":\"EntryPoint\",\"urlTemplate\":\"https:\/\/www.donatelifetexas.org\/es\/?s={search_term_string}\"},\"query-input\":{\"@type\":\"PropertyValueSpecification\",\"valueRequired\":true,\"valueName\":\"search_term_string\"}}],\"inLanguage\":\"es-ES\"},{\"@type\":\"Organization\",\"@id\":\"https:\/\/www.donatelifetexas.org\/es\/#organization\",\"name\":\"Texas Donor Registry\",\"url\":\"https:\/\/www.donatelifetexas.org\/es\/\",\"logo\":{\"@type\":\"ImageObject\",\"inLanguage\":\"es-ES\",\"@id\":\"https:\/\/www.donatelifetexas.org\/es\/#\/schema\/logo\/image\/\",\"url\":\"https:\/\/www.donatelifetexas.org\/wp-content\/uploads\/2022\/03\/FeatureImage_DLTXLogo_1.jpg\",\"contentUrl\":\"https:\/\/www.donatelifetexas.org\/wp-content\/uploads\/2022\/03\/FeatureImage_DLTXLogo_1.jpg\",\"width\":1200,\"height\":630,\"caption\":\"Texas Donor Registry\"},\"image\":{\"@id\":\"https:\/\/www.donatelifetexas.org\/es\/#\/schema\/logo\/image\/\"},\"sameAs\":[\"https:\/\/www.facebook.com\/donatelifetexas.org\",\"https:\/\/x.com\/donatelifetexas\",\"https:\/\/instagram.com\/donatelifetexas\/\"]}]}<\/script>\n<!-- \/ Yoast SEO plugin. -->","yoast_head_json":{"title":"Voluntariado &#8211; Texas Donor Registry","description":"Volunteers are essential to community outreach and public education efforts about the need for donation, and the importance of registration.","robots":{"index":"index","follow":"follow","max-snippet":"max-snippet:-1","max-image-preview":"max-image-preview:large","max-video-preview":"max-video-preview:-1"},"canonical":"https:\/\/www.donatelifetexas.org\/es\/volunteer\/","og_locale":"es_ES","og_type":"article","og_title":"Volunteer","og_description":"Texans across the state volunteer their time to promote organ, eye and tissue donation. Find opportunities to help virtually or in your community.","og_url":"https:\/\/www.donatelifetexas.org\/es\/volunteer\/","og_site_name":"Texas Donor Registry","article_publisher":"https:\/\/www.facebook.com\/donatelifetexas.org","article_modified_time":"2022-06-02T14:29:30+00:00","og_image":[{"width":1200,"height":630,"url":"https:\/\/www.donatelifetexas.org\/wp-content\/uploads\/2022\/03\/FeatureImage_Volunteer_1.jpg","type":"image\/jpeg"}],"twitter_card":"summary_large_image","twitter_title":"Volunteer","twitter_description":"Texans across the state volunteer their time to promote organ, eye and tissue donation. Find opportunities to help virtually or in your community.","twitter_image":"https:\/\/www.donatelifetexas.org\/wp-content\/uploads\/2022\/03\/FeatureImage_Volunteer_1.jpg","twitter_site":"@donatelifetexas","twitter_misc":{"Est. reading time":"2 minutes"},"schema":{"@context":"https:\/\/schema.org","@graph":[{"@type":"WebPage","@id":"https:\/\/www.donatelifetexas.org\/es\/volunteer\/","url":"https:\/\/www.donatelifetexas.org\/es\/volunteer\/","name":"Voluntariado &#8211; Texas Donor Registry","isPartOf":{"@id":"https:\/\/www.donatelifetexas.org\/es\/#website"},"primaryImageOfPage":{"@id":"https:\/\/www.donatelifetexas.org\/es\/volunteer\/#primaryimage"},"image":{"@id":"https:\/\/www.donatelifetexas.org\/es\/volunteer\/#primaryimage"},"thumbnailUrl":"https:\/\/www.donatelifetexas.org\/wp-content\/uploads\/2021\/04\/Deepen-Your-Heart-TASC-Volunteers-300x232.jpg","datePublished":"2015-02-26T22:41:18+00:00","dateModified":"2022-06-02T14:29:30+00:00","description":"Volunteers are essential to community outreach and public education efforts about the need for donation, and the importance of registration.","breadcrumb":{"@id":"https:\/\/www.donatelifetexas.org\/es\/volunteer\/#breadcrumb"},"inLanguage":"es-ES","potentialAction":[{"@type":"ReadAction","target":[["https:\/\/www.donatelifetexas.org\/es\/volunteer\/"]]}]},{"@type":"ImageObject","inLanguage":"es-ES","@id":"https:\/\/www.donatelifetexas.org\/es\/volunteer\/#primaryimage","url":"https:\/\/www.donatelifetexas.org\/wp-content\/uploads\/2021\/04\/Deepen-Your-Heart-TASC-Volunteers-300x232.jpg","contentUrl":"https:\/\/www.donatelifetexas.org\/wp-content\/uploads\/2021\/04\/Deepen-Your-Heart-TASC-Volunteers-300x232.jpg"},{"@type":"BreadcrumbList","@id":"https:\/\/www.donatelifetexas.org\/es\/volunteer\/#breadcrumb","itemListElement":[{"@type":"ListItem","position":1,"name":"Home","item":"https:\/\/www.donatelifetexas.org\/es\/"},{"@type":"ListItem","position":2,"name":"Voluntariado"}]},{"@type":"WebSite","@id":"https:\/\/www.donatelifetexas.org\/es\/#website","url":"https:\/\/www.donatelifetexas.org\/es\/","name":"Texas Donor Registry","description":"Donate Life Texas","publisher":{"@id":"https:\/\/www.donatelifetexas.org\/es\/#organization"},"potentialAction":[{"@type":"SearchAction","target":{"@type":"EntryPoint","urlTemplate":"https:\/\/www.donatelifetexas.org\/es\/?s={search_term_string}"},"query-input":{"@type":"PropertyValueSpecification","valueRequired":true,"valueName":"search_term_string"}}],"inLanguage":"es-ES"},{"@type":"Organization","@id":"https:\/\/www.donatelifetexas.org\/es\/#organization","name":"Texas Donor Registry","url":"https:\/\/www.donatelifetexas.org\/es\/","logo":{"@type":"ImageObject","inLanguage":"es-ES","@id":"https:\/\/www.donatelifetexas.org\/es\/#\/schema\/logo\/image\/","url":"https:\/\/www.donatelifetexas.org\/wp-content\/uploads\/2022\/03\/FeatureImage_DLTXLogo_1.jpg","contentUrl":"https:\/\/www.donatelifetexas.org\/wp-content\/uploads\/2022\/03\/FeatureImage_DLTXLogo_1.jpg","width":1200,"height":630,"caption":"Texas Donor Registry"},"image":{"@id":"https:\/\/www.donatelifetexas.org\/es\/#\/schema\/logo\/image\/"},"sameAs":["https:\/\/www.facebook.com\/donatelifetexas.org","https:\/\/x.com\/donatelifetexas","https:\/\/instagram.com\/donatelifetexas\/"]}]}},"publishpress_future_action":{"enabled":false,"date":"2026-04-21 19:50:55","action":"change-status","newStatus":"draft","terms":[],"taxonomy":"","extraData":[]},"publishpress_future_workflow_manual_trigger":{"enabledWorkflows":[]},"_links":{"self":[{"href":"https:\/\/www.donatelifetexas.org\/es\/wp-json\/wp\/v2\/pages\/1725","targetHints":{"allow":["GET"]}}],"collection":[{"href":"https:\/\/www.donatelifetexas.org\/es\/wp-json\/wp\/v2\/pages"}],"about":[{"href":"https:\/\/www.donatelifetexas.org\/es\/wp-json\/wp\/v2\/types\/page"}],"author":[{"embeddable":true,"href":"https:\/\/www.donatelifetexas.org\/es\/wp-json\/wp\/v2\/users\/1"}],"replies":[{"embeddable":true,"href":"https:\/\/www.donatelifetexas.org\/es\/wp-json\/wp\/v2\/comments?post=1725"}],"version-history":[{"count":75,"href":"https:\/\/www.donatelifetexas.org\/es\/wp-json\/wp\/v2\/pages\/1725\/revisions"}],"predecessor-version":[{"id":11068,"href":"https:\/\/www.donatelifetexas.org\/es\/wp-json\/wp\/v2\/pages\/1725\/revisions\/11068"}],"wp:attachment":[{"href":"https:\/\/www.donatelifetexas.org\/es\/wp-json\/wp\/v2\/media?parent=1725"}],"curies":[{"name":"wp","href":"https:\/\/api.w.org\/{rel}","templated":true}]}}