{"id":1656,"date":"2015-02-18T18:03:20","date_gmt":"2015-02-19T00:03:20","guid":{"rendered":"http:\/\/dev.donatelifetexas.inetz.com\/?page_id=1656"},"modified":"2017-07-05T15:41:34","modified_gmt":"2017-07-05T20:41:34","slug":"donor-family-support-2","status":"publish","type":"page","link":"https:\/\/www.donatelifetexas.org\/es\/resources-links\/donor-family-support-2\/","title":{"rendered":"Soporte a Familia Donante"},"content":{"rendered":"<p>Lamentablemente y para mucha gente, el primer contacto con la donaci\u00f3n ocurre mientras todav\u00eda est\u00e1n pasando por la desgarradora p\u00e9rdida de un ser querido.<\/p>\n<p>La p\u00e9rdida de un ser querido es devastador,\u00a0 y a menudo es m\u00e1s desgarrador cuando ocurre bajo circunstancias traum\u00e1ticas y de manera repentina. Los miembros de la familia a menudo no son capaces de procesar o aceptar todo lo que est\u00e1n escuchando de los m\u00e9dicos, lo cual es comprensible ya que est\u00e1n tratando de encarar una p\u00e9rdida inimaginable. Es en medio de este doloroso y emotivo momento que las familias deben afrontar las decisiones acerca de la donaci\u00f3n, ya sea si deben tomar la decisi\u00f3n por s\u00ed mismos, o si la decisi\u00f3n fue hecha anteriormente por su ser querido que se inscribi\u00f3 en el registro.<\/p>\n<p>Esperamos que las familias de los donantes y amigos puedan servirse de\u00a0 estos recursos a la hora de afrontar la p\u00e9rdida de sus seres queridos. \u00a0Respuestas a preguntas frecuentes sobre la donaci\u00f3n tambi\u00e9n se encuentran en nuestra funci\u00f3n\u00a0<a href=\"https:\/\/www.donatelifetexas.org\/ask-a-question\"><strong>Haz Una Pregunta<\/strong><\/a>\u00a0o poni\u00e9ndose en <a href=\"https:\/\/www.donatelifetexas.org\/share-connect\/contact-us\">contacto con nosotros<\/a>.<\/p>\n<h3><strong><span style=\"text-decoration: underline;\">Apoyo para las Familias de los Donantes<\/span><\/strong><\/h3>\n<p>Las\u00a0<a title=\"DLT Partners\" href=\"https:\/\/www.donatelifetexas.org\/dlt-partners\/\" target=\"_blank\">agencias de rescate de \u00f3rganos y tejidos<\/a>\u00a0que atienden la donaci\u00f3n de su ser querido ofrecen una amplia gama de recursos y programas para las familias afligidas de los donantes.\u00a0 \u00a0Tambi\u00e9n pueden ayudar a iniciar el proceso para comunicarse con los receptores de trasplantes.<\/p>\n<h3><span style=\"text-decoration: underline;\"><strong>Otros Recursos relacionados al Duelo y Grupos de Apoyo<\/strong><\/span><\/h3>\n<p><em>Los enlaces y referencias proporcionados por: \u00a0Donate Life Texas (DLT) a organizaciones externas, pueden o no proporcionar informaci\u00f3n o servicios en espa\u00f1ol.\u00a0 Favor de confirmar\u00a0con la organizaci\u00f3n a la que se hace referencia para averiguarlo<\/em><\/p>\n<p><a title=\"2-1-1 Texas\" href=\"https:\/\/www.211texas.org\/cms\/\" target=\"_blank\">2-1-1 Texas<\/a> &#8211; un centro informativo que ofrece asistencia y recomendaciones 24\/7\/365 para intervenci\u00f3n en situaciones de crisis, servicios de consejer\u00eda y otros recursos en todo el estado.<\/p>\n<p><a title=\"Compassionate Friends\" href=\"http:\/\/www.compassionatefriends.org\/home.aspx\" target=\"_blank\">The Compassionate Friends<\/a> &#8211; una organizaci\u00f3n de auto-ayuda sin fines de lucro con cap\u00edtulos locales para las familias afligidas por la muerte de un ni\u00f1o.<\/p>\n<p><a href=\"http:\/\/www.afsp.org\/coping-with-suicide-loss\" target=\"_blank\">American Foundation for Suicide Prevention, Coping with Suicide<\/a> &#8211; ayuda para que los sobrevivientes del suicidio puedan encontrar apoyo y puedan honrar a sus seres queridos por la manera en que vivieron y no s\u00f3lo por la forma en que murieron.<\/p>\n<p><a title=\"The Dougy Center\" href=\"http:\/\/www.dougy.org\/\" target=\"_blank\">The Dougy Center<\/a>\u00a0&#8211; proporcionar un lugar seguro para ni\u00f1os, adolescentes, adultos j\u00f3venes y familias que sufren por un fallecimiento y para que compartan sus experiencias a trav\u00e9s de grupos de apoyo, educaci\u00f3n y formaci\u00f3n.<\/p>\n<p><a title=\"Grief and Loss Center\" href=\"http:\/\/www.mygriefandloss.org\/\" target=\"_blank\">Grief and Loss Center of North Texas<\/a> &#8211; un programa sin costo que ofrece esperanza, prop\u00f3sito y pertenencia a quienes sufren p\u00e9rdidas.<\/p>\n<p><a title=\"Healgrief.org\" href=\"http:\/\/healgrief.org\/\" target=\"_blank\">Healgrief.org<\/a> &#8211; un recurso en l\u00ednea que ofrece un lugar virtual donde aquellos que sufren por alguna aflicci\u00f3n puede comunicarse, conectarse, lamentarse y sanarse, mientras celebran la vida de un ser querido.<\/p>\n<p><a title=\"Journey of Hope\" href=\"http:\/\/www.johgriefsupport.org\/\" target=\"_blank\">Journey of Hope Grief Support Center<\/a> &#8211; Un programa en Plano sin costo que ofrece servicios de apoyo de duelo para ni\u00f1os, adolescentes, adultos j\u00f3venes y sus familias<\/p>\n<p><a href=\"http:\/\/www.missfoundation.org\/\" target=\"_blank\">MISS Foundation<\/a> &#8211; Atenci\u00f3n para familias que sufren la muerte de un beb\u00e9 o un ni\u00f1o de cualquier edad por cualquier causa a trav\u00e9s de asesoramiento, apoyo, investigaci\u00f3n, educaci\u00f3n y respaldo.<\/p>\n<p><a title=\"My Healing Place\" href=\"http:\/\/myhealingplace.org\/index.htm\" target=\"_blank\">My Healing Place<\/a> &#8211; Organizaci\u00f3n en Austin sin \u00e1nimo de lucro centrada en atender la aflicci\u00f3n y el trauma con la misi\u00f3n de ayudar a los ni\u00f1os y adultos a medida que pasan por la p\u00e9rdida de una vida.<\/p>\n<p><a title=\"National Alliance for Grieving Children\" href=\"http:\/\/www.childrengrieve.org\/programs-texas\" target=\"_blank\">National Alliance for Grieving Children, Texas Programs<\/a> &#8211; Programas de Texas &#8211; una lista de recursos de proveedores de apoyo de duelo en todo Texas para ni\u00f1os que experimentan dolor y duelo.<\/p>\n<p><a title=\"NOVA\" href=\"http:\/\/www.trynova.org\/\" target=\"_blank\">National Organization for Victim Assistance (NOVA)<\/a> &#8211; Defensa de la dignidad y compasi\u00f3n para los perjudicados por la delincuencia y la crisis<\/p>\n<p><a title=\"Share\" href=\"http:\/\/nationalshare.org\/\" target=\"_blank\">Share Infant Loss Support<\/a> &#8211; Atenci\u00f3n para aquellos que est\u00e9n pasando por la tr\u00e1gica muerte de un beb\u00e9 durante el embarazo, muerte fetal o en los primeros meses de vida.<\/p>\n<p><a title=\"Parents of Murdered Children\" href=\"http:\/\/www.pomc.com\/\" target=\"_blank\">Parents of Murdered Children<\/a>\u00a0&#8211; Apoyo y asistencia para los sobrevivientes de las v\u00edctimas de homicidio mientras se trabaja en crear un mundo libre de asesinatos.<\/p>\n<p><a title=\"TAPS\" href=\"http:\/\/www.taps.org\/\" target=\"_blank\">Tragedy Assistance Program for Survivors (TAPS)<\/a> &#8211; Cuidados compasivos para todos aquellos que lamentan la muerte de un ser querido en nuestras fuerzas armadas.<\/p>","protected":false},"excerpt":{"rendered":"<p>Lamentablemente y para mucha gente, el primer contacto con la donaci\u00f3n ocurre mientras todav\u00eda est\u00e1n pasando por la desgarradora p\u00e9rdida de un ser querido. La p\u00e9rdida de un ser querido es devastador,\u00a0 y a menudo es m\u00e1s desgarrador cuando ocurre bajo circunstancias traum\u00e1ticas y de manera repentina. Los miembros de la familia a menudo no [&hellip;]<\/p>\n","protected":false},"author":5,"featured_media":0,"parent":1591,"menu_order":0,"comment_status":"closed","ping_status":"closed","template":"","meta":{"_acf_changed":false,"footnotes":"","_links_to":"","_links_to_target":""},"class_list":["post-1656","page","type-page","status-publish","hentry"],"acf":[],"yoast_head":"<!-- This site is optimized with the Yoast SEO plugin v27.1.1 - https:\/\/yoast.com\/product\/yoast-seo-wordpress\/ -->\n<title>Soporte a Familia Donante &#8211; Texas Donor Registry<\/title>\n<meta name=\"robots\" content=\"index, follow, max-snippet:-1, max-image-preview:large, max-video-preview:-1\" \/>\n<link rel=\"canonical\" href=\"https:\/\/www.donatelifetexas.org\/es\/resources-links\/donor-family-support-2\/\" \/>\n<meta property=\"og:locale\" content=\"es_ES\" \/>\n<meta property=\"og:type\" content=\"article\" \/>\n<meta property=\"og:title\" content=\"Soporte a Familia Donante &#8211; Texas Donor Registry\" \/>\n<meta property=\"og:description\" content=\"Lamentablemente y para mucha gente, el primer contacto con la donaci\u00f3n ocurre mientras todav\u00eda est\u00e1n pasando por la desgarradora p\u00e9rdida de un ser querido. La p\u00e9rdida de un ser querido es devastador,\u00a0 y a menudo es m\u00e1s desgarrador cuando ocurre bajo circunstancias traum\u00e1ticas y de manera repentina. Los miembros de la familia a menudo no [&hellip;]\" \/>\n<meta property=\"og:url\" content=\"https:\/\/www.donatelifetexas.org\/es\/resources-links\/donor-family-support-2\/\" \/>\n<meta property=\"og:site_name\" content=\"Texas Donor Registry\" \/>\n<meta property=\"article:publisher\" content=\"https:\/\/www.facebook.com\/donatelifetexas.org\" \/>\n<meta property=\"article:modified_time\" content=\"2017-07-05T20:41:34+00:00\" \/>\n<meta name=\"twitter:card\" content=\"summary_large_image\" \/>\n<meta name=\"twitter:site\" content=\"@donatelifetexas\" \/>\n<meta name=\"twitter:label1\" content=\"Est. reading time\" \/>\n\t<meta name=\"twitter:data1\" content=\"6 minutes\" \/>\n<script type=\"application\/ld+json\" class=\"yoast-schema-graph\">{\"@context\":\"https:\/\/schema.org\",\"@graph\":[{\"@type\":\"WebPage\",\"@id\":\"https:\/\/www.donatelifetexas.org\/es\/resources-links\/donor-family-support-2\/\",\"url\":\"https:\/\/www.donatelifetexas.org\/es\/resources-links\/donor-family-support-2\/\",\"name\":\"Soporte a Familia Donante &#8211; Texas Donor Registry\",\"isPartOf\":{\"@id\":\"https:\/\/www.donatelifetexas.org\/es\/#website\"},\"datePublished\":\"2015-02-19T00:03:20+00:00\",\"dateModified\":\"2017-07-05T20:41:34+00:00\",\"breadcrumb\":{\"@id\":\"https:\/\/www.donatelifetexas.org\/es\/resources-links\/donor-family-support-2\/#breadcrumb\"},\"inLanguage\":\"es-ES\",\"potentialAction\":[{\"@type\":\"ReadAction\",\"target\":[[\"https:\/\/www.donatelifetexas.org\/es\/resources-links\/donor-family-support-2\/\"]]}]},{\"@type\":\"BreadcrumbList\",\"@id\":\"https:\/\/www.donatelifetexas.org\/es\/resources-links\/donor-family-support-2\/#breadcrumb\",\"itemListElement\":[{\"@type\":\"ListItem\",\"position\":1,\"name\":\"Home\",\"item\":\"https:\/\/www.donatelifetexas.org\/es\/\"},{\"@type\":\"ListItem\",\"position\":2,\"name\":\"Resources &#038; Links\",\"item\":\"https:\/\/www.donatelifetexas.org\/es\/resources-links\/\"},{\"@type\":\"ListItem\",\"position\":3,\"name\":\"Donor Family Support\"}]},{\"@type\":\"WebSite\",\"@id\":\"https:\/\/www.donatelifetexas.org\/es\/#website\",\"url\":\"https:\/\/www.donatelifetexas.org\/es\/\",\"name\":\"Texas Donor Registry\",\"description\":\"Donate Life Texas\",\"publisher\":{\"@id\":\"https:\/\/www.donatelifetexas.org\/es\/#organization\"},\"potentialAction\":[{\"@type\":\"SearchAction\",\"target\":{\"@type\":\"EntryPoint\",\"urlTemplate\":\"https:\/\/www.donatelifetexas.org\/es\/?s={search_term_string}\"},\"query-input\":{\"@type\":\"PropertyValueSpecification\",\"valueRequired\":true,\"valueName\":\"search_term_string\"}}],\"inLanguage\":\"es-ES\"},{\"@type\":\"Organization\",\"@id\":\"https:\/\/www.donatelifetexas.org\/es\/#organization\",\"name\":\"Texas Donor Registry\",\"url\":\"https:\/\/www.donatelifetexas.org\/es\/\",\"logo\":{\"@type\":\"ImageObject\",\"inLanguage\":\"es-ES\",\"@id\":\"https:\/\/www.donatelifetexas.org\/es\/#\/schema\/logo\/image\/\",\"url\":\"https:\/\/www.donatelifetexas.org\/wp-content\/uploads\/2022\/03\/FeatureImage_DLTXLogo_1.jpg\",\"contentUrl\":\"https:\/\/www.donatelifetexas.org\/wp-content\/uploads\/2022\/03\/FeatureImage_DLTXLogo_1.jpg\",\"width\":1200,\"height\":630,\"caption\":\"Texas Donor Registry\"},\"image\":{\"@id\":\"https:\/\/www.donatelifetexas.org\/es\/#\/schema\/logo\/image\/\"},\"sameAs\":[\"https:\/\/www.facebook.com\/donatelifetexas.org\",\"https:\/\/x.com\/donatelifetexas\",\"https:\/\/instagram.com\/donatelifetexas\/\"]}]}<\/script>\n<!-- \/ Yoast SEO plugin. -->","yoast_head_json":{"title":"Soporte a Familia Donante &#8211; Texas Donor Registry","robots":{"index":"index","follow":"follow","max-snippet":"max-snippet:-1","max-image-preview":"max-image-preview:large","max-video-preview":"max-video-preview:-1"},"canonical":"https:\/\/www.donatelifetexas.org\/es\/resources-links\/donor-family-support-2\/","og_locale":"es_ES","og_type":"article","og_title":"Soporte a Familia Donante &#8211; Texas Donor Registry","og_description":"Lamentablemente y para mucha gente, el primer contacto con la donaci\u00f3n ocurre mientras todav\u00eda est\u00e1n pasando por la desgarradora p\u00e9rdida de un ser querido. La p\u00e9rdida de un ser querido es devastador,\u00a0 y a menudo es m\u00e1s desgarrador cuando ocurre bajo circunstancias traum\u00e1ticas y de manera repentina. Los miembros de la familia a menudo no [&hellip;]","og_url":"https:\/\/www.donatelifetexas.org\/es\/resources-links\/donor-family-support-2\/","og_site_name":"Texas Donor Registry","article_publisher":"https:\/\/www.facebook.com\/donatelifetexas.org","article_modified_time":"2017-07-05T20:41:34+00:00","twitter_card":"summary_large_image","twitter_site":"@donatelifetexas","twitter_misc":{"Est. reading time":"6 minutes"},"schema":{"@context":"https:\/\/schema.org","@graph":[{"@type":"WebPage","@id":"https:\/\/www.donatelifetexas.org\/es\/resources-links\/donor-family-support-2\/","url":"https:\/\/www.donatelifetexas.org\/es\/resources-links\/donor-family-support-2\/","name":"Soporte a Familia Donante &#8211; Texas Donor Registry","isPartOf":{"@id":"https:\/\/www.donatelifetexas.org\/es\/#website"},"datePublished":"2015-02-19T00:03:20+00:00","dateModified":"2017-07-05T20:41:34+00:00","breadcrumb":{"@id":"https:\/\/www.donatelifetexas.org\/es\/resources-links\/donor-family-support-2\/#breadcrumb"},"inLanguage":"es-ES","potentialAction":[{"@type":"ReadAction","target":[["https:\/\/www.donatelifetexas.org\/es\/resources-links\/donor-family-support-2\/"]]}]},{"@type":"BreadcrumbList","@id":"https:\/\/www.donatelifetexas.org\/es\/resources-links\/donor-family-support-2\/#breadcrumb","itemListElement":[{"@type":"ListItem","position":1,"name":"Home","item":"https:\/\/www.donatelifetexas.org\/es\/"},{"@type":"ListItem","position":2,"name":"Resources &#038; Links","item":"https:\/\/www.donatelifetexas.org\/es\/resources-links\/"},{"@type":"ListItem","position":3,"name":"Donor Family Support"}]},{"@type":"WebSite","@id":"https:\/\/www.donatelifetexas.org\/es\/#website","url":"https:\/\/www.donatelifetexas.org\/es\/","name":"Texas Donor Registry","description":"Donate Life Texas","publisher":{"@id":"https:\/\/www.donatelifetexas.org\/es\/#organization"},"potentialAction":[{"@type":"SearchAction","target":{"@type":"EntryPoint","urlTemplate":"https:\/\/www.donatelifetexas.org\/es\/?s={search_term_string}"},"query-input":{"@type":"PropertyValueSpecification","valueRequired":true,"valueName":"search_term_string"}}],"inLanguage":"es-ES"},{"@type":"Organization","@id":"https:\/\/www.donatelifetexas.org\/es\/#organization","name":"Texas Donor Registry","url":"https:\/\/www.donatelifetexas.org\/es\/","logo":{"@type":"ImageObject","inLanguage":"es-ES","@id":"https:\/\/www.donatelifetexas.org\/es\/#\/schema\/logo\/image\/","url":"https:\/\/www.donatelifetexas.org\/wp-content\/uploads\/2022\/03\/FeatureImage_DLTXLogo_1.jpg","contentUrl":"https:\/\/www.donatelifetexas.org\/wp-content\/uploads\/2022\/03\/FeatureImage_DLTXLogo_1.jpg","width":1200,"height":630,"caption":"Texas Donor Registry"},"image":{"@id":"https:\/\/www.donatelifetexas.org\/es\/#\/schema\/logo\/image\/"},"sameAs":["https:\/\/www.facebook.com\/donatelifetexas.org","https:\/\/x.com\/donatelifetexas","https:\/\/instagram.com\/donatelifetexas\/"]}]}},"publishpress_future_action":{"enabled":false,"date":"2026-05-07 20:04:05","action":"change-status","newStatus":"draft","terms":[],"taxonomy":"","extraData":[]},"publishpress_future_workflow_manual_trigger":{"enabledWorkflows":[]},"_links":{"self":[{"href":"https:\/\/www.donatelifetexas.org\/es\/wp-json\/wp\/v2\/pages\/1656","targetHints":{"allow":["GET"]}}],"collection":[{"href":"https:\/\/www.donatelifetexas.org\/es\/wp-json\/wp\/v2\/pages"}],"about":[{"href":"https:\/\/www.donatelifetexas.org\/es\/wp-json\/wp\/v2\/types\/page"}],"author":[{"embeddable":true,"href":"https:\/\/www.donatelifetexas.org\/es\/wp-json\/wp\/v2\/users\/5"}],"replies":[{"embeddable":true,"href":"https:\/\/www.donatelifetexas.org\/es\/wp-json\/wp\/v2\/comments?post=1656"}],"version-history":[{"count":12,"href":"https:\/\/www.donatelifetexas.org\/es\/wp-json\/wp\/v2\/pages\/1656\/revisions"}],"predecessor-version":[{"id":4143,"href":"https:\/\/www.donatelifetexas.org\/es\/wp-json\/wp\/v2\/pages\/1656\/revisions\/4143"}],"up":[{"embeddable":true,"href":"https:\/\/www.donatelifetexas.org\/es\/wp-json\/wp\/v2\/pages\/1591"}],"wp:attachment":[{"href":"https:\/\/www.donatelifetexas.org\/es\/wp-json\/wp\/v2\/media?parent=1656"}],"curies":[{"name":"wp","href":"https:\/\/api.w.org\/{rel}","templated":true}]}}