{"id":1636,"date":"2015-02-18T17:37:19","date_gmt":"2015-02-18T23:37:19","guid":{"rendered":"http:\/\/dev.donatelifetexas.inetz.com\/?page_id=1636"},"modified":"2017-07-12T10:09:27","modified_gmt":"2017-07-12T15:09:27","slug":"post-to-social-media","status":"publish","type":"page","link":"https:\/\/www.donatelifetexas.org\/es\/post-to-social-media\/","title":{"rendered":"Publicar en redes sociales"},"content":{"rendered":"<p>Con\u00e9ctese con Donate Life Texas y otros defensores de la donaci\u00f3n de \u00f3rganos y tejidos a trav\u00e9s de los medios de comunicaci\u00f3n social:<\/p>\n<p style=\"padding-left: 30px;\">Facebook &#8212; <a title=\"DLT Facebook Page\" href=\"http:\/\/www.facebook.com\/donatelifetexas.org\" target=\"_blank\">Facebook.com\/donatelifetexas.org<\/a><\/p>\n<p style=\"padding-left: 30px;\">Twitter &#8212; <a title=\"DLT Twitter Feed\" href=\"https:\/\/twitter.com\/donatelifetexas\" target=\"_blank\">Twitter.com\/donatelifetexas<\/a><\/p>\n<p style=\"padding-left: 30px;\">Instagram &#8212; <a title=\"DLT on IG\" href=\"https:\/\/instagram.com\/donatelifetexas\/\" target=\"_blank\">Instagram.com\/donatelifetexas<\/a><\/p>\n<p><\/p>","protected":false},"excerpt":{"rendered":"<p>Con\u00e9ctese con Donate Life Texas y otros defensores de la donaci\u00f3n de \u00f3rganos y tejidos a trav\u00e9s de los medios de comunicaci\u00f3n social: Facebook &#8212; Facebook.com\/donatelifetexas.org Twitter &#8212; Twitter.com\/donatelifetexas Instagram &#8212; Instagram.com\/donatelifetexas<\/p>\n","protected":false},"author":5,"featured_media":0,"parent":0,"menu_order":0,"comment_status":"closed","ping_status":"closed","template":"","meta":{"_acf_changed":false,"footnotes":"","_links_to":"","_links_to_target":""},"class_list":["post-1636","page","type-page","status-publish","hentry"],"acf":[],"yoast_head":"<!-- This site is optimized with the Yoast SEO plugin v27.1.1 - https:\/\/yoast.com\/product\/yoast-seo-wordpress\/ -->\n<title>Publicar en redes sociales &#8211; Texas Donor Registry<\/title>\n<meta name=\"robots\" content=\"index, follow, max-snippet:-1, max-image-preview:large, max-video-preview:-1\" \/>\n<link rel=\"canonical\" href=\"https:\/\/www.donatelifetexas.org\/es\/post-to-social-media\/\" \/>\n<meta property=\"og:locale\" content=\"es_ES\" \/>\n<meta property=\"og:type\" content=\"article\" \/>\n<meta property=\"og:title\" content=\"Publicar en redes sociales &#8211; Texas Donor Registry\" \/>\n<meta property=\"og:description\" content=\"Con\u00e9ctese con Donate Life Texas y otros defensores de la donaci\u00f3n de \u00f3rganos y tejidos a trav\u00e9s de los medios de comunicaci\u00f3n social: Facebook &#8212; Facebook.com\/donatelifetexas.org Twitter &#8212; Twitter.com\/donatelifetexas Instagram &#8212; Instagram.com\/donatelifetexas\" \/>\n<meta property=\"og:url\" content=\"https:\/\/www.donatelifetexas.org\/es\/post-to-social-media\/\" \/>\n<meta property=\"og:site_name\" content=\"Texas Donor Registry\" \/>\n<meta property=\"article:publisher\" content=\"https:\/\/www.facebook.com\/donatelifetexas.org\" \/>\n<meta property=\"article:modified_time\" content=\"2017-07-12T15:09:27+00:00\" \/>\n<meta name=\"twitter:card\" content=\"summary_large_image\" \/>\n<meta name=\"twitter:site\" content=\"@donatelifetexas\" \/>\n<script type=\"application\/ld+json\" class=\"yoast-schema-graph\">{\"@context\":\"https:\/\/schema.org\",\"@graph\":[{\"@type\":\"WebPage\",\"@id\":\"https:\/\/www.donatelifetexas.org\/es\/post-to-social-media\/\",\"url\":\"https:\/\/www.donatelifetexas.org\/es\/post-to-social-media\/\",\"name\":\"Publicar en redes sociales &#8211; Texas Donor Registry\",\"isPartOf\":{\"@id\":\"https:\/\/www.donatelifetexas.org\/es\/#website\"},\"datePublished\":\"2015-02-18T23:37:19+00:00\",\"dateModified\":\"2017-07-12T15:09:27+00:00\",\"breadcrumb\":{\"@id\":\"https:\/\/www.donatelifetexas.org\/es\/post-to-social-media\/#breadcrumb\"},\"inLanguage\":\"es-ES\",\"potentialAction\":[{\"@type\":\"ReadAction\",\"target\":[[\"https:\/\/www.donatelifetexas.org\/es\/post-to-social-media\/\"]]}]},{\"@type\":\"BreadcrumbList\",\"@id\":\"https:\/\/www.donatelifetexas.org\/es\/post-to-social-media\/#breadcrumb\",\"itemListElement\":[{\"@type\":\"ListItem\",\"position\":1,\"name\":\"Home\",\"item\":\"https:\/\/www.donatelifetexas.org\/es\/\"},{\"@type\":\"ListItem\",\"position\":2,\"name\":\"Publicar en redes sociales\"}]},{\"@type\":\"WebSite\",\"@id\":\"https:\/\/www.donatelifetexas.org\/es\/#website\",\"url\":\"https:\/\/www.donatelifetexas.org\/es\/\",\"name\":\"Texas Donor Registry\",\"description\":\"Donate Life Texas\",\"publisher\":{\"@id\":\"https:\/\/www.donatelifetexas.org\/es\/#organization\"},\"potentialAction\":[{\"@type\":\"SearchAction\",\"target\":{\"@type\":\"EntryPoint\",\"urlTemplate\":\"https:\/\/www.donatelifetexas.org\/es\/?s={search_term_string}\"},\"query-input\":{\"@type\":\"PropertyValueSpecification\",\"valueRequired\":true,\"valueName\":\"search_term_string\"}}],\"inLanguage\":\"es-ES\"},{\"@type\":\"Organization\",\"@id\":\"https:\/\/www.donatelifetexas.org\/es\/#organization\",\"name\":\"Texas Donor Registry\",\"url\":\"https:\/\/www.donatelifetexas.org\/es\/\",\"logo\":{\"@type\":\"ImageObject\",\"inLanguage\":\"es-ES\",\"@id\":\"https:\/\/www.donatelifetexas.org\/es\/#\/schema\/logo\/image\/\",\"url\":\"https:\/\/www.donatelifetexas.org\/wp-content\/uploads\/2022\/03\/FeatureImage_DLTXLogo_1.jpg\",\"contentUrl\":\"https:\/\/www.donatelifetexas.org\/wp-content\/uploads\/2022\/03\/FeatureImage_DLTXLogo_1.jpg\",\"width\":1200,\"height\":630,\"caption\":\"Texas Donor Registry\"},\"image\":{\"@id\":\"https:\/\/www.donatelifetexas.org\/es\/#\/schema\/logo\/image\/\"},\"sameAs\":[\"https:\/\/www.facebook.com\/donatelifetexas.org\",\"https:\/\/x.com\/donatelifetexas\",\"https:\/\/instagram.com\/donatelifetexas\/\"]}]}<\/script>\n<!-- \/ Yoast SEO plugin. -->","yoast_head_json":{"title":"Publicar en redes sociales &#8211; Texas Donor Registry","robots":{"index":"index","follow":"follow","max-snippet":"max-snippet:-1","max-image-preview":"max-image-preview:large","max-video-preview":"max-video-preview:-1"},"canonical":"https:\/\/www.donatelifetexas.org\/es\/post-to-social-media\/","og_locale":"es_ES","og_type":"article","og_title":"Publicar en redes sociales &#8211; Texas Donor Registry","og_description":"Con\u00e9ctese con Donate Life Texas y otros defensores de la donaci\u00f3n de \u00f3rganos y tejidos a trav\u00e9s de los medios de comunicaci\u00f3n social: Facebook &#8212; Facebook.com\/donatelifetexas.org Twitter &#8212; Twitter.com\/donatelifetexas Instagram &#8212; Instagram.com\/donatelifetexas","og_url":"https:\/\/www.donatelifetexas.org\/es\/post-to-social-media\/","og_site_name":"Texas Donor Registry","article_publisher":"https:\/\/www.facebook.com\/donatelifetexas.org","article_modified_time":"2017-07-12T15:09:27+00:00","twitter_card":"summary_large_image","twitter_site":"@donatelifetexas","schema":{"@context":"https:\/\/schema.org","@graph":[{"@type":"WebPage","@id":"https:\/\/www.donatelifetexas.org\/es\/post-to-social-media\/","url":"https:\/\/www.donatelifetexas.org\/es\/post-to-social-media\/","name":"Publicar en redes sociales &#8211; Texas Donor Registry","isPartOf":{"@id":"https:\/\/www.donatelifetexas.org\/es\/#website"},"datePublished":"2015-02-18T23:37:19+00:00","dateModified":"2017-07-12T15:09:27+00:00","breadcrumb":{"@id":"https:\/\/www.donatelifetexas.org\/es\/post-to-social-media\/#breadcrumb"},"inLanguage":"es-ES","potentialAction":[{"@type":"ReadAction","target":[["https:\/\/www.donatelifetexas.org\/es\/post-to-social-media\/"]]}]},{"@type":"BreadcrumbList","@id":"https:\/\/www.donatelifetexas.org\/es\/post-to-social-media\/#breadcrumb","itemListElement":[{"@type":"ListItem","position":1,"name":"Home","item":"https:\/\/www.donatelifetexas.org\/es\/"},{"@type":"ListItem","position":2,"name":"Publicar en redes sociales"}]},{"@type":"WebSite","@id":"https:\/\/www.donatelifetexas.org\/es\/#website","url":"https:\/\/www.donatelifetexas.org\/es\/","name":"Texas Donor Registry","description":"Donate Life Texas","publisher":{"@id":"https:\/\/www.donatelifetexas.org\/es\/#organization"},"potentialAction":[{"@type":"SearchAction","target":{"@type":"EntryPoint","urlTemplate":"https:\/\/www.donatelifetexas.org\/es\/?s={search_term_string}"},"query-input":{"@type":"PropertyValueSpecification","valueRequired":true,"valueName":"search_term_string"}}],"inLanguage":"es-ES"},{"@type":"Organization","@id":"https:\/\/www.donatelifetexas.org\/es\/#organization","name":"Texas Donor Registry","url":"https:\/\/www.donatelifetexas.org\/es\/","logo":{"@type":"ImageObject","inLanguage":"es-ES","@id":"https:\/\/www.donatelifetexas.org\/es\/#\/schema\/logo\/image\/","url":"https:\/\/www.donatelifetexas.org\/wp-content\/uploads\/2022\/03\/FeatureImage_DLTXLogo_1.jpg","contentUrl":"https:\/\/www.donatelifetexas.org\/wp-content\/uploads\/2022\/03\/FeatureImage_DLTXLogo_1.jpg","width":1200,"height":630,"caption":"Texas Donor Registry"},"image":{"@id":"https:\/\/www.donatelifetexas.org\/es\/#\/schema\/logo\/image\/"},"sameAs":["https:\/\/www.facebook.com\/donatelifetexas.org","https:\/\/x.com\/donatelifetexas","https:\/\/instagram.com\/donatelifetexas\/"]}]}},"publishpress_future_action":{"enabled":false,"date":"2026-05-15 23:35:53","action":"change-status","newStatus":"draft","terms":[],"taxonomy":"","extraData":[]},"publishpress_future_workflow_manual_trigger":{"enabledWorkflows":[]},"_links":{"self":[{"href":"https:\/\/www.donatelifetexas.org\/es\/wp-json\/wp\/v2\/pages\/1636","targetHints":{"allow":["GET"]}}],"collection":[{"href":"https:\/\/www.donatelifetexas.org\/es\/wp-json\/wp\/v2\/pages"}],"about":[{"href":"https:\/\/www.donatelifetexas.org\/es\/wp-json\/wp\/v2\/types\/page"}],"author":[{"embeddable":true,"href":"https:\/\/www.donatelifetexas.org\/es\/wp-json\/wp\/v2\/users\/5"}],"replies":[{"embeddable":true,"href":"https:\/\/www.donatelifetexas.org\/es\/wp-json\/wp\/v2\/comments?post=1636"}],"version-history":[{"count":11,"href":"https:\/\/www.donatelifetexas.org\/es\/wp-json\/wp\/v2\/pages\/1636\/revisions"}],"predecessor-version":[{"id":4294,"href":"https:\/\/www.donatelifetexas.org\/es\/wp-json\/wp\/v2\/pages\/1636\/revisions\/4294"}],"wp:attachment":[{"href":"https:\/\/www.donatelifetexas.org\/es\/wp-json\/wp\/v2\/media?parent=1636"}],"curies":[{"name":"wp","href":"https:\/\/api.w.org\/{rel}","templated":true}]}}