{"id":1617,"date":"2015-02-18T17:00:15","date_gmt":"2015-02-18T23:00:15","guid":{"rendered":"http:\/\/dev.donatelifetexas.inetz.com\/?page_id=1617"},"modified":"2022-04-28T23:18:33","modified_gmt":"2022-04-29T04:18:33","slug":"share-your-story","status":"publish","type":"page","link":"https:\/\/www.donatelifetexas.org\/es\/share-your-story\/","title":{"rendered":"Comparta Su Historia"},"content":{"rendered":"<p>La donaci\u00f3n y los trasplantes no son acerca de n\u00fameros y estad\u00edsticas. \u00a0Son acerca de las personas, las vidas que tocan y la uni\u00f3n a trav\u00e9s de un acto desinteresado y una necesidad personal.<\/p>\n<p><strong>Le invitamos a compartir aqu\u00ed su propia historia de donaci\u00f3n.<\/strong><\/p>\n<p>Si usted es un receptor de trasplante, miembro de la familia de un donante, donante vivo, profesional de la salud o simplemente un devoto de la causa de donaci\u00f3n de \u00f3rganos y tejidos, el compartir su historia usted est\u00e1 promoviendo la comprensi\u00f3n, disipa mitos comunes e inspira a otros al exponer el \u00a0impacto que tiene la donaci\u00f3n.\u00a0Algunas historias pueden incluso ser seleccionadas para figurar en la p\u00e1gina principal del sitio web.<\/p>\n<p>Por favor recuerde que Donate Life Texas se centra en educar sobre la importancia de la donaci\u00f3n y el aumento del n\u00famero de donantes registrados. Hay m\u00e1s recursos para ayudar a las personas con los esfuerzos de recaudaci\u00f3n de fondos.<\/p>","protected":false},"excerpt":{"rendered":"<p>La donaci\u00f3n y los trasplantes no son acerca de n\u00fameros y estad\u00edsticas. \u00a0Son acerca de las personas, las vidas que tocan y la uni\u00f3n a trav\u00e9s de un acto desinteresado y una necesidad personal. Le invitamos a compartir aqu\u00ed su propia historia de donaci\u00f3n. Si usted es un receptor de trasplante, miembro de la familia [&hellip;]<\/p>\n","protected":false},"author":5,"featured_media":0,"parent":0,"menu_order":2,"comment_status":"closed","ping_status":"open","template":"pageStoryForm.php","meta":{"_acf_changed":false,"footnotes":"","_links_to":"","_links_to_target":""},"class_list":["post-1617","page","type-page","status-publish","hentry"],"acf":[],"yoast_head":"<!-- This site is optimized with the Yoast SEO plugin v27.1.1 - https:\/\/yoast.com\/product\/yoast-seo-wordpress\/ -->\n<title>Comparta Su Historia &#8211; Texas Donor Registry<\/title>\n<meta name=\"description\" content=\"Are you a Texan with an organ, eye or tissue donation story to share? Submit your story to help educate and inspire your community.\" \/>\n<meta name=\"robots\" content=\"index, follow, max-snippet:-1, max-image-preview:large, max-video-preview:-1\" \/>\n<link rel=\"canonical\" href=\"https:\/\/www.donatelifetexas.org\/es\/share-your-story\/\" \/>\n<meta property=\"og:locale\" content=\"es_ES\" \/>\n<meta property=\"og:type\" content=\"article\" \/>\n<meta property=\"og:title\" content=\"Share your story\" \/>\n<meta property=\"og:description\" content=\"Are you a Texan with an organ, eye or tissue donation story to share? Submit your story to help educate and inspire your community.\" \/>\n<meta property=\"og:url\" content=\"https:\/\/www.donatelifetexas.org\/es\/share-your-story\/\" \/>\n<meta property=\"og:site_name\" content=\"Texas Donor Registry\" \/>\n<meta property=\"article:publisher\" content=\"https:\/\/www.facebook.com\/donatelifetexas.org\" \/>\n<meta property=\"article:modified_time\" content=\"2022-04-29T04:18:33+00:00\" \/>\n<meta property=\"og:image\" content=\"https:\/\/www.donatelifetexas.org\/wp-content\/uploads\/2022\/03\/FeatureImage_Stories_1.jpg\" \/>\n\t<meta property=\"og:image:width\" content=\"1200\" \/>\n\t<meta property=\"og:image:height\" content=\"630\" \/>\n\t<meta property=\"og:image:type\" content=\"image\/jpeg\" \/>\n<meta name=\"twitter:card\" content=\"summary_large_image\" \/>\n<meta name=\"twitter:title\" content=\"Share your story\" \/>\n<meta name=\"twitter:description\" content=\"Are you a Texan with an organ, eye or tissue donation story to share? Submit your story to help educate and inspire your community.\" \/>\n<meta name=\"twitter:image\" content=\"https:\/\/www.donatelifetexas.org\/wp-content\/uploads\/2022\/03\/FeatureImage_Stories_1.jpg\" \/>\n<meta name=\"twitter:site\" content=\"@donatelifetexas\" \/>\n<meta name=\"twitter:label1\" content=\"Est. reading time\" \/>\n\t<meta name=\"twitter:data1\" content=\"1 minute\" \/>\n<script type=\"application\/ld+json\" class=\"yoast-schema-graph\">{\"@context\":\"https:\/\/schema.org\",\"@graph\":[{\"@type\":\"WebPage\",\"@id\":\"https:\/\/www.donatelifetexas.org\/es\/share-your-story\/\",\"url\":\"https:\/\/www.donatelifetexas.org\/es\/share-your-story\/\",\"name\":\"Comparta Su Historia &#8211; Texas Donor Registry\",\"isPartOf\":{\"@id\":\"https:\/\/www.donatelifetexas.org\/es\/#website\"},\"datePublished\":\"2015-02-18T23:00:15+00:00\",\"dateModified\":\"2022-04-29T04:18:33+00:00\",\"description\":\"Are you a Texan with an organ, eye or tissue donation story to share? Submit your story to help educate and inspire your community.\",\"breadcrumb\":{\"@id\":\"https:\/\/www.donatelifetexas.org\/es\/share-your-story\/#breadcrumb\"},\"inLanguage\":\"es-ES\",\"potentialAction\":[{\"@type\":\"ReadAction\",\"target\":[[\"https:\/\/www.donatelifetexas.org\/es\/share-your-story\/\"]]}]},{\"@type\":\"BreadcrumbList\",\"@id\":\"https:\/\/www.donatelifetexas.org\/es\/share-your-story\/#breadcrumb\",\"itemListElement\":[{\"@type\":\"ListItem\",\"position\":1,\"name\":\"Home\",\"item\":\"https:\/\/www.donatelifetexas.org\/es\/\"},{\"@type\":\"ListItem\",\"position\":2,\"name\":\"Comparta Su Historia\"}]},{\"@type\":\"WebSite\",\"@id\":\"https:\/\/www.donatelifetexas.org\/es\/#website\",\"url\":\"https:\/\/www.donatelifetexas.org\/es\/\",\"name\":\"Texas Donor Registry\",\"description\":\"Donate Life Texas\",\"publisher\":{\"@id\":\"https:\/\/www.donatelifetexas.org\/es\/#organization\"},\"potentialAction\":[{\"@type\":\"SearchAction\",\"target\":{\"@type\":\"EntryPoint\",\"urlTemplate\":\"https:\/\/www.donatelifetexas.org\/es\/?s={search_term_string}\"},\"query-input\":{\"@type\":\"PropertyValueSpecification\",\"valueRequired\":true,\"valueName\":\"search_term_string\"}}],\"inLanguage\":\"es-ES\"},{\"@type\":\"Organization\",\"@id\":\"https:\/\/www.donatelifetexas.org\/es\/#organization\",\"name\":\"Texas Donor Registry\",\"url\":\"https:\/\/www.donatelifetexas.org\/es\/\",\"logo\":{\"@type\":\"ImageObject\",\"inLanguage\":\"es-ES\",\"@id\":\"https:\/\/www.donatelifetexas.org\/es\/#\/schema\/logo\/image\/\",\"url\":\"https:\/\/www.donatelifetexas.org\/wp-content\/uploads\/2022\/03\/FeatureImage_DLTXLogo_1.jpg\",\"contentUrl\":\"https:\/\/www.donatelifetexas.org\/wp-content\/uploads\/2022\/03\/FeatureImage_DLTXLogo_1.jpg\",\"width\":1200,\"height\":630,\"caption\":\"Texas Donor Registry\"},\"image\":{\"@id\":\"https:\/\/www.donatelifetexas.org\/es\/#\/schema\/logo\/image\/\"},\"sameAs\":[\"https:\/\/www.facebook.com\/donatelifetexas.org\",\"https:\/\/x.com\/donatelifetexas\",\"https:\/\/instagram.com\/donatelifetexas\/\"]}]}<\/script>\n<!-- \/ Yoast SEO plugin. -->","yoast_head_json":{"title":"Comparta Su Historia &#8211; Texas Donor Registry","description":"Are you a Texan with an organ, eye or tissue donation story to share? Submit your story to help educate and inspire your community.","robots":{"index":"index","follow":"follow","max-snippet":"max-snippet:-1","max-image-preview":"max-image-preview:large","max-video-preview":"max-video-preview:-1"},"canonical":"https:\/\/www.donatelifetexas.org\/es\/share-your-story\/","og_locale":"es_ES","og_type":"article","og_title":"Share your story","og_description":"Are you a Texan with an organ, eye or tissue donation story to share? Submit your story to help educate and inspire your community.","og_url":"https:\/\/www.donatelifetexas.org\/es\/share-your-story\/","og_site_name":"Texas Donor Registry","article_publisher":"https:\/\/www.facebook.com\/donatelifetexas.org","article_modified_time":"2022-04-29T04:18:33+00:00","og_image":[{"width":1200,"height":630,"url":"https:\/\/www.donatelifetexas.org\/wp-content\/uploads\/2022\/03\/FeatureImage_Stories_1.jpg","type":"image\/jpeg"}],"twitter_card":"summary_large_image","twitter_title":"Share your story","twitter_description":"Are you a Texan with an organ, eye or tissue donation story to share? Submit your story to help educate and inspire your community.","twitter_image":"https:\/\/www.donatelifetexas.org\/wp-content\/uploads\/2022\/03\/FeatureImage_Stories_1.jpg","twitter_site":"@donatelifetexas","twitter_misc":{"Est. reading time":"1 minute"},"schema":{"@context":"https:\/\/schema.org","@graph":[{"@type":"WebPage","@id":"https:\/\/www.donatelifetexas.org\/es\/share-your-story\/","url":"https:\/\/www.donatelifetexas.org\/es\/share-your-story\/","name":"Comparta Su Historia &#8211; Texas Donor Registry","isPartOf":{"@id":"https:\/\/www.donatelifetexas.org\/es\/#website"},"datePublished":"2015-02-18T23:00:15+00:00","dateModified":"2022-04-29T04:18:33+00:00","description":"Are you a Texan with an organ, eye or tissue donation story to share? Submit your story to help educate and inspire your community.","breadcrumb":{"@id":"https:\/\/www.donatelifetexas.org\/es\/share-your-story\/#breadcrumb"},"inLanguage":"es-ES","potentialAction":[{"@type":"ReadAction","target":[["https:\/\/www.donatelifetexas.org\/es\/share-your-story\/"]]}]},{"@type":"BreadcrumbList","@id":"https:\/\/www.donatelifetexas.org\/es\/share-your-story\/#breadcrumb","itemListElement":[{"@type":"ListItem","position":1,"name":"Home","item":"https:\/\/www.donatelifetexas.org\/es\/"},{"@type":"ListItem","position":2,"name":"Comparta Su Historia"}]},{"@type":"WebSite","@id":"https:\/\/www.donatelifetexas.org\/es\/#website","url":"https:\/\/www.donatelifetexas.org\/es\/","name":"Texas Donor Registry","description":"Donate Life Texas","publisher":{"@id":"https:\/\/www.donatelifetexas.org\/es\/#organization"},"potentialAction":[{"@type":"SearchAction","target":{"@type":"EntryPoint","urlTemplate":"https:\/\/www.donatelifetexas.org\/es\/?s={search_term_string}"},"query-input":{"@type":"PropertyValueSpecification","valueRequired":true,"valueName":"search_term_string"}}],"inLanguage":"es-ES"},{"@type":"Organization","@id":"https:\/\/www.donatelifetexas.org\/es\/#organization","name":"Texas Donor Registry","url":"https:\/\/www.donatelifetexas.org\/es\/","logo":{"@type":"ImageObject","inLanguage":"es-ES","@id":"https:\/\/www.donatelifetexas.org\/es\/#\/schema\/logo\/image\/","url":"https:\/\/www.donatelifetexas.org\/wp-content\/uploads\/2022\/03\/FeatureImage_DLTXLogo_1.jpg","contentUrl":"https:\/\/www.donatelifetexas.org\/wp-content\/uploads\/2022\/03\/FeatureImage_DLTXLogo_1.jpg","width":1200,"height":630,"caption":"Texas Donor Registry"},"image":{"@id":"https:\/\/www.donatelifetexas.org\/es\/#\/schema\/logo\/image\/"},"sameAs":["https:\/\/www.facebook.com\/donatelifetexas.org","https:\/\/x.com\/donatelifetexas","https:\/\/instagram.com\/donatelifetexas\/"]}]}},"publishpress_future_action":{"enabled":false,"date":"2026-04-28 10:51:09","action":"change-status","newStatus":"draft","terms":[],"taxonomy":"","extraData":[]},"publishpress_future_workflow_manual_trigger":{"enabledWorkflows":[]},"_links":{"self":[{"href":"https:\/\/www.donatelifetexas.org\/es\/wp-json\/wp\/v2\/pages\/1617","targetHints":{"allow":["GET"]}}],"collection":[{"href":"https:\/\/www.donatelifetexas.org\/es\/wp-json\/wp\/v2\/pages"}],"about":[{"href":"https:\/\/www.donatelifetexas.org\/es\/wp-json\/wp\/v2\/types\/page"}],"author":[{"embeddable":true,"href":"https:\/\/www.donatelifetexas.org\/es\/wp-json\/wp\/v2\/users\/5"}],"replies":[{"embeddable":true,"href":"https:\/\/www.donatelifetexas.org\/es\/wp-json\/wp\/v2\/comments?post=1617"}],"version-history":[{"count":22,"href":"https:\/\/www.donatelifetexas.org\/es\/wp-json\/wp\/v2\/pages\/1617\/revisions"}],"predecessor-version":[{"id":8686,"href":"https:\/\/www.donatelifetexas.org\/es\/wp-json\/wp\/v2\/pages\/1617\/revisions\/8686"}],"wp:attachment":[{"href":"https:\/\/www.donatelifetexas.org\/es\/wp-json\/wp\/v2\/media?parent=1617"}],"curies":[{"name":"wp","href":"https:\/\/api.w.org\/{rel}","templated":true}]}}