{"id":1612,"date":"2015-02-18T16:58:35","date_gmt":"2015-02-18T22:58:35","guid":{"rendered":"http:\/\/dev.donatelifetexas.inetz.com\/?page_id=1612"},"modified":"2020-04-15T12:19:06","modified_gmt":"2020-04-15T17:19:06","slug":"send-donate-life-e-cards","status":"publish","type":"page","link":"https:\/\/www.donatelifetexas.org\/es\/send-donate-life-e-cards\/","title":{"rendered":"Enviar tarjetas electr\u00f3nicas de Done Vida"},"content":{"rendered":"<p>Corra la voz acerca de la donaci\u00f3n de \u00f3rganos y tejidos mediante una e-card a sus familiares y amigos, con un mensaje personal.<\/p>\n<p style=\"padding-left: 30px;\">Anuncie su decisi\u00f3n de convertirse en un donante<br \/>\nHaga una invitaci\u00f3n para que los dem\u00e1s tambi\u00e9n se inscriban<br \/>\nRinda honores a un miembro de su familia o ser querido que se ha convertido en un donante<\/p>\n<p>\u00a1As\u00ed de f\u00e1cil! \u00a0Simplemente seleccione una e-card, ad\u00e1ptela a su gusto y env\u00edela a tantas direcciones de correo electr\u00f3nico como desee. \u00a0Tambi\u00e9n tendr\u00e1 la opci\u00f3n de publicar su e-card en sus medios sociales.<\/p>\n<p><strong>Las e-cards en esta p\u00e1gina son de uso gratuito.<\/strong>\u00a0\u00a0Para enviar e-cards con respecto a una donaci\u00f3n para Donate Life Texas, tal como una donaci\u00f3n conmemorativa o en homenaje a alguien,\u00a0<a title=\"DLT Financial Gift E-card link\" href=\"https:\/\/www.gifttool.com\/donations\/Donate?ID=2139&amp;AID=4135\">por favor haga clic aqu\u00ed<\/a>.<\/p>\n<p>E-Cards para cualquier d\u00eda:<\/p>\n<ul>\n<li><a title=\"Do you have the heart to be an organ donor?\" href=\"\/ecard\/do-you-have-the-heart-to-be-an-organ-donor\/\">Do you have the heart to be an organ donor?<\/a><\/li>\n<li><a title=\"Relive. Reuse. Recycle.\" href=\"\/ecard\/relive-reuse-recycle\/\">Relive Reuse Recycle<\/a><\/li>\n<li><a title=\"Show your\" href=\"\/ecard\/show-your\/\">Show Your &lt;3<\/a><\/li>\n<\/ul>\n<p>E-cards para eventos especiales:<\/p>\n<ul>\n<li><a title=\"Give the gift that keeps on living.\" href=\"\/ecard\/1796-2\/\">National Donate Life Month<\/a> &#8211; April awareness month for organ, eye, tissue, marrow and blood donations<\/li>\n<li><a title=\"Passed My Test\" href=\"\/ecard\/passed-my-test-got-my-license-became-a-donor\/\">Passed My Test<\/a> &#8211; for new drivers who registered to become an organ donor when getting their first driver&#8217;s license<\/li>\n<\/ul>\n<p>E-cards para conmemorar a un ser querido:<\/p>\n<ul>\n<li><a title=\"They shared through organ donation\" href=\"\/ecard\/they-shared-through-organ-donation\/\">Life is a Gift<\/a> &#8211; \u00a0to honor a loved one who donated his or her organs<\/li>\n<li><a title=\"Where something in their life was lost, they offered the key\" href=\"https:\/\/www.donatelifetexas.org\/ecard\/where-something-in-their-life-was-lost-they-offered-the-key\/\">So Another May Walk, May Talk, May Live<\/a> &#8211; to honor a loved one who donated his or her organs<\/li>\n<li>To send e-cards associated with a financial donation to Donate Life Texas, please <a title=\"DLT Financial Gift E-cards\" href=\"https:\/\/www.gifttool.com\/donations\/Donate?ID=2139&amp;AID=4135\">click here.<\/a><\/li>\n<\/ul>\n<p><strong>Consulte con frecuencia los nuevos dise\u00f1os de temporada y las tarjetas de felicitaciones.<\/strong><\/p>\n<p><a href=\"\/my-ecards\/\"><u>Vea las e-cards que tien<\/u>e<\/a><\/p>\n<p>[ecard_thumbnails]<\/p>","protected":false},"excerpt":{"rendered":"<p>Corra la voz acerca de la donaci\u00f3n de \u00f3rganos y tejidos mediante una e-card a sus familiares y amigos, con un mensaje personal. Anuncie su decisi\u00f3n de convertirse en un donante Haga una invitaci\u00f3n para que los dem\u00e1s tambi\u00e9n se inscriban Rinda honores a un miembro de su familia o ser querido que se ha [&hellip;]<\/p>\n","protected":false},"author":5,"featured_media":0,"parent":0,"menu_order":0,"comment_status":"closed","ping_status":"open","template":"","meta":{"_acf_changed":false,"footnotes":"","_links_to":"","_links_to_target":""},"class_list":["post-1612","page","type-page","status-publish","hentry"],"acf":[],"yoast_head":"<!-- This site is optimized with the Yoast SEO plugin v27.1.1 - https:\/\/yoast.com\/product\/yoast-seo-wordpress\/ -->\n<title>Enviar tarjetas electr\u00f3nicas de Done Vida &#8211; Texas Donor Registry<\/title>\n<meta name=\"robots\" content=\"index, follow, max-snippet:-1, max-image-preview:large, max-video-preview:-1\" \/>\n<link rel=\"canonical\" href=\"https:\/\/www.donatelifetexas.org\/es\/send-donate-life-e-cards\/\" \/>\n<meta property=\"og:locale\" content=\"es_ES\" \/>\n<meta property=\"og:type\" content=\"article\" \/>\n<meta property=\"og:title\" content=\"Enviar tarjetas electr\u00f3nicas de Done Vida &#8211; Texas Donor Registry\" \/>\n<meta property=\"og:description\" content=\"Corra la voz acerca de la donaci\u00f3n de \u00f3rganos y tejidos mediante una e-card a sus familiares y amigos, con un mensaje personal. Anuncie su decisi\u00f3n de convertirse en un donante Haga una invitaci\u00f3n para que los dem\u00e1s tambi\u00e9n se inscriban Rinda honores a un miembro de su familia o ser querido que se ha [&hellip;]\" \/>\n<meta property=\"og:url\" content=\"https:\/\/www.donatelifetexas.org\/es\/send-donate-life-e-cards\/\" \/>\n<meta property=\"og:site_name\" content=\"Texas Donor Registry\" \/>\n<meta property=\"article:publisher\" content=\"https:\/\/www.facebook.com\/donatelifetexas.org\" \/>\n<meta property=\"article:modified_time\" content=\"2020-04-15T17:19:06+00:00\" \/>\n<meta name=\"twitter:card\" content=\"summary_large_image\" \/>\n<meta name=\"twitter:site\" content=\"@donatelifetexas\" \/>\n<meta name=\"twitter:label1\" content=\"Est. reading time\" \/>\n\t<meta name=\"twitter:data1\" content=\"3 minutes\" \/>\n<script type=\"application\/ld+json\" class=\"yoast-schema-graph\">{\"@context\":\"https:\/\/schema.org\",\"@graph\":[{\"@type\":\"WebPage\",\"@id\":\"https:\/\/www.donatelifetexas.org\/es\/send-donate-life-e-cards\/\",\"url\":\"https:\/\/www.donatelifetexas.org\/es\/send-donate-life-e-cards\/\",\"name\":\"Enviar tarjetas electr\u00f3nicas de Done Vida &#8211; Texas Donor Registry\",\"isPartOf\":{\"@id\":\"https:\/\/www.donatelifetexas.org\/es\/#website\"},\"datePublished\":\"2015-02-18T22:58:35+00:00\",\"dateModified\":\"2020-04-15T17:19:06+00:00\",\"breadcrumb\":{\"@id\":\"https:\/\/www.donatelifetexas.org\/es\/send-donate-life-e-cards\/#breadcrumb\"},\"inLanguage\":\"es-ES\",\"potentialAction\":[{\"@type\":\"ReadAction\",\"target\":[[\"https:\/\/www.donatelifetexas.org\/es\/send-donate-life-e-cards\/\"]]}]},{\"@type\":\"BreadcrumbList\",\"@id\":\"https:\/\/www.donatelifetexas.org\/es\/send-donate-life-e-cards\/#breadcrumb\",\"itemListElement\":[{\"@type\":\"ListItem\",\"position\":1,\"name\":\"Home\",\"item\":\"https:\/\/www.donatelifetexas.org\/es\/\"},{\"@type\":\"ListItem\",\"position\":2,\"name\":\"Enviar tarjetas electr\u00f3nicas de Done Vida\"}]},{\"@type\":\"WebSite\",\"@id\":\"https:\/\/www.donatelifetexas.org\/es\/#website\",\"url\":\"https:\/\/www.donatelifetexas.org\/es\/\",\"name\":\"Texas Donor Registry\",\"description\":\"Donate Life Texas\",\"publisher\":{\"@id\":\"https:\/\/www.donatelifetexas.org\/es\/#organization\"},\"potentialAction\":[{\"@type\":\"SearchAction\",\"target\":{\"@type\":\"EntryPoint\",\"urlTemplate\":\"https:\/\/www.donatelifetexas.org\/es\/?s={search_term_string}\"},\"query-input\":{\"@type\":\"PropertyValueSpecification\",\"valueRequired\":true,\"valueName\":\"search_term_string\"}}],\"inLanguage\":\"es-ES\"},{\"@type\":\"Organization\",\"@id\":\"https:\/\/www.donatelifetexas.org\/es\/#organization\",\"name\":\"Texas Donor Registry\",\"url\":\"https:\/\/www.donatelifetexas.org\/es\/\",\"logo\":{\"@type\":\"ImageObject\",\"inLanguage\":\"es-ES\",\"@id\":\"https:\/\/www.donatelifetexas.org\/es\/#\/schema\/logo\/image\/\",\"url\":\"https:\/\/www.donatelifetexas.org\/wp-content\/uploads\/2022\/03\/FeatureImage_DLTXLogo_1.jpg\",\"contentUrl\":\"https:\/\/www.donatelifetexas.org\/wp-content\/uploads\/2022\/03\/FeatureImage_DLTXLogo_1.jpg\",\"width\":1200,\"height\":630,\"caption\":\"Texas Donor Registry\"},\"image\":{\"@id\":\"https:\/\/www.donatelifetexas.org\/es\/#\/schema\/logo\/image\/\"},\"sameAs\":[\"https:\/\/www.facebook.com\/donatelifetexas.org\",\"https:\/\/x.com\/donatelifetexas\",\"https:\/\/instagram.com\/donatelifetexas\/\"]}]}<\/script>\n<!-- \/ Yoast SEO plugin. -->","yoast_head_json":{"title":"Enviar tarjetas electr\u00f3nicas de Done Vida &#8211; Texas Donor Registry","robots":{"index":"index","follow":"follow","max-snippet":"max-snippet:-1","max-image-preview":"max-image-preview:large","max-video-preview":"max-video-preview:-1"},"canonical":"https:\/\/www.donatelifetexas.org\/es\/send-donate-life-e-cards\/","og_locale":"es_ES","og_type":"article","og_title":"Enviar tarjetas electr\u00f3nicas de Done Vida &#8211; Texas Donor Registry","og_description":"Corra la voz acerca de la donaci\u00f3n de \u00f3rganos y tejidos mediante una e-card a sus familiares y amigos, con un mensaje personal. Anuncie su decisi\u00f3n de convertirse en un donante Haga una invitaci\u00f3n para que los dem\u00e1s tambi\u00e9n se inscriban Rinda honores a un miembro de su familia o ser querido que se ha [&hellip;]","og_url":"https:\/\/www.donatelifetexas.org\/es\/send-donate-life-e-cards\/","og_site_name":"Texas Donor Registry","article_publisher":"https:\/\/www.facebook.com\/donatelifetexas.org","article_modified_time":"2020-04-15T17:19:06+00:00","twitter_card":"summary_large_image","twitter_site":"@donatelifetexas","twitter_misc":{"Est. reading time":"3 minutes"},"schema":{"@context":"https:\/\/schema.org","@graph":[{"@type":"WebPage","@id":"https:\/\/www.donatelifetexas.org\/es\/send-donate-life-e-cards\/","url":"https:\/\/www.donatelifetexas.org\/es\/send-donate-life-e-cards\/","name":"Enviar tarjetas electr\u00f3nicas de Done Vida &#8211; Texas Donor Registry","isPartOf":{"@id":"https:\/\/www.donatelifetexas.org\/es\/#website"},"datePublished":"2015-02-18T22:58:35+00:00","dateModified":"2020-04-15T17:19:06+00:00","breadcrumb":{"@id":"https:\/\/www.donatelifetexas.org\/es\/send-donate-life-e-cards\/#breadcrumb"},"inLanguage":"es-ES","potentialAction":[{"@type":"ReadAction","target":[["https:\/\/www.donatelifetexas.org\/es\/send-donate-life-e-cards\/"]]}]},{"@type":"BreadcrumbList","@id":"https:\/\/www.donatelifetexas.org\/es\/send-donate-life-e-cards\/#breadcrumb","itemListElement":[{"@type":"ListItem","position":1,"name":"Home","item":"https:\/\/www.donatelifetexas.org\/es\/"},{"@type":"ListItem","position":2,"name":"Enviar tarjetas electr\u00f3nicas de Done Vida"}]},{"@type":"WebSite","@id":"https:\/\/www.donatelifetexas.org\/es\/#website","url":"https:\/\/www.donatelifetexas.org\/es\/","name":"Texas Donor Registry","description":"Donate Life Texas","publisher":{"@id":"https:\/\/www.donatelifetexas.org\/es\/#organization"},"potentialAction":[{"@type":"SearchAction","target":{"@type":"EntryPoint","urlTemplate":"https:\/\/www.donatelifetexas.org\/es\/?s={search_term_string}"},"query-input":{"@type":"PropertyValueSpecification","valueRequired":true,"valueName":"search_term_string"}}],"inLanguage":"es-ES"},{"@type":"Organization","@id":"https:\/\/www.donatelifetexas.org\/es\/#organization","name":"Texas Donor Registry","url":"https:\/\/www.donatelifetexas.org\/es\/","logo":{"@type":"ImageObject","inLanguage":"es-ES","@id":"https:\/\/www.donatelifetexas.org\/es\/#\/schema\/logo\/image\/","url":"https:\/\/www.donatelifetexas.org\/wp-content\/uploads\/2022\/03\/FeatureImage_DLTXLogo_1.jpg","contentUrl":"https:\/\/www.donatelifetexas.org\/wp-content\/uploads\/2022\/03\/FeatureImage_DLTXLogo_1.jpg","width":1200,"height":630,"caption":"Texas Donor Registry"},"image":{"@id":"https:\/\/www.donatelifetexas.org\/es\/#\/schema\/logo\/image\/"},"sameAs":["https:\/\/www.facebook.com\/donatelifetexas.org","https:\/\/x.com\/donatelifetexas","https:\/\/instagram.com\/donatelifetexas\/"]}]}},"publishpress_future_action":{"enabled":false,"date":"2026-04-16 01:06:48","action":"change-status","newStatus":"draft","terms":[],"taxonomy":"","extraData":[]},"publishpress_future_workflow_manual_trigger":{"enabledWorkflows":[]},"_links":{"self":[{"href":"https:\/\/www.donatelifetexas.org\/es\/wp-json\/wp\/v2\/pages\/1612","targetHints":{"allow":["GET"]}}],"collection":[{"href":"https:\/\/www.donatelifetexas.org\/es\/wp-json\/wp\/v2\/pages"}],"about":[{"href":"https:\/\/www.donatelifetexas.org\/es\/wp-json\/wp\/v2\/types\/page"}],"author":[{"embeddable":true,"href":"https:\/\/www.donatelifetexas.org\/es\/wp-json\/wp\/v2\/users\/5"}],"replies":[{"embeddable":true,"href":"https:\/\/www.donatelifetexas.org\/es\/wp-json\/wp\/v2\/comments?post=1612"}],"version-history":[{"count":23,"href":"https:\/\/www.donatelifetexas.org\/es\/wp-json\/wp\/v2\/pages\/1612\/revisions"}],"predecessor-version":[{"id":5496,"href":"https:\/\/www.donatelifetexas.org\/es\/wp-json\/wp\/v2\/pages\/1612\/revisions\/5496"}],"wp:attachment":[{"href":"https:\/\/www.donatelifetexas.org\/es\/wp-json\/wp\/v2\/media?parent=1612"}],"curies":[{"name":"wp","href":"https:\/\/api.w.org\/{rel}","templated":true}]}}