{"id":1601,"date":"2015-02-18T16:36:28","date_gmt":"2015-02-18T22:36:28","guid":{"rendered":"http:\/\/dev.donatelifetexas.inetz.com\/?page_id=1601"},"modified":"2017-11-17T09:47:16","modified_gmt":"2017-11-17T15:47:16","slug":"student-curriculum","status":"publish","type":"page","link":"https:\/\/www.donatelifetexas.org\/es\/resources-links\/student-curriculum\/","title":{"rendered":"Curr\u00edculo de Estudiante"},"content":{"rendered":"<p>Entender la necesidad y las verdades sobre el proceso de donaci\u00f3n es fundamental para ayudar a las personas de todas las edades a tomar una decisi\u00f3n educada e\u00a0 informada acerca de la inscripci\u00f3n.<\/p>\n<h3><a href=\"http:\/\/www.passitonforlife.org\/\" target=\"_blank\">Pass It On for Life &#8211; Lisa Landry Childress Foundation<\/a>\u00a0(P\u00e1salo por la Vida &#8211; Lisa Landry Childress Foundation)<\/h3>\n<p>&#8220;P\u00e1salo&#8221; es un plan de estudios completo en ingl\u00e9s y espa\u00f1ol, apoyados por tres v\u00eddeos ganadores de premio. El plan de estudios fue elaborado por profesionales de la salud y de la educaci\u00f3n para que sea incluido en los programas escolares, programas para la juventud, escultismo, grupos de la iglesia, y para la educaci\u00f3n de los conductores. Versiones apropiadas del plan \u201cP\u00e1salo\u201d seg\u00fan la edad est\u00e1n disponibles para los ni\u00f1os en los grados de 4 a 8 y de 9 a 12, as\u00ed como para adultos.<\/p>\n<p><a href=\"https:\/\/www.donatelifetexas.org\/wp-content\/uploads\/2015\/02\/Pass_it_on_Banner.jpg\"><img loading=\"lazy\" decoding=\"async\" class=\" size-medium wp-image-2354 aligncenter\" src=\"https:\/\/www.donatelifetexas.org\/wp-content\/uploads\/2015\/02\/Pass_it_on_Banner-300x114.jpg\" alt=\"Pass_it_on_Banner\" width=\"300\" height=\"114\" srcset=\"https:\/\/www.donatelifetexas.org\/wp-content\/uploads\/2015\/02\/Pass_it_on_Banner-300x114.jpg 300w, https:\/\/www.donatelifetexas.org\/wp-content\/uploads\/2015\/02\/Pass_it_on_Banner-1024x391.jpg 1024w, https:\/\/www.donatelifetexas.org\/wp-content\/uploads\/2015\/02\/Pass_it_on_Banner.jpg 1035w\" sizes=\"auto, (max-width: 300px) 100vw, 300px\" \/><\/a><\/p>\n<h3>\u00a0<a href=\"http:\/\/gorecycleyourself.com\/\" target=\"_blank\">Go Recycle Yourself<\/a>\u00a0(Vaya a Reciclarse)<\/h3>\n<p>Esta es una iniciativa para la donaci\u00f3n de \u00f3rganos y tejidos, dise\u00f1ada para apoyar a los profesores de bachillerato y para enganchar al p\u00fablico joven.\u00a0 Su dise\u00f1o, los juegos interactivos, las descargas divertidas, los canales de medios sociales, e historias de la vida real atraen a los estudiantes, quienes pueden inscribirse como donantes en su estado, mientras est\u00e1n en el sitio. Tambi\u00e9n hay una secci\u00f3n para &#8220;Educadores&#8221; donde los profesores pueden acceder a un conjunto de v\u00eddeos, planificaci\u00f3n de lecciones, ejercicios, lectura y actividades con el fin de planificar las clases, una unidad o proyecto estudiantil sobre la donaci\u00f3n.<\/p>\n<p>&nbsp;<\/p>\n<p><a href=\"http:\/\/gorecycleyourself.com\/\"><img loading=\"lazy\" decoding=\"async\" class=\" wp-image-2353 aligncenter\" src=\"https:\/\/www.donatelifetexas.org\/wp-content\/uploads\/2015\/02\/GRY-Collage-300x246.jpg\" alt=\"GRY-Collage\" width=\"448\" height=\"367\" srcset=\"https:\/\/www.donatelifetexas.org\/wp-content\/uploads\/2015\/02\/GRY-Collage-300x246.jpg 300w, https:\/\/www.donatelifetexas.org\/wp-content\/uploads\/2015\/02\/GRY-Collage-1024x841.jpg 1024w\" sizes=\"auto, (max-width: 448px) 100vw, 448px\" \/><\/a><\/p>\n<p>&nbsp;<\/p>\n<p>&nbsp;<\/p>\n<h3>V\u00eddeo de Formaci\u00f3n del Conductor<\/h3>\n<p>Cuando los nuevos conductores soliciten su primera licencia, se les preguntar\u00e1 si quieren inscribirse en el registro de Donate Life Texas para la donaci\u00f3n de \u00f3rganos, ojos y tejidos.\u00a0 \u00a0Este video servir\u00e1 para llevar a los estudiantes hacia una mejor comprensi\u00f3n de la importancia de decir &#8220;s\u00ed&#8221; a la donaci\u00f3n.<\/p>\n<p><iframe loading=\"lazy\" src=\"\/\/www.youtube.com\/embed\/4HrcsM-EFgc?rel=0\" width=\"480\" height=\"360\" frameborder=\"0\" allowfullscreen=\"allowfullscreen\"><\/iframe><\/p>\n<p>&nbsp;<\/p>\n<h3>DLT and DPS Saving Lives Together\u00a0\u2014 Employee Training Video (C\u00f3mo Salvar Vidas con DLT y DPS &#8211; V\u00eddeo de Formaci\u00f3n para Empleados )<\/h3>\n<p>Los empleados de la dependencia de Licencias de Conducir del Texas Department of Public Safety todos los d\u00eda preguntan a miles de tejanos si desean inscribirse en el El Registro Donate Life Texas durante la aplicaci\u00f3n y procesos de renovaci\u00f3n de licencias y tarjetas de identificaci\u00f3n. \u00a0Este video es s\u00f3lo para estos importantes defensores e incluye algunas referencias\u00a0 acerca de nuestra exclusiva asociaci\u00f3n de salvamento.<\/p>\n<p><iframe loading=\"lazy\" src=\"\/\/www.youtube.com\/embed\/oDmt25DVasc?rel=0\" width=\"480\" height=\"360\" frameborder=\"0\" allowfullscreen=\"allowfullscreen\"><\/iframe><\/p>","protected":false},"excerpt":{"rendered":"<p>Entender la necesidad y las verdades sobre el proceso de donaci\u00f3n es fundamental para ayudar a las personas de todas las edades a tomar una decisi\u00f3n educada e\u00a0 informada acerca de la inscripci\u00f3n. Pass It On for Life &#8211; Lisa Landry Childress Foundation\u00a0(P\u00e1salo por la Vida &#8211; Lisa Landry Childress Foundation) &#8220;P\u00e1salo&#8221; es un plan [&hellip;]<\/p>\n","protected":false},"author":5,"featured_media":0,"parent":1591,"menu_order":4,"comment_status":"closed","ping_status":"open","template":"","meta":{"_acf_changed":false,"footnotes":"","_links_to":"","_links_to_target":""},"class_list":["post-1601","page","type-page","status-publish","hentry"],"acf":[],"yoast_head":"<!-- This site is optimized with the Yoast SEO plugin v27.1.1 - https:\/\/yoast.com\/product\/yoast-seo-wordpress\/ -->\n<title>Curr\u00edculo de Estudiante &#8211; Texas Donor Registry<\/title>\n<meta name=\"robots\" content=\"index, follow, max-snippet:-1, max-image-preview:large, max-video-preview:-1\" \/>\n<link rel=\"canonical\" href=\"https:\/\/www.donatelifetexas.org\/es\/resources-links\/student-curriculum\/\" \/>\n<meta property=\"og:locale\" content=\"es_ES\" \/>\n<meta property=\"og:type\" content=\"article\" \/>\n<meta property=\"og:title\" content=\"Curr\u00edculo de Estudiante &#8211; Texas Donor Registry\" \/>\n<meta property=\"og:description\" content=\"Entender la necesidad y las verdades sobre el proceso de donaci\u00f3n es fundamental para ayudar a las personas de todas las edades a tomar una decisi\u00f3n educada e\u00a0 informada acerca de la inscripci\u00f3n. Pass It On for Life &#8211; Lisa Landry Childress Foundation\u00a0(P\u00e1salo por la Vida &#8211; Lisa Landry Childress Foundation) &#8220;P\u00e1salo&#8221; es un plan [&hellip;]\" \/>\n<meta property=\"og:url\" content=\"https:\/\/www.donatelifetexas.org\/es\/resources-links\/student-curriculum\/\" \/>\n<meta property=\"og:site_name\" content=\"Texas Donor Registry\" \/>\n<meta property=\"article:publisher\" content=\"https:\/\/www.facebook.com\/donatelifetexas.org\" \/>\n<meta property=\"article:modified_time\" content=\"2017-11-17T15:47:16+00:00\" \/>\n<meta property=\"og:image\" content=\"https:\/\/www.donatelifetexas.org\/wp-content\/uploads\/2015\/02\/YouthEdGuideCover-230x300.jpg\" \/>\n<meta name=\"twitter:card\" content=\"summary_large_image\" \/>\n<meta name=\"twitter:site\" content=\"@donatelifetexas\" \/>\n<meta name=\"twitter:label1\" content=\"Est. reading time\" \/>\n\t<meta name=\"twitter:data1\" content=\"4 minutes\" \/>\n<script type=\"application\/ld+json\" class=\"yoast-schema-graph\">{\"@context\":\"https:\/\/schema.org\",\"@graph\":[{\"@type\":\"WebPage\",\"@id\":\"https:\/\/www.donatelifetexas.org\/es\/resources-links\/student-curriculum\/\",\"url\":\"https:\/\/www.donatelifetexas.org\/es\/resources-links\/student-curriculum\/\",\"name\":\"Curr\u00edculo de Estudiante &#8211; Texas Donor Registry\",\"isPartOf\":{\"@id\":\"https:\/\/www.donatelifetexas.org\/es\/#website\"},\"primaryImageOfPage\":{\"@id\":\"https:\/\/www.donatelifetexas.org\/es\/resources-links\/student-curriculum\/#primaryimage\"},\"image\":{\"@id\":\"https:\/\/www.donatelifetexas.org\/es\/resources-links\/student-curriculum\/#primaryimage\"},\"thumbnailUrl\":\"https:\/\/www.donatelifetexas.org\/wp-content\/uploads\/2015\/02\/YouthEdGuideCover-230x300.jpg\",\"datePublished\":\"2015-02-18T22:36:28+00:00\",\"dateModified\":\"2017-11-17T15:47:16+00:00\",\"breadcrumb\":{\"@id\":\"https:\/\/www.donatelifetexas.org\/es\/resources-links\/student-curriculum\/#breadcrumb\"},\"inLanguage\":\"es-ES\",\"potentialAction\":[{\"@type\":\"ReadAction\",\"target\":[[\"https:\/\/www.donatelifetexas.org\/es\/resources-links\/student-curriculum\/\"]]}]},{\"@type\":\"ImageObject\",\"inLanguage\":\"es-ES\",\"@id\":\"https:\/\/www.donatelifetexas.org\/es\/resources-links\/student-curriculum\/#primaryimage\",\"url\":\"https:\/\/www.donatelifetexas.org\/wp-content\/uploads\/2015\/02\/YouthEdGuideCover-230x300.jpg\",\"contentUrl\":\"https:\/\/www.donatelifetexas.org\/wp-content\/uploads\/2015\/02\/YouthEdGuideCover-230x300.jpg\"},{\"@type\":\"BreadcrumbList\",\"@id\":\"https:\/\/www.donatelifetexas.org\/es\/resources-links\/student-curriculum\/#breadcrumb\",\"itemListElement\":[{\"@type\":\"ListItem\",\"position\":1,\"name\":\"Home\",\"item\":\"https:\/\/www.donatelifetexas.org\/es\/\"},{\"@type\":\"ListItem\",\"position\":2,\"name\":\"Recursos y Enlaces\",\"item\":\"https:\/\/www.donatelifetexas.org\/es\/resources-links\/\"},{\"@type\":\"ListItem\",\"position\":3,\"name\":\"Curr\u00edculo de Estudiante\"}]},{\"@type\":\"WebSite\",\"@id\":\"https:\/\/www.donatelifetexas.org\/es\/#website\",\"url\":\"https:\/\/www.donatelifetexas.org\/es\/\",\"name\":\"Texas Donor Registry\",\"description\":\"Donate Life Texas\",\"publisher\":{\"@id\":\"https:\/\/www.donatelifetexas.org\/es\/#organization\"},\"potentialAction\":[{\"@type\":\"SearchAction\",\"target\":{\"@type\":\"EntryPoint\",\"urlTemplate\":\"https:\/\/www.donatelifetexas.org\/es\/?s={search_term_string}\"},\"query-input\":{\"@type\":\"PropertyValueSpecification\",\"valueRequired\":true,\"valueName\":\"search_term_string\"}}],\"inLanguage\":\"es-ES\"},{\"@type\":\"Organization\",\"@id\":\"https:\/\/www.donatelifetexas.org\/es\/#organization\",\"name\":\"Texas Donor Registry\",\"url\":\"https:\/\/www.donatelifetexas.org\/es\/\",\"logo\":{\"@type\":\"ImageObject\",\"inLanguage\":\"es-ES\",\"@id\":\"https:\/\/www.donatelifetexas.org\/es\/#\/schema\/logo\/image\/\",\"url\":\"https:\/\/www.donatelifetexas.org\/wp-content\/uploads\/2022\/03\/FeatureImage_DLTXLogo_1.jpg\",\"contentUrl\":\"https:\/\/www.donatelifetexas.org\/wp-content\/uploads\/2022\/03\/FeatureImage_DLTXLogo_1.jpg\",\"width\":1200,\"height\":630,\"caption\":\"Texas Donor Registry\"},\"image\":{\"@id\":\"https:\/\/www.donatelifetexas.org\/es\/#\/schema\/logo\/image\/\"},\"sameAs\":[\"https:\/\/www.facebook.com\/donatelifetexas.org\",\"https:\/\/x.com\/donatelifetexas\",\"https:\/\/instagram.com\/donatelifetexas\/\"]}]}<\/script>\n<!-- \/ Yoast SEO plugin. -->","yoast_head_json":{"title":"Curr\u00edculo de Estudiante &#8211; Texas Donor Registry","robots":{"index":"index","follow":"follow","max-snippet":"max-snippet:-1","max-image-preview":"max-image-preview:large","max-video-preview":"max-video-preview:-1"},"canonical":"https:\/\/www.donatelifetexas.org\/es\/resources-links\/student-curriculum\/","og_locale":"es_ES","og_type":"article","og_title":"Curr\u00edculo de Estudiante &#8211; Texas Donor Registry","og_description":"Entender la necesidad y las verdades sobre el proceso de donaci\u00f3n es fundamental para ayudar a las personas de todas las edades a tomar una decisi\u00f3n educada e\u00a0 informada acerca de la inscripci\u00f3n. Pass It On for Life &#8211; Lisa Landry Childress Foundation\u00a0(P\u00e1salo por la Vida &#8211; Lisa Landry Childress Foundation) &#8220;P\u00e1salo&#8221; es un plan [&hellip;]","og_url":"https:\/\/www.donatelifetexas.org\/es\/resources-links\/student-curriculum\/","og_site_name":"Texas Donor Registry","article_publisher":"https:\/\/www.facebook.com\/donatelifetexas.org","article_modified_time":"2017-11-17T15:47:16+00:00","og_image":[{"url":"https:\/\/www.donatelifetexas.org\/wp-content\/uploads\/2015\/02\/YouthEdGuideCover-230x300.jpg","type":"","width":"","height":""}],"twitter_card":"summary_large_image","twitter_site":"@donatelifetexas","twitter_misc":{"Est. reading time":"4 minutes"},"schema":{"@context":"https:\/\/schema.org","@graph":[{"@type":"WebPage","@id":"https:\/\/www.donatelifetexas.org\/es\/resources-links\/student-curriculum\/","url":"https:\/\/www.donatelifetexas.org\/es\/resources-links\/student-curriculum\/","name":"Curr\u00edculo de Estudiante &#8211; Texas Donor Registry","isPartOf":{"@id":"https:\/\/www.donatelifetexas.org\/es\/#website"},"primaryImageOfPage":{"@id":"https:\/\/www.donatelifetexas.org\/es\/resources-links\/student-curriculum\/#primaryimage"},"image":{"@id":"https:\/\/www.donatelifetexas.org\/es\/resources-links\/student-curriculum\/#primaryimage"},"thumbnailUrl":"https:\/\/www.donatelifetexas.org\/wp-content\/uploads\/2015\/02\/YouthEdGuideCover-230x300.jpg","datePublished":"2015-02-18T22:36:28+00:00","dateModified":"2017-11-17T15:47:16+00:00","breadcrumb":{"@id":"https:\/\/www.donatelifetexas.org\/es\/resources-links\/student-curriculum\/#breadcrumb"},"inLanguage":"es-ES","potentialAction":[{"@type":"ReadAction","target":[["https:\/\/www.donatelifetexas.org\/es\/resources-links\/student-curriculum\/"]]}]},{"@type":"ImageObject","inLanguage":"es-ES","@id":"https:\/\/www.donatelifetexas.org\/es\/resources-links\/student-curriculum\/#primaryimage","url":"https:\/\/www.donatelifetexas.org\/wp-content\/uploads\/2015\/02\/YouthEdGuideCover-230x300.jpg","contentUrl":"https:\/\/www.donatelifetexas.org\/wp-content\/uploads\/2015\/02\/YouthEdGuideCover-230x300.jpg"},{"@type":"BreadcrumbList","@id":"https:\/\/www.donatelifetexas.org\/es\/resources-links\/student-curriculum\/#breadcrumb","itemListElement":[{"@type":"ListItem","position":1,"name":"Home","item":"https:\/\/www.donatelifetexas.org\/es\/"},{"@type":"ListItem","position":2,"name":"Recursos y Enlaces","item":"https:\/\/www.donatelifetexas.org\/es\/resources-links\/"},{"@type":"ListItem","position":3,"name":"Curr\u00edculo de Estudiante"}]},{"@type":"WebSite","@id":"https:\/\/www.donatelifetexas.org\/es\/#website","url":"https:\/\/www.donatelifetexas.org\/es\/","name":"Texas Donor Registry","description":"Donate Life Texas","publisher":{"@id":"https:\/\/www.donatelifetexas.org\/es\/#organization"},"potentialAction":[{"@type":"SearchAction","target":{"@type":"EntryPoint","urlTemplate":"https:\/\/www.donatelifetexas.org\/es\/?s={search_term_string}"},"query-input":{"@type":"PropertyValueSpecification","valueRequired":true,"valueName":"search_term_string"}}],"inLanguage":"es-ES"},{"@type":"Organization","@id":"https:\/\/www.donatelifetexas.org\/es\/#organization","name":"Texas Donor Registry","url":"https:\/\/www.donatelifetexas.org\/es\/","logo":{"@type":"ImageObject","inLanguage":"es-ES","@id":"https:\/\/www.donatelifetexas.org\/es\/#\/schema\/logo\/image\/","url":"https:\/\/www.donatelifetexas.org\/wp-content\/uploads\/2022\/03\/FeatureImage_DLTXLogo_1.jpg","contentUrl":"https:\/\/www.donatelifetexas.org\/wp-content\/uploads\/2022\/03\/FeatureImage_DLTXLogo_1.jpg","width":1200,"height":630,"caption":"Texas Donor Registry"},"image":{"@id":"https:\/\/www.donatelifetexas.org\/es\/#\/schema\/logo\/image\/"},"sameAs":["https:\/\/www.facebook.com\/donatelifetexas.org","https:\/\/x.com\/donatelifetexas","https:\/\/instagram.com\/donatelifetexas\/"]}]}},"publishpress_future_action":{"enabled":false,"date":"2026-04-11 18:02:29","action":"change-status","newStatus":"draft","terms":[],"taxonomy":"","extraData":[]},"publishpress_future_workflow_manual_trigger":{"enabledWorkflows":[]},"_links":{"self":[{"href":"https:\/\/www.donatelifetexas.org\/es\/wp-json\/wp\/v2\/pages\/1601","targetHints":{"allow":["GET"]}}],"collection":[{"href":"https:\/\/www.donatelifetexas.org\/es\/wp-json\/wp\/v2\/pages"}],"about":[{"href":"https:\/\/www.donatelifetexas.org\/es\/wp-json\/wp\/v2\/types\/page"}],"author":[{"embeddable":true,"href":"https:\/\/www.donatelifetexas.org\/es\/wp-json\/wp\/v2\/users\/5"}],"replies":[{"embeddable":true,"href":"https:\/\/www.donatelifetexas.org\/es\/wp-json\/wp\/v2\/comments?post=1601"}],"version-history":[{"count":16,"href":"https:\/\/www.donatelifetexas.org\/es\/wp-json\/wp\/v2\/pages\/1601\/revisions"}],"predecessor-version":[{"id":4579,"href":"https:\/\/www.donatelifetexas.org\/es\/wp-json\/wp\/v2\/pages\/1601\/revisions\/4579"}],"up":[{"embeddable":true,"href":"https:\/\/www.donatelifetexas.org\/es\/wp-json\/wp\/v2\/pages\/1591"}],"wp:attachment":[{"href":"https:\/\/www.donatelifetexas.org\/es\/wp-json\/wp\/v2\/media?parent=1601"}],"curies":[{"name":"wp","href":"https:\/\/api.w.org\/{rel}","templated":true}]}}