{"id":1599,"date":"2015-02-18T16:36:10","date_gmt":"2015-02-18T22:36:10","guid":{"rendered":"http:\/\/dev.donatelifetexas.inetz.com\/?page_id=1599"},"modified":"2021-07-08T09:48:33","modified_gmt":"2021-07-08T14:48:33","slug":"whole-body-donation","status":"publish","type":"page","link":"https:\/\/www.donatelifetexas.org\/es\/resources-links\/whole-body-donation\/","title":{"rendered":"Donaci\u00f3n de Cuerpo Entero"},"content":{"rendered":"<p>La donaci\u00f3n de un cuerpo para fines cient\u00edficos, m\u00e9dicos o de investigaci\u00f3n forense (a veces conocido como &#8220;donaci\u00f3n de cuerpo para la ciencia&#8221;) normalmente se realiza a trav\u00e9s de lo que se denomina un programa de donaci\u00f3n de cuerpo entero. \u00a0Estos programas var\u00edan ampliamente &#8211; algunos aceptan cuerpos de donantes de \u00f3rganos, ojos y tejidos, cubren los gastos y devuelven los restos cremados a las familias de los donantes, mientras que otros no lo hacen.<\/p>\n<p>Si usted est\u00e1 interesado en hacer una donaci\u00f3n de cuerpo entero\/donaci\u00f3n anat\u00f3mica no para<br \/>\ntrasplantar, <strong>por favor, p\u00f3ngase en contacto con el programa de su elecci\u00f3n para obtener m\u00e1s informaci\u00f3n\u00a0y para inscribirse directamente.<\/strong> Tambi\u00e9n se recomienda muy encarecidamente que su familia est\u00e9 consciente de cualquier acuerdo de donaci\u00f3n de cuerpo entero.\u00a0 \u00a0Ya que el El Registro Donate Life Texas se especializa s\u00f3lo en la donaci\u00f3n de \u00f3rganos y tejidos, su inscripci\u00f3n <strong>no cubre la donaci\u00f3n del cuerpo entero<\/strong>.<\/p>\n<p>Por favor tenga en cuenta que el estado del cuerpo en el momento de la muerte, puede que no cumpla con los requisitos necesarios para la donaci\u00f3n. Por esta raz\u00f3n, es recomendable tener un plan alterno para la disposici\u00f3n final del cuerpo.<\/p>\n<h5><strong>Programas de Cuerpo Entero<\/strong><\/h5>\n<p>Programas acreditados de donaci\u00f3n de cuerpo entero puede aceptar cuerpos de los cuales ya se han donado \u00f3rganos, ojos, y tejidos para trasplantes.<\/p>\n<p>Una vez que un cuerpo es aceptado en donaci\u00f3n, estas organizaciones suelen cubrir los gastos de transporte del cuerpo a sus instalaciones de investigaci\u00f3n, creman el cuerpo despu\u00e9s de que terminan los estudios, y devuelven los restos cremados a la familia, normalmente en menos de 8 semanas. No obstante, siempre es recomendable confirmar los detalles de cualquier programa que usted est\u00e9 considerando.<\/p>\n<p>&nbsp;<\/p>\n<h5><strong>Programa de Donaci\u00f3n de Cuerpo para aplicaci\u00f3n Forense<\/strong><\/h5>\n<p>Los programas forenses como este a veces se denominan &#8220;granjas de cuerpos&#8221;. Porque sus estudios involucran la observaci\u00f3n de la descomposici\u00f3n natural del cuerpo, no incineran ninguna porci\u00f3n de los restos y ninguna parte del cuerpo se devuelve a la familia.<\/p>\n<p>&nbsp;<\/p>\n<h5><strong>Programas de Donaci\u00f3n de Cuerpo Entero<\/strong><\/h5>\n<p>Los Programas de Donaci\u00f3n de Cuerpo Entero en instituciones m\u00e9dicas y educativas por lo general no aceptan los cuerpos de los cuales ya se han retirado los \u00f3rganos, ojos, y tejidos. \u00a0 Si se llegara a aceptar el cuerpo del donante, puede que la familia tenga que pagar al menos una parte de los gastos de env\u00edo del cuerpo a las instalaciones.\u00a0\u00a0 Despu\u00e9s de que el cuerpo haya sido cremado, dentro de dos a cinco a\u00f1os, puede que la familia tenga que cubrir el costo de devolver los restos cremados.<\/p>\n<p>&nbsp;<\/p>\n<h5><strong>Hoja de Referencia y la importancia del Consentimiento Informado<\/strong><\/h5>\n<p>El inter\u00e9s de los consumidores en la donaci\u00f3n de cuerpos enteros est\u00e1 en aumento. Por lo general, el p\u00fablico considera la donaci\u00f3n de cuerpos enteros como un acto altruista que ofrece partes del cuerpo, \u00f3rganos y tejido para la investigaci\u00f3n y el desarrollo de bio-productos y nuevos dispositivos.\u00a0 Al considerar la donaci\u00f3n corporal, saber qu\u00e9 preguntas hacer puede ayudarle a tomar una decisi\u00f3n informada.<\/p>\n<p style=\"padding-left: 30px;\"><a href=\"https:\/\/www.donatelifetexas.org\/wp-content\/uploads\/2019\/07\/Whole-Body-Donation-Programs-TRANSLATED-Spanish-Informed-Consent-011718-updated.pdf\" target=\"_blank\" rel=\"noopener noreferrer\">Preguntas para hacer sobre la donaci\u00f3n del cuerpo<\/a><\/p>\n<p>Una vez m\u00e1s, recuerde que la condici\u00f3n del cuerpo en el momento de la muerte puede impedir la donaci\u00f3n, incluso si usted est\u00e1 inscrito con un programa de donaci\u00f3n de cuerpos.\u00a0 Es aconsejable tener un plan alterno para la disposici\u00f3n final del cuerpo.<\/p>","protected":false},"excerpt":{"rendered":"<p>La donaci\u00f3n de un cuerpo para fines cient\u00edficos, m\u00e9dicos o de investigaci\u00f3n forense (a veces conocido como &#8220;donaci\u00f3n de cuerpo para la ciencia&#8221;) normalmente se realiza a trav\u00e9s de lo que se denomina un programa de donaci\u00f3n de cuerpo entero. \u00a0Estos programas var\u00edan ampliamente &#8211; algunos aceptan cuerpos de donantes de \u00f3rganos, ojos y tejidos, [&hellip;]<\/p>\n","protected":false},"author":5,"featured_media":0,"parent":1591,"menu_order":3,"comment_status":"closed","ping_status":"open","template":"","meta":{"_acf_changed":false,"footnotes":"","_links_to":"","_links_to_target":""},"class_list":["post-1599","page","type-page","status-publish","hentry"],"acf":[],"yoast_head":"<!-- This site is optimized with the Yoast SEO plugin v27.1.1 - https:\/\/yoast.com\/product\/yoast-seo-wordpress\/ -->\n<title>Donaci\u00f3n de Cuerpo Entero &#8211; Texas Donor Registry<\/title>\n<meta name=\"robots\" content=\"index, follow, max-snippet:-1, max-image-preview:large, max-video-preview:-1\" \/>\n<link rel=\"canonical\" href=\"https:\/\/www.donatelifetexas.org\/es\/resources-links\/whole-body-donation\/\" \/>\n<meta property=\"og:locale\" content=\"es_ES\" \/>\n<meta property=\"og:type\" content=\"article\" \/>\n<meta property=\"og:title\" content=\"Donaci\u00f3n de Cuerpo Entero &#8211; Texas Donor Registry\" \/>\n<meta property=\"og:description\" content=\"La donaci\u00f3n de un cuerpo para fines cient\u00edficos, m\u00e9dicos o de investigaci\u00f3n forense (a veces conocido como &#8220;donaci\u00f3n de cuerpo para la ciencia&#8221;) normalmente se realiza a trav\u00e9s de lo que se denomina un programa de donaci\u00f3n de cuerpo entero. \u00a0Estos programas var\u00edan ampliamente &#8211; algunos aceptan cuerpos de donantes de \u00f3rganos, ojos y tejidos, [&hellip;]\" \/>\n<meta property=\"og:url\" content=\"https:\/\/www.donatelifetexas.org\/es\/resources-links\/whole-body-donation\/\" \/>\n<meta property=\"og:site_name\" content=\"Texas Donor Registry\" \/>\n<meta property=\"article:publisher\" content=\"https:\/\/www.facebook.com\/donatelifetexas.org\" \/>\n<meta property=\"article:modified_time\" content=\"2021-07-08T14:48:33+00:00\" \/>\n<meta name=\"twitter:card\" content=\"summary_large_image\" \/>\n<meta name=\"twitter:site\" content=\"@donatelifetexas\" \/>\n<meta name=\"twitter:label1\" content=\"Est. reading time\" \/>\n\t<meta name=\"twitter:data1\" content=\"3 minutes\" \/>\n<script type=\"application\/ld+json\" class=\"yoast-schema-graph\">{\"@context\":\"https:\/\/schema.org\",\"@graph\":[{\"@type\":\"WebPage\",\"@id\":\"https:\/\/www.donatelifetexas.org\/es\/resources-links\/whole-body-donation\/\",\"url\":\"https:\/\/www.donatelifetexas.org\/es\/resources-links\/whole-body-donation\/\",\"name\":\"Donaci\u00f3n de Cuerpo Entero &#8211; Texas Donor Registry\",\"isPartOf\":{\"@id\":\"https:\/\/www.donatelifetexas.org\/es\/#website\"},\"datePublished\":\"2015-02-18T22:36:10+00:00\",\"dateModified\":\"2021-07-08T14:48:33+00:00\",\"breadcrumb\":{\"@id\":\"https:\/\/www.donatelifetexas.org\/es\/resources-links\/whole-body-donation\/#breadcrumb\"},\"inLanguage\":\"es-ES\",\"potentialAction\":[{\"@type\":\"ReadAction\",\"target\":[[\"https:\/\/www.donatelifetexas.org\/es\/resources-links\/whole-body-donation\/\"]]}]},{\"@type\":\"BreadcrumbList\",\"@id\":\"https:\/\/www.donatelifetexas.org\/es\/resources-links\/whole-body-donation\/#breadcrumb\",\"itemListElement\":[{\"@type\":\"ListItem\",\"position\":1,\"name\":\"Home\",\"item\":\"https:\/\/www.donatelifetexas.org\/es\/\"},{\"@type\":\"ListItem\",\"position\":2,\"name\":\"Recursos y Enlaces\",\"item\":\"https:\/\/www.donatelifetexas.org\/es\/resources-links\/\"},{\"@type\":\"ListItem\",\"position\":3,\"name\":\"Donaci\u00f3n de Cuerpo Entero\"}]},{\"@type\":\"WebSite\",\"@id\":\"https:\/\/www.donatelifetexas.org\/es\/#website\",\"url\":\"https:\/\/www.donatelifetexas.org\/es\/\",\"name\":\"Texas Donor Registry\",\"description\":\"Donate Life Texas\",\"publisher\":{\"@id\":\"https:\/\/www.donatelifetexas.org\/es\/#organization\"},\"potentialAction\":[{\"@type\":\"SearchAction\",\"target\":{\"@type\":\"EntryPoint\",\"urlTemplate\":\"https:\/\/www.donatelifetexas.org\/es\/?s={search_term_string}\"},\"query-input\":{\"@type\":\"PropertyValueSpecification\",\"valueRequired\":true,\"valueName\":\"search_term_string\"}}],\"inLanguage\":\"es-ES\"},{\"@type\":\"Organization\",\"@id\":\"https:\/\/www.donatelifetexas.org\/es\/#organization\",\"name\":\"Texas Donor Registry\",\"url\":\"https:\/\/www.donatelifetexas.org\/es\/\",\"logo\":{\"@type\":\"ImageObject\",\"inLanguage\":\"es-ES\",\"@id\":\"https:\/\/www.donatelifetexas.org\/es\/#\/schema\/logo\/image\/\",\"url\":\"https:\/\/www.donatelifetexas.org\/wp-content\/uploads\/2022\/03\/FeatureImage_DLTXLogo_1.jpg\",\"contentUrl\":\"https:\/\/www.donatelifetexas.org\/wp-content\/uploads\/2022\/03\/FeatureImage_DLTXLogo_1.jpg\",\"width\":1200,\"height\":630,\"caption\":\"Texas Donor Registry\"},\"image\":{\"@id\":\"https:\/\/www.donatelifetexas.org\/es\/#\/schema\/logo\/image\/\"},\"sameAs\":[\"https:\/\/www.facebook.com\/donatelifetexas.org\",\"https:\/\/x.com\/donatelifetexas\",\"https:\/\/instagram.com\/donatelifetexas\/\"]}]}<\/script>\n<!-- \/ Yoast SEO plugin. -->","yoast_head_json":{"title":"Donaci\u00f3n de Cuerpo Entero &#8211; Texas Donor Registry","robots":{"index":"index","follow":"follow","max-snippet":"max-snippet:-1","max-image-preview":"max-image-preview:large","max-video-preview":"max-video-preview:-1"},"canonical":"https:\/\/www.donatelifetexas.org\/es\/resources-links\/whole-body-donation\/","og_locale":"es_ES","og_type":"article","og_title":"Donaci\u00f3n de Cuerpo Entero &#8211; Texas Donor Registry","og_description":"La donaci\u00f3n de un cuerpo para fines cient\u00edficos, m\u00e9dicos o de investigaci\u00f3n forense (a veces conocido como &#8220;donaci\u00f3n de cuerpo para la ciencia&#8221;) normalmente se realiza a trav\u00e9s de lo que se denomina un programa de donaci\u00f3n de cuerpo entero. \u00a0Estos programas var\u00edan ampliamente &#8211; algunos aceptan cuerpos de donantes de \u00f3rganos, ojos y tejidos, [&hellip;]","og_url":"https:\/\/www.donatelifetexas.org\/es\/resources-links\/whole-body-donation\/","og_site_name":"Texas Donor Registry","article_publisher":"https:\/\/www.facebook.com\/donatelifetexas.org","article_modified_time":"2021-07-08T14:48:33+00:00","twitter_card":"summary_large_image","twitter_site":"@donatelifetexas","twitter_misc":{"Est. reading time":"3 minutes"},"schema":{"@context":"https:\/\/schema.org","@graph":[{"@type":"WebPage","@id":"https:\/\/www.donatelifetexas.org\/es\/resources-links\/whole-body-donation\/","url":"https:\/\/www.donatelifetexas.org\/es\/resources-links\/whole-body-donation\/","name":"Donaci\u00f3n de Cuerpo Entero &#8211; Texas Donor Registry","isPartOf":{"@id":"https:\/\/www.donatelifetexas.org\/es\/#website"},"datePublished":"2015-02-18T22:36:10+00:00","dateModified":"2021-07-08T14:48:33+00:00","breadcrumb":{"@id":"https:\/\/www.donatelifetexas.org\/es\/resources-links\/whole-body-donation\/#breadcrumb"},"inLanguage":"es-ES","potentialAction":[{"@type":"ReadAction","target":[["https:\/\/www.donatelifetexas.org\/es\/resources-links\/whole-body-donation\/"]]}]},{"@type":"BreadcrumbList","@id":"https:\/\/www.donatelifetexas.org\/es\/resources-links\/whole-body-donation\/#breadcrumb","itemListElement":[{"@type":"ListItem","position":1,"name":"Home","item":"https:\/\/www.donatelifetexas.org\/es\/"},{"@type":"ListItem","position":2,"name":"Recursos y Enlaces","item":"https:\/\/www.donatelifetexas.org\/es\/resources-links\/"},{"@type":"ListItem","position":3,"name":"Donaci\u00f3n de Cuerpo Entero"}]},{"@type":"WebSite","@id":"https:\/\/www.donatelifetexas.org\/es\/#website","url":"https:\/\/www.donatelifetexas.org\/es\/","name":"Texas Donor Registry","description":"Donate Life Texas","publisher":{"@id":"https:\/\/www.donatelifetexas.org\/es\/#organization"},"potentialAction":[{"@type":"SearchAction","target":{"@type":"EntryPoint","urlTemplate":"https:\/\/www.donatelifetexas.org\/es\/?s={search_term_string}"},"query-input":{"@type":"PropertyValueSpecification","valueRequired":true,"valueName":"search_term_string"}}],"inLanguage":"es-ES"},{"@type":"Organization","@id":"https:\/\/www.donatelifetexas.org\/es\/#organization","name":"Texas Donor Registry","url":"https:\/\/www.donatelifetexas.org\/es\/","logo":{"@type":"ImageObject","inLanguage":"es-ES","@id":"https:\/\/www.donatelifetexas.org\/es\/#\/schema\/logo\/image\/","url":"https:\/\/www.donatelifetexas.org\/wp-content\/uploads\/2022\/03\/FeatureImage_DLTXLogo_1.jpg","contentUrl":"https:\/\/www.donatelifetexas.org\/wp-content\/uploads\/2022\/03\/FeatureImage_DLTXLogo_1.jpg","width":1200,"height":630,"caption":"Texas Donor Registry"},"image":{"@id":"https:\/\/www.donatelifetexas.org\/es\/#\/schema\/logo\/image\/"},"sameAs":["https:\/\/www.facebook.com\/donatelifetexas.org","https:\/\/x.com\/donatelifetexas","https:\/\/instagram.com\/donatelifetexas\/"]}]}},"publishpress_future_action":{"enabled":false,"date":"2026-04-26 00:02:42","action":"change-status","newStatus":"draft","terms":[],"taxonomy":"","extraData":[]},"publishpress_future_workflow_manual_trigger":{"enabledWorkflows":[]},"_links":{"self":[{"href":"https:\/\/www.donatelifetexas.org\/es\/wp-json\/wp\/v2\/pages\/1599","targetHints":{"allow":["GET"]}}],"collection":[{"href":"https:\/\/www.donatelifetexas.org\/es\/wp-json\/wp\/v2\/pages"}],"about":[{"href":"https:\/\/www.donatelifetexas.org\/es\/wp-json\/wp\/v2\/types\/page"}],"author":[{"embeddable":true,"href":"https:\/\/www.donatelifetexas.org\/es\/wp-json\/wp\/v2\/users\/5"}],"replies":[{"embeddable":true,"href":"https:\/\/www.donatelifetexas.org\/es\/wp-json\/wp\/v2\/comments?post=1599"}],"version-history":[{"count":62,"href":"https:\/\/www.donatelifetexas.org\/es\/wp-json\/wp\/v2\/pages\/1599\/revisions"}],"predecessor-version":[{"id":6233,"href":"https:\/\/www.donatelifetexas.org\/es\/wp-json\/wp\/v2\/pages\/1599\/revisions\/6233"}],"up":[{"embeddable":true,"href":"https:\/\/www.donatelifetexas.org\/es\/wp-json\/wp\/v2\/pages\/1591"}],"wp:attachment":[{"href":"https:\/\/www.donatelifetexas.org\/es\/wp-json\/wp\/v2\/media?parent=1599"}],"curies":[{"name":"wp","href":"https:\/\/api.w.org\/{rel}","templated":true}]}}