{"id":1597,"date":"2015-02-18T16:35:49","date_gmt":"2015-02-18T22:35:49","guid":{"rendered":"http:\/\/dev.donatelifetexas.inetz.com\/?page_id=1597"},"modified":"2020-07-20T14:39:15","modified_gmt":"2020-07-20T19:39:15","slug":"living-donation","status":"publish","type":"page","link":"https:\/\/www.donatelifetexas.org\/es\/resources-links\/living-donation\/","title":{"rendered":"Donaci\u00f3n en Vida"},"content":{"rendered":"<p>La donaci\u00f3n de \u00f3rganos vivos implica la donaci\u00f3n por parte de una persona viva de un ri\u00f1\u00f3n o una parte del h\u00edgado u otros \u00f3rganos. \u00a0El Registro de\u00a0Donantes de Donate Life Texas es s\u00f3lo para registrar el consentimiento para rescatar \u00f3rganos, ojos y tejidos despu\u00e9s de la muerte, y no es parte del proceso de la donaci\u00f3n en vida.<\/p>\n<p>En respuesta a la escasez de \u00f3rganos para trasplantes, familiares, seres queridos, amigos e incluso personas sin ninguna relaci\u00f3n previa, se ofrecen como donantes vivos para el creciente n\u00famero de personas en la Lista de Espera para Trasplantes de \u00f3rganos a nivel nacional. \u00a0Un donante vivo puede salvar y\/o mejorar considerablemente la calidad de vida de un candidato a trasplante.<\/p>\n<p>Sin embargo, toda decisi\u00f3n sobre la donaci\u00f3n de un \u00f3rgano s\u00f3lo deben hacerse con informaci\u00f3n completa sobre los posibles riesgos y beneficios. \u00a0Donate Life Texas no se especializa en la donaci\u00f3n en vida, pero estos enlaces pueden ser \u00fatiles al momento de buscar\u00a0m\u00e1s informaci\u00f3n:<\/p>\n<p><em>Los enlaces y referencias proporcionados por: \u00a0Donate Life Texas (DLT) a organizaciones externas, pueden o no proporcionar informaci\u00f3n o servicios en espa\u00f1ol.\u00a0 Favor de confirmar\u00a0con la organizaci\u00f3n a la que se hace referencia para averiguarlo.<\/em><\/p>\n<h5><strong>Sitios web con informaci\u00f3n de Donantes Vivos\u00a0<\/strong><\/h5>\n<ul>\n<li><a title=\"Informate.org Website\" href=\"http:\/\/www.informate.org\/\" target=\"_blank\" rel=\"noopener noreferrer\">Informate<\/a> &#8211; Informaci\u00f3n sobre la donaci\u00f3n en vida, en espa\u00f1ol.\u00a0Inf\u00f3rmate acerca de la donaci\u00f3n de ri\u00f1\u00f3n en vida en Espa\u00f1ol.<\/li>\n<li><a href=\"http:\/\/www.unos.org\/donation\/index.php?topic=living_donation\" target=\"_blank\" rel=\"noopener noreferrer\">United Network for Organ Sharing<\/a> (UNOS) &#8211; Publicaciones gratuitas sobre la donaci\u00f3n en vida<\/li>\n<li><a title=\"The Living Bank\" href=\"http:\/\/www.livingbank.org\/home\" target=\"_blank\" rel=\"noopener noreferrer\">The Living Bank<\/a> &#8211; Focalizadas en la educaci\u00f3n p\u00fablica y la promoci\u00f3n de la donaci\u00f3n en vida<\/li>\n<li><a href=\"http:\/\/transplantliving.org\/living-donation\/being-a-living-donor\/\" target=\"_blank\" rel=\"noopener noreferrer\">Transplant Living<\/a> &#8211; Informaci\u00f3n sobre los tipos de donaci\u00f3n en vida, los requisitos, el proceso y las consecuencias financieras<\/li>\n<\/ul>\n<h5><strong>Registros de Donantes Renales Vivos\u00a0&#8211; estas organizaciones ayudan a facilitar las donaciones altruistas en pares<\/strong><\/h5>\n<ul>\n<li><a href=\"http:\/\/paireddonation.org\/\" target=\"_blank\" rel=\"noopener noreferrer\">Alliance for Paired Donation<\/a> (APD)<\/li>\n<li><a href=\"http:\/\/www.kidneyregistry.org\/\" target=\"_blank\" rel=\"noopener noreferrer\">National Kidney Registry<\/a>\u00a0(NKR)<\/li>\n<\/ul>\n<h5><strong>Programas de Donantes Renales Vivos en Texas<\/strong><\/h5>\n<ul>\n<li><a href=\"http:\/\/www.baylortransplant.com\/liver\/livingdonor.html\" target=\"_blank\" rel=\"noopener noreferrer\">Baylor Transplant Services Living Liver Program<\/a>\u00a0&#8211; se encuentra ubicado en Dallas, Texas<\/li>\n<li><a href=\"http:\/\/universitytransplantcenter.com\/living-donor-overview\" target=\"_blank\" rel=\"noopener noreferrer\">University Transplant Center Living Liver Program<\/a> &#8211; se encuentra ubicado en San Antonio, Texas<\/li>\n<\/ul>\n<p><\/p>","protected":false},"excerpt":{"rendered":"<p>La donaci\u00f3n de \u00f3rganos vivos implica la donaci\u00f3n por parte de una persona viva de un ri\u00f1\u00f3n o una parte del h\u00edgado u otros \u00f3rganos. \u00a0El Registro de\u00a0Donantes de Donate Life Texas es s\u00f3lo para registrar el consentimiento para rescatar \u00f3rganos, ojos y tejidos despu\u00e9s de la muerte, y no es parte del proceso de [&hellip;]<\/p>\n","protected":false},"author":5,"featured_media":0,"parent":1591,"menu_order":2,"comment_status":"closed","ping_status":"open","template":"","meta":{"_acf_changed":false,"footnotes":"","_links_to":"","_links_to_target":""},"class_list":["post-1597","page","type-page","status-publish","hentry"],"acf":[],"yoast_head":"<!-- This site is optimized with the Yoast SEO plugin v27.1.1 - https:\/\/yoast.com\/product\/yoast-seo-wordpress\/ -->\n<title>Donaci\u00f3n en Vida &#8211; Texas Donor Registry<\/title>\n<meta name=\"robots\" content=\"index, follow, max-snippet:-1, max-image-preview:large, max-video-preview:-1\" \/>\n<link rel=\"canonical\" href=\"https:\/\/www.donatelifetexas.org\/es\/resources-links\/living-donation\/\" \/>\n<meta property=\"og:locale\" content=\"es_ES\" \/>\n<meta property=\"og:type\" content=\"article\" \/>\n<meta property=\"og:title\" content=\"Donaci\u00f3n en Vida &#8211; Texas Donor Registry\" \/>\n<meta property=\"og:description\" content=\"La donaci\u00f3n de \u00f3rganos vivos implica la donaci\u00f3n por parte de una persona viva de un ri\u00f1\u00f3n o una parte del h\u00edgado u otros \u00f3rganos. \u00a0El Registro de\u00a0Donantes de Donate Life Texas es s\u00f3lo para registrar el consentimiento para rescatar \u00f3rganos, ojos y tejidos despu\u00e9s de la muerte, y no es parte del proceso de [&hellip;]\" \/>\n<meta property=\"og:url\" content=\"https:\/\/www.donatelifetexas.org\/es\/resources-links\/living-donation\/\" \/>\n<meta property=\"og:site_name\" content=\"Texas Donor Registry\" \/>\n<meta property=\"article:publisher\" content=\"https:\/\/www.facebook.com\/donatelifetexas.org\" \/>\n<meta property=\"article:modified_time\" content=\"2020-07-20T19:39:15+00:00\" \/>\n<meta name=\"twitter:card\" content=\"summary_large_image\" \/>\n<meta name=\"twitter:site\" content=\"@donatelifetexas\" \/>\n<meta name=\"twitter:label1\" content=\"Est. reading time\" \/>\n\t<meta name=\"twitter:data1\" content=\"2 minutes\" \/>\n<script type=\"application\/ld+json\" class=\"yoast-schema-graph\">{\"@context\":\"https:\/\/schema.org\",\"@graph\":[{\"@type\":\"WebPage\",\"@id\":\"https:\/\/www.donatelifetexas.org\/es\/resources-links\/living-donation\/\",\"url\":\"https:\/\/www.donatelifetexas.org\/es\/resources-links\/living-donation\/\",\"name\":\"Donaci\u00f3n en Vida &#8211; Texas Donor Registry\",\"isPartOf\":{\"@id\":\"https:\/\/www.donatelifetexas.org\/es\/#website\"},\"datePublished\":\"2015-02-18T22:35:49+00:00\",\"dateModified\":\"2020-07-20T19:39:15+00:00\",\"breadcrumb\":{\"@id\":\"https:\/\/www.donatelifetexas.org\/es\/resources-links\/living-donation\/#breadcrumb\"},\"inLanguage\":\"es-ES\",\"potentialAction\":[{\"@type\":\"ReadAction\",\"target\":[[\"https:\/\/www.donatelifetexas.org\/es\/resources-links\/living-donation\/\"]]}]},{\"@type\":\"BreadcrumbList\",\"@id\":\"https:\/\/www.donatelifetexas.org\/es\/resources-links\/living-donation\/#breadcrumb\",\"itemListElement\":[{\"@type\":\"ListItem\",\"position\":1,\"name\":\"Home\",\"item\":\"https:\/\/www.donatelifetexas.org\/es\/\"},{\"@type\":\"ListItem\",\"position\":2,\"name\":\"Recursos y Enlaces\",\"item\":\"https:\/\/www.donatelifetexas.org\/es\/resources-links\/\"},{\"@type\":\"ListItem\",\"position\":3,\"name\":\"Donaci\u00f3n en Vida\"}]},{\"@type\":\"WebSite\",\"@id\":\"https:\/\/www.donatelifetexas.org\/es\/#website\",\"url\":\"https:\/\/www.donatelifetexas.org\/es\/\",\"name\":\"Texas Donor Registry\",\"description\":\"Donate Life Texas\",\"publisher\":{\"@id\":\"https:\/\/www.donatelifetexas.org\/es\/#organization\"},\"potentialAction\":[{\"@type\":\"SearchAction\",\"target\":{\"@type\":\"EntryPoint\",\"urlTemplate\":\"https:\/\/www.donatelifetexas.org\/es\/?s={search_term_string}\"},\"query-input\":{\"@type\":\"PropertyValueSpecification\",\"valueRequired\":true,\"valueName\":\"search_term_string\"}}],\"inLanguage\":\"es-ES\"},{\"@type\":\"Organization\",\"@id\":\"https:\/\/www.donatelifetexas.org\/es\/#organization\",\"name\":\"Texas Donor Registry\",\"url\":\"https:\/\/www.donatelifetexas.org\/es\/\",\"logo\":{\"@type\":\"ImageObject\",\"inLanguage\":\"es-ES\",\"@id\":\"https:\/\/www.donatelifetexas.org\/es\/#\/schema\/logo\/image\/\",\"url\":\"https:\/\/www.donatelifetexas.org\/wp-content\/uploads\/2022\/03\/FeatureImage_DLTXLogo_1.jpg\",\"contentUrl\":\"https:\/\/www.donatelifetexas.org\/wp-content\/uploads\/2022\/03\/FeatureImage_DLTXLogo_1.jpg\",\"width\":1200,\"height\":630,\"caption\":\"Texas Donor Registry\"},\"image\":{\"@id\":\"https:\/\/www.donatelifetexas.org\/es\/#\/schema\/logo\/image\/\"},\"sameAs\":[\"https:\/\/www.facebook.com\/donatelifetexas.org\",\"https:\/\/x.com\/donatelifetexas\",\"https:\/\/instagram.com\/donatelifetexas\/\"]}]}<\/script>\n<!-- \/ Yoast SEO plugin. -->","yoast_head_json":{"title":"Donaci\u00f3n en Vida &#8211; Texas Donor Registry","robots":{"index":"index","follow":"follow","max-snippet":"max-snippet:-1","max-image-preview":"max-image-preview:large","max-video-preview":"max-video-preview:-1"},"canonical":"https:\/\/www.donatelifetexas.org\/es\/resources-links\/living-donation\/","og_locale":"es_ES","og_type":"article","og_title":"Donaci\u00f3n en Vida &#8211; Texas Donor Registry","og_description":"La donaci\u00f3n de \u00f3rganos vivos implica la donaci\u00f3n por parte de una persona viva de un ri\u00f1\u00f3n o una parte del h\u00edgado u otros \u00f3rganos. \u00a0El Registro de\u00a0Donantes de Donate Life Texas es s\u00f3lo para registrar el consentimiento para rescatar \u00f3rganos, ojos y tejidos despu\u00e9s de la muerte, y no es parte del proceso de [&hellip;]","og_url":"https:\/\/www.donatelifetexas.org\/es\/resources-links\/living-donation\/","og_site_name":"Texas Donor Registry","article_publisher":"https:\/\/www.facebook.com\/donatelifetexas.org","article_modified_time":"2020-07-20T19:39:15+00:00","twitter_card":"summary_large_image","twitter_site":"@donatelifetexas","twitter_misc":{"Est. reading time":"2 minutes"},"schema":{"@context":"https:\/\/schema.org","@graph":[{"@type":"WebPage","@id":"https:\/\/www.donatelifetexas.org\/es\/resources-links\/living-donation\/","url":"https:\/\/www.donatelifetexas.org\/es\/resources-links\/living-donation\/","name":"Donaci\u00f3n en Vida &#8211; Texas Donor Registry","isPartOf":{"@id":"https:\/\/www.donatelifetexas.org\/es\/#website"},"datePublished":"2015-02-18T22:35:49+00:00","dateModified":"2020-07-20T19:39:15+00:00","breadcrumb":{"@id":"https:\/\/www.donatelifetexas.org\/es\/resources-links\/living-donation\/#breadcrumb"},"inLanguage":"es-ES","potentialAction":[{"@type":"ReadAction","target":[["https:\/\/www.donatelifetexas.org\/es\/resources-links\/living-donation\/"]]}]},{"@type":"BreadcrumbList","@id":"https:\/\/www.donatelifetexas.org\/es\/resources-links\/living-donation\/#breadcrumb","itemListElement":[{"@type":"ListItem","position":1,"name":"Home","item":"https:\/\/www.donatelifetexas.org\/es\/"},{"@type":"ListItem","position":2,"name":"Recursos y Enlaces","item":"https:\/\/www.donatelifetexas.org\/es\/resources-links\/"},{"@type":"ListItem","position":3,"name":"Donaci\u00f3n en Vida"}]},{"@type":"WebSite","@id":"https:\/\/www.donatelifetexas.org\/es\/#website","url":"https:\/\/www.donatelifetexas.org\/es\/","name":"Texas Donor Registry","description":"Donate Life Texas","publisher":{"@id":"https:\/\/www.donatelifetexas.org\/es\/#organization"},"potentialAction":[{"@type":"SearchAction","target":{"@type":"EntryPoint","urlTemplate":"https:\/\/www.donatelifetexas.org\/es\/?s={search_term_string}"},"query-input":{"@type":"PropertyValueSpecification","valueRequired":true,"valueName":"search_term_string"}}],"inLanguage":"es-ES"},{"@type":"Organization","@id":"https:\/\/www.donatelifetexas.org\/es\/#organization","name":"Texas Donor Registry","url":"https:\/\/www.donatelifetexas.org\/es\/","logo":{"@type":"ImageObject","inLanguage":"es-ES","@id":"https:\/\/www.donatelifetexas.org\/es\/#\/schema\/logo\/image\/","url":"https:\/\/www.donatelifetexas.org\/wp-content\/uploads\/2022\/03\/FeatureImage_DLTXLogo_1.jpg","contentUrl":"https:\/\/www.donatelifetexas.org\/wp-content\/uploads\/2022\/03\/FeatureImage_DLTXLogo_1.jpg","width":1200,"height":630,"caption":"Texas Donor Registry"},"image":{"@id":"https:\/\/www.donatelifetexas.org\/es\/#\/schema\/logo\/image\/"},"sameAs":["https:\/\/www.facebook.com\/donatelifetexas.org","https:\/\/x.com\/donatelifetexas","https:\/\/instagram.com\/donatelifetexas\/"]}]}},"publishpress_future_action":{"enabled":false,"date":"2026-04-11 00:46:58","action":"change-status","newStatus":"draft","terms":[],"taxonomy":"","extraData":[]},"publishpress_future_workflow_manual_trigger":{"enabledWorkflows":[]},"_links":{"self":[{"href":"https:\/\/www.donatelifetexas.org\/es\/wp-json\/wp\/v2\/pages\/1597","targetHints":{"allow":["GET"]}}],"collection":[{"href":"https:\/\/www.donatelifetexas.org\/es\/wp-json\/wp\/v2\/pages"}],"about":[{"href":"https:\/\/www.donatelifetexas.org\/es\/wp-json\/wp\/v2\/types\/page"}],"author":[{"embeddable":true,"href":"https:\/\/www.donatelifetexas.org\/es\/wp-json\/wp\/v2\/users\/5"}],"replies":[{"embeddable":true,"href":"https:\/\/www.donatelifetexas.org\/es\/wp-json\/wp\/v2\/comments?post=1597"}],"version-history":[{"count":18,"href":"https:\/\/www.donatelifetexas.org\/es\/wp-json\/wp\/v2\/pages\/1597\/revisions"}],"predecessor-version":[{"id":33033,"href":"https:\/\/www.donatelifetexas.org\/es\/wp-json\/wp\/v2\/pages\/1597\/revisions\/33033"}],"up":[{"embeddable":true,"href":"https:\/\/www.donatelifetexas.org\/es\/wp-json\/wp\/v2\/pages\/1591"}],"wp:attachment":[{"href":"https:\/\/www.donatelifetexas.org\/es\/wp-json\/wp\/v2\/media?parent=1597"}],"curies":[{"name":"wp","href":"https:\/\/api.w.org\/{rel}","templated":true}]}}