{"id":1595,"date":"2015-02-18T16:35:30","date_gmt":"2015-02-18T22:35:30","guid":{"rendered":"http:\/\/dev.donatelifetexas.inetz.com\/?page_id=1595"},"modified":"2017-07-05T15:42:49","modified_gmt":"2017-07-05T20:42:49","slug":"national-organizations","status":"publish","type":"page","link":"https:\/\/www.donatelifetexas.org\/es\/resources-links\/national-organizations\/","title":{"rendered":"Organizaciones Nacionales"},"content":{"rendered":"<p>Aqu\u00ed tenemos algunos recursos confiables a nivel nacional para obtener informaci\u00f3n acerca de una variedad de aspectos de la donaci\u00f3n de \u00f3rganos y tejidos y de temas relacionados.<\/p>\n<p><em>Los enlaces y referencias proporcionados por: \u00a0Donate Life Texas (DLT) a organizaciones externas, pueden o no proporcionar informaci\u00f3n o servicios en espa\u00f1ol.\u00a0 Favor de confirmar\u00a0con la organizaci\u00f3n a la que se hace referencia para averiguarlo<\/em><\/p>\n<p>Organizaciones de Donaci\u00f3n de \u00d3rganos y Tejidos<\/p>\n<ul>\n<li><a href=\"http:\/\/www.donatelife.net\" target=\"_blank\">Donate Life America<\/a><\/li>\n<li><a href=\"http:\/\/www.unos.org\/\" target=\"_blank\">United Network for Organ Sharing<\/a><\/li>\n<li><a href=\"http:\/\/www.aatb.org\/\" target=\"_blank\">American Association of Tissue Banks<\/a><\/li>\n<li><a href=\"http:\/\/www.restoresight.org\/\" target=\"_blank\">Eye Bank Association of America<\/a><\/li>\n<li><a href=\"http:\/\/optn.transplant.hrsa.gov\/\" target=\"_blank\">Organ Procurement and Transplantation Network<\/a><\/li>\n<li><a href=\"http:\/\/www.amat1.org\/\" target=\"_blank\">Association for Multicultural Affairs in Transplantation<\/a><\/li>\n<li><a href=\"http:\/\/www.organdonor.gov\" target=\"_blank\">US Department of Health and Human Services<\/a><\/li>\n<\/ul>\n<p>Organizaciones y Causas Relacionadas<\/p>\n<ul>\n<li><a title=\"ABC Webstie\" href=\"http:\/\/www.americasblood.org\/\" target=\"_blank\">America&#8217;s Blood Centers<\/a> &#8211; Busque un centro de sangre comunitario cercano<\/li>\n<li><a title=\"Be The Match Website\" href=\"http:\/\/www.bethematch.org\" target=\"_blank\">Be The Match<\/a> &#8211; Registro Nacional para la donaci\u00f3n de m\u00e9dula \u00f3sea y c\u00e9lulas madre adultas<\/li>\n<\/ul>\n<p><\/p>","protected":false},"excerpt":{"rendered":"<p>Aqu\u00ed tenemos algunos recursos confiables a nivel nacional para obtener informaci\u00f3n acerca de una variedad de aspectos de la donaci\u00f3n de \u00f3rganos y tejidos y de temas relacionados. Los enlaces y referencias proporcionados por: \u00a0Donate Life Texas (DLT) a organizaciones externas, pueden o no proporcionar informaci\u00f3n o servicios en espa\u00f1ol.\u00a0 Favor de confirmar\u00a0con la organizaci\u00f3n [&hellip;]<\/p>\n","protected":false},"author":5,"featured_media":0,"parent":1591,"menu_order":1,"comment_status":"closed","ping_status":"open","template":"","meta":{"_acf_changed":false,"footnotes":"","_links_to":"","_links_to_target":""},"class_list":["post-1595","page","type-page","status-publish","hentry"],"acf":[],"yoast_head":"<!-- This site is optimized with the Yoast SEO plugin v27.1.1 - https:\/\/yoast.com\/product\/yoast-seo-wordpress\/ -->\n<title>Organizaciones Nacionales &#8211; Texas Donor Registry<\/title>\n<meta name=\"robots\" content=\"index, follow, max-snippet:-1, max-image-preview:large, max-video-preview:-1\" \/>\n<link rel=\"canonical\" href=\"https:\/\/www.donatelifetexas.org\/es\/resources-links\/national-organizations\/\" \/>\n<meta property=\"og:locale\" content=\"es_ES\" \/>\n<meta property=\"og:type\" content=\"article\" \/>\n<meta property=\"og:title\" content=\"Organizaciones Nacionales &#8211; Texas Donor Registry\" \/>\n<meta property=\"og:description\" content=\"Aqu\u00ed tenemos algunos recursos confiables a nivel nacional para obtener informaci\u00f3n acerca de una variedad de aspectos de la donaci\u00f3n de \u00f3rganos y tejidos y de temas relacionados. Los enlaces y referencias proporcionados por: \u00a0Donate Life Texas (DLT) a organizaciones externas, pueden o no proporcionar informaci\u00f3n o servicios en espa\u00f1ol.\u00a0 Favor de confirmar\u00a0con la organizaci\u00f3n [&hellip;]\" \/>\n<meta property=\"og:url\" content=\"https:\/\/www.donatelifetexas.org\/es\/resources-links\/national-organizations\/\" \/>\n<meta property=\"og:site_name\" content=\"Texas Donor Registry\" \/>\n<meta property=\"article:publisher\" content=\"https:\/\/www.facebook.com\/donatelifetexas.org\" \/>\n<meta property=\"article:modified_time\" content=\"2017-07-05T20:42:49+00:00\" \/>\n<meta name=\"twitter:card\" content=\"summary_large_image\" \/>\n<meta name=\"twitter:site\" content=\"@donatelifetexas\" \/>\n<meta name=\"twitter:label1\" content=\"Est. reading time\" \/>\n\t<meta name=\"twitter:data1\" content=\"1 minute\" \/>\n<script type=\"application\/ld+json\" class=\"yoast-schema-graph\">{\"@context\":\"https:\/\/schema.org\",\"@graph\":[{\"@type\":\"WebPage\",\"@id\":\"https:\/\/www.donatelifetexas.org\/es\/resources-links\/national-organizations\/\",\"url\":\"https:\/\/www.donatelifetexas.org\/es\/resources-links\/national-organizations\/\",\"name\":\"Organizaciones Nacionales &#8211; Texas Donor Registry\",\"isPartOf\":{\"@id\":\"https:\/\/www.donatelifetexas.org\/es\/#website\"},\"datePublished\":\"2015-02-18T22:35:30+00:00\",\"dateModified\":\"2017-07-05T20:42:49+00:00\",\"breadcrumb\":{\"@id\":\"https:\/\/www.donatelifetexas.org\/es\/resources-links\/national-organizations\/#breadcrumb\"},\"inLanguage\":\"es-ES\",\"potentialAction\":[{\"@type\":\"ReadAction\",\"target\":[[\"https:\/\/www.donatelifetexas.org\/es\/resources-links\/national-organizations\/\"]]}]},{\"@type\":\"BreadcrumbList\",\"@id\":\"https:\/\/www.donatelifetexas.org\/es\/resources-links\/national-organizations\/#breadcrumb\",\"itemListElement\":[{\"@type\":\"ListItem\",\"position\":1,\"name\":\"Home\",\"item\":\"https:\/\/www.donatelifetexas.org\/es\/\"},{\"@type\":\"ListItem\",\"position\":2,\"name\":\"Recursos y Enlaces\",\"item\":\"https:\/\/www.donatelifetexas.org\/es\/resources-links\/\"},{\"@type\":\"ListItem\",\"position\":3,\"name\":\"Organizaciones Nacionales\"}]},{\"@type\":\"WebSite\",\"@id\":\"https:\/\/www.donatelifetexas.org\/es\/#website\",\"url\":\"https:\/\/www.donatelifetexas.org\/es\/\",\"name\":\"Texas Donor Registry\",\"description\":\"Donate Life Texas\",\"publisher\":{\"@id\":\"https:\/\/www.donatelifetexas.org\/es\/#organization\"},\"potentialAction\":[{\"@type\":\"SearchAction\",\"target\":{\"@type\":\"EntryPoint\",\"urlTemplate\":\"https:\/\/www.donatelifetexas.org\/es\/?s={search_term_string}\"},\"query-input\":{\"@type\":\"PropertyValueSpecification\",\"valueRequired\":true,\"valueName\":\"search_term_string\"}}],\"inLanguage\":\"es-ES\"},{\"@type\":\"Organization\",\"@id\":\"https:\/\/www.donatelifetexas.org\/es\/#organization\",\"name\":\"Texas Donor Registry\",\"url\":\"https:\/\/www.donatelifetexas.org\/es\/\",\"logo\":{\"@type\":\"ImageObject\",\"inLanguage\":\"es-ES\",\"@id\":\"https:\/\/www.donatelifetexas.org\/es\/#\/schema\/logo\/image\/\",\"url\":\"https:\/\/www.donatelifetexas.org\/wp-content\/uploads\/2022\/03\/FeatureImage_DLTXLogo_1.jpg\",\"contentUrl\":\"https:\/\/www.donatelifetexas.org\/wp-content\/uploads\/2022\/03\/FeatureImage_DLTXLogo_1.jpg\",\"width\":1200,\"height\":630,\"caption\":\"Texas Donor Registry\"},\"image\":{\"@id\":\"https:\/\/www.donatelifetexas.org\/es\/#\/schema\/logo\/image\/\"},\"sameAs\":[\"https:\/\/www.facebook.com\/donatelifetexas.org\",\"https:\/\/x.com\/donatelifetexas\",\"https:\/\/instagram.com\/donatelifetexas\/\"]}]}<\/script>\n<!-- \/ Yoast SEO plugin. -->","yoast_head_json":{"title":"Organizaciones Nacionales &#8211; Texas Donor Registry","robots":{"index":"index","follow":"follow","max-snippet":"max-snippet:-1","max-image-preview":"max-image-preview:large","max-video-preview":"max-video-preview:-1"},"canonical":"https:\/\/www.donatelifetexas.org\/es\/resources-links\/national-organizations\/","og_locale":"es_ES","og_type":"article","og_title":"Organizaciones Nacionales &#8211; Texas Donor Registry","og_description":"Aqu\u00ed tenemos algunos recursos confiables a nivel nacional para obtener informaci\u00f3n acerca de una variedad de aspectos de la donaci\u00f3n de \u00f3rganos y tejidos y de temas relacionados. Los enlaces y referencias proporcionados por: \u00a0Donate Life Texas (DLT) a organizaciones externas, pueden o no proporcionar informaci\u00f3n o servicios en espa\u00f1ol.\u00a0 Favor de confirmar\u00a0con la organizaci\u00f3n [&hellip;]","og_url":"https:\/\/www.donatelifetexas.org\/es\/resources-links\/national-organizations\/","og_site_name":"Texas Donor Registry","article_publisher":"https:\/\/www.facebook.com\/donatelifetexas.org","article_modified_time":"2017-07-05T20:42:49+00:00","twitter_card":"summary_large_image","twitter_site":"@donatelifetexas","twitter_misc":{"Est. reading time":"1 minute"},"schema":{"@context":"https:\/\/schema.org","@graph":[{"@type":"WebPage","@id":"https:\/\/www.donatelifetexas.org\/es\/resources-links\/national-organizations\/","url":"https:\/\/www.donatelifetexas.org\/es\/resources-links\/national-organizations\/","name":"Organizaciones Nacionales &#8211; Texas Donor Registry","isPartOf":{"@id":"https:\/\/www.donatelifetexas.org\/es\/#website"},"datePublished":"2015-02-18T22:35:30+00:00","dateModified":"2017-07-05T20:42:49+00:00","breadcrumb":{"@id":"https:\/\/www.donatelifetexas.org\/es\/resources-links\/national-organizations\/#breadcrumb"},"inLanguage":"es-ES","potentialAction":[{"@type":"ReadAction","target":[["https:\/\/www.donatelifetexas.org\/es\/resources-links\/national-organizations\/"]]}]},{"@type":"BreadcrumbList","@id":"https:\/\/www.donatelifetexas.org\/es\/resources-links\/national-organizations\/#breadcrumb","itemListElement":[{"@type":"ListItem","position":1,"name":"Home","item":"https:\/\/www.donatelifetexas.org\/es\/"},{"@type":"ListItem","position":2,"name":"Recursos y Enlaces","item":"https:\/\/www.donatelifetexas.org\/es\/resources-links\/"},{"@type":"ListItem","position":3,"name":"Organizaciones Nacionales"}]},{"@type":"WebSite","@id":"https:\/\/www.donatelifetexas.org\/es\/#website","url":"https:\/\/www.donatelifetexas.org\/es\/","name":"Texas Donor Registry","description":"Donate Life Texas","publisher":{"@id":"https:\/\/www.donatelifetexas.org\/es\/#organization"},"potentialAction":[{"@type":"SearchAction","target":{"@type":"EntryPoint","urlTemplate":"https:\/\/www.donatelifetexas.org\/es\/?s={search_term_string}"},"query-input":{"@type":"PropertyValueSpecification","valueRequired":true,"valueName":"search_term_string"}}],"inLanguage":"es-ES"},{"@type":"Organization","@id":"https:\/\/www.donatelifetexas.org\/es\/#organization","name":"Texas Donor Registry","url":"https:\/\/www.donatelifetexas.org\/es\/","logo":{"@type":"ImageObject","inLanguage":"es-ES","@id":"https:\/\/www.donatelifetexas.org\/es\/#\/schema\/logo\/image\/","url":"https:\/\/www.donatelifetexas.org\/wp-content\/uploads\/2022\/03\/FeatureImage_DLTXLogo_1.jpg","contentUrl":"https:\/\/www.donatelifetexas.org\/wp-content\/uploads\/2022\/03\/FeatureImage_DLTXLogo_1.jpg","width":1200,"height":630,"caption":"Texas Donor Registry"},"image":{"@id":"https:\/\/www.donatelifetexas.org\/es\/#\/schema\/logo\/image\/"},"sameAs":["https:\/\/www.facebook.com\/donatelifetexas.org","https:\/\/x.com\/donatelifetexas","https:\/\/instagram.com\/donatelifetexas\/"]}]}},"publishpress_future_action":{"enabled":false,"date":"2026-04-12 10:29:44","action":"change-status","newStatus":"draft","terms":[],"taxonomy":"","extraData":[]},"publishpress_future_workflow_manual_trigger":{"enabledWorkflows":[]},"_links":{"self":[{"href":"https:\/\/www.donatelifetexas.org\/es\/wp-json\/wp\/v2\/pages\/1595","targetHints":{"allow":["GET"]}}],"collection":[{"href":"https:\/\/www.donatelifetexas.org\/es\/wp-json\/wp\/v2\/pages"}],"about":[{"href":"https:\/\/www.donatelifetexas.org\/es\/wp-json\/wp\/v2\/types\/page"}],"author":[{"embeddable":true,"href":"https:\/\/www.donatelifetexas.org\/es\/wp-json\/wp\/v2\/users\/5"}],"replies":[{"embeddable":true,"href":"https:\/\/www.donatelifetexas.org\/es\/wp-json\/wp\/v2\/comments?post=1595"}],"version-history":[{"count":13,"href":"https:\/\/www.donatelifetexas.org\/es\/wp-json\/wp\/v2\/pages\/1595\/revisions"}],"predecessor-version":[{"id":4144,"href":"https:\/\/www.donatelifetexas.org\/es\/wp-json\/wp\/v2\/pages\/1595\/revisions\/4144"}],"up":[{"embeddable":true,"href":"https:\/\/www.donatelifetexas.org\/es\/wp-json\/wp\/v2\/pages\/1591"}],"wp:attachment":[{"href":"https:\/\/www.donatelifetexas.org\/es\/wp-json\/wp\/v2\/media?parent=1595"}],"curies":[{"name":"wp","href":"https:\/\/api.w.org\/{rel}","templated":true}]}}