{"id":1591,"date":"2015-02-18T16:34:54","date_gmt":"2015-02-18T22:34:54","guid":{"rendered":"http:\/\/dev.donatelifetexas.inetz.com\/?page_id=1591"},"modified":"2017-07-05T15:40:29","modified_gmt":"2017-07-05T20:40:29","slug":"resources-links","status":"publish","type":"page","link":"https:\/\/www.donatelifetexas.org\/es\/resources-links\/","title":{"rendered":"Recursos y Enlaces"},"content":{"rendered":"<p>Aqu\u00ed hemos recopilado una serie de enlaces y recursos que pueden resultarle \u00fatiles a medida que usted se informa acerca de otras facetas de la donaci\u00f3n, obsequios anat\u00f3micos y el don precioso de la vida.<\/p>\n<p>*<em>Los enlaces y referencias proporcionados por: \u00a0Donate Life Texas (DLT) a organizaciones externas, pueden o no proporcionar informaci\u00f3n o servicios en espa\u00f1ol.\u00a0 Favor de confirmar\u00a0con la organizaci\u00f3n a la que se hace referencia para averiguarlo.<\/em><\/p>\n<ul>\n<li><a href=\"https:\/\/www.donatelifetexas.org\/learn-more\/resources-links\/donor-family-support-2\/\" target=\"_blank\">Apoyo para las Familias de los Donantes<\/a><\/li>\n<li><a title=\"ABC Website\" href=\"http:\/\/www.americasblood.org\" target=\"_blank\">America&#8217;s Blood Centers<\/a><\/li>\n<li><a title=\"Be the Match Website\" href=\"http:\/\/www.BeTheMatch.org\" target=\"_blank\">Be The Match National Marrow Donor Registry<\/a><\/li>\n<li><a href=\"https:\/\/www.donatelifetexas.org\/for-funeral-directors\/\" target=\"_blank\">Para los Directores de Funerales<\/a><\/li>\n<li><a href=\"https:\/\/www.donatelifetexas.org\/learn-more\/resources-links\/living-donation\/\">Donaci\u00f3n en Vida<\/a><\/li>\n<li><a title=\"Whole Body Donation\" href=\"https:\/\/www.donatelifetexas.org\/learn-more\/resources-links\/whole-body-donation\/\">Donaci\u00f3n de Cuerpo Entero<\/a><\/li>\n<li><a title=\"Student Curriculum\" href=\"https:\/\/www.donatelifetexas.org\/learn-more\/resources-links\/student-curriculum\/\">Plan de Estudio del Estudiante<\/a><\/li>\n<\/ul>\n<p><\/p>","protected":false},"excerpt":{"rendered":"<p>Aqu\u00ed hemos recopilado una serie de enlaces y recursos que pueden resultarle \u00fatiles a medida que usted se informa acerca de otras facetas de la donaci\u00f3n, obsequios anat\u00f3micos y el don precioso de la vida. *Los enlaces y referencias proporcionados por: \u00a0Donate Life Texas (DLT) a organizaciones externas, pueden o no proporcionar informaci\u00f3n o servicios [&hellip;]<\/p>\n","protected":false},"author":5,"featured_media":0,"parent":0,"menu_order":0,"comment_status":"closed","ping_status":"closed","template":"","meta":{"_acf_changed":false,"footnotes":"","_links_to":"","_links_to_target":""},"class_list":["post-1591","page","type-page","status-publish","hentry"],"acf":[],"yoast_head":"<!-- This site is optimized with the Yoast SEO plugin v27.1.1 - https:\/\/yoast.com\/product\/yoast-seo-wordpress\/ -->\n<title>Recursos y Enlaces &#8211; Texas Donor Registry<\/title>\n<meta name=\"robots\" content=\"index, follow, max-snippet:-1, max-image-preview:large, max-video-preview:-1\" \/>\n<link rel=\"canonical\" href=\"https:\/\/www.donatelifetexas.org\/es\/resources-links\/\" \/>\n<meta property=\"og:locale\" content=\"es_ES\" \/>\n<meta property=\"og:type\" content=\"article\" \/>\n<meta property=\"og:title\" content=\"Recursos y Enlaces &#8211; Texas Donor Registry\" \/>\n<meta property=\"og:description\" content=\"Aqu\u00ed hemos recopilado una serie de enlaces y recursos que pueden resultarle \u00fatiles a medida que usted se informa acerca de otras facetas de la donaci\u00f3n, obsequios anat\u00f3micos y el don precioso de la vida. *Los enlaces y referencias proporcionados por: \u00a0Donate Life Texas (DLT) a organizaciones externas, pueden o no proporcionar informaci\u00f3n o servicios [&hellip;]\" \/>\n<meta property=\"og:url\" content=\"https:\/\/www.donatelifetexas.org\/es\/resources-links\/\" \/>\n<meta property=\"og:site_name\" content=\"Texas Donor Registry\" \/>\n<meta property=\"article:publisher\" content=\"https:\/\/www.facebook.com\/donatelifetexas.org\" \/>\n<meta property=\"article:modified_time\" content=\"2017-07-05T20:40:29+00:00\" \/>\n<meta name=\"twitter:card\" content=\"summary_large_image\" \/>\n<meta name=\"twitter:site\" content=\"@donatelifetexas\" \/>\n<meta name=\"twitter:label1\" content=\"Est. reading time\" \/>\n\t<meta name=\"twitter:data1\" content=\"1 minute\" \/>\n<script type=\"application\/ld+json\" class=\"yoast-schema-graph\">{\"@context\":\"https:\/\/schema.org\",\"@graph\":[{\"@type\":\"WebPage\",\"@id\":\"https:\/\/www.donatelifetexas.org\/es\/resources-links\/\",\"url\":\"https:\/\/www.donatelifetexas.org\/es\/resources-links\/\",\"name\":\"Recursos y Enlaces &#8211; Texas Donor Registry\",\"isPartOf\":{\"@id\":\"https:\/\/www.donatelifetexas.org\/es\/#website\"},\"datePublished\":\"2015-02-18T22:34:54+00:00\",\"dateModified\":\"2017-07-05T20:40:29+00:00\",\"breadcrumb\":{\"@id\":\"https:\/\/www.donatelifetexas.org\/es\/resources-links\/#breadcrumb\"},\"inLanguage\":\"es-ES\",\"potentialAction\":[{\"@type\":\"ReadAction\",\"target\":[[\"https:\/\/www.donatelifetexas.org\/es\/resources-links\/\"]]}]},{\"@type\":\"BreadcrumbList\",\"@id\":\"https:\/\/www.donatelifetexas.org\/es\/resources-links\/#breadcrumb\",\"itemListElement\":[{\"@type\":\"ListItem\",\"position\":1,\"name\":\"Home\",\"item\":\"https:\/\/www.donatelifetexas.org\/es\/\"},{\"@type\":\"ListItem\",\"position\":2,\"name\":\"Recursos y Enlaces\"}]},{\"@type\":\"WebSite\",\"@id\":\"https:\/\/www.donatelifetexas.org\/es\/#website\",\"url\":\"https:\/\/www.donatelifetexas.org\/es\/\",\"name\":\"Texas Donor Registry\",\"description\":\"Donate Life Texas\",\"publisher\":{\"@id\":\"https:\/\/www.donatelifetexas.org\/es\/#organization\"},\"potentialAction\":[{\"@type\":\"SearchAction\",\"target\":{\"@type\":\"EntryPoint\",\"urlTemplate\":\"https:\/\/www.donatelifetexas.org\/es\/?s={search_term_string}\"},\"query-input\":{\"@type\":\"PropertyValueSpecification\",\"valueRequired\":true,\"valueName\":\"search_term_string\"}}],\"inLanguage\":\"es-ES\"},{\"@type\":\"Organization\",\"@id\":\"https:\/\/www.donatelifetexas.org\/es\/#organization\",\"name\":\"Texas Donor Registry\",\"url\":\"https:\/\/www.donatelifetexas.org\/es\/\",\"logo\":{\"@type\":\"ImageObject\",\"inLanguage\":\"es-ES\",\"@id\":\"https:\/\/www.donatelifetexas.org\/es\/#\/schema\/logo\/image\/\",\"url\":\"https:\/\/www.donatelifetexas.org\/wp-content\/uploads\/2022\/03\/FeatureImage_DLTXLogo_1.jpg\",\"contentUrl\":\"https:\/\/www.donatelifetexas.org\/wp-content\/uploads\/2022\/03\/FeatureImage_DLTXLogo_1.jpg\",\"width\":1200,\"height\":630,\"caption\":\"Texas Donor Registry\"},\"image\":{\"@id\":\"https:\/\/www.donatelifetexas.org\/es\/#\/schema\/logo\/image\/\"},\"sameAs\":[\"https:\/\/www.facebook.com\/donatelifetexas.org\",\"https:\/\/x.com\/donatelifetexas\",\"https:\/\/instagram.com\/donatelifetexas\/\"]}]}<\/script>\n<!-- \/ Yoast SEO plugin. -->","yoast_head_json":{"title":"Recursos y Enlaces &#8211; Texas Donor Registry","robots":{"index":"index","follow":"follow","max-snippet":"max-snippet:-1","max-image-preview":"max-image-preview:large","max-video-preview":"max-video-preview:-1"},"canonical":"https:\/\/www.donatelifetexas.org\/es\/resources-links\/","og_locale":"es_ES","og_type":"article","og_title":"Recursos y Enlaces &#8211; Texas Donor Registry","og_description":"Aqu\u00ed hemos recopilado una serie de enlaces y recursos que pueden resultarle \u00fatiles a medida que usted se informa acerca de otras facetas de la donaci\u00f3n, obsequios anat\u00f3micos y el don precioso de la vida. *Los enlaces y referencias proporcionados por: \u00a0Donate Life Texas (DLT) a organizaciones externas, pueden o no proporcionar informaci\u00f3n o servicios [&hellip;]","og_url":"https:\/\/www.donatelifetexas.org\/es\/resources-links\/","og_site_name":"Texas Donor Registry","article_publisher":"https:\/\/www.facebook.com\/donatelifetexas.org","article_modified_time":"2017-07-05T20:40:29+00:00","twitter_card":"summary_large_image","twitter_site":"@donatelifetexas","twitter_misc":{"Est. reading time":"1 minute"},"schema":{"@context":"https:\/\/schema.org","@graph":[{"@type":"WebPage","@id":"https:\/\/www.donatelifetexas.org\/es\/resources-links\/","url":"https:\/\/www.donatelifetexas.org\/es\/resources-links\/","name":"Recursos y Enlaces &#8211; Texas Donor Registry","isPartOf":{"@id":"https:\/\/www.donatelifetexas.org\/es\/#website"},"datePublished":"2015-02-18T22:34:54+00:00","dateModified":"2017-07-05T20:40:29+00:00","breadcrumb":{"@id":"https:\/\/www.donatelifetexas.org\/es\/resources-links\/#breadcrumb"},"inLanguage":"es-ES","potentialAction":[{"@type":"ReadAction","target":[["https:\/\/www.donatelifetexas.org\/es\/resources-links\/"]]}]},{"@type":"BreadcrumbList","@id":"https:\/\/www.donatelifetexas.org\/es\/resources-links\/#breadcrumb","itemListElement":[{"@type":"ListItem","position":1,"name":"Home","item":"https:\/\/www.donatelifetexas.org\/es\/"},{"@type":"ListItem","position":2,"name":"Recursos y Enlaces"}]},{"@type":"WebSite","@id":"https:\/\/www.donatelifetexas.org\/es\/#website","url":"https:\/\/www.donatelifetexas.org\/es\/","name":"Texas Donor Registry","description":"Donate Life Texas","publisher":{"@id":"https:\/\/www.donatelifetexas.org\/es\/#organization"},"potentialAction":[{"@type":"SearchAction","target":{"@type":"EntryPoint","urlTemplate":"https:\/\/www.donatelifetexas.org\/es\/?s={search_term_string}"},"query-input":{"@type":"PropertyValueSpecification","valueRequired":true,"valueName":"search_term_string"}}],"inLanguage":"es-ES"},{"@type":"Organization","@id":"https:\/\/www.donatelifetexas.org\/es\/#organization","name":"Texas Donor Registry","url":"https:\/\/www.donatelifetexas.org\/es\/","logo":{"@type":"ImageObject","inLanguage":"es-ES","@id":"https:\/\/www.donatelifetexas.org\/es\/#\/schema\/logo\/image\/","url":"https:\/\/www.donatelifetexas.org\/wp-content\/uploads\/2022\/03\/FeatureImage_DLTXLogo_1.jpg","contentUrl":"https:\/\/www.donatelifetexas.org\/wp-content\/uploads\/2022\/03\/FeatureImage_DLTXLogo_1.jpg","width":1200,"height":630,"caption":"Texas Donor Registry"},"image":{"@id":"https:\/\/www.donatelifetexas.org\/es\/#\/schema\/logo\/image\/"},"sameAs":["https:\/\/www.facebook.com\/donatelifetexas.org","https:\/\/x.com\/donatelifetexas","https:\/\/instagram.com\/donatelifetexas\/"]}]}},"publishpress_future_action":{"enabled":false,"date":"2026-04-15 23:52:53","action":"change-status","newStatus":"draft","terms":[],"taxonomy":"","extraData":[]},"publishpress_future_workflow_manual_trigger":{"enabledWorkflows":[]},"_links":{"self":[{"href":"https:\/\/www.donatelifetexas.org\/es\/wp-json\/wp\/v2\/pages\/1591","targetHints":{"allow":["GET"]}}],"collection":[{"href":"https:\/\/www.donatelifetexas.org\/es\/wp-json\/wp\/v2\/pages"}],"about":[{"href":"https:\/\/www.donatelifetexas.org\/es\/wp-json\/wp\/v2\/types\/page"}],"author":[{"embeddable":true,"href":"https:\/\/www.donatelifetexas.org\/es\/wp-json\/wp\/v2\/users\/5"}],"replies":[{"embeddable":true,"href":"https:\/\/www.donatelifetexas.org\/es\/wp-json\/wp\/v2\/comments?post=1591"}],"version-history":[{"count":11,"href":"https:\/\/www.donatelifetexas.org\/es\/wp-json\/wp\/v2\/pages\/1591\/revisions"}],"predecessor-version":[{"id":4142,"href":"https:\/\/www.donatelifetexas.org\/es\/wp-json\/wp\/v2\/pages\/1591\/revisions\/4142"}],"wp:attachment":[{"href":"https:\/\/www.donatelifetexas.org\/es\/wp-json\/wp\/v2\/media?parent=1591"}],"curies":[{"name":"wp","href":"https:\/\/api.w.org\/{rel}","templated":true}]}}