{"id":1558,"date":"2015-02-16T11:34:50","date_gmt":"2015-02-16T17:34:50","guid":{"rendered":"http:\/\/dev.donatelifetexas.inetz.com\/?page_id=1558"},"modified":"2026-02-11T17:59:57","modified_gmt":"2026-02-11T23:59:57","slug":"about","status":"publish","type":"page","link":"https:\/\/www.donatelifetexas.org\/es\/about\/","title":{"rendered":"Acerca de Donate Life Texas"},"content":{"rendered":"<p><\/p>\n<h3><strong>\u00bfQu\u00e9 es el Registro?<\/strong><\/h3>\n<p>El Registro Donate Life Texas es el \u00fanico registro oficial de donantes de \u00f3rganos y tejidos del Estado de Texas.<\/p>\n<p>Al inscribirse usted manifiesta su consentimiento legal para la donaci\u00f3n de \u00f3rganos y tejidos despu\u00e9s de la muerte. Muchos consideran que la inscripci\u00f3n es una medida compasiva porque de esa manara la familia y los seres queridos no tienen que asumir el agobio de tomar la decisi\u00f3n durante un momento muy emotivo.<\/p>\n<p>Donate Life Texas es parte de la red de registros nacionales Donate Life America, la misma que es consultada por las organizaciones de rescate de \u00f3rganos y tejidos de Texas para confirmar el estatus del registro cuando una persona fallece.<\/p>\n<p>El Registro Donate Life Texas <strong>no<\/strong> cubre la donaci\u00f3n de \u00f3rganos o m\u00e9dulas \u00f3seas de personas vivas y tampoco sangre ni donaciones de cuerpo entero.\u00a0\u00a0 \u00a0Busque <a href=\"https:\/\/www.donatelifetexas.org\/learn-more\/resources-links\/\">aqu\u00ed<\/a> los recursos para esas opciones.<\/p>\n<h3><strong>\u00bfPor qu\u00e9 es tan importante la donaci\u00f3n?<\/strong><\/h3>\n<p>En pocas palabras, la donaci\u00f3n permite trasplantes que salvan vidas.\u00a0 \u00a0Los \u00f3rganos y tejidos donados salvan vidas, restauran la visi\u00f3n y mejoran la movilidad en formas que los materiales y productos sint\u00e9ticos simplemente no pueden. Hasta que la viabilidad y la funci\u00f3n biol\u00f3gica a largo plazo de los \u00f3rganos, c\u00f3rneas y tejidos puedan ser duplicadas en un laboratorio, los trasplantes seguir\u00e1n dependiendo de los donantes.<a href=\"https:\/\/www.donatelifetexas.org\/wp-content\/uploads\/2015\/02\/DLA-Need-is-Great_2016.jpg\"><img loading=\"lazy\" decoding=\"async\" class=\"wp-image-3329 alignright\" src=\"https:\/\/www.donatelifetexas.org\/wp-content\/uploads\/2015\/02\/DLA-Need-is-Great_2016.jpg\" alt=\"DLA Need is Great_2016\" width=\"450\" height=\"451\" srcset=\"https:\/\/www.donatelifetexas.org\/wp-content\/uploads\/2015\/02\/DLA-Need-is-Great_2016.jpg 716w, https:\/\/www.donatelifetexas.org\/wp-content\/uploads\/2015\/02\/DLA-Need-is-Great_2016-150x150.jpg 150w, https:\/\/www.donatelifetexas.org\/wp-content\/uploads\/2015\/02\/DLA-Need-is-Great_2016-300x300.jpg 300w\" sizes=\"auto, (max-width: 450px) 100vw, 450px\" \/><\/a><\/p>\n<h3><strong>\u00bfQui\u00e9n puede inscr\u00edbase?<\/strong><\/h3>\n<p>Personas de cualquier edad, etnia, pa\u00eds de origen o estado de salud pueden registrar su decisi\u00f3n para salvar vidas. \u00a0No hay manera de saber si una persona puede fallecer y qu\u00e9 condiciones pueden existir en ese momento.<\/p>\n<p>\u00a1No se excluya a s\u00ed mismo!\u00a0\u00a0Si usted desea ser un donante, \u00a1Reg\u00edstrese!<\/p>\n<p>Averig\u00fce aqu\u00ed c\u00f3mo <a href=\"https:\/\/www.donatelifetexas.org\/register\/\">inscr\u00edbase<\/a>.<\/p>\n<h3><strong>La Historia del Registro<\/strong><\/h3>\n<p>El Registro Glenda Dawson Donate Life Texas fue creado por la Legislatura 79\u00aa de Texas en el a\u00f1o 2005 y permite a las personas registrar su consentimiento legal para donar \u00f3rganos y tejidos despu\u00e9s de la muerte. \u00a0Desde entonces, ciertas leyes han establecido acuerdos de colaboraci\u00f3n con el Departamento de Seguridad P\u00fablica de Texas (TxDPS) y el Departamento de Veh\u00edculos Motorizados de Texas (DMV) que permiten a las personas inscribirse en el registro de donantes al momento de solicitar o renovar su licencia de conducir, la tarjeta de identificaci\u00f3n o la matriculaci\u00f3n del veh\u00edculo.<\/p>\n<p>El Registro Donate Life Texas fue designado en honor a la\u00a0 Representante&#8230; Glenda Dawson.\u00a0\u00a0Elegida en el a\u00f1o 2002, Dawson prest\u00f3 sus servicios por dos per\u00edodos en la C\u00e1mara de Representantes de Texas, en representaci\u00f3n del Distrito 29.\u00a0Habiendo recibido un trasplante de ri\u00f1\u00f3n, Dawson fue una defensora apasionada de la donaci\u00f3n de \u00f3rganos.\u00a0 \u00a0\u00a0Dawson falleci\u00f3 en septiembre de 2006, poco despu\u00e9s de haberse inaugurado el registro de donantes de \u00f3rganos y tejidos por el cual ella abog\u00f3. (por?)\u00a0 \u00a0Hoy en d\u00eda su legado vive a trav\u00e9s de las vidas que todos los d\u00edas tocan los \u00a0donantes registrados.<\/p>\n<p>En enero de 2016, the El Registro Donate Life Texas celebr\u00f3 su ocho-millon\u00e9sima inscripci\u00f3n.\u00a0\u00a0\u00a0 Llegar a los 8 millones de inscripciones en tan s\u00f3lo 10 a\u00f1os significa que\u00a0 Donate Life Texas est\u00e1 entre los registros de donantes de m\u00e1s r\u00e1pido crecimiento del pa\u00eds.<\/p>\n<p>Hasta la fecha, 962 personas inscritas en Donate Life Texas se han convertido en donantes de \u00f3rganos, habiendo salvado literalmente miles de vidas.\u00a0\u00a0 Miles de otras personas tambi\u00e9n han donado tejidos y c\u00f3rneas.<\/p>\n<p>Donate Life Texas Inc., es una organizaci\u00f3n sin fines de lucro que mantiene y opera el registro de donantes y est\u00e1 regida por una Junta de Directores compuesta por los Directores Generales de las tres organizaciones federales designadas para la adquisici\u00f3n de \u00f3rganos <a href=\"https:\/\/www.donatelifetexas.org\/texas-organ-procurement-organizations\/\">(OPO)<\/a> en Texas.<\/p>","protected":false},"excerpt":{"rendered":"<p>\u00bfQu\u00e9 es el Registro? El Registro Donate Life Texas es el \u00fanico registro oficial de donantes de \u00f3rganos y tejidos del Estado de Texas. Al inscribirse usted manifiesta su consentimiento legal para la donaci\u00f3n de \u00f3rganos y tejidos despu\u00e9s de la muerte. Muchos consideran que la inscripci\u00f3n es una medida compasiva porque de esa manara [&hellip;]<\/p>\n","protected":false},"author":1,"featured_media":0,"parent":0,"menu_order":0,"comment_status":"closed","ping_status":"closed","template":"","meta":{"_acf_changed":false,"footnotes":"","_links_to":"","_links_to_target":""},"class_list":["post-1558","page","type-page","status-publish","hentry"],"acf":[],"yoast_head":"<!-- This site is optimized with the Yoast SEO plugin v27.1.1 - https:\/\/yoast.com\/product\/yoast-seo-wordpress\/ -->\n<title>Acerca de Donate Life Texas &#8211; Texas Donor Registry<\/title>\n<meta name=\"description\" content=\"Donate Life Texas helps Texans safely and securely register as a donor, and is the only official organ donor registry in the state.\" \/>\n<meta name=\"robots\" content=\"index, follow, max-snippet:-1, max-image-preview:large, max-video-preview:-1\" \/>\n<link rel=\"canonical\" href=\"https:\/\/www.donatelifetexas.org\/es\/about\/\" \/>\n<meta property=\"og:locale\" content=\"es_ES\" \/>\n<meta property=\"og:type\" content=\"article\" \/>\n<meta property=\"og:title\" content=\"About Donate Life Texas\" \/>\n<meta property=\"og:description\" content=\"Donate Life Texas helps Texans safely and securely register as a donor, and is the only official organ donor registry in the state.\" \/>\n<meta property=\"og:url\" content=\"https:\/\/www.donatelifetexas.org\/es\/about\/\" \/>\n<meta property=\"og:site_name\" content=\"Texas Donor Registry\" \/>\n<meta property=\"article:publisher\" content=\"https:\/\/www.facebook.com\/donatelifetexas.org\" \/>\n<meta property=\"article:modified_time\" content=\"2026-02-11T23:59:57+00:00\" \/>\n<meta property=\"og:image\" content=\"https:\/\/www.donatelifetexas.org\/wp-content\/uploads\/2022\/03\/FeatureImage_AboutDLTX_1.jpg\" \/>\n\t<meta property=\"og:image:width\" content=\"1200\" \/>\n\t<meta property=\"og:image:height\" content=\"630\" \/>\n\t<meta property=\"og:image:type\" content=\"image\/jpeg\" \/>\n<meta name=\"twitter:card\" content=\"summary_large_image\" \/>\n<meta name=\"twitter:title\" content=\"About Donate Life Texas\" \/>\n<meta name=\"twitter:description\" content=\"Donate Life Texas helps Texans safely and securely register as a donor, and is the only official organ donor registry in the state.\" \/>\n<meta name=\"twitter:image\" content=\"https:\/\/www.donatelifetexas.org\/wp-content\/uploads\/2022\/03\/FeatureImage_AboutDLTX_1.jpg\" \/>\n<meta name=\"twitter:site\" content=\"@donatelifetexas\" \/>\n<meta name=\"twitter:label1\" content=\"Est. reading time\" \/>\n\t<meta name=\"twitter:data1\" content=\"3 minutes\" \/>\n<script type=\"application\/ld+json\" class=\"yoast-schema-graph\">{\"@context\":\"https:\/\/schema.org\",\"@graph\":[{\"@type\":\"WebPage\",\"@id\":\"https:\/\/www.donatelifetexas.org\/es\/about\/\",\"url\":\"https:\/\/www.donatelifetexas.org\/es\/about\/\",\"name\":\"Acerca de Donate Life Texas &#8211; Texas Donor Registry\",\"isPartOf\":{\"@id\":\"https:\/\/www.donatelifetexas.org\/es\/#website\"},\"primaryImageOfPage\":{\"@id\":\"https:\/\/www.donatelifetexas.org\/es\/about\/#primaryimage\"},\"image\":{\"@id\":\"https:\/\/www.donatelifetexas.org\/about\/#primaryimage\"},\"thumbnailUrl\":\"https:\/\/www.donatelifetexas.org\/wp-content\/uploads\/2015\/02\/DLA-Need-is-Great_2016.jpg\",\"datePublished\":\"2015-02-16T17:34:50+00:00\",\"dateModified\":\"2026-02-11T23:59:57+00:00\",\"description\":\"Donate Life Texas helps Texans safely and securely register as a donor, and is the only official organ donor registry in the state.\",\"breadcrumb\":{\"@id\":\"https:\/\/www.donatelifetexas.org\/es\/about\/#breadcrumb\"},\"inLanguage\":\"es-ES\",\"potentialAction\":[{\"@type\":\"ReadAction\",\"target\":[[\"https:\/\/www.donatelifetexas.org\/es\/about\/\"]]}]},{\"@type\":\"ImageObject\",\"inLanguage\":\"es-ES\",\"@id\":\"https:\/\/www.donatelifetexas.org\/es\/about\/#primaryimage\",\"url\":\"https:\/\/www.donatelifetexas.org\/wp-content\/uploads\/2015\/02\/DLA-Need-is-Great_2016.jpg\",\"contentUrl\":\"https:\/\/www.donatelifetexas.org\/wp-content\/uploads\/2015\/02\/DLA-Need-is-Great_2016.jpg\"},{\"@type\":\"BreadcrumbList\",\"@id\":\"https:\/\/www.donatelifetexas.org\/es\/about\/#breadcrumb\",\"itemListElement\":[{\"@type\":\"ListItem\",\"position\":1,\"name\":\"Home\",\"item\":\"https:\/\/www.donatelifetexas.org\/es\/\"},{\"@type\":\"ListItem\",\"position\":2,\"name\":\"About Donate Life Texas\"}]},{\"@type\":\"WebSite\",\"@id\":\"https:\/\/www.donatelifetexas.org\/es\/#website\",\"url\":\"https:\/\/www.donatelifetexas.org\/es\/\",\"name\":\"Texas Donor Registry\",\"description\":\"Donate Life Texas\",\"publisher\":{\"@id\":\"https:\/\/www.donatelifetexas.org\/es\/#organization\"},\"potentialAction\":[{\"@type\":\"SearchAction\",\"target\":{\"@type\":\"EntryPoint\",\"urlTemplate\":\"https:\/\/www.donatelifetexas.org\/es\/?s={search_term_string}\"},\"query-input\":{\"@type\":\"PropertyValueSpecification\",\"valueRequired\":true,\"valueName\":\"search_term_string\"}}],\"inLanguage\":\"es-ES\"},{\"@type\":\"Organization\",\"@id\":\"https:\/\/www.donatelifetexas.org\/es\/#organization\",\"name\":\"Texas Donor Registry\",\"url\":\"https:\/\/www.donatelifetexas.org\/es\/\",\"logo\":{\"@type\":\"ImageObject\",\"inLanguage\":\"es-ES\",\"@id\":\"https:\/\/www.donatelifetexas.org\/es\/#\/schema\/logo\/image\/\",\"url\":\"https:\/\/www.donatelifetexas.org\/wp-content\/uploads\/2022\/03\/FeatureImage_DLTXLogo_1.jpg\",\"contentUrl\":\"https:\/\/www.donatelifetexas.org\/wp-content\/uploads\/2022\/03\/FeatureImage_DLTXLogo_1.jpg\",\"width\":1200,\"height\":630,\"caption\":\"Texas Donor Registry\"},\"image\":{\"@id\":\"https:\/\/www.donatelifetexas.org\/es\/#\/schema\/logo\/image\/\"},\"sameAs\":[\"https:\/\/www.facebook.com\/donatelifetexas.org\",\"https:\/\/x.com\/donatelifetexas\",\"https:\/\/instagram.com\/donatelifetexas\/\"]}]}<\/script>\n<!-- \/ Yoast SEO plugin. -->","yoast_head_json":{"title":"Acerca de Donate Life Texas &#8211; Texas Donor Registry","description":"Donate Life Texas helps Texans safely and securely register as a donor, and is the only official organ donor registry in the state.","robots":{"index":"index","follow":"follow","max-snippet":"max-snippet:-1","max-image-preview":"max-image-preview:large","max-video-preview":"max-video-preview:-1"},"canonical":"https:\/\/www.donatelifetexas.org\/es\/about\/","og_locale":"es_ES","og_type":"article","og_title":"About Donate Life Texas","og_description":"Donate Life Texas helps Texans safely and securely register as a donor, and is the only official organ donor registry in the state.","og_url":"https:\/\/www.donatelifetexas.org\/es\/about\/","og_site_name":"Texas Donor Registry","article_publisher":"https:\/\/www.facebook.com\/donatelifetexas.org","article_modified_time":"2026-02-11T23:59:57+00:00","og_image":[{"width":1200,"height":630,"url":"https:\/\/www.donatelifetexas.org\/wp-content\/uploads\/2022\/03\/FeatureImage_AboutDLTX_1.jpg","type":"image\/jpeg"}],"twitter_card":"summary_large_image","twitter_title":"About Donate Life Texas","twitter_description":"Donate Life Texas helps Texans safely and securely register as a donor, and is the only official organ donor registry in the state.","twitter_image":"https:\/\/www.donatelifetexas.org\/wp-content\/uploads\/2022\/03\/FeatureImage_AboutDLTX_1.jpg","twitter_site":"@donatelifetexas","twitter_misc":{"Est. reading time":"3 minutes"},"schema":{"@context":"https:\/\/schema.org","@graph":[{"@type":"WebPage","@id":"https:\/\/www.donatelifetexas.org\/es\/about\/","url":"https:\/\/www.donatelifetexas.org\/es\/about\/","name":"Acerca de Donate Life Texas &#8211; Texas Donor Registry","isPartOf":{"@id":"https:\/\/www.donatelifetexas.org\/es\/#website"},"primaryImageOfPage":{"@id":"https:\/\/www.donatelifetexas.org\/es\/about\/#primaryimage"},"image":{"@id":"https:\/\/www.donatelifetexas.org\/about\/#primaryimage"},"thumbnailUrl":"https:\/\/www.donatelifetexas.org\/wp-content\/uploads\/2015\/02\/DLA-Need-is-Great_2016.jpg","datePublished":"2015-02-16T17:34:50+00:00","dateModified":"2026-02-11T23:59:57+00:00","description":"Donate Life Texas helps Texans safely and securely register as a donor, and is the only official organ donor registry in the state.","breadcrumb":{"@id":"https:\/\/www.donatelifetexas.org\/es\/about\/#breadcrumb"},"inLanguage":"es-ES","potentialAction":[{"@type":"ReadAction","target":[["https:\/\/www.donatelifetexas.org\/es\/about\/"]]}]},{"@type":"ImageObject","inLanguage":"es-ES","@id":"https:\/\/www.donatelifetexas.org\/es\/about\/#primaryimage","url":"https:\/\/www.donatelifetexas.org\/wp-content\/uploads\/2015\/02\/DLA-Need-is-Great_2016.jpg","contentUrl":"https:\/\/www.donatelifetexas.org\/wp-content\/uploads\/2015\/02\/DLA-Need-is-Great_2016.jpg"},{"@type":"BreadcrumbList","@id":"https:\/\/www.donatelifetexas.org\/es\/about\/#breadcrumb","itemListElement":[{"@type":"ListItem","position":1,"name":"Home","item":"https:\/\/www.donatelifetexas.org\/es\/"},{"@type":"ListItem","position":2,"name":"About Donate Life Texas"}]},{"@type":"WebSite","@id":"https:\/\/www.donatelifetexas.org\/es\/#website","url":"https:\/\/www.donatelifetexas.org\/es\/","name":"Texas Donor Registry","description":"Donate Life Texas","publisher":{"@id":"https:\/\/www.donatelifetexas.org\/es\/#organization"},"potentialAction":[{"@type":"SearchAction","target":{"@type":"EntryPoint","urlTemplate":"https:\/\/www.donatelifetexas.org\/es\/?s={search_term_string}"},"query-input":{"@type":"PropertyValueSpecification","valueRequired":true,"valueName":"search_term_string"}}],"inLanguage":"es-ES"},{"@type":"Organization","@id":"https:\/\/www.donatelifetexas.org\/es\/#organization","name":"Texas Donor Registry","url":"https:\/\/www.donatelifetexas.org\/es\/","logo":{"@type":"ImageObject","inLanguage":"es-ES","@id":"https:\/\/www.donatelifetexas.org\/es\/#\/schema\/logo\/image\/","url":"https:\/\/www.donatelifetexas.org\/wp-content\/uploads\/2022\/03\/FeatureImage_DLTXLogo_1.jpg","contentUrl":"https:\/\/www.donatelifetexas.org\/wp-content\/uploads\/2022\/03\/FeatureImage_DLTXLogo_1.jpg","width":1200,"height":630,"caption":"Texas Donor Registry"},"image":{"@id":"https:\/\/www.donatelifetexas.org\/es\/#\/schema\/logo\/image\/"},"sameAs":["https:\/\/www.facebook.com\/donatelifetexas.org","https:\/\/x.com\/donatelifetexas","https:\/\/instagram.com\/donatelifetexas\/"]}]}},"publishpress_future_action":{"enabled":false,"date":"2026-04-14 19:55:13","action":"change-status","newStatus":"draft","terms":[],"taxonomy":"","extraData":[]},"publishpress_future_workflow_manual_trigger":{"enabledWorkflows":[]},"_links":{"self":[{"href":"https:\/\/www.donatelifetexas.org\/es\/wp-json\/wp\/v2\/pages\/1558","targetHints":{"allow":["GET"]}}],"collection":[{"href":"https:\/\/www.donatelifetexas.org\/es\/wp-json\/wp\/v2\/pages"}],"about":[{"href":"https:\/\/www.donatelifetexas.org\/es\/wp-json\/wp\/v2\/types\/page"}],"author":[{"embeddable":true,"href":"https:\/\/www.donatelifetexas.org\/es\/wp-json\/wp\/v2\/users\/1"}],"replies":[{"embeddable":true,"href":"https:\/\/www.donatelifetexas.org\/es\/wp-json\/wp\/v2\/comments?post=1558"}],"version-history":[{"count":86,"href":"https:\/\/www.donatelifetexas.org\/es\/wp-json\/wp\/v2\/pages\/1558\/revisions"}],"predecessor-version":[{"id":88643,"href":"https:\/\/www.donatelifetexas.org\/es\/wp-json\/wp\/v2\/pages\/1558\/revisions\/88643"}],"wp:attachment":[{"href":"https:\/\/www.donatelifetexas.org\/es\/wp-json\/wp\/v2\/media?parent=1558"}],"curies":[{"name":"wp","href":"https:\/\/api.w.org\/{rel}","templated":true}]}}