{"id":1157,"date":"2012-08-09T20:23:28","date_gmt":"2012-08-09T20:23:28","guid":{"rendered":"http:\/\/dev.donatelifetexas.inetz.com\/?page_id=1157"},"modified":"2022-03-14T21:50:24","modified_gmt":"2022-03-15T02:50:24","slug":"profile-remove-me","status":"publish","type":"page","link":"https:\/\/www.donatelifetexas.org\/es\/profile-remove-me\/","title":{"rendered":"Perfil: Razones para salir"},"content":{"rendered":"<p>\u00bfEst\u00e1 seguro que desea que saquemos su nombre del Registro Donate Life Texas?<\/p>\n<p>Al constar en dicho registro usted ser\u00e1 parte de MILLONES de tejanos que han decidido dar el don de la vida al convertirse en donantes.\u00a0 Su decisi\u00f3n de permanecer en el registro puede salvar vidas.<\/p>\n<p>Recuerde que muy pocas cosas descartan la donaci\u00f3n y no hay necesidad de proveer informaci\u00f3n de salud para inscribirse.\u00a0 \u00a0En todos los casos de donaci\u00f3n, m\u00e9dicos y personal m\u00e9dico competentes eval\u00faan la idoneidad de los \u00f3rganos, tejidos y c\u00f3rneas en el momento de la muerte.\u00a0 No hay manera de saber cu\u00e1ndo una persona puede convertirse en donante y qu\u00e9 opciones pueden existir en ese momento.\u00a0 Las condiciones que pueden descartar una donaci\u00f3n el d\u00eda hoy, podr\u00edan no ser v\u00e1lidas en el futuro.<\/p>\n<p>Si tiene preguntas sobre la donaci\u00f3n, lo invitamos a aprender m\u00e1s <a title=\"Donation Process\" href=\"https:\/\/www.donatelifetexas.org\/facts-resources\/learn-the-facts-about\/donation-process\/\"><strong>aqu\u00ed<\/strong><\/a>\u00a0op\u00f3ngase en <a title=\"Contact DLT\" href=\"https:\/\/www.donatelifetexas.org\/share-connect\/contact-us\/\">contacto con DLT<\/a>\u00a0para poder comprender y resolver sus dudas.<\/p>\n<p>Esperamos que reconsidere retirar su nombre del Registro Donate Life Texas. Si desea continuar, le agradecer\u00edamos mucho que comparta con nosotros su(s) raz\u00f3n(es) para retirar su nombre del registro:<\/p>\n<p><meta http-equiv=\"Content-Type\" content=\"text\/html;charset=UTF-8\">\n<link rel=\"stylesheet\" href=\"https:\/\/register.donatelifetexas.org\/js\/jquery-ui-1.8.22.custom\/css\/redmond\/jquery-ui-1.8.22.custom.css\" type=\"text\/css\" media=\"screen\" \/>\n\n<script type=\"text\/javascript\" src=\"https:\/\/register.donatelifetexas.org\/js\/1.9.1\/jquery.min.js\"><\/script>\n<script type=\"text\/javascript\" src=\"https:\/\/register.donatelifetexas.org\/js\/1.9.1\/jquery-ui.min.js\"><\/script>\n\n<script type=\"text\/javascript\">\n\/\/<![CDATA[\n$(document).ready(function() {\n    $(\"#dob\").datepicker({\"dateFormat\":\"mm\\\/dd\\\/yy\",\"changeMonth\":\"true\",\"changeYear\":\"true\",\"yearRange\":\"1900:2026\",\"maxDate\":\"+0d\"});\n});\n\/\/]]>\n\n<\/script><style>\n\tdd {margin-bottom:5px;}\n\tdt {float:left; min-width:130px;line-height:100%;padding-top:5px;}\n\t.online_form{padding:10px;}\n\t.dmv_form{border: 1px solid white;padding:10px;}\n\t.errors {margin-left: 0px;padding:0px;margin-top:0px; list-style:none;color:red;}\n    .form-group{ clear:both;overflow:hidden; }\n    #zip{ float:left; }\n    #zip_message{ float:right;margin-top:10px; }\n<\/style>\n<div id=\"main_content\">\n         \n    <div class=\"online_form\">\n\t<form enctype=\"\" action=\"\" method=\"post\">    \n        <div class=\"form-group row\"><label for=\"fName\" class=\"col-sm-5 required\">Nombre*<\/label>\n<div class=\"col-sm-7\">\n<input type=\"text\" name=\"fName\" id=\"fName\" value=\"\" class=\"form-control\" \/><\/div><\/div>        <div class=\"form-group row\"><label for=\"lName\" class=\"col-sm-5 required\">Apellido*<\/label>\n<div class=\"col-sm-7\">\n<input type=\"text\" name=\"lName\" id=\"lName\" value=\"\" class=\"form-control\" \/><\/div><\/div>        <div class=\"form-group row\"><label for=\"zip\" class=\"col-sm-5 required\">C\u00f3digo Postal*<\/label>\n<div class=\"col-sm-7\">\n<input type=\"text\" name=\"zip\" id=\"zip\" value=\"\" class=\"form-control\" \/>        <span id=\"zip_message\" class=\"glyphicon glyphicon-info-sign\" data-placement=\"left\" data-container=\"body\" data-title=\"Nota sobre el c\u00f3digo postal\" data-html=\"true\" data-content=\"Las direcciones en los archivos de los donantes se actualizan s\u00f3lo en <ol><li>l\u00ednea por usted o<\/li><li>a trav\u00e9s del DPS si usted contest\u00f3 \"s\u00ed\" a la donaci\u00f3n al renovar su licencia de conducir o tarjeta de identificaci\u00f3n<\/li><\/ol> Si usted se ha mudado desde la \u00faltima vez que ingres\u00f3 al sitio de DLT o desde que obtuvo su licencia de conducir o tarjeta de identificaci\u00f3n, por favor utilice el c\u00f3digo postal de su direcci\u00f3n anterior para iniciar la sesi\u00f3n en el sitio.\" ><\/span>\n        <\/div><\/div>\n        <div class=\"form-group row\"><label for=\"dob\" class=\"col-sm-5 required\">Fecha de Nacimiento*<\/label>\n<div class=\"col-sm-7\">\n<input type=\"text\" name=\"dob\" id=\"dob\" value=\"\" class=\"form-control\" \/><\/div><\/div>                                <div class=\"form-group\" style=\"margin-top:20px;\">\n            <label class=\"col-sm-5\"><\/label>\n            <input type=\"submit\" class=\"btn btn-blue btn-green-stich\" style=\"position:relative;left:20px;\" value=\"Iniciar\" id=\"online_login\" name=\"online_login\">\n        <\/div>\n    <\/form>\n    <\/div>\n<\/div>\n<\/p>","protected":false},"excerpt":{"rendered":"<p>\u00bfEst\u00e1 seguro que desea que saquemos su nombre del Registro Donate Life Texas? Al constar en dicho registro usted ser\u00e1 parte de MILLONES de tejanos que han decidido dar el don de la vida al convertirse en donantes.\u00a0 Su decisi\u00f3n de permanecer en el registro puede salvar vidas. Recuerde que muy pocas cosas descartan la [&hellip;]<\/p>\n","protected":false},"author":1,"featured_media":0,"parent":0,"menu_order":0,"comment_status":"closed","ping_status":"open","template":"fullwidth.php","meta":{"_acf_changed":false,"footnotes":"","_links_to":"","_links_to_target":""},"class_list":["post-1157","page","type-page","status-publish","hentry"],"acf":[],"yoast_head":"<!-- This site is optimized with the Yoast SEO plugin v27.1.1 - https:\/\/yoast.com\/product\/yoast-seo-wordpress\/ -->\n<title>Perfil: Razones para salir &#8211; Texas Donor Registry<\/title>\n<meta name=\"robots\" content=\"index, follow, max-snippet:-1, max-image-preview:large, max-video-preview:-1\" \/>\n<link rel=\"canonical\" href=\"https:\/\/www.donatelifetexas.org\/es\/profile-remove-me\/\" \/>\n<meta property=\"og:locale\" content=\"es_ES\" \/>\n<meta property=\"og:type\" content=\"article\" \/>\n<meta property=\"og:title\" content=\"Perfil: Razones para salir &#8211; Texas Donor Registry\" \/>\n<meta property=\"og:description\" content=\"\u00bfEst\u00e1 seguro que desea que saquemos su nombre del Registro Donate Life Texas? Al constar en dicho registro usted ser\u00e1 parte de MILLONES de tejanos que han decidido dar el don de la vida al convertirse en donantes.\u00a0 Su decisi\u00f3n de permanecer en el registro puede salvar vidas. Recuerde que muy pocas cosas descartan la [&hellip;]\" \/>\n<meta property=\"og:url\" content=\"https:\/\/www.donatelifetexas.org\/es\/profile-remove-me\/\" \/>\n<meta property=\"og:site_name\" content=\"Texas Donor Registry\" \/>\n<meta property=\"article:publisher\" content=\"https:\/\/www.facebook.com\/donatelifetexas.org\" \/>\n<meta property=\"article:modified_time\" content=\"2022-03-15T02:50:24+00:00\" \/>\n<meta name=\"twitter:card\" content=\"summary_large_image\" \/>\n<meta name=\"twitter:site\" content=\"@donatelifetexas\" \/>\n<meta name=\"twitter:label1\" content=\"Est. reading time\" \/>\n\t<meta name=\"twitter:data1\" content=\"2 minutes\" \/>\n<script type=\"application\/ld+json\" class=\"yoast-schema-graph\">{\"@context\":\"https:\/\/schema.org\",\"@graph\":[{\"@type\":\"WebPage\",\"@id\":\"https:\/\/www.donatelifetexas.org\/es\/profile-remove-me\/\",\"url\":\"https:\/\/www.donatelifetexas.org\/es\/profile-remove-me\/\",\"name\":\"Perfil: Razones para salir &#8211; Texas Donor Registry\",\"isPartOf\":{\"@id\":\"https:\/\/www.donatelifetexas.org\/es\/#website\"},\"datePublished\":\"2012-08-09T20:23:28+00:00\",\"dateModified\":\"2022-03-15T02:50:24+00:00\",\"breadcrumb\":{\"@id\":\"https:\/\/www.donatelifetexas.org\/es\/profile-remove-me\/#breadcrumb\"},\"inLanguage\":\"es-ES\",\"potentialAction\":[{\"@type\":\"ReadAction\",\"target\":[[\"https:\/\/www.donatelifetexas.org\/es\/profile-remove-me\/\"]]}]},{\"@type\":\"BreadcrumbList\",\"@id\":\"https:\/\/www.donatelifetexas.org\/es\/profile-remove-me\/#breadcrumb\",\"itemListElement\":[{\"@type\":\"ListItem\",\"position\":1,\"name\":\"Home\",\"item\":\"https:\/\/www.donatelifetexas.org\/es\/\"},{\"@type\":\"ListItem\",\"position\":2,\"name\":\"Perfil: Razones para salir\"}]},{\"@type\":\"WebSite\",\"@id\":\"https:\/\/www.donatelifetexas.org\/es\/#website\",\"url\":\"https:\/\/www.donatelifetexas.org\/es\/\",\"name\":\"Texas Donor Registry\",\"description\":\"Donate Life Texas\",\"publisher\":{\"@id\":\"https:\/\/www.donatelifetexas.org\/es\/#organization\"},\"potentialAction\":[{\"@type\":\"SearchAction\",\"target\":{\"@type\":\"EntryPoint\",\"urlTemplate\":\"https:\/\/www.donatelifetexas.org\/es\/?s={search_term_string}\"},\"query-input\":{\"@type\":\"PropertyValueSpecification\",\"valueRequired\":true,\"valueName\":\"search_term_string\"}}],\"inLanguage\":\"es-ES\"},{\"@type\":\"Organization\",\"@id\":\"https:\/\/www.donatelifetexas.org\/es\/#organization\",\"name\":\"Texas Donor Registry\",\"url\":\"https:\/\/www.donatelifetexas.org\/es\/\",\"logo\":{\"@type\":\"ImageObject\",\"inLanguage\":\"es-ES\",\"@id\":\"https:\/\/www.donatelifetexas.org\/es\/#\/schema\/logo\/image\/\",\"url\":\"https:\/\/www.donatelifetexas.org\/wp-content\/uploads\/2022\/03\/FeatureImage_DLTXLogo_1.jpg\",\"contentUrl\":\"https:\/\/www.donatelifetexas.org\/wp-content\/uploads\/2022\/03\/FeatureImage_DLTXLogo_1.jpg\",\"width\":1200,\"height\":630,\"caption\":\"Texas Donor Registry\"},\"image\":{\"@id\":\"https:\/\/www.donatelifetexas.org\/es\/#\/schema\/logo\/image\/\"},\"sameAs\":[\"https:\/\/www.facebook.com\/donatelifetexas.org\",\"https:\/\/x.com\/donatelifetexas\",\"https:\/\/instagram.com\/donatelifetexas\/\"]}]}<\/script>\n<!-- \/ Yoast SEO plugin. -->","yoast_head_json":{"title":"Perfil: Razones para salir &#8211; Texas Donor Registry","robots":{"index":"index","follow":"follow","max-snippet":"max-snippet:-1","max-image-preview":"max-image-preview:large","max-video-preview":"max-video-preview:-1"},"canonical":"https:\/\/www.donatelifetexas.org\/es\/profile-remove-me\/","og_locale":"es_ES","og_type":"article","og_title":"Perfil: Razones para salir &#8211; Texas Donor Registry","og_description":"\u00bfEst\u00e1 seguro que desea que saquemos su nombre del Registro Donate Life Texas? Al constar en dicho registro usted ser\u00e1 parte de MILLONES de tejanos que han decidido dar el don de la vida al convertirse en donantes.\u00a0 Su decisi\u00f3n de permanecer en el registro puede salvar vidas. Recuerde que muy pocas cosas descartan la [&hellip;]","og_url":"https:\/\/www.donatelifetexas.org\/es\/profile-remove-me\/","og_site_name":"Texas Donor Registry","article_publisher":"https:\/\/www.facebook.com\/donatelifetexas.org","article_modified_time":"2022-03-15T02:50:24+00:00","twitter_card":"summary_large_image","twitter_site":"@donatelifetexas","twitter_misc":{"Est. reading time":"2 minutes"},"schema":{"@context":"https:\/\/schema.org","@graph":[{"@type":"WebPage","@id":"https:\/\/www.donatelifetexas.org\/es\/profile-remove-me\/","url":"https:\/\/www.donatelifetexas.org\/es\/profile-remove-me\/","name":"Perfil: Razones para salir &#8211; Texas Donor Registry","isPartOf":{"@id":"https:\/\/www.donatelifetexas.org\/es\/#website"},"datePublished":"2012-08-09T20:23:28+00:00","dateModified":"2022-03-15T02:50:24+00:00","breadcrumb":{"@id":"https:\/\/www.donatelifetexas.org\/es\/profile-remove-me\/#breadcrumb"},"inLanguage":"es-ES","potentialAction":[{"@type":"ReadAction","target":[["https:\/\/www.donatelifetexas.org\/es\/profile-remove-me\/"]]}]},{"@type":"BreadcrumbList","@id":"https:\/\/www.donatelifetexas.org\/es\/profile-remove-me\/#breadcrumb","itemListElement":[{"@type":"ListItem","position":1,"name":"Home","item":"https:\/\/www.donatelifetexas.org\/es\/"},{"@type":"ListItem","position":2,"name":"Perfil: Razones para salir"}]},{"@type":"WebSite","@id":"https:\/\/www.donatelifetexas.org\/es\/#website","url":"https:\/\/www.donatelifetexas.org\/es\/","name":"Texas Donor Registry","description":"Donate Life Texas","publisher":{"@id":"https:\/\/www.donatelifetexas.org\/es\/#organization"},"potentialAction":[{"@type":"SearchAction","target":{"@type":"EntryPoint","urlTemplate":"https:\/\/www.donatelifetexas.org\/es\/?s={search_term_string}"},"query-input":{"@type":"PropertyValueSpecification","valueRequired":true,"valueName":"search_term_string"}}],"inLanguage":"es-ES"},{"@type":"Organization","@id":"https:\/\/www.donatelifetexas.org\/es\/#organization","name":"Texas Donor Registry","url":"https:\/\/www.donatelifetexas.org\/es\/","logo":{"@type":"ImageObject","inLanguage":"es-ES","@id":"https:\/\/www.donatelifetexas.org\/es\/#\/schema\/logo\/image\/","url":"https:\/\/www.donatelifetexas.org\/wp-content\/uploads\/2022\/03\/FeatureImage_DLTXLogo_1.jpg","contentUrl":"https:\/\/www.donatelifetexas.org\/wp-content\/uploads\/2022\/03\/FeatureImage_DLTXLogo_1.jpg","width":1200,"height":630,"caption":"Texas Donor Registry"},"image":{"@id":"https:\/\/www.donatelifetexas.org\/es\/#\/schema\/logo\/image\/"},"sameAs":["https:\/\/www.facebook.com\/donatelifetexas.org","https:\/\/x.com\/donatelifetexas","https:\/\/instagram.com\/donatelifetexas\/"]}]}},"publishpress_future_action":{"enabled":false,"date":"2026-04-17 23:00:53","action":"change-status","newStatus":"draft","terms":[],"taxonomy":"","extraData":[]},"publishpress_future_workflow_manual_trigger":{"enabledWorkflows":[]},"_links":{"self":[{"href":"https:\/\/www.donatelifetexas.org\/es\/wp-json\/wp\/v2\/pages\/1157","targetHints":{"allow":["GET"]}}],"collection":[{"href":"https:\/\/www.donatelifetexas.org\/es\/wp-json\/wp\/v2\/pages"}],"about":[{"href":"https:\/\/www.donatelifetexas.org\/es\/wp-json\/wp\/v2\/types\/page"}],"author":[{"embeddable":true,"href":"https:\/\/www.donatelifetexas.org\/es\/wp-json\/wp\/v2\/users\/1"}],"replies":[{"embeddable":true,"href":"https:\/\/www.donatelifetexas.org\/es\/wp-json\/wp\/v2\/comments?post=1157"}],"version-history":[{"count":19,"href":"https:\/\/www.donatelifetexas.org\/es\/wp-json\/wp\/v2\/pages\/1157\/revisions"}],"predecessor-version":[{"id":4156,"href":"https:\/\/www.donatelifetexas.org\/es\/wp-json\/wp\/v2\/pages\/1157\/revisions\/4156"}],"wp:attachment":[{"href":"https:\/\/www.donatelifetexas.org\/es\/wp-json\/wp\/v2\/media?parent=1157"}],"curies":[{"name":"wp","href":"https:\/\/api.w.org\/{rel}","templated":true}]}}