{"id":1148,"date":"2012-08-09T20:17:14","date_gmt":"2012-08-09T20:17:14","guid":{"rendered":"http:\/\/dev.donatelifetexas.inetz.com\/?page_id=1148"},"modified":"2017-07-05T15:56:50","modified_gmt":"2017-07-05T20:56:50","slug":"register-step-3","status":"publish","type":"page","link":"https:\/\/www.donatelifetexas.org\/es\/register-step-3\/","title":{"rendered":"Registro: Revisar su Perfil"},"content":{"rendered":"<p><span style=\"font-size: 15px; color: #a00d0d; font-weight: bold;\">Su inscripci\u00f3n a\u00fan NO est\u00e1 completa&#8230;<\/span><\/p>\n<p>A continuaci\u00f3n se muestra una revisi\u00f3n de su registro de donante que, una vez presentado, proporciona su consentimiento legal vinculante para donar sus \u00f3rganos y tejidos, a menos que se indique lo contrario en la secci\u00f3n de especificaciones del donante.\u00a0 Este documento de donaci\u00f3n, a menos que a futuro sea revocado por usted, es irreversible y no requiere el consentimiento de ninguna otra persona. Por favor lea cuidadosamente sobre cada campo para asegurar precisi\u00f3n.\u00a0 Si desea realizar una modificaci\u00f3n a esta informaci\u00f3n, por favor, utilice el bot\u00f3n en la parte inferior de la p\u00e1gina que dice &#8220;Volver y Corregir&#8221;<\/p>\n<p><meta http-equiv=\"Content-Type\" content=\"text\/html;charset=UTF-8\">\n<link rel=\"stylesheet\" href=\"https:\/\/register.donatelifetexas.org\/js\/jquery-ui-1.8.22.custom\/css\/redmond\/jquery-ui-1.8.22.custom.css\" type=\"text\/css\" media=\"screen\" \/>\n\n<script type=\"text\/javascript\" src=\"https:\/\/register.donatelifetexas.org\/js\/1.9.1\/jquery.min.js\"><\/script>\n<script type=\"text\/javascript\" src=\"https:\/\/register.donatelifetexas.org\/js\/1.9.1\/jquery-ui.min.js\"><\/script>\n\n<!DOCTYPE html PUBLIC \"-\/\/W3C\/\/DTD XHTML 1.0 Strict\/\/EN\" \"http:\/\/www.w3.org\/TR\/xhtml1\/DTD\/xhtml1-strict.dtd\">\n<html xmlns=\"http:\/\/www.w3.org\/1999\/xhtml\">\n<head>\n  <meta http-equiv=\"Content-Type\" content=\"text\/html; charset=utf-8\" \/>\n  <title>Zend Framework Default Application<\/title>\n<\/head>\n<body>\n  <h1>An error occurred<\/h1>\n  <h2>Application error<\/h2>\n\n  \n<\/body>\n<\/html><\/p>","protected":false},"excerpt":{"rendered":"<p>Su inscripci\u00f3n a\u00fan NO est\u00e1 completa&#8230; A continuaci\u00f3n se muestra una revisi\u00f3n de su registro de donante que, una vez presentado, proporciona su consentimiento legal vinculante para donar sus \u00f3rganos y tejidos, a menos que se indique lo contrario en la secci\u00f3n de especificaciones del donante.\u00a0 Este documento de donaci\u00f3n, a menos que a futuro [&hellip;]<\/p>\n","protected":false},"author":1,"featured_media":0,"parent":0,"menu_order":0,"comment_status":"closed","ping_status":"open","template":"","meta":{"_acf_changed":false,"footnotes":"","_links_to":"","_links_to_target":""},"class_list":["post-1148","page","type-page","status-publish","hentry"],"acf":[],"yoast_head":"<!-- This site is optimized with the Yoast SEO plugin v27.1.1 - https:\/\/yoast.com\/product\/yoast-seo-wordpress\/ -->\n<title>Registro: Revisar su Perfil &#8211; Texas Donor Registry<\/title>\n<meta name=\"robots\" content=\"index, follow, max-snippet:-1, max-image-preview:large, max-video-preview:-1\" \/>\n<link rel=\"canonical\" href=\"https:\/\/www.donatelifetexas.org\/es\/register-step-3\/\" \/>\n<meta property=\"og:locale\" content=\"es_ES\" \/>\n<meta property=\"og:type\" content=\"article\" \/>\n<meta property=\"og:title\" content=\"Registro: Revisar su Perfil &#8211; Texas Donor Registry\" \/>\n<meta property=\"og:description\" content=\"Su inscripci\u00f3n a\u00fan NO est\u00e1 completa&#8230; A continuaci\u00f3n se muestra una revisi\u00f3n de su registro de donante que, una vez presentado, proporciona su consentimiento legal vinculante para donar sus \u00f3rganos y tejidos, a menos que se indique lo contrario en la secci\u00f3n de especificaciones del donante.\u00a0 Este documento de donaci\u00f3n, a menos que a futuro [&hellip;]\" \/>\n<meta property=\"og:url\" content=\"https:\/\/www.donatelifetexas.org\/es\/register-step-3\/\" \/>\n<meta property=\"og:site_name\" content=\"Texas Donor Registry\" \/>\n<meta property=\"article:publisher\" content=\"https:\/\/www.facebook.com\/donatelifetexas.org\" \/>\n<meta property=\"article:modified_time\" content=\"2017-07-05T20:56:50+00:00\" \/>\n<meta name=\"twitter:card\" content=\"summary_large_image\" \/>\n<meta name=\"twitter:site\" content=\"@donatelifetexas\" \/>\n<meta name=\"twitter:label1\" content=\"Est. reading time\" \/>\n\t<meta name=\"twitter:data1\" content=\"1 minute\" \/>\n<script type=\"application\/ld+json\" class=\"yoast-schema-graph\">{\"@context\":\"https:\/\/schema.org\",\"@graph\":[{\"@type\":\"WebPage\",\"@id\":\"https:\/\/www.donatelifetexas.org\/es\/register-step-3\/\",\"url\":\"https:\/\/www.donatelifetexas.org\/es\/register-step-3\/\",\"name\":\"Registro: Revisar su Perfil &#8211; Texas Donor Registry\",\"isPartOf\":{\"@id\":\"https:\/\/www.donatelifetexas.org\/es\/#website\"},\"datePublished\":\"2012-08-09T20:17:14+00:00\",\"dateModified\":\"2017-07-05T20:56:50+00:00\",\"breadcrumb\":{\"@id\":\"https:\/\/www.donatelifetexas.org\/es\/register-step-3\/#breadcrumb\"},\"inLanguage\":\"es-ES\",\"potentialAction\":[{\"@type\":\"ReadAction\",\"target\":[[\"https:\/\/www.donatelifetexas.org\/es\/register-step-3\/\"]]}]},{\"@type\":\"BreadcrumbList\",\"@id\":\"https:\/\/www.donatelifetexas.org\/es\/register-step-3\/#breadcrumb\",\"itemListElement\":[{\"@type\":\"ListItem\",\"position\":1,\"name\":\"Home\",\"item\":\"https:\/\/www.donatelifetexas.org\/es\/\"},{\"@type\":\"ListItem\",\"position\":2,\"name\":\"Registro: Revisar su Perfil\"}]},{\"@type\":\"WebSite\",\"@id\":\"https:\/\/www.donatelifetexas.org\/es\/#website\",\"url\":\"https:\/\/www.donatelifetexas.org\/es\/\",\"name\":\"Texas Donor Registry\",\"description\":\"Donate Life Texas\",\"publisher\":{\"@id\":\"https:\/\/www.donatelifetexas.org\/es\/#organization\"},\"potentialAction\":[{\"@type\":\"SearchAction\",\"target\":{\"@type\":\"EntryPoint\",\"urlTemplate\":\"https:\/\/www.donatelifetexas.org\/es\/?s={search_term_string}\"},\"query-input\":{\"@type\":\"PropertyValueSpecification\",\"valueRequired\":true,\"valueName\":\"search_term_string\"}}],\"inLanguage\":\"es-ES\"},{\"@type\":\"Organization\",\"@id\":\"https:\/\/www.donatelifetexas.org\/es\/#organization\",\"name\":\"Texas Donor Registry\",\"url\":\"https:\/\/www.donatelifetexas.org\/es\/\",\"logo\":{\"@type\":\"ImageObject\",\"inLanguage\":\"es-ES\",\"@id\":\"https:\/\/www.donatelifetexas.org\/es\/#\/schema\/logo\/image\/\",\"url\":\"https:\/\/www.donatelifetexas.org\/wp-content\/uploads\/2022\/03\/FeatureImage_DLTXLogo_1.jpg\",\"contentUrl\":\"https:\/\/www.donatelifetexas.org\/wp-content\/uploads\/2022\/03\/FeatureImage_DLTXLogo_1.jpg\",\"width\":1200,\"height\":630,\"caption\":\"Texas Donor Registry\"},\"image\":{\"@id\":\"https:\/\/www.donatelifetexas.org\/es\/#\/schema\/logo\/image\/\"},\"sameAs\":[\"https:\/\/www.facebook.com\/donatelifetexas.org\",\"https:\/\/x.com\/donatelifetexas\",\"https:\/\/instagram.com\/donatelifetexas\/\"]}]}<\/script>\n<!-- \/ Yoast SEO plugin. -->","yoast_head_json":{"title":"Registro: Revisar su Perfil &#8211; Texas Donor Registry","robots":{"index":"index","follow":"follow","max-snippet":"max-snippet:-1","max-image-preview":"max-image-preview:large","max-video-preview":"max-video-preview:-1"},"canonical":"https:\/\/www.donatelifetexas.org\/es\/register-step-3\/","og_locale":"es_ES","og_type":"article","og_title":"Registro: Revisar su Perfil &#8211; Texas Donor Registry","og_description":"Su inscripci\u00f3n a\u00fan NO est\u00e1 completa&#8230; A continuaci\u00f3n se muestra una revisi\u00f3n de su registro de donante que, una vez presentado, proporciona su consentimiento legal vinculante para donar sus \u00f3rganos y tejidos, a menos que se indique lo contrario en la secci\u00f3n de especificaciones del donante.\u00a0 Este documento de donaci\u00f3n, a menos que a futuro [&hellip;]","og_url":"https:\/\/www.donatelifetexas.org\/es\/register-step-3\/","og_site_name":"Texas Donor Registry","article_publisher":"https:\/\/www.facebook.com\/donatelifetexas.org","article_modified_time":"2017-07-05T20:56:50+00:00","twitter_card":"summary_large_image","twitter_site":"@donatelifetexas","twitter_misc":{"Est. reading time":"1 minute"},"schema":{"@context":"https:\/\/schema.org","@graph":[{"@type":"WebPage","@id":"https:\/\/www.donatelifetexas.org\/es\/register-step-3\/","url":"https:\/\/www.donatelifetexas.org\/es\/register-step-3\/","name":"Registro: Revisar su Perfil &#8211; Texas Donor Registry","isPartOf":{"@id":"https:\/\/www.donatelifetexas.org\/es\/#website"},"datePublished":"2012-08-09T20:17:14+00:00","dateModified":"2017-07-05T20:56:50+00:00","breadcrumb":{"@id":"https:\/\/www.donatelifetexas.org\/es\/register-step-3\/#breadcrumb"},"inLanguage":"es-ES","potentialAction":[{"@type":"ReadAction","target":[["https:\/\/www.donatelifetexas.org\/es\/register-step-3\/"]]}]},{"@type":"BreadcrumbList","@id":"https:\/\/www.donatelifetexas.org\/es\/register-step-3\/#breadcrumb","itemListElement":[{"@type":"ListItem","position":1,"name":"Home","item":"https:\/\/www.donatelifetexas.org\/es\/"},{"@type":"ListItem","position":2,"name":"Registro: Revisar su Perfil"}]},{"@type":"WebSite","@id":"https:\/\/www.donatelifetexas.org\/es\/#website","url":"https:\/\/www.donatelifetexas.org\/es\/","name":"Texas Donor Registry","description":"Donate Life Texas","publisher":{"@id":"https:\/\/www.donatelifetexas.org\/es\/#organization"},"potentialAction":[{"@type":"SearchAction","target":{"@type":"EntryPoint","urlTemplate":"https:\/\/www.donatelifetexas.org\/es\/?s={search_term_string}"},"query-input":{"@type":"PropertyValueSpecification","valueRequired":true,"valueName":"search_term_string"}}],"inLanguage":"es-ES"},{"@type":"Organization","@id":"https:\/\/www.donatelifetexas.org\/es\/#organization","name":"Texas Donor Registry","url":"https:\/\/www.donatelifetexas.org\/es\/","logo":{"@type":"ImageObject","inLanguage":"es-ES","@id":"https:\/\/www.donatelifetexas.org\/es\/#\/schema\/logo\/image\/","url":"https:\/\/www.donatelifetexas.org\/wp-content\/uploads\/2022\/03\/FeatureImage_DLTXLogo_1.jpg","contentUrl":"https:\/\/www.donatelifetexas.org\/wp-content\/uploads\/2022\/03\/FeatureImage_DLTXLogo_1.jpg","width":1200,"height":630,"caption":"Texas Donor Registry"},"image":{"@id":"https:\/\/www.donatelifetexas.org\/es\/#\/schema\/logo\/image\/"},"sameAs":["https:\/\/www.facebook.com\/donatelifetexas.org","https:\/\/x.com\/donatelifetexas","https:\/\/instagram.com\/donatelifetexas\/"]}]}},"publishpress_future_action":{"enabled":false,"date":"2026-04-14 03:24:01","action":"change-status","newStatus":"draft","terms":[],"taxonomy":"","extraData":[]},"publishpress_future_workflow_manual_trigger":{"enabledWorkflows":[]},"_links":{"self":[{"href":"https:\/\/www.donatelifetexas.org\/es\/wp-json\/wp\/v2\/pages\/1148","targetHints":{"allow":["GET"]}}],"collection":[{"href":"https:\/\/www.donatelifetexas.org\/es\/wp-json\/wp\/v2\/pages"}],"about":[{"href":"https:\/\/www.donatelifetexas.org\/es\/wp-json\/wp\/v2\/types\/page"}],"author":[{"embeddable":true,"href":"https:\/\/www.donatelifetexas.org\/es\/wp-json\/wp\/v2\/users\/1"}],"replies":[{"embeddable":true,"href":"https:\/\/www.donatelifetexas.org\/es\/wp-json\/wp\/v2\/comments?post=1148"}],"version-history":[{"count":20,"href":"https:\/\/www.donatelifetexas.org\/es\/wp-json\/wp\/v2\/pages\/1148\/revisions"}],"predecessor-version":[{"id":4157,"href":"https:\/\/www.donatelifetexas.org\/es\/wp-json\/wp\/v2\/pages\/1148\/revisions\/4157"}],"wp:attachment":[{"href":"https:\/\/www.donatelifetexas.org\/es\/wp-json\/wp\/v2\/media?parent=1148"}],"curies":[{"name":"wp","href":"https:\/\/api.w.org\/{rel}","templated":true}]}}