{"id":1145,"date":"2012-08-09T20:15:12","date_gmt":"2012-08-09T20:15:12","guid":{"rendered":"http:\/\/dev.donatelifetexas.inetz.com\/?page_id=1145"},"modified":"2015-03-18T12:27:15","modified_gmt":"2015-03-18T17:27:15","slug":"register-step-2","status":"publish","type":"page","link":"https:\/\/www.donatelifetexas.org\/es\/register-step-2\/","title":{"rendered":"REGISTRO: Especificar la Donaci\u00f3n"},"content":{"rendered":"<p><meta http-equiv=\"Content-Type\" content=\"text\/html;charset=UTF-8\">\n<link rel=\"stylesheet\" href=\"https:\/\/register.donatelifetexas.org\/js\/jquery-ui-1.8.22.custom\/css\/redmond\/jquery-ui-1.8.22.custom.css\" type=\"text\/css\" media=\"screen\" \/>\n\n<script type=\"text\/javascript\" src=\"https:\/\/register.donatelifetexas.org\/js\/1.9.1\/jquery.min.js\"><\/script>\n<script type=\"text\/javascript\" src=\"https:\/\/register.donatelifetexas.org\/js\/1.9.1\/jquery-ui.min.js\"><\/script>\n\n<script type=\"text\/javascript\">\n\/\/<![CDATA[\n$(document).ready(function() {\n    $(\"label[for='limitations_organs-8']\").append(\"<span id='limitations_organs-8Msg' style='display:none;color:red;'> - Permite el bombeo apropiado de la sangre y del ox\u00edgeno a trav\u00e9s del cuerpo.<\/span>\");\n    $(\"#limitations_organs-8\").click(function() {$(\"#limitations_organs-8Msg\").toggle(!this.checked);});\n    $(\"label[for='limitations_organs-16']\").append(\"<span id='limitations_organs-16Msg' style='display:none;color:red;'> - Eliminan la necesidad de di\u00e1lisis, al filtrar los desechos y excesos de l\u00edquido del cuerpo.<\/span>\");\n    $(\"#limitations_organs-16\").click(function() {$(\"#limitations_organs-16Msg\").toggle(!this.checked);});\n    $(\"label[for='limitations_organs-32']\").append(\"<span id='limitations_organs-32Msg' style='display:none;color:red;'> - Permite que el cuerpo filtre medicamentos y toxinas, metaboliza los carbohidratos, las grasas y las prote\u00ednas.<\/span>\");\n    $(\"#limitations_organs-32\").click(function() {$(\"#limitations_organs-32Msg\").toggle(!this.checked);});\n    $(\"label[for='limitations_organs-64']\").append(\"<span id='limitations_organs-64Msg' style='display:none;color:red;'> - Permiten que el cuerpo tome ox\u00edgeno y expulse el di\u00f3xido de carbono de la sangre.<\/span>\");\n    $(\"#limitations_organs-64\").click(function() {$(\"#limitations_organs-64Msg\").toggle(!this.checked);});\n    $(\"label[for='limitations_organs-128']\").append(\"<span id='limitations_organs-128Msg' style='display:none;color:red;'> - Completa el proceso de las prote\u00ednas, los hidratos de carbono y las grasas. Cura la diabetes Tipo I.<\/span>\");\n    $(\"#limitations_organs-128\").click(function() {$(\"#limitations_organs-128Msg\").toggle(!this.checked);});\n    $\n    $(\"#limitations_organs-256\").click(function() {$(\"#limitations_organs-256Msg\").toggle(!this.checked);});\n    $(\"label[for='limitations_organs-512']\").append(\"<span id='limitations_organs-512Msg' style='display:none;color:red;'> - Ayudan a las personas con el s\u00edndrome de insuficiencia del intestino delgado.<\/span>\");\n    $(\"#limitations_organs-512\").click(function() {$(\"#limitations_organs-512Msg\").toggle(!this.checked);});\n    $(\"#limitations_organs-1024\").click(function() {$(\"#limitations_organs-1024Msg\").toggle(!this.checked);});\n    $(\"label[for='limitations_tissue-2048']\").append(\"<span id='limitations_tissue-2048Msg' style='display:none;color:red;'> - Ayuda a evitar amputaciones.<\/span>\");\n    $(\"#limitations_tissue-2048\").click(function() {$(\"#limitations_tissue-2048Msg\").toggle(!this.checked);});\n    $(\"label[for='limitations_tissue-4096']\").append(\"<span id='limitations_tissue-4096Msg' style='display:none;color:red;'> - Devuelven la vista al ciego, o reparan otras limitaciones de la vista.<\/span>\");\n    $(\"#limitations_tissue-4096\").click(function() {$(\"#limitations_tissue-4096Msg\").toggle(!this.checked);});\n    $(\"label[for='limitations_tissue-8192']\").append(\"<span id='limitations_tissue-8192Msg' style='display:none;color:red;'> - Reparan v\u00e1lvulas card\u00edacas da\u00f1adas.<\/span>\");\n    $(\"#limitations_tissue-8192\").click(function() {$(\"#limitations_tissue-8192Msg\").toggle(!this.checked);});\n    $(\"label[for='limitations_tissue-16384']\").append(\"<span id='limitations_tissue-16384Msg' style='display:none;color:red;'> - Ayuda a pacientes con quemaduras a sanar y resistir la infecci\u00f3n.<\/span>\");\n    $(\"#limitations_tissue-16384\").click(function() {$(\"#limitations_tissue-16384Msg\").toggle(!this.checked);});\n    $(\"label[for='limitations_tissue-65536']\").append(\"<span id='limitations_tissue-65536Msg' style='display:none;color:red;'> - Permiten que la persona se movilice y camine sin dolor.<\/span>\");\n    $(\"#limitations_tissue-65536\").click(function() {$(\"#limitations_tissue-65536Msg\").toggle(!this.checked);});\n    $(\"#limitations_tissue-32768\").click(function() {$(\"#limitations_tissue-32768Msg\").toggle(!this.checked);});\n});\n\/\/]]>\n\n<\/script><style>\n#tissue-label {margin-top:20px}\n#tissue-element p{margin-top:20px}\n#limitations_organs-element, #limitations_tissue-element{ margin-left:20px; }\n#limitations_organs-element input, #limitations_tissue-element input{ margin-right:5px; }\n#main_content {margin-top:0!important; margin-bottom:25px;}\n<\/style>\n<div id=\"main_content\">\n\t<div style=\"color:red;\">\n\t\t<\/div>\n\t<br\/>\n    <form enctype=\"\" action=\"\" method=\"post\">\n    \t<table id=\"frontend-form\" class=\"table\">\n    \t\t<dt id=\"limitations_organs-label\"><label class=\"optional\"><div style=\"font-size: 15px; color: #a00d0d; font-weight: bold;\">Su registro todavia no est\u00e1 completido...<\/div>\r\n\r\n<br \/>\r\nAcepto donar los siguientes \u00f3rganos:<\/label><\/dt>\n<dd id=\"limitations_organs-element\">\n<label><input type=\"checkbox\" name=\"limitations_organs[]\" id=\"limitations_organs-8\" value=\"8\" checked=\"checked\" \/>Coraz\u00f3n<\/label><br \/><label><input type=\"checkbox\" name=\"limitations_organs[]\" id=\"limitations_organs-16\" value=\"16\" checked=\"checked\" \/>Ri\u00f1ones<\/label><br \/><label><input type=\"checkbox\" name=\"limitations_organs[]\" id=\"limitations_organs-32\" value=\"32\" checked=\"checked\" \/>H\u00edgado<\/label><br \/><label><input type=\"checkbox\" name=\"limitations_organs[]\" id=\"limitations_organs-64\" value=\"64\" checked=\"checked\" \/>Pulmone<\/label><br \/><label><input type=\"checkbox\" name=\"limitations_organs[]\" id=\"limitations_organs-128\" value=\"128\" checked=\"checked\" \/>P\u00e1ncreas<\/label><br \/><label><input type=\"checkbox\" name=\"limitations_organs[]\" id=\"limitations_organs-512\" value=\"512\" checked=\"checked\" \/>Intestino Delgado<\/label><br \/><label><input type=\"checkbox\" name=\"limitations_organs[]\" id=\"limitations_organs-1024\" value=\"1024\" checked=\"checked\" \/>Investigaci\u00f3n m\u00e9dica*<\/label><\/dd>    \t\t<dt id=\"limitations_tissue-label\"><label class=\"optional\">Acepto donar los siguientes tejidos:<\/label><\/dt>\n<dd id=\"limitations_tissue-element\">\n<label><input type=\"checkbox\" name=\"limitations_tissue[]\" id=\"limitations_tissue-1048576\" value=\"1048576\" checked=\"checked\" \/>Las Arterias<\/label><br \/><label><input type=\"checkbox\" name=\"limitations_tissue[]\" id=\"limitations_tissue-2048\" value=\"2048\" checked=\"checked\" \/>Huesos<\/label><br \/><label><input type=\"checkbox\" name=\"limitations_tissue[]\" id=\"limitations_tissue-4096\" value=\"4096\" checked=\"checked\" \/>Ojos<\/label><br \/><label><input type=\"checkbox\" name=\"limitations_tissue[]\" id=\"limitations_tissue-131072\" value=\"131072\" checked=\"checked\" \/>C\u00f3rneas<\/label><br \/><label><input type=\"checkbox\" name=\"limitations_tissue[]\" id=\"limitations_tissue-8192\" value=\"8192\" checked=\"checked\" \/>V\u00e1lvulas Card\u00edacas, Vasos, El Pericardio<\/label><br \/><label><input type=\"checkbox\" name=\"limitations_tissue[]\" id=\"limitations_tissue-262144\" value=\"262144\" checked=\"checked\" \/>Cart\u00edlago<\/label><br \/><label><input type=\"checkbox\" name=\"limitations_tissue[]\" id=\"limitations_tissue-16384\" value=\"16384\" checked=\"checked\" \/>Piel<\/label><br \/><label><input type=\"checkbox\" name=\"limitations_tissue[]\" id=\"limitations_tissue-2097152\" value=\"2097152\" checked=\"checked\" \/>Tejidos Blandos<\/label><br \/><label><input type=\"checkbox\" name=\"limitations_tissue[]\" id=\"limitations_tissue-524288\" value=\"524288\" checked=\"checked\" \/>Las venas<\/label><br \/><label><input type=\"checkbox\" name=\"limitations_tissue[]\" id=\"limitations_tissue-32768\" value=\"32768\" checked=\"checked\" \/>Investigaci\u00f3n m\u00e9dica*<\/label><\/dd>    \t\t<tr class=\"row\">\n\t\t\t\t<td colspan=\"2\">\n\t\t\t\t\t<input class=\"btn-green-stich btn btn-blue\" name=\"submit\" value=\"Continuar\" type=\"submit\" border=\"0\"\/>\n                                            <a href=\"\/register\/\" class=\"btn-link btn btn-blue\">Volver y Corrija<\/a>\n                                    <\/td>\n\t\t\t<\/tr>\t\t\t\t\n\t\t<\/table>\n\t<\/form>\n    * Investigaci\u00f3n M\u00e9dica<br \/>\r\nSe har\u00e1 todo lo possible por ayudar salvar las vidas de pacientes por medio de su regalo de \u00f3rganos y\/o tejidos. Si en el evento que sus \u00f3rganos y\/o tejidos no puedan ser utilizados para trasplante, podr\u00e1n ser donados para estudios e investigaci\u00f3n m\u00e9dica, a menos que expresamente excluidos desmarcando la casilla de Investigaci\u00f3n.<\/div>\n<\/p>","protected":false},"excerpt":{"rendered":"","protected":false},"author":1,"featured_media":0,"parent":0,"menu_order":0,"comment_status":"closed","ping_status":"open","template":"","meta":{"_acf_changed":false,"footnotes":"","_links_to":"","_links_to_target":""},"class_list":["post-1145","page","type-page","status-publish","hentry"],"acf":[],"yoast_head":"<!-- This site is optimized with the Yoast SEO plugin v27.1.1 - https:\/\/yoast.com\/product\/yoast-seo-wordpress\/ -->\n<title>REGISTRO: Especificar la Donaci\u00f3n &#8211; Texas Donor Registry<\/title>\n<meta name=\"robots\" content=\"index, follow, max-snippet:-1, max-image-preview:large, max-video-preview:-1\" \/>\n<link rel=\"canonical\" href=\"https:\/\/www.donatelifetexas.org\/es\/register-step-2\/\" \/>\n<meta property=\"og:locale\" content=\"es_ES\" \/>\n<meta property=\"og:type\" content=\"article\" \/>\n<meta property=\"og:title\" content=\"REGISTRO: Especificar la Donaci\u00f3n &#8211; Texas Donor Registry\" \/>\n<meta property=\"og:url\" content=\"https:\/\/www.donatelifetexas.org\/es\/register-step-2\/\" \/>\n<meta property=\"og:site_name\" content=\"Texas Donor Registry\" \/>\n<meta property=\"article:publisher\" content=\"https:\/\/www.facebook.com\/donatelifetexas.org\" \/>\n<meta property=\"article:modified_time\" content=\"2015-03-18T17:27:15+00:00\" \/>\n<meta name=\"twitter:card\" content=\"summary_large_image\" \/>\n<meta name=\"twitter:site\" content=\"@donatelifetexas\" \/>\n<script type=\"application\/ld+json\" class=\"yoast-schema-graph\">{\"@context\":\"https:\/\/schema.org\",\"@graph\":[{\"@type\":\"WebPage\",\"@id\":\"https:\/\/www.donatelifetexas.org\/es\/register-step-2\/\",\"url\":\"https:\/\/www.donatelifetexas.org\/es\/register-step-2\/\",\"name\":\"REGISTER: Specify My DonationREGISTRO: Especificar la Donaci\u00f3n &#8211; Texas Donor Registry\",\"isPartOf\":{\"@id\":\"https:\/\/www.donatelifetexas.org\/es\/#website\"},\"datePublished\":\"2012-08-09T20:15:12+00:00\",\"dateModified\":\"2015-03-18T17:27:15+00:00\",\"breadcrumb\":{\"@id\":\"https:\/\/www.donatelifetexas.org\/es\/register-step-2\/#breadcrumb\"},\"inLanguage\":\"es-ES\",\"potentialAction\":[{\"@type\":\"ReadAction\",\"target\":[[\"https:\/\/www.donatelifetexas.org\/es\/register-step-2\/\"]]}]},{\"@type\":\"BreadcrumbList\",\"@id\":\"https:\/\/www.donatelifetexas.org\/es\/register-step-2\/#breadcrumb\",\"itemListElement\":[{\"@type\":\"ListItem\",\"position\":1,\"name\":\"Home\",\"item\":\"https:\/\/www.donatelifetexas.org\/es\/\"},{\"@type\":\"ListItem\",\"position\":2,\"name\":\"REGISTER: Specify My Donation\"}]},{\"@type\":\"WebSite\",\"@id\":\"https:\/\/www.donatelifetexas.org\/es\/#website\",\"url\":\"https:\/\/www.donatelifetexas.org\/es\/\",\"name\":\"Texas Donor Registry\",\"description\":\"Donate Life Texas\",\"publisher\":{\"@id\":\"https:\/\/www.donatelifetexas.org\/es\/#organization\"},\"potentialAction\":[{\"@type\":\"SearchAction\",\"target\":{\"@type\":\"EntryPoint\",\"urlTemplate\":\"https:\/\/www.donatelifetexas.org\/es\/?s={search_term_string}\"},\"query-input\":{\"@type\":\"PropertyValueSpecification\",\"valueRequired\":true,\"valueName\":\"search_term_string\"}}],\"inLanguage\":\"es-ES\"},{\"@type\":\"Organization\",\"@id\":\"https:\/\/www.donatelifetexas.org\/es\/#organization\",\"name\":\"Texas Donor Registry\",\"url\":\"https:\/\/www.donatelifetexas.org\/es\/\",\"logo\":{\"@type\":\"ImageObject\",\"inLanguage\":\"es-ES\",\"@id\":\"https:\/\/www.donatelifetexas.org\/es\/#\/schema\/logo\/image\/\",\"url\":\"https:\/\/www.donatelifetexas.org\/wp-content\/uploads\/2022\/03\/FeatureImage_DLTXLogo_1.jpg\",\"contentUrl\":\"https:\/\/www.donatelifetexas.org\/wp-content\/uploads\/2022\/03\/FeatureImage_DLTXLogo_1.jpg\",\"width\":1200,\"height\":630,\"caption\":\"Texas Donor Registry\"},\"image\":{\"@id\":\"https:\/\/www.donatelifetexas.org\/es\/#\/schema\/logo\/image\/\"},\"sameAs\":[\"https:\/\/www.facebook.com\/donatelifetexas.org\",\"https:\/\/x.com\/donatelifetexas\",\"https:\/\/instagram.com\/donatelifetexas\/\"]}]}<\/script>\n<!-- \/ Yoast SEO plugin. -->","yoast_head_json":{"title":"REGISTRO: Especificar la Donaci\u00f3n &#8211; Texas Donor Registry","robots":{"index":"index","follow":"follow","max-snippet":"max-snippet:-1","max-image-preview":"max-image-preview:large","max-video-preview":"max-video-preview:-1"},"canonical":"https:\/\/www.donatelifetexas.org\/es\/register-step-2\/","og_locale":"es_ES","og_type":"article","og_title":"REGISTRO: Especificar la Donaci\u00f3n &#8211; Texas Donor Registry","og_url":"https:\/\/www.donatelifetexas.org\/es\/register-step-2\/","og_site_name":"Texas Donor Registry","article_publisher":"https:\/\/www.facebook.com\/donatelifetexas.org","article_modified_time":"2015-03-18T17:27:15+00:00","twitter_card":"summary_large_image","twitter_site":"@donatelifetexas","schema":{"@context":"https:\/\/schema.org","@graph":[{"@type":"WebPage","@id":"https:\/\/www.donatelifetexas.org\/es\/register-step-2\/","url":"https:\/\/www.donatelifetexas.org\/es\/register-step-2\/","name":"REGISTER: Specify My DonationREGISTRO: Especificar la Donaci\u00f3n &#8211; Texas Donor Registry","isPartOf":{"@id":"https:\/\/www.donatelifetexas.org\/es\/#website"},"datePublished":"2012-08-09T20:15:12+00:00","dateModified":"2015-03-18T17:27:15+00:00","breadcrumb":{"@id":"https:\/\/www.donatelifetexas.org\/es\/register-step-2\/#breadcrumb"},"inLanguage":"es-ES","potentialAction":[{"@type":"ReadAction","target":[["https:\/\/www.donatelifetexas.org\/es\/register-step-2\/"]]}]},{"@type":"BreadcrumbList","@id":"https:\/\/www.donatelifetexas.org\/es\/register-step-2\/#breadcrumb","itemListElement":[{"@type":"ListItem","position":1,"name":"Home","item":"https:\/\/www.donatelifetexas.org\/es\/"},{"@type":"ListItem","position":2,"name":"REGISTER: Specify My Donation"}]},{"@type":"WebSite","@id":"https:\/\/www.donatelifetexas.org\/es\/#website","url":"https:\/\/www.donatelifetexas.org\/es\/","name":"Texas Donor Registry","description":"Donate Life Texas","publisher":{"@id":"https:\/\/www.donatelifetexas.org\/es\/#organization"},"potentialAction":[{"@type":"SearchAction","target":{"@type":"EntryPoint","urlTemplate":"https:\/\/www.donatelifetexas.org\/es\/?s={search_term_string}"},"query-input":{"@type":"PropertyValueSpecification","valueRequired":true,"valueName":"search_term_string"}}],"inLanguage":"es-ES"},{"@type":"Organization","@id":"https:\/\/www.donatelifetexas.org\/es\/#organization","name":"Texas Donor Registry","url":"https:\/\/www.donatelifetexas.org\/es\/","logo":{"@type":"ImageObject","inLanguage":"es-ES","@id":"https:\/\/www.donatelifetexas.org\/es\/#\/schema\/logo\/image\/","url":"https:\/\/www.donatelifetexas.org\/wp-content\/uploads\/2022\/03\/FeatureImage_DLTXLogo_1.jpg","contentUrl":"https:\/\/www.donatelifetexas.org\/wp-content\/uploads\/2022\/03\/FeatureImage_DLTXLogo_1.jpg","width":1200,"height":630,"caption":"Texas Donor Registry"},"image":{"@id":"https:\/\/www.donatelifetexas.org\/es\/#\/schema\/logo\/image\/"},"sameAs":["https:\/\/www.facebook.com\/donatelifetexas.org","https:\/\/x.com\/donatelifetexas","https:\/\/instagram.com\/donatelifetexas\/"]}]}},"publishpress_future_action":{"enabled":false,"date":"2026-04-10 12:32:08","action":"change-status","newStatus":"draft","terms":[],"taxonomy":"","extraData":[]},"publishpress_future_workflow_manual_trigger":{"enabledWorkflows":[]},"_links":{"self":[{"href":"https:\/\/www.donatelifetexas.org\/es\/wp-json\/wp\/v2\/pages\/1145","targetHints":{"allow":["GET"]}}],"collection":[{"href":"https:\/\/www.donatelifetexas.org\/es\/wp-json\/wp\/v2\/pages"}],"about":[{"href":"https:\/\/www.donatelifetexas.org\/es\/wp-json\/wp\/v2\/types\/page"}],"author":[{"embeddable":true,"href":"https:\/\/www.donatelifetexas.org\/es\/wp-json\/wp\/v2\/users\/1"}],"replies":[{"embeddable":true,"href":"https:\/\/www.donatelifetexas.org\/es\/wp-json\/wp\/v2\/comments?post=1145"}],"version-history":[{"count":9,"href":"https:\/\/www.donatelifetexas.org\/es\/wp-json\/wp\/v2\/pages\/1145\/revisions"}],"predecessor-version":[{"id":1962,"href":"https:\/\/www.donatelifetexas.org\/es\/wp-json\/wp\/v2\/pages\/1145\/revisions\/1962"}],"wp:attachment":[{"href":"https:\/\/www.donatelifetexas.org\/es\/wp-json\/wp\/v2\/media?parent=1145"}],"curies":[{"name":"wp","href":"https:\/\/api.w.org\/{rel}","templated":true}]}}